{"id":10745,"date":"2024-06-11T11:41:16","date_gmt":"2024-06-11T14:41:16","guid":{"rendered":"https:\/\/lolly.com.br\/kinddy\/?post_type=product&#038;p=10745"},"modified":"2024-06-11T11:41:18","modified_gmt":"2024-06-11T14:41:18","slug":"respirebem_seringa_para_lavagem_nasal","status":"publish","type":"product","link":"https:\/\/lolly.com.br\/kinddy\/produto\/respirebem_seringa_para_lavagem_nasal\/","title":{"rendered":"RespireBem Seringa para lavagem nasal 15ml"},"content":{"rendered":"<p>A Seringa para Lavagem Nasal Lolly Kinddy auxilia na remo\u00e7\u00e3o da secre\u00e7\u00e3o nasal, proporciona al\u00edvio imediato, melhorando o sono e a alimenta\u00e7\u00e3o. A ponta macia n\u00e3o machuca a narina do beb\u00ea.<\/p>\n<p>ANVISA: 81134970008<br \/>\nRespons\u00e1vel t\u00e9cnico:<br \/>\nMarcelo Lembo Silveira<br \/>\nCRQ n\u00ba 04363783 &#8211; IV Regi\u00e3o<\/p>\n","protected":false},"excerpt":{"rendered":"<p>A Seringa para Lavagem Nasal Lolly Kinddy auxilia na remo\u00e7\u00e3o da secre\u00e7\u00e3o nasal, proporciona al\u00edvio imediato, melhorando o sono e a alimenta\u00e7\u00e3o. A ponta macia n\u00e3o machuca a narina do beb\u00ea. ANVISA: 81134970008 Respons\u00e1vel t\u00e9cnico: Marcelo Lembo Silveira CRQ n\u00ba 04363783 &#8211; IV Regi\u00e3o<\/p>\n","protected":false},"featured_media":10747,"comment_status":"open","ping_status":"closed","template":"","meta":[],"product_cat":[240],"product_tag":[],"class_list":{"0":"post-10745","1":"product","2":"type-product","3":"status-publish","4":"has-post-thumbnail","6":"product_cat-higiene-e-saude","7":"description-off","9":"first","10":"instock","11":"shipping-taxable","12":"product-type-simple"},"yoast_head":"<!-- This site is optimized with the Yoast SEO plugin v23.7 - https:\/\/yoast.com\/wordpress\/plugins\/seo\/ -->\n<title>RespireBem Seringa para lavagem nasal 15ml - Lolly Kinddy<\/title>\n<meta name=\"robots\" content=\"index, follow, max-snippet:-1, max-image-preview:large, max-video-preview:-1\" \/>\n<link rel=\"canonical\" href=\"https:\/\/lolly.com.br\/kinddy\/produto\/respirebem_seringa_para_lavagem_nasal\/\" \/>\n<meta property=\"og:locale\" content=\"pt_BR\" \/>\n<meta property=\"og:type\" content=\"article\" \/>\n<meta property=\"og:title\" content=\"RespireBem Seringa para lavagem nasal 15ml - Lolly Kinddy\" \/>\n<meta property=\"og:description\" content=\"A Seringa para Lavagem Nasal Lolly Kinddy auxilia na remo\u00e7\u00e3o da secre\u00e7\u00e3o nasal, proporciona al\u00edvio imediato, melhorando o sono e a alimenta\u00e7\u00e3o. A ponta macia n\u00e3o machuca a narina do beb\u00ea. ANVISA: 81134970008 Respons\u00e1vel t\u00e9cnico: Marcelo Lembo Silveira CRQ n\u00ba 04363783 &#8211; IV Regi\u00e3o\" \/>\n<meta property=\"og:url\" content=\"https:\/\/lolly.com.br\/kinddy\/produto\/respirebem_seringa_para_lavagem_nasal\/\" \/>\n<meta property=\"og:site_name\" content=\"Lolly Kinddy\" \/>\n<meta property=\"article:modified_time\" content=\"2024-06-11T14:41:18+00:00\" \/>\n<meta property=\"og:image\" content=\"https:\/\/lolly.com.br\/kinddy\/wp-content\/uploads\/2024\/06\/7176_SERINGA-regua-3D.png\" \/>\n\t<meta property=\"og:image:width\" content=\"2000\" \/>\n\t<meta property=\"og:image:height\" content=\"2000\" \/>\n\t<meta property=\"og:image:type\" content=\"image\/png\" \/>\n<meta name=\"twitter:card\" content=\"summary_large_image\" \/>\n<meta name=\"twitter:label1\" content=\"Est. tempo de leitura\" \/>\n\t<meta name=\"twitter:data1\" content=\"1 minuto\" \/>\n<script type=\"application\/ld+json\" class=\"yoast-schema-graph\">{\"@context\":\"https:\/\/schema.org\",\"@graph\":[{\"@type\":\"WebPage\",\"@id\":\"https:\/\/lolly.com.br\/kinddy\/produto\/respirebem_seringa_para_lavagem_nasal\/\",\"url\":\"https:\/\/lolly.com.br\/kinddy\/produto\/respirebem_seringa_para_lavagem_nasal\/\",\"name\":\"RespireBem Seringa para lavagem nasal 15ml - Lolly Kinddy\",\"isPartOf\":{\"@id\":\"https:\/\/lolly.com.br\/kinddy\/#website\"},\"primaryImageOfPage\":{\"@id\":\"https:\/\/lolly.com.br\/kinddy\/produto\/respirebem_seringa_para_lavagem_nasal\/#primaryimage\"},\"image\":{\"@id\":\"https:\/\/lolly.com.br\/kinddy\/produto\/respirebem_seringa_para_lavagem_nasal\/#primaryimage\"},\"thumbnailUrl\":\"https:\/\/lolly.com.br\/kinddy\/wp-content\/uploads\/2024\/06\/7176_SERINGA-regua-3D.png\",\"datePublished\":\"2024-06-11T14:41:16+00:00\",\"dateModified\":\"2024-06-11T14:41:18+00:00\",\"breadcrumb\":{\"@id\":\"https:\/\/lolly.com.br\/kinddy\/produto\/respirebem_seringa_para_lavagem_nasal\/#breadcrumb\"},\"inLanguage\":\"pt-BR\",\"potentialAction\":[{\"@type\":\"ReadAction\",\"target\":[\"https:\/\/lolly.com.br\/kinddy\/produto\/respirebem_seringa_para_lavagem_nasal\/\"]}]},{\"@type\":\"ImageObject\",\"inLanguage\":\"pt-BR\",\"@id\":\"https:\/\/lolly.com.br\/kinddy\/produto\/respirebem_seringa_para_lavagem_nasal\/#primaryimage\",\"url\":\"https:\/\/lolly.com.br\/kinddy\/wp-content\/uploads\/2024\/06\/7176_SERINGA-regua-3D.png\",\"contentUrl\":\"https:\/\/lolly.com.br\/kinddy\/wp-content\/uploads\/2024\/06\/7176_SERINGA-regua-3D.png\",\"width\":2000,\"height\":2000},{\"@type\":\"BreadcrumbList\",\"@id\":\"https:\/\/lolly.com.br\/kinddy\/produto\/respirebem_seringa_para_lavagem_nasal\/#breadcrumb\",\"itemListElement\":[{\"@type\":\"ListItem\",\"position\":1,\"name\":\"In\u00edcio\",\"item\":\"https:\/\/lolly.com.br\/kinddy\/\"},{\"@type\":\"ListItem\",\"position\":2,\"name\":\"Produtos\",\"item\":\"https:\/\/lolly.com.br\/kinddy\/produtos\/\"},{\"@type\":\"ListItem\",\"position\":3,\"name\":\"RespireBem Seringa para lavagem nasal 15ml\"}]},{\"@type\":\"WebSite\",\"@id\":\"https:\/\/lolly.com.br\/kinddy\/#website\",\"url\":\"https:\/\/lolly.com.br\/kinddy\/\",\"name\":\"Lolly Kinddy\",\"description\":\"\",\"potentialAction\":[{\"@type\":\"SearchAction\",\"target\":{\"@type\":\"EntryPoint\",\"urlTemplate\":\"https:\/\/lolly.com.br\/kinddy\/?s={search_term_string}\"},\"query-input\":{\"@type\":\"PropertyValueSpecification\",\"valueRequired\":true,\"valueName\":\"search_term_string\"}}],\"inLanguage\":\"pt-BR\"}]}<\/script>\n<!-- \/ Yoast SEO plugin. -->","yoast_head_json":{"title":"RespireBem Seringa para lavagem nasal 15ml - Lolly Kinddy","robots":{"index":"index","follow":"follow","max-snippet":"max-snippet:-1","max-image-preview":"max-image-preview:large","max-video-preview":"max-video-preview:-1"},"canonical":"https:\/\/lolly.com.br\/kinddy\/produto\/respirebem_seringa_para_lavagem_nasal\/","og_locale":"pt_BR","og_type":"article","og_title":"RespireBem Seringa para lavagem nasal 15ml - Lolly Kinddy","og_description":"A Seringa para Lavagem Nasal Lolly Kinddy auxilia na remo\u00e7\u00e3o da secre\u00e7\u00e3o nasal, proporciona al\u00edvio imediato, melhorando o sono e a alimenta\u00e7\u00e3o. A ponta macia n\u00e3o machuca a narina do beb\u00ea. ANVISA: 81134970008 Respons\u00e1vel t\u00e9cnico: Marcelo Lembo Silveira CRQ n\u00ba 04363783 &#8211; IV Regi\u00e3o","og_url":"https:\/\/lolly.com.br\/kinddy\/produto\/respirebem_seringa_para_lavagem_nasal\/","og_site_name":"Lolly Kinddy","article_modified_time":"2024-06-11T14:41:18+00:00","og_image":[{"width":2000,"height":2000,"url":"https:\/\/lolly.com.br\/kinddy\/wp-content\/uploads\/2024\/06\/7176_SERINGA-regua-3D.png","type":"image\/png"}],"twitter_card":"summary_large_image","twitter_misc":{"Est. tempo de leitura":"1 minuto"},"schema":{"@context":"https:\/\/schema.org","@graph":[{"@type":"WebPage","@id":"https:\/\/lolly.com.br\/kinddy\/produto\/respirebem_seringa_para_lavagem_nasal\/","url":"https:\/\/lolly.com.br\/kinddy\/produto\/respirebem_seringa_para_lavagem_nasal\/","name":"RespireBem Seringa para lavagem nasal 15ml - Lolly Kinddy","isPartOf":{"@id":"https:\/\/lolly.com.br\/kinddy\/#website"},"primaryImageOfPage":{"@id":"https:\/\/lolly.com.br\/kinddy\/produto\/respirebem_seringa_para_lavagem_nasal\/#primaryimage"},"image":{"@id":"https:\/\/lolly.com.br\/kinddy\/produto\/respirebem_seringa_para_lavagem_nasal\/#primaryimage"},"thumbnailUrl":"https:\/\/lolly.com.br\/kinddy\/wp-content\/uploads\/2024\/06\/7176_SERINGA-regua-3D.png","datePublished":"2024-06-11T14:41:16+00:00","dateModified":"2024-06-11T14:41:18+00:00","breadcrumb":{"@id":"https:\/\/lolly.com.br\/kinddy\/produto\/respirebem_seringa_para_lavagem_nasal\/#breadcrumb"},"inLanguage":"pt-BR","potentialAction":[{"@type":"ReadAction","target":["https:\/\/lolly.com.br\/kinddy\/produto\/respirebem_seringa_para_lavagem_nasal\/"]}]},{"@type":"ImageObject","inLanguage":"pt-BR","@id":"https:\/\/lolly.com.br\/kinddy\/produto\/respirebem_seringa_para_lavagem_nasal\/#primaryimage","url":"https:\/\/lolly.com.br\/kinddy\/wp-content\/uploads\/2024\/06\/7176_SERINGA-regua-3D.png","contentUrl":"https:\/\/lolly.com.br\/kinddy\/wp-content\/uploads\/2024\/06\/7176_SERINGA-regua-3D.png","width":2000,"height":2000},{"@type":"BreadcrumbList","@id":"https:\/\/lolly.com.br\/kinddy\/produto\/respirebem_seringa_para_lavagem_nasal\/#breadcrumb","itemListElement":[{"@type":"ListItem","position":1,"name":"In\u00edcio","item":"https:\/\/lolly.com.br\/kinddy\/"},{"@type":"ListItem","position":2,"name":"Produtos","item":"https:\/\/lolly.com.br\/kinddy\/produtos\/"},{"@type":"ListItem","position":3,"name":"RespireBem Seringa para lavagem nasal 15ml"}]},{"@type":"WebSite","@id":"https:\/\/lolly.com.br\/kinddy\/#website","url":"https:\/\/lolly.com.br\/kinddy\/","name":"Lolly Kinddy","description":"","potentialAction":[{"@type":"SearchAction","target":{"@type":"EntryPoint","urlTemplate":"https:\/\/lolly.com.br\/kinddy\/?s={search_term_string}"},"query-input":{"@type":"PropertyValueSpecification","valueRequired":true,"valueName":"search_term_string"}}],"inLanguage":"pt-BR"}]}},"_links":{"self":[{"href":"https:\/\/lolly.com.br\/kinddy\/wp-json\/wp\/v2\/product\/10745","targetHints":{"allow":["GET"]}}],"collection":[{"href":"https:\/\/lolly.com.br\/kinddy\/wp-json\/wp\/v2\/product"}],"about":[{"href":"https:\/\/lolly.com.br\/kinddy\/wp-json\/wp\/v2\/types\/product"}],"replies":[{"embeddable":true,"href":"https:\/\/lolly.com.br\/kinddy\/wp-json\/wp\/v2\/comments?post=10745"}],"version-history":[{"count":1,"href":"https:\/\/lolly.com.br\/kinddy\/wp-json\/wp\/v2\/product\/10745\/revisions"}],"predecessor-version":[{"id":10751,"href":"https:\/\/lolly.com.br\/kinddy\/wp-json\/wp\/v2\/product\/10745\/revisions\/10751"}],"wp:featuredmedia":[{"embeddable":true,"href":"https:\/\/lolly.com.br\/kinddy\/wp-json\/wp\/v2\/media\/10747"}],"wp:attachment":[{"href":"https:\/\/lolly.com.br\/kinddy\/wp-json\/wp\/v2\/media?parent=10745"}],"wp:term":[{"taxonomy":"product_cat","embeddable":true,"href":"https:\/\/lolly.com.br\/kinddy\/wp-json\/wp\/v2\/product_cat?post=10745"},{"taxonomy":"product_tag","embeddable":true,"href":"https:\/\/lolly.com.br\/kinddy\/wp-json\/wp\/v2\/product_tag?post=10745"}],"curies":[{"name":"wp","href":"https:\/\/api.w.org\/{rel}","templated":true}]}}