{"id":10449,"date":"2023-12-12T09:15:23","date_gmt":"2023-12-12T12:15:23","guid":{"rendered":"https:\/\/lolly.com.br\/kinddy\/?post_type=product&#038;p=10449"},"modified":"2025-05-23T16:15:13","modified_gmt":"2025-05-23T19:15:13","slug":"copo-de-treinamento-360o-330ml","status":"publish","type":"product","link":"https:\/\/lolly.com.br\/kinddy\/produto\/copo-de-treinamento-360o-330ml\/","title":{"rendered":"Copo de Treinamento 360\u00ba 330ml"},"content":{"rendered":"<p>O Copo 360\u00b0 Lolly Kinddy foi especialmente projetado para tornar a transi\u00e7\u00e3o da mamadeira para o copo uma experi\u00eancia f\u00e1cil e segura.<br \/>\nFabricado com materiais at\u00f3xicos e dur\u00e1veis, esse copo \u00e9 perfeito para acompanhar o crescimento das crian\u00e7as.<br \/>\nSeu bocal 360\u00b0 permite beber por toda a borda sem vazamentos, proporcionando independ\u00eancia.<br \/>\nIndicado por odontopediatras.<\/p>\n","protected":false},"excerpt":{"rendered":"<p>O Copo 360\u00b0 Lolly Kinddy foi especialmente projetado para tornar a transi\u00e7\u00e3o da mamadeira para o copo uma experi\u00eancia f\u00e1cil e segura. Fabricado com materiais at\u00f3xicos e dur\u00e1veis, esse copo \u00e9 perfeito para acompanhar o crescimento das crian\u00e7as. Seu bocal 360\u00b0 permite beber por toda a borda sem vazamentos, proporcionando independ\u00eancia. Indicado por odontopediatras.<\/p>\n","protected":false},"featured_media":11227,"comment_status":"open","ping_status":"closed","template":"","meta":[],"product_cat":[232],"product_tag":[],"class_list":{"0":"post-10449","1":"product","2":"type-product","3":"status-publish","4":"has-post-thumbnail","6":"product_cat-alimentacao","7":"description-off","9":"first","10":"instock","11":"shipping-taxable","12":"product-type-simple"},"yoast_head":"<!-- This site is optimized with the Yoast SEO plugin v23.7 - https:\/\/yoast.com\/wordpress\/plugins\/seo\/ -->\n<title>Copo de Treinamento 360\u00ba 330ml - Lolly Kinddy<\/title>\n<meta name=\"description\" content=\"O Copo 360\u00b0 foi projetado para tornar a transi\u00e7\u00e3o da mamadeira para o copo uma experi\u00eancia f\u00e1cil e segura. Indicado por odontopediatras.\" \/>\n<meta name=\"robots\" content=\"index, follow, max-snippet:-1, max-image-preview:large, max-video-preview:-1\" \/>\n<link rel=\"canonical\" href=\"https:\/\/lolly.com.br\/kinddy\/produto\/copo-de-treinamento-360o-330ml\/\" \/>\n<meta property=\"og:locale\" content=\"pt_BR\" \/>\n<meta property=\"og:type\" content=\"article\" \/>\n<meta property=\"og:title\" content=\"Copo de Treinamento 360\u00ba 330ml - Lolly Kinddy\" \/>\n<meta property=\"og:description\" content=\"O Copo 360\u00b0 foi projetado para tornar a transi\u00e7\u00e3o da mamadeira para o copo uma experi\u00eancia f\u00e1cil e segura. Indicado por odontopediatras.\" \/>\n<meta property=\"og:url\" content=\"https:\/\/lolly.com.br\/kinddy\/produto\/copo-de-treinamento-360o-330ml\/\" \/>\n<meta property=\"og:site_name\" content=\"Lolly Kinddy\" \/>\n<meta property=\"article:modified_time\" content=\"2025-05-23T19:15:13+00:00\" \/>\n<meta property=\"og:image\" content=\"https:\/\/lolly.com.br\/kinddy\/wp-content\/uploads\/2023\/12\/5.png\" \/>\n\t<meta property=\"og:image:width\" content=\"1000\" \/>\n\t<meta property=\"og:image:height\" content=\"1000\" \/>\n\t<meta property=\"og:image:type\" content=\"image\/png\" \/>\n<meta name=\"twitter:card\" content=\"summary_large_image\" \/>\n<meta name=\"twitter:label1\" content=\"Est. tempo de leitura\" \/>\n\t<meta name=\"twitter:data1\" content=\"1 minuto\" \/>\n<script type=\"application\/ld+json\" class=\"yoast-schema-graph\">{\"@context\":\"https:\/\/schema.org\",\"@graph\":[{\"@type\":\"WebPage\",\"@id\":\"https:\/\/lolly.com.br\/kinddy\/produto\/copo-de-treinamento-360o-330ml\/\",\"url\":\"https:\/\/lolly.com.br\/kinddy\/produto\/copo-de-treinamento-360o-330ml\/\",\"name\":\"Copo de Treinamento 360\u00ba 330ml - Lolly Kinddy\",\"isPartOf\":{\"@id\":\"https:\/\/lolly.com.br\/kinddy\/#website\"},\"primaryImageOfPage\":{\"@id\":\"https:\/\/lolly.com.br\/kinddy\/produto\/copo-de-treinamento-360o-330ml\/#primaryimage\"},\"image\":{\"@id\":\"https:\/\/lolly.com.br\/kinddy\/produto\/copo-de-treinamento-360o-330ml\/#primaryimage\"},\"thumbnailUrl\":\"https:\/\/lolly.com.br\/kinddy\/wp-content\/uploads\/2023\/12\/5.png\",\"datePublished\":\"2023-12-12T12:15:23+00:00\",\"dateModified\":\"2025-05-23T19:15:13+00:00\",\"description\":\"O Copo 360\u00b0 foi projetado para tornar a transi\u00e7\u00e3o da mamadeira para o copo uma experi\u00eancia f\u00e1cil e segura. Indicado por odontopediatras.\",\"breadcrumb\":{\"@id\":\"https:\/\/lolly.com.br\/kinddy\/produto\/copo-de-treinamento-360o-330ml\/#breadcrumb\"},\"inLanguage\":\"pt-BR\",\"potentialAction\":[{\"@type\":\"ReadAction\",\"target\":[\"https:\/\/lolly.com.br\/kinddy\/produto\/copo-de-treinamento-360o-330ml\/\"]}]},{\"@type\":\"ImageObject\",\"inLanguage\":\"pt-BR\",\"@id\":\"https:\/\/lolly.com.br\/kinddy\/produto\/copo-de-treinamento-360o-330ml\/#primaryimage\",\"url\":\"https:\/\/lolly.com.br\/kinddy\/wp-content\/uploads\/2023\/12\/5.png\",\"contentUrl\":\"https:\/\/lolly.com.br\/kinddy\/wp-content\/uploads\/2023\/12\/5.png\",\"width\":1000,\"height\":1000},{\"@type\":\"BreadcrumbList\",\"@id\":\"https:\/\/lolly.com.br\/kinddy\/produto\/copo-de-treinamento-360o-330ml\/#breadcrumb\",\"itemListElement\":[{\"@type\":\"ListItem\",\"position\":1,\"name\":\"In\u00edcio\",\"item\":\"https:\/\/lolly.com.br\/kinddy\/\"},{\"@type\":\"ListItem\",\"position\":2,\"name\":\"Produtos\",\"item\":\"https:\/\/lolly.com.br\/kinddy\/produtos\/\"},{\"@type\":\"ListItem\",\"position\":3,\"name\":\"Copo de Treinamento 360\u00ba 330ml\"}]},{\"@type\":\"WebSite\",\"@id\":\"https:\/\/lolly.com.br\/kinddy\/#website\",\"url\":\"https:\/\/lolly.com.br\/kinddy\/\",\"name\":\"Lolly Kinddy\",\"description\":\"\",\"potentialAction\":[{\"@type\":\"SearchAction\",\"target\":{\"@type\":\"EntryPoint\",\"urlTemplate\":\"https:\/\/lolly.com.br\/kinddy\/?s={search_term_string}\"},\"query-input\":{\"@type\":\"PropertyValueSpecification\",\"valueRequired\":true,\"valueName\":\"search_term_string\"}}],\"inLanguage\":\"pt-BR\"}]}<\/script>\n<!-- \/ Yoast SEO plugin. -->","yoast_head_json":{"title":"Copo de Treinamento 360\u00ba 330ml - Lolly Kinddy","description":"O Copo 360\u00b0 foi projetado para tornar a transi\u00e7\u00e3o da mamadeira para o copo uma experi\u00eancia f\u00e1cil e segura. Indicado por odontopediatras.","robots":{"index":"index","follow":"follow","max-snippet":"max-snippet:-1","max-image-preview":"max-image-preview:large","max-video-preview":"max-video-preview:-1"},"canonical":"https:\/\/lolly.com.br\/kinddy\/produto\/copo-de-treinamento-360o-330ml\/","og_locale":"pt_BR","og_type":"article","og_title":"Copo de Treinamento 360\u00ba 330ml - Lolly Kinddy","og_description":"O Copo 360\u00b0 foi projetado para tornar a transi\u00e7\u00e3o da mamadeira para o copo uma experi\u00eancia f\u00e1cil e segura. Indicado por odontopediatras.","og_url":"https:\/\/lolly.com.br\/kinddy\/produto\/copo-de-treinamento-360o-330ml\/","og_site_name":"Lolly Kinddy","article_modified_time":"2025-05-23T19:15:13+00:00","og_image":[{"width":1000,"height":1000,"url":"https:\/\/lolly.com.br\/kinddy\/wp-content\/uploads\/2023\/12\/5.png","type":"image\/png"}],"twitter_card":"summary_large_image","twitter_misc":{"Est. tempo de leitura":"1 minuto"},"schema":{"@context":"https:\/\/schema.org","@graph":[{"@type":"WebPage","@id":"https:\/\/lolly.com.br\/kinddy\/produto\/copo-de-treinamento-360o-330ml\/","url":"https:\/\/lolly.com.br\/kinddy\/produto\/copo-de-treinamento-360o-330ml\/","name":"Copo de Treinamento 360\u00ba 330ml - Lolly Kinddy","isPartOf":{"@id":"https:\/\/lolly.com.br\/kinddy\/#website"},"primaryImageOfPage":{"@id":"https:\/\/lolly.com.br\/kinddy\/produto\/copo-de-treinamento-360o-330ml\/#primaryimage"},"image":{"@id":"https:\/\/lolly.com.br\/kinddy\/produto\/copo-de-treinamento-360o-330ml\/#primaryimage"},"thumbnailUrl":"https:\/\/lolly.com.br\/kinddy\/wp-content\/uploads\/2023\/12\/5.png","datePublished":"2023-12-12T12:15:23+00:00","dateModified":"2025-05-23T19:15:13+00:00","description":"O Copo 360\u00b0 foi projetado para tornar a transi\u00e7\u00e3o da mamadeira para o copo uma experi\u00eancia f\u00e1cil e segura. Indicado por odontopediatras.","breadcrumb":{"@id":"https:\/\/lolly.com.br\/kinddy\/produto\/copo-de-treinamento-360o-330ml\/#breadcrumb"},"inLanguage":"pt-BR","potentialAction":[{"@type":"ReadAction","target":["https:\/\/lolly.com.br\/kinddy\/produto\/copo-de-treinamento-360o-330ml\/"]}]},{"@type":"ImageObject","inLanguage":"pt-BR","@id":"https:\/\/lolly.com.br\/kinddy\/produto\/copo-de-treinamento-360o-330ml\/#primaryimage","url":"https:\/\/lolly.com.br\/kinddy\/wp-content\/uploads\/2023\/12\/5.png","contentUrl":"https:\/\/lolly.com.br\/kinddy\/wp-content\/uploads\/2023\/12\/5.png","width":1000,"height":1000},{"@type":"BreadcrumbList","@id":"https:\/\/lolly.com.br\/kinddy\/produto\/copo-de-treinamento-360o-330ml\/#breadcrumb","itemListElement":[{"@type":"ListItem","position":1,"name":"In\u00edcio","item":"https:\/\/lolly.com.br\/kinddy\/"},{"@type":"ListItem","position":2,"name":"Produtos","item":"https:\/\/lolly.com.br\/kinddy\/produtos\/"},{"@type":"ListItem","position":3,"name":"Copo de Treinamento 360\u00ba 330ml"}]},{"@type":"WebSite","@id":"https:\/\/lolly.com.br\/kinddy\/#website","url":"https:\/\/lolly.com.br\/kinddy\/","name":"Lolly Kinddy","description":"","potentialAction":[{"@type":"SearchAction","target":{"@type":"EntryPoint","urlTemplate":"https:\/\/lolly.com.br\/kinddy\/?s={search_term_string}"},"query-input":{"@type":"PropertyValueSpecification","valueRequired":true,"valueName":"search_term_string"}}],"inLanguage":"pt-BR"}]}},"_links":{"self":[{"href":"https:\/\/lolly.com.br\/kinddy\/wp-json\/wp\/v2\/product\/10449","targetHints":{"allow":["GET"]}}],"collection":[{"href":"https:\/\/lolly.com.br\/kinddy\/wp-json\/wp\/v2\/product"}],"about":[{"href":"https:\/\/lolly.com.br\/kinddy\/wp-json\/wp\/v2\/types\/product"}],"replies":[{"embeddable":true,"href":"https:\/\/lolly.com.br\/kinddy\/wp-json\/wp\/v2\/comments?post=10449"}],"version-history":[{"count":1,"href":"https:\/\/lolly.com.br\/kinddy\/wp-json\/wp\/v2\/product\/10449\/revisions"}],"predecessor-version":[{"id":10454,"href":"https:\/\/lolly.com.br\/kinddy\/wp-json\/wp\/v2\/product\/10449\/revisions\/10454"}],"wp:featuredmedia":[{"embeddable":true,"href":"https:\/\/lolly.com.br\/kinddy\/wp-json\/wp\/v2\/media\/11227"}],"wp:attachment":[{"href":"https:\/\/lolly.com.br\/kinddy\/wp-json\/wp\/v2\/media?parent=10449"}],"wp:term":[{"taxonomy":"product_cat","embeddable":true,"href":"https:\/\/lolly.com.br\/kinddy\/wp-json\/wp\/v2\/product_cat?post=10449"},{"taxonomy":"product_tag","embeddable":true,"href":"https:\/\/lolly.com.br\/kinddy\/wp-json\/wp\/v2\/product_tag?post=10449"}],"curies":[{"name":"wp","href":"https:\/\/api.w.org\/{rel}","templated":true}]}}