{"id":10426,"date":"2023-12-08T09:16:24","date_gmt":"2023-12-08T12:16:24","guid":{"rendered":"https:\/\/lolly.com.br\/kinddy\/?post_type=product&#038;p=10426"},"modified":"2023-12-08T09:16:51","modified_gmt":"2023-12-08T12:16:51","slug":"hastybaby-hastes-flexiveis","status":"publish","type":"product","link":"https:\/\/lolly.com.br\/kinddy\/produto\/hastybaby-hastes-flexiveis\/","title":{"rendered":"HastyBaby &#8211; Hastes Flex\u00edveis"},"content":{"rendered":"<p>As Hastes Flex\u00edveis Baby Lolly foram especialmente desenvolvidas para os cuidados do beb\u00ea. As extremidades com bolas de algod\u00e3o mais gordinhas contribuem para impedir que a haste entre no ouvido do beb\u00ea causando qualquer tipo de les\u00e3o.<\/p>\n<p>Al\u00e9m do uso espec\u00edfico para beb\u00eas as Hastes Flex\u00edveis Baby Lolly s\u00e3o indicadas para higiene de \u00e1reas delicadas como orelhas, olhos, umbigo, nariz, entre outras utilidades.<\/p>\n","protected":false},"excerpt":{"rendered":"<p>As Hastes Flex\u00edveis Baby Lolly foram especialmente desenvolvidas para os cuidados do beb\u00ea. As extremidades com bolas de algod\u00e3o mais gordinhas contribuem para impedir que a haste entre no ouvido do beb\u00ea causando qualquer tipo de les\u00e3o. Al\u00e9m do uso espec\u00edfico para beb\u00eas as Hastes Flex\u00edveis Baby Lolly s\u00e3o indicadas para higiene de \u00e1reas delicadas&hellip;<\/p>\n","protected":false},"featured_media":10427,"comment_status":"open","ping_status":"closed","template":"","meta":[],"product_cat":[240],"product_tag":[],"class_list":{"0":"post-10426","1":"product","2":"type-product","3":"status-publish","4":"has-post-thumbnail","6":"product_cat-higiene-e-saude","7":"description-off","9":"first","10":"instock","11":"shipping-taxable","12":"product-type-simple"},"yoast_head":"<!-- This site is optimized with the Yoast SEO plugin v23.7 - https:\/\/yoast.com\/wordpress\/plugins\/seo\/ -->\n<title>HastyBaby - Hastes Flex\u00edveis - Lolly Kinddy<\/title>\n<meta name=\"description\" content=\"Desenvolvidas para os cuidados do beb\u00ea. As extremidades com bolas de algod\u00e3o mais gordinhas contribuem para impedir que a haste entre no ouvido do beb\u00ea.\" \/>\n<meta name=\"robots\" content=\"index, follow, max-snippet:-1, max-image-preview:large, max-video-preview:-1\" \/>\n<link rel=\"canonical\" href=\"https:\/\/lolly.com.br\/kinddy\/produto\/hastybaby-hastes-flexiveis\/\" \/>\n<meta property=\"og:locale\" content=\"pt_BR\" \/>\n<meta property=\"og:type\" content=\"article\" \/>\n<meta property=\"og:title\" content=\"HastyBaby - Hastes Flex\u00edveis - Lolly Kinddy\" \/>\n<meta property=\"og:description\" content=\"Desenvolvidas para os cuidados do beb\u00ea. As extremidades com bolas de algod\u00e3o mais gordinhas contribuem para impedir que a haste entre no ouvido do beb\u00ea.\" \/>\n<meta property=\"og:url\" content=\"https:\/\/lolly.com.br\/kinddy\/produto\/hastybaby-hastes-flexiveis\/\" \/>\n<meta property=\"og:site_name\" content=\"Lolly Kinddy\" \/>\n<meta property=\"article:modified_time\" content=\"2023-12-08T12:16:51+00:00\" \/>\n<meta property=\"og:image\" content=\"https:\/\/lolly.com.br\/kinddy\/wp-content\/uploads\/2023\/12\/7181-01_HastyBaby-HastesFlexiveis_7896699035538-589px.jpg\" \/>\n\t<meta property=\"og:image:width\" content=\"589\" \/>\n\t<meta property=\"og:image:height\" content=\"589\" \/>\n\t<meta property=\"og:image:type\" content=\"image\/jpeg\" \/>\n<meta name=\"twitter:card\" content=\"summary_large_image\" \/>\n<meta name=\"twitter:label1\" content=\"Est. tempo de leitura\" \/>\n\t<meta name=\"twitter:data1\" content=\"1 minuto\" \/>\n<script type=\"application\/ld+json\" class=\"yoast-schema-graph\">{\"@context\":\"https:\/\/schema.org\",\"@graph\":[{\"@type\":\"WebPage\",\"@id\":\"https:\/\/lolly.com.br\/kinddy\/produto\/hastybaby-hastes-flexiveis\/\",\"url\":\"https:\/\/lolly.com.br\/kinddy\/produto\/hastybaby-hastes-flexiveis\/\",\"name\":\"HastyBaby - Hastes Flex\u00edveis - Lolly Kinddy\",\"isPartOf\":{\"@id\":\"https:\/\/lolly.com.br\/kinddy\/#website\"},\"primaryImageOfPage\":{\"@id\":\"https:\/\/lolly.com.br\/kinddy\/produto\/hastybaby-hastes-flexiveis\/#primaryimage\"},\"image\":{\"@id\":\"https:\/\/lolly.com.br\/kinddy\/produto\/hastybaby-hastes-flexiveis\/#primaryimage\"},\"thumbnailUrl\":\"https:\/\/lolly.com.br\/kinddy\/wp-content\/uploads\/2023\/12\/7181-01_HastyBaby-HastesFlexiveis_7896699035538-589px.jpg\",\"datePublished\":\"2023-12-08T12:16:24+00:00\",\"dateModified\":\"2023-12-08T12:16:51+00:00\",\"description\":\"Desenvolvidas para os cuidados do beb\u00ea. As extremidades com bolas de algod\u00e3o mais gordinhas contribuem para impedir que a haste entre no ouvido do beb\u00ea.\",\"breadcrumb\":{\"@id\":\"https:\/\/lolly.com.br\/kinddy\/produto\/hastybaby-hastes-flexiveis\/#breadcrumb\"},\"inLanguage\":\"pt-BR\",\"potentialAction\":[{\"@type\":\"ReadAction\",\"target\":[\"https:\/\/lolly.com.br\/kinddy\/produto\/hastybaby-hastes-flexiveis\/\"]}]},{\"@type\":\"ImageObject\",\"inLanguage\":\"pt-BR\",\"@id\":\"https:\/\/lolly.com.br\/kinddy\/produto\/hastybaby-hastes-flexiveis\/#primaryimage\",\"url\":\"https:\/\/lolly.com.br\/kinddy\/wp-content\/uploads\/2023\/12\/7181-01_HastyBaby-HastesFlexiveis_7896699035538-589px.jpg\",\"contentUrl\":\"https:\/\/lolly.com.br\/kinddy\/wp-content\/uploads\/2023\/12\/7181-01_HastyBaby-HastesFlexiveis_7896699035538-589px.jpg\",\"width\":589,\"height\":589},{\"@type\":\"BreadcrumbList\",\"@id\":\"https:\/\/lolly.com.br\/kinddy\/produto\/hastybaby-hastes-flexiveis\/#breadcrumb\",\"itemListElement\":[{\"@type\":\"ListItem\",\"position\":1,\"name\":\"In\u00edcio\",\"item\":\"https:\/\/lolly.com.br\/kinddy\/\"},{\"@type\":\"ListItem\",\"position\":2,\"name\":\"Produtos\",\"item\":\"https:\/\/lolly.com.br\/kinddy\/produtos\/\"},{\"@type\":\"ListItem\",\"position\":3,\"name\":\"HastyBaby &#8211; Hastes Flex\u00edveis\"}]},{\"@type\":\"WebSite\",\"@id\":\"https:\/\/lolly.com.br\/kinddy\/#website\",\"url\":\"https:\/\/lolly.com.br\/kinddy\/\",\"name\":\"Lolly Kinddy\",\"description\":\"\",\"potentialAction\":[{\"@type\":\"SearchAction\",\"target\":{\"@type\":\"EntryPoint\",\"urlTemplate\":\"https:\/\/lolly.com.br\/kinddy\/?s={search_term_string}\"},\"query-input\":{\"@type\":\"PropertyValueSpecification\",\"valueRequired\":true,\"valueName\":\"search_term_string\"}}],\"inLanguage\":\"pt-BR\"}]}<\/script>\n<!-- \/ Yoast SEO plugin. -->","yoast_head_json":{"title":"HastyBaby - Hastes Flex\u00edveis - Lolly Kinddy","description":"Desenvolvidas para os cuidados do beb\u00ea. As extremidades com bolas de algod\u00e3o mais gordinhas contribuem para impedir que a haste entre no ouvido do beb\u00ea.","robots":{"index":"index","follow":"follow","max-snippet":"max-snippet:-1","max-image-preview":"max-image-preview:large","max-video-preview":"max-video-preview:-1"},"canonical":"https:\/\/lolly.com.br\/kinddy\/produto\/hastybaby-hastes-flexiveis\/","og_locale":"pt_BR","og_type":"article","og_title":"HastyBaby - Hastes Flex\u00edveis - Lolly Kinddy","og_description":"Desenvolvidas para os cuidados do beb\u00ea. As extremidades com bolas de algod\u00e3o mais gordinhas contribuem para impedir que a haste entre no ouvido do beb\u00ea.","og_url":"https:\/\/lolly.com.br\/kinddy\/produto\/hastybaby-hastes-flexiveis\/","og_site_name":"Lolly Kinddy","article_modified_time":"2023-12-08T12:16:51+00:00","og_image":[{"width":589,"height":589,"url":"https:\/\/lolly.com.br\/kinddy\/wp-content\/uploads\/2023\/12\/7181-01_HastyBaby-HastesFlexiveis_7896699035538-589px.jpg","type":"image\/jpeg"}],"twitter_card":"summary_large_image","twitter_misc":{"Est. tempo de leitura":"1 minuto"},"schema":{"@context":"https:\/\/schema.org","@graph":[{"@type":"WebPage","@id":"https:\/\/lolly.com.br\/kinddy\/produto\/hastybaby-hastes-flexiveis\/","url":"https:\/\/lolly.com.br\/kinddy\/produto\/hastybaby-hastes-flexiveis\/","name":"HastyBaby - Hastes Flex\u00edveis - Lolly Kinddy","isPartOf":{"@id":"https:\/\/lolly.com.br\/kinddy\/#website"},"primaryImageOfPage":{"@id":"https:\/\/lolly.com.br\/kinddy\/produto\/hastybaby-hastes-flexiveis\/#primaryimage"},"image":{"@id":"https:\/\/lolly.com.br\/kinddy\/produto\/hastybaby-hastes-flexiveis\/#primaryimage"},"thumbnailUrl":"https:\/\/lolly.com.br\/kinddy\/wp-content\/uploads\/2023\/12\/7181-01_HastyBaby-HastesFlexiveis_7896699035538-589px.jpg","datePublished":"2023-12-08T12:16:24+00:00","dateModified":"2023-12-08T12:16:51+00:00","description":"Desenvolvidas para os cuidados do beb\u00ea. As extremidades com bolas de algod\u00e3o mais gordinhas contribuem para impedir que a haste entre no ouvido do beb\u00ea.","breadcrumb":{"@id":"https:\/\/lolly.com.br\/kinddy\/produto\/hastybaby-hastes-flexiveis\/#breadcrumb"},"inLanguage":"pt-BR","potentialAction":[{"@type":"ReadAction","target":["https:\/\/lolly.com.br\/kinddy\/produto\/hastybaby-hastes-flexiveis\/"]}]},{"@type":"ImageObject","inLanguage":"pt-BR","@id":"https:\/\/lolly.com.br\/kinddy\/produto\/hastybaby-hastes-flexiveis\/#primaryimage","url":"https:\/\/lolly.com.br\/kinddy\/wp-content\/uploads\/2023\/12\/7181-01_HastyBaby-HastesFlexiveis_7896699035538-589px.jpg","contentUrl":"https:\/\/lolly.com.br\/kinddy\/wp-content\/uploads\/2023\/12\/7181-01_HastyBaby-HastesFlexiveis_7896699035538-589px.jpg","width":589,"height":589},{"@type":"BreadcrumbList","@id":"https:\/\/lolly.com.br\/kinddy\/produto\/hastybaby-hastes-flexiveis\/#breadcrumb","itemListElement":[{"@type":"ListItem","position":1,"name":"In\u00edcio","item":"https:\/\/lolly.com.br\/kinddy\/"},{"@type":"ListItem","position":2,"name":"Produtos","item":"https:\/\/lolly.com.br\/kinddy\/produtos\/"},{"@type":"ListItem","position":3,"name":"HastyBaby &#8211; Hastes Flex\u00edveis"}]},{"@type":"WebSite","@id":"https:\/\/lolly.com.br\/kinddy\/#website","url":"https:\/\/lolly.com.br\/kinddy\/","name":"Lolly Kinddy","description":"","potentialAction":[{"@type":"SearchAction","target":{"@type":"EntryPoint","urlTemplate":"https:\/\/lolly.com.br\/kinddy\/?s={search_term_string}"},"query-input":{"@type":"PropertyValueSpecification","valueRequired":true,"valueName":"search_term_string"}}],"inLanguage":"pt-BR"}]}},"_links":{"self":[{"href":"https:\/\/lolly.com.br\/kinddy\/wp-json\/wp\/v2\/product\/10426","targetHints":{"allow":["GET"]}}],"collection":[{"href":"https:\/\/lolly.com.br\/kinddy\/wp-json\/wp\/v2\/product"}],"about":[{"href":"https:\/\/lolly.com.br\/kinddy\/wp-json\/wp\/v2\/types\/product"}],"replies":[{"embeddable":true,"href":"https:\/\/lolly.com.br\/kinddy\/wp-json\/wp\/v2\/comments?post=10426"}],"version-history":[{"count":2,"href":"https:\/\/lolly.com.br\/kinddy\/wp-json\/wp\/v2\/product\/10426\/revisions"}],"predecessor-version":[{"id":10430,"href":"https:\/\/lolly.com.br\/kinddy\/wp-json\/wp\/v2\/product\/10426\/revisions\/10430"}],"wp:featuredmedia":[{"embeddable":true,"href":"https:\/\/lolly.com.br\/kinddy\/wp-json\/wp\/v2\/media\/10427"}],"wp:attachment":[{"href":"https:\/\/lolly.com.br\/kinddy\/wp-json\/wp\/v2\/media?parent=10426"}],"wp:term":[{"taxonomy":"product_cat","embeddable":true,"href":"https:\/\/lolly.com.br\/kinddy\/wp-json\/wp\/v2\/product_cat?post=10426"},{"taxonomy":"product_tag","embeddable":true,"href":"https:\/\/lolly.com.br\/kinddy\/wp-json\/wp\/v2\/product_tag?post=10426"}],"curies":[{"name":"wp","href":"https:\/\/api.w.org\/{rel}","templated":true}]}}