{"id":10238,"date":"2023-07-19T10:11:37","date_gmt":"2023-07-19T13:11:37","guid":{"rendered":"https:\/\/lolly.com.br\/kinddy\/?post_type=product&#038;p=10238"},"modified":"2023-08-16T08:34:49","modified_gmt":"2023-08-16T11:34:49","slug":"mordedor-de-silicone-octoplus","status":"publish","type":"product","link":"https:\/\/lolly.com.br\/kinddy\/produto\/mordedor-de-silicone-octoplus\/","title":{"rendered":"Mordedor de Silicone Octoplus"},"content":{"rendered":"<p>O Mordedor de Silicone Lolly Kinddy acalma e diverte o beb\u00ea.<\/p>\n<p>Suas diversas formas e texturas massageiam a gengiva, aliviando o desconforto causado com o nascimento dos primeiros dentinhos.<\/p>\n","protected":false},"excerpt":{"rendered":"<p>O Mordedor de Silicone Lolly Kinddy acalma e diverte o beb\u00ea. Suas diversas formas e texturas massageiam a gengiva, aliviando o desconforto causado com o nascimento dos primeiros dentinhos.<\/p>\n","protected":false},"featured_media":10239,"comment_status":"open","ping_status":"closed","template":"","meta":[],"product_cat":[237],"product_tag":[],"class_list":{"0":"post-10238","1":"product","2":"type-product","3":"status-publish","4":"has-post-thumbnail","6":"product_cat-brinquedos","7":"description-off","9":"first","10":"instock","11":"shipping-taxable","12":"product-type-simple"},"yoast_head":"<!-- This site is optimized with the Yoast SEO plugin v23.7 - https:\/\/yoast.com\/wordpress\/plugins\/seo\/ -->\n<title>Mordedor de Silicone Octoplus - Lolly Kinddy<\/title>\n<meta name=\"description\" content=\"Mordedor de Silicone Lolly Kinddy: al\u00edvio e divers\u00e3o para o beb\u00ea. Texturas e formas que massageiam a gengiva, acalmando o desconforto do nascimento dos dentinhos.\" \/>\n<meta name=\"robots\" content=\"index, follow, max-snippet:-1, max-image-preview:large, max-video-preview:-1\" \/>\n<link rel=\"canonical\" href=\"https:\/\/lolly.com.br\/kinddy\/produto\/mordedor-de-silicone-octoplus\/\" \/>\n<meta property=\"og:locale\" content=\"pt_BR\" \/>\n<meta property=\"og:type\" content=\"article\" \/>\n<meta property=\"og:title\" content=\"Mordedor de Silicone Octoplus - Lolly Kinddy\" \/>\n<meta property=\"og:description\" content=\"Mordedor de Silicone Lolly Kinddy: al\u00edvio e divers\u00e3o para o beb\u00ea. Texturas e formas que massageiam a gengiva, acalmando o desconforto do nascimento dos dentinhos.\" \/>\n<meta property=\"og:url\" content=\"https:\/\/lolly.com.br\/kinddy\/produto\/mordedor-de-silicone-octoplus\/\" \/>\n<meta property=\"og:site_name\" content=\"Lolly Kinddy\" \/>\n<meta property=\"article:modified_time\" content=\"2023-08-16T11:34:49+00:00\" \/>\n<meta property=\"og:image\" content=\"https:\/\/lolly.com.br\/kinddy\/wp-content\/uploads\/2023\/07\/7700-01-F1_MORDEDORSILICONEOCTOPLUSF_7896699035392.png\" \/>\n\t<meta property=\"og:image:width\" content=\"1404\" \/>\n\t<meta property=\"og:image:height\" content=\"1404\" \/>\n\t<meta property=\"og:image:type\" content=\"image\/png\" \/>\n<meta name=\"twitter:card\" content=\"summary_large_image\" \/>\n<meta name=\"twitter:label1\" content=\"Est. tempo de leitura\" \/>\n\t<meta name=\"twitter:data1\" content=\"1 minuto\" \/>\n<script type=\"application\/ld+json\" class=\"yoast-schema-graph\">{\"@context\":\"https:\/\/schema.org\",\"@graph\":[{\"@type\":\"WebPage\",\"@id\":\"https:\/\/lolly.com.br\/kinddy\/produto\/mordedor-de-silicone-octoplus\/\",\"url\":\"https:\/\/lolly.com.br\/kinddy\/produto\/mordedor-de-silicone-octoplus\/\",\"name\":\"Mordedor de Silicone Octoplus - Lolly Kinddy\",\"isPartOf\":{\"@id\":\"https:\/\/lolly.com.br\/kinddy\/#website\"},\"primaryImageOfPage\":{\"@id\":\"https:\/\/lolly.com.br\/kinddy\/produto\/mordedor-de-silicone-octoplus\/#primaryimage\"},\"image\":{\"@id\":\"https:\/\/lolly.com.br\/kinddy\/produto\/mordedor-de-silicone-octoplus\/#primaryimage\"},\"thumbnailUrl\":\"https:\/\/lolly.com.br\/kinddy\/wp-content\/uploads\/2023\/07\/7700-01-F1_MORDEDORSILICONEOCTOPLUSF_7896699035392.png\",\"datePublished\":\"2023-07-19T13:11:37+00:00\",\"dateModified\":\"2023-08-16T11:34:49+00:00\",\"description\":\"Mordedor de Silicone Lolly Kinddy: al\u00edvio e divers\u00e3o para o beb\u00ea. Texturas e formas que massageiam a gengiva, acalmando o desconforto do nascimento dos dentinhos.\",\"breadcrumb\":{\"@id\":\"https:\/\/lolly.com.br\/kinddy\/produto\/mordedor-de-silicone-octoplus\/#breadcrumb\"},\"inLanguage\":\"pt-BR\",\"potentialAction\":[{\"@type\":\"ReadAction\",\"target\":[\"https:\/\/lolly.com.br\/kinddy\/produto\/mordedor-de-silicone-octoplus\/\"]}]},{\"@type\":\"ImageObject\",\"inLanguage\":\"pt-BR\",\"@id\":\"https:\/\/lolly.com.br\/kinddy\/produto\/mordedor-de-silicone-octoplus\/#primaryimage\",\"url\":\"https:\/\/lolly.com.br\/kinddy\/wp-content\/uploads\/2023\/07\/7700-01-F1_MORDEDORSILICONEOCTOPLUSF_7896699035392.png\",\"contentUrl\":\"https:\/\/lolly.com.br\/kinddy\/wp-content\/uploads\/2023\/07\/7700-01-F1_MORDEDORSILICONEOCTOPLUSF_7896699035392.png\",\"width\":1404,\"height\":1404},{\"@type\":\"BreadcrumbList\",\"@id\":\"https:\/\/lolly.com.br\/kinddy\/produto\/mordedor-de-silicone-octoplus\/#breadcrumb\",\"itemListElement\":[{\"@type\":\"ListItem\",\"position\":1,\"name\":\"In\u00edcio\",\"item\":\"https:\/\/lolly.com.br\/kinddy\/\"},{\"@type\":\"ListItem\",\"position\":2,\"name\":\"Produtos\",\"item\":\"https:\/\/lolly.com.br\/kinddy\/produtos\/\"},{\"@type\":\"ListItem\",\"position\":3,\"name\":\"Mordedor de Silicone Octoplus\"}]},{\"@type\":\"WebSite\",\"@id\":\"https:\/\/lolly.com.br\/kinddy\/#website\",\"url\":\"https:\/\/lolly.com.br\/kinddy\/\",\"name\":\"Lolly Kinddy\",\"description\":\"\",\"potentialAction\":[{\"@type\":\"SearchAction\",\"target\":{\"@type\":\"EntryPoint\",\"urlTemplate\":\"https:\/\/lolly.com.br\/kinddy\/?s={search_term_string}\"},\"query-input\":{\"@type\":\"PropertyValueSpecification\",\"valueRequired\":true,\"valueName\":\"search_term_string\"}}],\"inLanguage\":\"pt-BR\"}]}<\/script>\n<!-- \/ Yoast SEO plugin. -->","yoast_head_json":{"title":"Mordedor de Silicone Octoplus - Lolly Kinddy","description":"Mordedor de Silicone Lolly Kinddy: al\u00edvio e divers\u00e3o para o beb\u00ea. Texturas e formas que massageiam a gengiva, acalmando o desconforto do nascimento dos dentinhos.","robots":{"index":"index","follow":"follow","max-snippet":"max-snippet:-1","max-image-preview":"max-image-preview:large","max-video-preview":"max-video-preview:-1"},"canonical":"https:\/\/lolly.com.br\/kinddy\/produto\/mordedor-de-silicone-octoplus\/","og_locale":"pt_BR","og_type":"article","og_title":"Mordedor de Silicone Octoplus - Lolly Kinddy","og_description":"Mordedor de Silicone Lolly Kinddy: al\u00edvio e divers\u00e3o para o beb\u00ea. Texturas e formas que massageiam a gengiva, acalmando o desconforto do nascimento dos dentinhos.","og_url":"https:\/\/lolly.com.br\/kinddy\/produto\/mordedor-de-silicone-octoplus\/","og_site_name":"Lolly Kinddy","article_modified_time":"2023-08-16T11:34:49+00:00","og_image":[{"width":1404,"height":1404,"url":"https:\/\/lolly.com.br\/kinddy\/wp-content\/uploads\/2023\/07\/7700-01-F1_MORDEDORSILICONEOCTOPLUSF_7896699035392.png","type":"image\/png"}],"twitter_card":"summary_large_image","twitter_misc":{"Est. tempo de leitura":"1 minuto"},"schema":{"@context":"https:\/\/schema.org","@graph":[{"@type":"WebPage","@id":"https:\/\/lolly.com.br\/kinddy\/produto\/mordedor-de-silicone-octoplus\/","url":"https:\/\/lolly.com.br\/kinddy\/produto\/mordedor-de-silicone-octoplus\/","name":"Mordedor de Silicone Octoplus - Lolly Kinddy","isPartOf":{"@id":"https:\/\/lolly.com.br\/kinddy\/#website"},"primaryImageOfPage":{"@id":"https:\/\/lolly.com.br\/kinddy\/produto\/mordedor-de-silicone-octoplus\/#primaryimage"},"image":{"@id":"https:\/\/lolly.com.br\/kinddy\/produto\/mordedor-de-silicone-octoplus\/#primaryimage"},"thumbnailUrl":"https:\/\/lolly.com.br\/kinddy\/wp-content\/uploads\/2023\/07\/7700-01-F1_MORDEDORSILICONEOCTOPLUSF_7896699035392.png","datePublished":"2023-07-19T13:11:37+00:00","dateModified":"2023-08-16T11:34:49+00:00","description":"Mordedor de Silicone Lolly Kinddy: al\u00edvio e divers\u00e3o para o beb\u00ea. Texturas e formas que massageiam a gengiva, acalmando o desconforto do nascimento dos dentinhos.","breadcrumb":{"@id":"https:\/\/lolly.com.br\/kinddy\/produto\/mordedor-de-silicone-octoplus\/#breadcrumb"},"inLanguage":"pt-BR","potentialAction":[{"@type":"ReadAction","target":["https:\/\/lolly.com.br\/kinddy\/produto\/mordedor-de-silicone-octoplus\/"]}]},{"@type":"ImageObject","inLanguage":"pt-BR","@id":"https:\/\/lolly.com.br\/kinddy\/produto\/mordedor-de-silicone-octoplus\/#primaryimage","url":"https:\/\/lolly.com.br\/kinddy\/wp-content\/uploads\/2023\/07\/7700-01-F1_MORDEDORSILICONEOCTOPLUSF_7896699035392.png","contentUrl":"https:\/\/lolly.com.br\/kinddy\/wp-content\/uploads\/2023\/07\/7700-01-F1_MORDEDORSILICONEOCTOPLUSF_7896699035392.png","width":1404,"height":1404},{"@type":"BreadcrumbList","@id":"https:\/\/lolly.com.br\/kinddy\/produto\/mordedor-de-silicone-octoplus\/#breadcrumb","itemListElement":[{"@type":"ListItem","position":1,"name":"In\u00edcio","item":"https:\/\/lolly.com.br\/kinddy\/"},{"@type":"ListItem","position":2,"name":"Produtos","item":"https:\/\/lolly.com.br\/kinddy\/produtos\/"},{"@type":"ListItem","position":3,"name":"Mordedor de Silicone Octoplus"}]},{"@type":"WebSite","@id":"https:\/\/lolly.com.br\/kinddy\/#website","url":"https:\/\/lolly.com.br\/kinddy\/","name":"Lolly Kinddy","description":"","potentialAction":[{"@type":"SearchAction","target":{"@type":"EntryPoint","urlTemplate":"https:\/\/lolly.com.br\/kinddy\/?s={search_term_string}"},"query-input":{"@type":"PropertyValueSpecification","valueRequired":true,"valueName":"search_term_string"}}],"inLanguage":"pt-BR"}]}},"_links":{"self":[{"href":"https:\/\/lolly.com.br\/kinddy\/wp-json\/wp\/v2\/product\/10238","targetHints":{"allow":["GET"]}}],"collection":[{"href":"https:\/\/lolly.com.br\/kinddy\/wp-json\/wp\/v2\/product"}],"about":[{"href":"https:\/\/lolly.com.br\/kinddy\/wp-json\/wp\/v2\/types\/product"}],"replies":[{"embeddable":true,"href":"https:\/\/lolly.com.br\/kinddy\/wp-json\/wp\/v2\/comments?post=10238"}],"version-history":[{"count":3,"href":"https:\/\/lolly.com.br\/kinddy\/wp-json\/wp\/v2\/product\/10238\/revisions"}],"predecessor-version":[{"id":10244,"href":"https:\/\/lolly.com.br\/kinddy\/wp-json\/wp\/v2\/product\/10238\/revisions\/10244"}],"wp:featuredmedia":[{"embeddable":true,"href":"https:\/\/lolly.com.br\/kinddy\/wp-json\/wp\/v2\/media\/10239"}],"wp:attachment":[{"href":"https:\/\/lolly.com.br\/kinddy\/wp-json\/wp\/v2\/media?parent=10238"}],"wp:term":[{"taxonomy":"product_cat","embeddable":true,"href":"https:\/\/lolly.com.br\/kinddy\/wp-json\/wp\/v2\/product_cat?post=10238"},{"taxonomy":"product_tag","embeddable":true,"href":"https:\/\/lolly.com.br\/kinddy\/wp-json\/wp\/v2\/product_tag?post=10238"}],"curies":[{"name":"wp","href":"https:\/\/api.w.org\/{rel}","templated":true}]}}