{"id":10217,"date":"2023-07-19T10:00:54","date_gmt":"2023-07-19T13:00:54","guid":{"rendered":"https:\/\/lolly.com.br\/kinddy\/?post_type=product&#038;p=10217"},"modified":"2023-07-21T11:11:28","modified_gmt":"2023-07-21T14:11:28","slug":"alimentador-com-colher-dosadora","status":"publish","type":"product","link":"https:\/\/lolly.com.br\/kinddy\/produto\/alimentador-com-colher-dosadora\/","title":{"rendered":"Alimentador com Colher Dosadora"},"content":{"rendered":"<p>O Alimentador com Colher Dosadora Lolly Kinddy \u00e9 perfeito para a introdu\u00e7\u00e3o de papinhas na alimenta\u00e7\u00e3o do beb\u00ea. Al\u00e9m de armazenar, ele dosa e libera a papinha \u00e0 medida em que o beb\u00ea se alimenta, garantindo que ele receba a quantidade adequada de alimento, sem risco de engasgamento e sem desperd\u00edcio. Uma op\u00e7\u00e3o pr\u00e1tica e segura para alimentar seu beb\u00ea.<\/p>\n<p>\u00c9 um produto inclusivo que pode ser utilizado por pessoas com problemas de degluti\u00e7\u00e3o.<\/p>\n<p>Al\u00e9m de ser uma \u00f3tima op\u00e7\u00e3o para oferecer leite materno ou f\u00f3rmula ao seu beb\u00ea, evitando a confus\u00e3o de bico.<\/p>\n","protected":false},"excerpt":{"rendered":"<p>O Alimentador com Colher Dosadora Lolly Kinddy \u00e9 perfeito para a introdu\u00e7\u00e3o de papinhas na alimenta\u00e7\u00e3o do beb\u00ea. Al\u00e9m de armazenar, ele dosa e libera a papinha \u00e0 medida em que o beb\u00ea se alimenta, garantindo que ele receba a quantidade adequada de alimento, sem risco de engasgamento e sem desperd\u00edcio. Uma op\u00e7\u00e3o pr\u00e1tica e&hellip;<\/p>\n","protected":false},"featured_media":10224,"comment_status":"open","ping_status":"closed","template":"","meta":[],"product_cat":[232],"product_tag":[566,561,565,567,427,563,564,568,562,347,517],"class_list":{"0":"post-10217","1":"product","2":"type-product","3":"status-publish","4":"has-post-thumbnail","6":"product_cat-alimentacao","7":"product_tag-alimentacao-para-labios-leporinos","8":"product_tag-alimentador-com-colher-dosadora","9":"product_tag-alimentador-inclusivo","10":"product_tag-alimentador-infantil","11":"product_tag-bebe","12":"product_tag-dosagem-precisa","13":"product_tag-formula","14":"product_tag-inclusao-alimentar","15":"product_tag-introducao-de-papinhas","16":"product_tag-leite-materno","17":"product_tag-seguranca","18":"description-off","20":"first","21":"instock","22":"shipping-taxable","23":"product-type-simple"},"yoast_head":"<!-- This site is optimized with the Yoast SEO plugin v23.7 - https:\/\/yoast.com\/wordpress\/plugins\/seo\/ -->\n<title>Alimentador com Colher Dosadora - Lolly Kinddy<\/title>\n<meta name=\"description\" content=\"Introduza papinhas com facilidade e seguran\u00e7a com o Alimentador com Colher Dosadora. Dosagem precisa, sem desperd\u00edcio. Inclusivo e ideal para leite materno.\" \/>\n<meta name=\"robots\" content=\"index, follow, max-snippet:-1, max-image-preview:large, max-video-preview:-1\" \/>\n<link rel=\"canonical\" href=\"https:\/\/lolly.com.br\/kinddy\/produto\/alimentador-com-colher-dosadora\/\" \/>\n<meta property=\"og:locale\" content=\"pt_BR\" \/>\n<meta property=\"og:type\" content=\"article\" \/>\n<meta property=\"og:title\" content=\"Alimentador com Colher Dosadora - Lolly Kinddy\" \/>\n<meta property=\"og:description\" content=\"Introduza papinhas com facilidade e seguran\u00e7a com o Alimentador com Colher Dosadora. Dosagem precisa, sem desperd\u00edcio. Inclusivo e ideal para leite materno.\" \/>\n<meta property=\"og:url\" content=\"https:\/\/lolly.com.br\/kinddy\/produto\/alimentador-com-colher-dosadora\/\" \/>\n<meta property=\"og:site_name\" content=\"Lolly Kinddy\" \/>\n<meta property=\"article:modified_time\" content=\"2023-07-21T14:11:28+00:00\" \/>\n<meta property=\"og:image\" content=\"https:\/\/lolly.com.br\/kinddy\/wp-content\/uploads\/2023\/07\/7362-01-M3_ALIMENTADOR_COLHER_DOSADORAM_7896699035347-1200px.jpg\" \/>\n\t<meta property=\"og:image:width\" content=\"1200\" \/>\n\t<meta property=\"og:image:height\" content=\"1200\" \/>\n\t<meta property=\"og:image:type\" content=\"image\/jpeg\" \/>\n<meta name=\"twitter:card\" content=\"summary_large_image\" \/>\n<meta name=\"twitter:label1\" content=\"Est. tempo de leitura\" \/>\n\t<meta name=\"twitter:data1\" content=\"1 minuto\" \/>\n<script type=\"application\/ld+json\" class=\"yoast-schema-graph\">{\"@context\":\"https:\/\/schema.org\",\"@graph\":[{\"@type\":\"WebPage\",\"@id\":\"https:\/\/lolly.com.br\/kinddy\/produto\/alimentador-com-colher-dosadora\/\",\"url\":\"https:\/\/lolly.com.br\/kinddy\/produto\/alimentador-com-colher-dosadora\/\",\"name\":\"Alimentador com Colher Dosadora - Lolly Kinddy\",\"isPartOf\":{\"@id\":\"https:\/\/lolly.com.br\/kinddy\/#website\"},\"primaryImageOfPage\":{\"@id\":\"https:\/\/lolly.com.br\/kinddy\/produto\/alimentador-com-colher-dosadora\/#primaryimage\"},\"image\":{\"@id\":\"https:\/\/lolly.com.br\/kinddy\/produto\/alimentador-com-colher-dosadora\/#primaryimage\"},\"thumbnailUrl\":\"https:\/\/lolly.com.br\/kinddy\/wp-content\/uploads\/2023\/07\/7362-01-M3_ALIMENTADOR_COLHER_DOSADORAM_7896699035347-1200px.jpg\",\"datePublished\":\"2023-07-19T13:00:54+00:00\",\"dateModified\":\"2023-07-21T14:11:28+00:00\",\"description\":\"Introduza papinhas com facilidade e seguran\u00e7a com o Alimentador com Colher Dosadora. Dosagem precisa, sem desperd\u00edcio. Inclusivo e ideal para leite materno.\",\"breadcrumb\":{\"@id\":\"https:\/\/lolly.com.br\/kinddy\/produto\/alimentador-com-colher-dosadora\/#breadcrumb\"},\"inLanguage\":\"pt-BR\",\"potentialAction\":[{\"@type\":\"ReadAction\",\"target\":[\"https:\/\/lolly.com.br\/kinddy\/produto\/alimentador-com-colher-dosadora\/\"]}]},{\"@type\":\"ImageObject\",\"inLanguage\":\"pt-BR\",\"@id\":\"https:\/\/lolly.com.br\/kinddy\/produto\/alimentador-com-colher-dosadora\/#primaryimage\",\"url\":\"https:\/\/lolly.com.br\/kinddy\/wp-content\/uploads\/2023\/07\/7362-01-M3_ALIMENTADOR_COLHER_DOSADORAM_7896699035347-1200px.jpg\",\"contentUrl\":\"https:\/\/lolly.com.br\/kinddy\/wp-content\/uploads\/2023\/07\/7362-01-M3_ALIMENTADOR_COLHER_DOSADORAM_7896699035347-1200px.jpg\",\"width\":1200,\"height\":1200},{\"@type\":\"BreadcrumbList\",\"@id\":\"https:\/\/lolly.com.br\/kinddy\/produto\/alimentador-com-colher-dosadora\/#breadcrumb\",\"itemListElement\":[{\"@type\":\"ListItem\",\"position\":1,\"name\":\"In\u00edcio\",\"item\":\"https:\/\/lolly.com.br\/kinddy\/\"},{\"@type\":\"ListItem\",\"position\":2,\"name\":\"Produtos\",\"item\":\"https:\/\/lolly.com.br\/kinddy\/produtos\/\"},{\"@type\":\"ListItem\",\"position\":3,\"name\":\"Alimentador com Colher Dosadora\"}]},{\"@type\":\"WebSite\",\"@id\":\"https:\/\/lolly.com.br\/kinddy\/#website\",\"url\":\"https:\/\/lolly.com.br\/kinddy\/\",\"name\":\"Lolly Kinddy\",\"description\":\"\",\"potentialAction\":[{\"@type\":\"SearchAction\",\"target\":{\"@type\":\"EntryPoint\",\"urlTemplate\":\"https:\/\/lolly.com.br\/kinddy\/?s={search_term_string}\"},\"query-input\":{\"@type\":\"PropertyValueSpecification\",\"valueRequired\":true,\"valueName\":\"search_term_string\"}}],\"inLanguage\":\"pt-BR\"}]}<\/script>\n<!-- \/ Yoast SEO plugin. -->","yoast_head_json":{"title":"Alimentador com Colher Dosadora - Lolly Kinddy","description":"Introduza papinhas com facilidade e seguran\u00e7a com o Alimentador com Colher Dosadora. Dosagem precisa, sem desperd\u00edcio. Inclusivo e ideal para leite materno.","robots":{"index":"index","follow":"follow","max-snippet":"max-snippet:-1","max-image-preview":"max-image-preview:large","max-video-preview":"max-video-preview:-1"},"canonical":"https:\/\/lolly.com.br\/kinddy\/produto\/alimentador-com-colher-dosadora\/","og_locale":"pt_BR","og_type":"article","og_title":"Alimentador com Colher Dosadora - Lolly Kinddy","og_description":"Introduza papinhas com facilidade e seguran\u00e7a com o Alimentador com Colher Dosadora. Dosagem precisa, sem desperd\u00edcio. Inclusivo e ideal para leite materno.","og_url":"https:\/\/lolly.com.br\/kinddy\/produto\/alimentador-com-colher-dosadora\/","og_site_name":"Lolly Kinddy","article_modified_time":"2023-07-21T14:11:28+00:00","og_image":[{"width":1200,"height":1200,"url":"https:\/\/lolly.com.br\/kinddy\/wp-content\/uploads\/2023\/07\/7362-01-M3_ALIMENTADOR_COLHER_DOSADORAM_7896699035347-1200px.jpg","type":"image\/jpeg"}],"twitter_card":"summary_large_image","twitter_misc":{"Est. tempo de leitura":"1 minuto"},"schema":{"@context":"https:\/\/schema.org","@graph":[{"@type":"WebPage","@id":"https:\/\/lolly.com.br\/kinddy\/produto\/alimentador-com-colher-dosadora\/","url":"https:\/\/lolly.com.br\/kinddy\/produto\/alimentador-com-colher-dosadora\/","name":"Alimentador com Colher Dosadora - Lolly Kinddy","isPartOf":{"@id":"https:\/\/lolly.com.br\/kinddy\/#website"},"primaryImageOfPage":{"@id":"https:\/\/lolly.com.br\/kinddy\/produto\/alimentador-com-colher-dosadora\/#primaryimage"},"image":{"@id":"https:\/\/lolly.com.br\/kinddy\/produto\/alimentador-com-colher-dosadora\/#primaryimage"},"thumbnailUrl":"https:\/\/lolly.com.br\/kinddy\/wp-content\/uploads\/2023\/07\/7362-01-M3_ALIMENTADOR_COLHER_DOSADORAM_7896699035347-1200px.jpg","datePublished":"2023-07-19T13:00:54+00:00","dateModified":"2023-07-21T14:11:28+00:00","description":"Introduza papinhas com facilidade e seguran\u00e7a com o Alimentador com Colher Dosadora. Dosagem precisa, sem desperd\u00edcio. Inclusivo e ideal para leite materno.","breadcrumb":{"@id":"https:\/\/lolly.com.br\/kinddy\/produto\/alimentador-com-colher-dosadora\/#breadcrumb"},"inLanguage":"pt-BR","potentialAction":[{"@type":"ReadAction","target":["https:\/\/lolly.com.br\/kinddy\/produto\/alimentador-com-colher-dosadora\/"]}]},{"@type":"ImageObject","inLanguage":"pt-BR","@id":"https:\/\/lolly.com.br\/kinddy\/produto\/alimentador-com-colher-dosadora\/#primaryimage","url":"https:\/\/lolly.com.br\/kinddy\/wp-content\/uploads\/2023\/07\/7362-01-M3_ALIMENTADOR_COLHER_DOSADORAM_7896699035347-1200px.jpg","contentUrl":"https:\/\/lolly.com.br\/kinddy\/wp-content\/uploads\/2023\/07\/7362-01-M3_ALIMENTADOR_COLHER_DOSADORAM_7896699035347-1200px.jpg","width":1200,"height":1200},{"@type":"BreadcrumbList","@id":"https:\/\/lolly.com.br\/kinddy\/produto\/alimentador-com-colher-dosadora\/#breadcrumb","itemListElement":[{"@type":"ListItem","position":1,"name":"In\u00edcio","item":"https:\/\/lolly.com.br\/kinddy\/"},{"@type":"ListItem","position":2,"name":"Produtos","item":"https:\/\/lolly.com.br\/kinddy\/produtos\/"},{"@type":"ListItem","position":3,"name":"Alimentador com Colher Dosadora"}]},{"@type":"WebSite","@id":"https:\/\/lolly.com.br\/kinddy\/#website","url":"https:\/\/lolly.com.br\/kinddy\/","name":"Lolly Kinddy","description":"","potentialAction":[{"@type":"SearchAction","target":{"@type":"EntryPoint","urlTemplate":"https:\/\/lolly.com.br\/kinddy\/?s={search_term_string}"},"query-input":{"@type":"PropertyValueSpecification","valueRequired":true,"valueName":"search_term_string"}}],"inLanguage":"pt-BR"}]}},"_links":{"self":[{"href":"https:\/\/lolly.com.br\/kinddy\/wp-json\/wp\/v2\/product\/10217","targetHints":{"allow":["GET"]}}],"collection":[{"href":"https:\/\/lolly.com.br\/kinddy\/wp-json\/wp\/v2\/product"}],"about":[{"href":"https:\/\/lolly.com.br\/kinddy\/wp-json\/wp\/v2\/types\/product"}],"replies":[{"embeddable":true,"href":"https:\/\/lolly.com.br\/kinddy\/wp-json\/wp\/v2\/comments?post=10217"}],"version-history":[{"count":3,"href":"https:\/\/lolly.com.br\/kinddy\/wp-json\/wp\/v2\/product\/10217\/revisions"}],"predecessor-version":[{"id":10242,"href":"https:\/\/lolly.com.br\/kinddy\/wp-json\/wp\/v2\/product\/10217\/revisions\/10242"}],"wp:featuredmedia":[{"embeddable":true,"href":"https:\/\/lolly.com.br\/kinddy\/wp-json\/wp\/v2\/media\/10224"}],"wp:attachment":[{"href":"https:\/\/lolly.com.br\/kinddy\/wp-json\/wp\/v2\/media?parent=10217"}],"wp:term":[{"taxonomy":"product_cat","embeddable":true,"href":"https:\/\/lolly.com.br\/kinddy\/wp-json\/wp\/v2\/product_cat?post=10217"},{"taxonomy":"product_tag","embeddable":true,"href":"https:\/\/lolly.com.br\/kinddy\/wp-json\/wp\/v2\/product_tag?post=10217"}],"curies":[{"name":"wp","href":"https:\/\/api.w.org\/{rel}","templated":true}]}}