{"id":9049,"date":"2022-07-08T10:49:11","date_gmt":"2022-07-08T13:49:11","guid":{"rendered":"https:\/\/lolly.com.br\/kinddy\/?page_id=9049"},"modified":"2022-07-08T11:18:16","modified_gmt":"2022-07-08T14:18:16","slug":"lolly-kinddy","status":"publish","type":"page","link":"https:\/\/lolly.com.br\/kinddy\/lolly-kinddy\/","title":{"rendered":"Lolly Kinddy"},"content":{"rendered":"\t\t<div data-elementor-type=\"wp-page\" data-elementor-id=\"9049\" class=\"elementor elementor-9049\" data-elementor-settings=\"[]\">\n\t\t\t\t\t\t\t<div class=\"elementor-section-wrap\">\n\t\t\t\t\t\t\t<section class=\"elementor-section elementor-top-section elementor-element elementor-element-346b69e elementor-section-height-min-height elementor-section-content-middle elementor-section-boxed elementor-section-height-default elementor-section-items-middle\" data-id=\"346b69e\" data-element_type=\"section\" data-settings=\"{&quot;background_background&quot;:&quot;classic&quot;}\">\n\t\t\t\t\t\t<div class=\"elementor-container elementor-column-gap-no\">\n\t\t\t\t\t<div class=\"elementor-column elementor-col-50 elementor-top-column elementor-element elementor-element-1069302\" data-id=\"1069302\" data-element_type=\"column\">\n\t\t\t<div class=\"elementor-widget-wrap elementor-element-populated\">\n\t\t\t\t\t\t\t\t<div class=\"elementor-element elementor-element-3617102 split-breadcrumbs-y elementor-widget elementor-widget-the7-breadcrumb\" data-id=\"3617102\" data-element_type=\"widget\" data-widget_type=\"the7-breadcrumb.default\">\n\t\t\t\t<div class=\"elementor-widget-container\">\n\t\t\t<div class=\"assistive-text\">Voc\u00ea est\u00e1 aqui:<\/div><ol class=\"breadcrumbs text-small rcrumbs\" itemscope itemtype=\"https:\/\/schema.org\/BreadcrumbList\"><li itemprop=\"itemListElement\" itemscope itemtype=\"https:\/\/schema.org\/ListItem\"><a itemprop=\"item\" href=\"https:\/\/lolly.com.br\/kinddy\/\" title=\"\"><span itemprop=\"name\">In\u00edcio<\/span><\/a><meta itemprop=\"position\" content=\"1\" \/><\/li><li class=\"current\" itemprop=\"itemListElement\" itemscope itemtype=\"https:\/\/schema.org\/ListItem\"><span itemprop=\"name\">P\u00e1gina<\/span><meta itemprop=\"position\" content=\"2\" \/><\/li><\/ol>\t\t<\/div>\n\t\t\t\t<\/div>\n\t\t\t\t\t<\/div>\n\t\t<\/div>\n\t\t\t\t<div class=\"elementor-column elementor-col-50 elementor-top-column elementor-element elementor-element-0b23e65\" data-id=\"0b23e65\" data-element_type=\"column\">\n\t\t\t<div class=\"elementor-widget-wrap elementor-element-populated\">\n\t\t\t\t\t\t\t\t\t<\/div>\n\t\t<\/div>\n\t\t\t\t\t\t\t<\/div>\n\t\t<\/section>\n\t\t\t\t<section class=\"elementor-section elementor-top-section elementor-element elementor-element-6b36410 elementor-section-boxed elementor-section-height-default elementor-section-height-default\" data-id=\"6b36410\" data-element_type=\"section\" data-settings=\"{&quot;background_background&quot;:&quot;classic&quot;}\">\n\t\t\t\t\t\t\t<div class=\"elementor-background-overlay\"><\/div>\n\t\t\t\t\t\t\t<div class=\"elementor-container elementor-column-gap-wider\">\n\t\t\t\t\t<div class=\"elementor-column elementor-col-50 elementor-top-column elementor-element elementor-element-665c0d9\" data-id=\"665c0d9\" data-element_type=\"column\">\n\t\t\t<div class=\"elementor-widget-wrap elementor-element-populated\">\n\t\t\t\t\t\t\t\t<div class=\"elementor-element elementor-element-cb53029 elementor-widget elementor-widget-image\" data-id=\"cb53029\" data-element_type=\"widget\" data-widget_type=\"image.default\">\n\t\t\t\t<div class=\"elementor-widget-container\">\n\t\t\t\t\t\t\t\t\t\t\t\t\t\t\t<img loading=\"lazy\" decoding=\"async\" width=\"1024\" height=\"1024\" src=\"https:\/\/lolly.com.br\/kinddy\/wp-content\/uploads\/2022\/07\/1250x1250-slide11-1024x1024.jpg\" class=\"attachment-large size-large\" alt=\"\" srcset=\"https:\/\/lolly.com.br\/kinddy\/wp-content\/uploads\/2022\/07\/1250x1250-slide11-1024x1024.jpg 1024w, https:\/\/lolly.com.br\/kinddy\/wp-content\/uploads\/2022\/07\/1250x1250-slide11-300x300.jpg 300w, https:\/\/lolly.com.br\/kinddy\/wp-content\/uploads\/2022\/07\/1250x1250-slide11-150x150.jpg 150w, https:\/\/lolly.com.br\/kinddy\/wp-content\/uploads\/2022\/07\/1250x1250-slide11-768x768.jpg 768w, https:\/\/lolly.com.br\/kinddy\/wp-content\/uploads\/2022\/07\/1250x1250-slide11-875x875.jpg 875w, https:\/\/lolly.com.br\/kinddy\/wp-content\/uploads\/2022\/07\/1250x1250-slide11-200x200.jpg 200w, https:\/\/lolly.com.br\/kinddy\/wp-content\/uploads\/2022\/07\/1250x1250-slide11.jpg 1250w\" sizes=\"auto, (max-width: 1024px) 100vw, 1024px\" \/>\t\t\t\t\t\t\t\t\t\t\t\t\t\t\t<\/div>\n\t\t\t\t<\/div>\n\t\t\t\t\t<\/div>\n\t\t<\/div>\n\t\t\t\t<div class=\"elementor-column elementor-col-50 elementor-top-column elementor-element elementor-element-164c096\" data-id=\"164c096\" data-element_type=\"column\">\n\t\t\t<div class=\"elementor-widget-wrap elementor-element-populated\">\n\t\t\t\t\t\t\t\t<div class=\"elementor-element elementor-element-d67b86b elementor-widget elementor-widget-image\" data-id=\"d67b86b\" data-element_type=\"widget\" data-widget_type=\"image.default\">\n\t\t\t\t<div class=\"elementor-widget-container\">\n\t\t\t\t\t\t\t\t\t\t\t\t\t\t\t<img loading=\"lazy\" decoding=\"async\" width=\"241\" height=\"145\" src=\"https:\/\/lolly.com.br\/kinddy\/wp-content\/uploads\/2021\/12\/logo_kinddy.png\" class=\"attachment-large size-large\" alt=\"\" \/>\t\t\t\t\t\t\t\t\t\t\t\t\t\t\t<\/div>\n\t\t\t\t<\/div>\n\t\t\t\t<div class=\"elementor-element elementor-element-ffd7386 elementor-widget elementor-widget-text-editor\" data-id=\"ffd7386\" data-element_type=\"widget\" data-widget_type=\"text-editor.default\">\n\t\t\t\t<div class=\"elementor-widget-container\">\n\t\t\t\t\t\t\t<p>Alinhar o <strong>estilo de vida<\/strong> com sa\u00fade e <strong>bem-estar<\/strong>. Essa \u00e9 a Lolly Kinddy.<\/p><p>A Lolly Kinddy \u00e9 a marca das pessoas que cuidam do mundo, querem um futuro melhor para suas crian\u00e7as, e priorizam a <strong>equidade<\/strong> e a sustentabilidade.<\/p><p>A marca reflete isso, com um visual claro e direto, formas amig\u00e1veis e distintas, as cores s\u00e3o neutras e inclusivas e transmite tranquilidade e confian\u00e7a, presente em nossos produtos.<\/p><p>A Lolly Kinddy \u00e9 uma marca queridinha de mam\u00e3es que querem muita informa\u00e7\u00e3o e ter mais qualidade de vida com seus filhos e sua fam\u00edlia!!!<\/p><p>Lolly Kinddy \u00e9 <strong>Viver Bem<\/strong>!<\/p>\t\t\t\t\t\t<\/div>\n\t\t\t\t<\/div>\n\t\t\t\t\t<\/div>\n\t\t<\/div>\n\t\t\t\t\t\t\t<\/div>\n\t\t<\/section>\n\t\t\t\t\t\t<\/div>\n\t\t\t\t\t<\/div>\n\t\t","protected":false},"excerpt":{"rendered":"<p>Voc\u00ea est\u00e1 aqui: In\u00edcio P\u00e1gina Alinhar o estilo de vida com sa\u00fade e bem-estar. Essa \u00e9 a Lolly Kinddy. A Lolly Kinddy \u00e9 a marca das pessoas que cuidam do mundo, querem um futuro melhor para suas crian\u00e7as, e priorizam a equidade e a sustentabilidade. A marca reflete isso, com um visual claro e direto,&hellip;<\/p>\n","protected":false},"author":1,"featured_media":0,"parent":0,"menu_order":0,"comment_status":"closed","ping_status":"closed","template":"elementor_header_footer","meta":{"footnotes":""},"class_list":["post-9049","page","type-page","status-publish","hentry"],"yoast_head":"<!-- This site is optimized with the Yoast SEO plugin v23.7 - https:\/\/yoast.com\/wordpress\/plugins\/seo\/ -->\n<title>Lolly Kinddy - Lolly Kinddy<\/title>\n<meta name=\"robots\" content=\"index, follow, max-snippet:-1, max-image-preview:large, max-video-preview:-1\" \/>\n<link rel=\"canonical\" href=\"https:\/\/lolly.com.br\/kinddy\/lolly-kinddy\/\" \/>\n<meta property=\"og:locale\" content=\"pt_BR\" \/>\n<meta property=\"og:type\" content=\"article\" \/>\n<meta property=\"og:title\" content=\"Lolly Kinddy - Lolly Kinddy\" \/>\n<meta property=\"og:description\" content=\"Voc\u00ea est\u00e1 aqui: In\u00edcio P\u00e1gina Alinhar o estilo de vida com sa\u00fade e bem-estar. Essa \u00e9 a Lolly Kinddy. A Lolly Kinddy \u00e9 a marca das pessoas que cuidam do mundo, querem um futuro melhor para suas crian\u00e7as, e priorizam a equidade e a sustentabilidade. A marca reflete isso, com um visual claro e direto,&hellip;\" \/>\n<meta property=\"og:url\" content=\"https:\/\/lolly.com.br\/kinddy\/lolly-kinddy\/\" \/>\n<meta property=\"og:site_name\" content=\"Lolly Kinddy\" \/>\n<meta property=\"article:modified_time\" content=\"2022-07-08T14:18:16+00:00\" \/>\n<meta property=\"og:image\" content=\"https:\/\/lolly.com.br\/kinddy\/wp-content\/uploads\/2022\/07\/1250x1250-slide11-1024x1024.jpg\" \/>\n<meta name=\"twitter:card\" content=\"summary_large_image\" \/>\n<meta name=\"twitter:label1\" content=\"Est. tempo de leitura\" \/>\n\t<meta name=\"twitter:data1\" content=\"1 minuto\" \/>\n<script type=\"application\/ld+json\" class=\"yoast-schema-graph\">{\"@context\":\"https:\/\/schema.org\",\"@graph\":[{\"@type\":\"WebPage\",\"@id\":\"https:\/\/lolly.com.br\/kinddy\/lolly-kinddy\/\",\"url\":\"https:\/\/lolly.com.br\/kinddy\/lolly-kinddy\/\",\"name\":\"Lolly Kinddy - Lolly Kinddy\",\"isPartOf\":{\"@id\":\"https:\/\/lolly.com.br\/kinddy\/#website\"},\"primaryImageOfPage\":{\"@id\":\"https:\/\/lolly.com.br\/kinddy\/lolly-kinddy\/#primaryimage\"},\"image\":{\"@id\":\"https:\/\/lolly.com.br\/kinddy\/lolly-kinddy\/#primaryimage\"},\"thumbnailUrl\":\"https:\/\/lolly.com.br\/kinddy\/wp-content\/uploads\/2022\/07\/1250x1250-slide11-1024x1024.jpg\",\"datePublished\":\"2022-07-08T13:49:11+00:00\",\"dateModified\":\"2022-07-08T14:18:16+00:00\",\"breadcrumb\":{\"@id\":\"https:\/\/lolly.com.br\/kinddy\/lolly-kinddy\/#breadcrumb\"},\"inLanguage\":\"pt-BR\",\"potentialAction\":[{\"@type\":\"ReadAction\",\"target\":[\"https:\/\/lolly.com.br\/kinddy\/lolly-kinddy\/\"]}]},{\"@type\":\"ImageObject\",\"inLanguage\":\"pt-BR\",\"@id\":\"https:\/\/lolly.com.br\/kinddy\/lolly-kinddy\/#primaryimage\",\"url\":\"https:\/\/lolly.com.br\/kinddy\/wp-content\/uploads\/2022\/07\/1250x1250-slide11.jpg\",\"contentUrl\":\"https:\/\/lolly.com.br\/kinddy\/wp-content\/uploads\/2022\/07\/1250x1250-slide11.jpg\",\"width\":1250,\"height\":1250},{\"@type\":\"BreadcrumbList\",\"@id\":\"https:\/\/lolly.com.br\/kinddy\/lolly-kinddy\/#breadcrumb\",\"itemListElement\":[{\"@type\":\"ListItem\",\"position\":1,\"name\":\"In\u00edcio\",\"item\":\"https:\/\/lolly.com.br\/kinddy\/\"},{\"@type\":\"ListItem\",\"position\":2,\"name\":\"Lolly Kinddy\"}]},{\"@type\":\"WebSite\",\"@id\":\"https:\/\/lolly.com.br\/kinddy\/#website\",\"url\":\"https:\/\/lolly.com.br\/kinddy\/\",\"name\":\"Lolly Kinddy\",\"description\":\"\",\"potentialAction\":[{\"@type\":\"SearchAction\",\"target\":{\"@type\":\"EntryPoint\",\"urlTemplate\":\"https:\/\/lolly.com.br\/kinddy\/?s={search_term_string}\"},\"query-input\":{\"@type\":\"PropertyValueSpecification\",\"valueRequired\":true,\"valueName\":\"search_term_string\"}}],\"inLanguage\":\"pt-BR\"}]}<\/script>\n<!-- \/ Yoast SEO plugin. -->","yoast_head_json":{"title":"Lolly Kinddy - Lolly Kinddy","robots":{"index":"index","follow":"follow","max-snippet":"max-snippet:-1","max-image-preview":"max-image-preview:large","max-video-preview":"max-video-preview:-1"},"canonical":"https:\/\/lolly.com.br\/kinddy\/lolly-kinddy\/","og_locale":"pt_BR","og_type":"article","og_title":"Lolly Kinddy - Lolly Kinddy","og_description":"Voc\u00ea est\u00e1 aqui: In\u00edcio P\u00e1gina Alinhar o estilo de vida com sa\u00fade e bem-estar. Essa \u00e9 a Lolly Kinddy. A Lolly Kinddy \u00e9 a marca das pessoas que cuidam do mundo, querem um futuro melhor para suas crian\u00e7as, e priorizam a equidade e a sustentabilidade. A marca reflete isso, com um visual claro e direto,&hellip;","og_url":"https:\/\/lolly.com.br\/kinddy\/lolly-kinddy\/","og_site_name":"Lolly Kinddy","article_modified_time":"2022-07-08T14:18:16+00:00","og_image":[{"url":"https:\/\/lolly.com.br\/kinddy\/wp-content\/uploads\/2022\/07\/1250x1250-slide11-1024x1024.jpg"}],"twitter_card":"summary_large_image","twitter_misc":{"Est. tempo de leitura":"1 minuto"},"schema":{"@context":"https:\/\/schema.org","@graph":[{"@type":"WebPage","@id":"https:\/\/lolly.com.br\/kinddy\/lolly-kinddy\/","url":"https:\/\/lolly.com.br\/kinddy\/lolly-kinddy\/","name":"Lolly Kinddy - Lolly Kinddy","isPartOf":{"@id":"https:\/\/lolly.com.br\/kinddy\/#website"},"primaryImageOfPage":{"@id":"https:\/\/lolly.com.br\/kinddy\/lolly-kinddy\/#primaryimage"},"image":{"@id":"https:\/\/lolly.com.br\/kinddy\/lolly-kinddy\/#primaryimage"},"thumbnailUrl":"https:\/\/lolly.com.br\/kinddy\/wp-content\/uploads\/2022\/07\/1250x1250-slide11-1024x1024.jpg","datePublished":"2022-07-08T13:49:11+00:00","dateModified":"2022-07-08T14:18:16+00:00","breadcrumb":{"@id":"https:\/\/lolly.com.br\/kinddy\/lolly-kinddy\/#breadcrumb"},"inLanguage":"pt-BR","potentialAction":[{"@type":"ReadAction","target":["https:\/\/lolly.com.br\/kinddy\/lolly-kinddy\/"]}]},{"@type":"ImageObject","inLanguage":"pt-BR","@id":"https:\/\/lolly.com.br\/kinddy\/lolly-kinddy\/#primaryimage","url":"https:\/\/lolly.com.br\/kinddy\/wp-content\/uploads\/2022\/07\/1250x1250-slide11.jpg","contentUrl":"https:\/\/lolly.com.br\/kinddy\/wp-content\/uploads\/2022\/07\/1250x1250-slide11.jpg","width":1250,"height":1250},{"@type":"BreadcrumbList","@id":"https:\/\/lolly.com.br\/kinddy\/lolly-kinddy\/#breadcrumb","itemListElement":[{"@type":"ListItem","position":1,"name":"In\u00edcio","item":"https:\/\/lolly.com.br\/kinddy\/"},{"@type":"ListItem","position":2,"name":"Lolly Kinddy"}]},{"@type":"WebSite","@id":"https:\/\/lolly.com.br\/kinddy\/#website","url":"https:\/\/lolly.com.br\/kinddy\/","name":"Lolly Kinddy","description":"","potentialAction":[{"@type":"SearchAction","target":{"@type":"EntryPoint","urlTemplate":"https:\/\/lolly.com.br\/kinddy\/?s={search_term_string}"},"query-input":{"@type":"PropertyValueSpecification","valueRequired":true,"valueName":"search_term_string"}}],"inLanguage":"pt-BR"}]}},"_links":{"self":[{"href":"https:\/\/lolly.com.br\/kinddy\/wp-json\/wp\/v2\/pages\/9049","targetHints":{"allow":["GET"]}}],"collection":[{"href":"https:\/\/lolly.com.br\/kinddy\/wp-json\/wp\/v2\/pages"}],"about":[{"href":"https:\/\/lolly.com.br\/kinddy\/wp-json\/wp\/v2\/types\/page"}],"author":[{"embeddable":true,"href":"https:\/\/lolly.com.br\/kinddy\/wp-json\/wp\/v2\/users\/1"}],"replies":[{"embeddable":true,"href":"https:\/\/lolly.com.br\/kinddy\/wp-json\/wp\/v2\/comments?post=9049"}],"version-history":[{"count":16,"href":"https:\/\/lolly.com.br\/kinddy\/wp-json\/wp\/v2\/pages\/9049\/revisions"}],"predecessor-version":[{"id":9068,"href":"https:\/\/lolly.com.br\/kinddy\/wp-json\/wp\/v2\/pages\/9049\/revisions\/9068"}],"wp:attachment":[{"href":"https:\/\/lolly.com.br\/kinddy\/wp-json\/wp\/v2\/media?parent=9049"}],"curies":[{"name":"wp","href":"https:\/\/api.w.org\/{rel}","templated":true}]}}