{"id":306,"date":"2019-12-11T15:01:45","date_gmt":"2019-12-11T18:01:45","guid":{"rendered":"https:\/\/the7.io\/fashion-blog\/?page_id=306"},"modified":"2022-07-08T13:41:23","modified_gmt":"2022-07-08T16:41:23","slug":"jornada-do-bebe","status":"publish","type":"page","link":"https:\/\/lolly.com.br\/kinddy\/jornada-do-bebe\/","title":{"rendered":"Jornada do beb\u00ea"},"content":{"rendered":"\t\t<div data-elementor-type=\"wp-page\" data-elementor-id=\"306\" class=\"elementor elementor-306\" data-elementor-settings=\"[]\">\n\t\t\t\t\t\t\t<div class=\"elementor-section-wrap\">\n\t\t\t\t\t\t\t<section class=\"elementor-section elementor-top-section elementor-element elementor-element-346b69e elementor-section-height-min-height elementor-section-content-middle elementor-section-boxed elementor-section-height-default elementor-section-items-middle\" data-id=\"346b69e\" data-element_type=\"section\" data-settings=\"{&quot;background_background&quot;:&quot;classic&quot;}\">\n\t\t\t\t\t\t<div class=\"elementor-container elementor-column-gap-no\">\n\t\t\t\t\t<div class=\"elementor-column elementor-col-50 elementor-top-column elementor-element elementor-element-1069302\" data-id=\"1069302\" data-element_type=\"column\">\n\t\t\t<div class=\"elementor-widget-wrap elementor-element-populated\">\n\t\t\t\t\t\t\t\t<div class=\"elementor-element elementor-element-3617102 split-breadcrumbs-y elementor-widget elementor-widget-the7-breadcrumb\" data-id=\"3617102\" data-element_type=\"widget\" data-widget_type=\"the7-breadcrumb.default\">\n\t\t\t\t<div class=\"elementor-widget-container\">\n\t\t\t<div class=\"assistive-text\">Voc\u00ea est\u00e1 aqui:<\/div><ol class=\"breadcrumbs text-small rcrumbs\" itemscope itemtype=\"https:\/\/schema.org\/BreadcrumbList\"><li itemprop=\"itemListElement\" itemscope itemtype=\"https:\/\/schema.org\/ListItem\"><a itemprop=\"item\" href=\"https:\/\/lolly.com.br\/kinddy\/\" title=\"\"><span itemprop=\"name\">In\u00edcio<\/span><\/a><meta itemprop=\"position\" content=\"1\" \/><\/li><li class=\"current\" itemprop=\"itemListElement\" itemscope itemtype=\"https:\/\/schema.org\/ListItem\"><span itemprop=\"name\">P\u00e1gina<\/span><meta itemprop=\"position\" content=\"2\" \/><\/li><\/ol>\t\t<\/div>\n\t\t\t\t<\/div>\n\t\t\t\t\t<\/div>\n\t\t<\/div>\n\t\t\t\t<div class=\"elementor-column elementor-col-50 elementor-top-column elementor-element elementor-element-0b23e65\" data-id=\"0b23e65\" data-element_type=\"column\">\n\t\t\t<div class=\"elementor-widget-wrap elementor-element-populated\">\n\t\t\t\t\t\t\t\t\t<\/div>\n\t\t<\/div>\n\t\t\t\t\t\t\t<\/div>\n\t\t<\/section>\n\t\t\t\t<section class=\"elementor-section elementor-top-section elementor-element elementor-element-6b36410 elementor-section-boxed elementor-section-height-default elementor-section-height-default\" data-id=\"6b36410\" data-element_type=\"section\" data-settings=\"{&quot;background_background&quot;:&quot;classic&quot;}\">\n\t\t\t\t\t\t\t<div class=\"elementor-background-overlay\"><\/div>\n\t\t\t\t\t\t\t<div class=\"elementor-container elementor-column-gap-wider\">\n\t\t\t\t\t<div class=\"elementor-column elementor-col-100 elementor-top-column elementor-element elementor-element-665c0d9\" data-id=\"665c0d9\" data-element_type=\"column\">\n\t\t\t<div class=\"elementor-widget-wrap elementor-element-populated\">\n\t\t\t\t\t\t\t\t<div class=\"elementor-element elementor-element-d68c5df elementor-headline--style-highlight elementor-widget elementor-widget-animated-headline\" data-id=\"d68c5df\" data-element_type=\"widget\" data-settings=\"{&quot;marker&quot;:&quot;underline_zigzag&quot;,&quot;highlighted_text&quot;:&quot;beb\\u00ea&quot;,&quot;headline_style&quot;:&quot;highlight&quot;,&quot;loop&quot;:&quot;yes&quot;,&quot;highlight_animation_duration&quot;:1200,&quot;highlight_iteration_delay&quot;:8000}\" data-widget_type=\"animated-headline.default\">\n\t\t\t\t<div class=\"elementor-widget-container\">\n\t\t\t\t\t<h3 class=\"elementor-headline\">\n\t\t\t\t\t<span class=\"elementor-headline-plain-text elementor-headline-text-wrapper\">Jornada do<\/span>\n\t\t\t\t<span class=\"elementor-headline-dynamic-wrapper elementor-headline-text-wrapper\">\n\t\t\t\t\t<span class=\"elementor-headline-dynamic-text elementor-headline-text-active\">beb\u00ea<\/span>\n\t\t\t\t<\/span>\n\t\t\t\t<\/h3>\n\t\t\t\t<\/div>\n\t\t\t\t<\/div>\n\t\t\t\t<div class=\"elementor-element elementor-element-1b988df elementor-widget elementor-widget-text-editor\" data-id=\"1b988df\" data-element_type=\"widget\" data-widget_type=\"text-editor.default\">\n\t\t\t\t<div class=\"elementor-widget-container\">\n\t\t\t\t\t\t\t<p>A jornada do beb\u00ea come\u00e7a no positivo. Desde ent\u00e3o, ela ir\u00e1 se prolongar para o resto da vida, mas nos primeiros anos ela precisar\u00e1 de alguns cuidados para obter um desenvolvimento saud\u00e1vel.<\/p><p>Confira abaixo os produtos da Lolly que s\u00e3o fundamentais para que essa jornada seja incr\u00edvel!!!<\/p>\t\t\t\t\t\t<\/div>\n\t\t\t\t<\/div>\n\t\t\t\t<section class=\"elementor-section elementor-inner-section elementor-element elementor-element-152c270 elementor-section-content-top elementor-section-boxed elementor-section-height-default elementor-section-height-default\" data-id=\"152c270\" data-element_type=\"section\" data-settings=\"{&quot;background_background&quot;:&quot;classic&quot;}\">\n\t\t\t\t\t\t<div class=\"elementor-container elementor-column-gap-default\">\n\t\t\t\t\t<div class=\"elementor-column elementor-col-25 elementor-inner-column elementor-element elementor-element-03b2c16\" data-id=\"03b2c16\" data-element_type=\"column\">\n\t\t\t<div class=\"elementor-widget-wrap elementor-element-populated\">\n\t\t\t\t\t\t\t\t<div class=\"elementor-element elementor-element-d5aff8d elementor-widget elementor-widget-image\" data-id=\"d5aff8d\" data-element_type=\"widget\" data-widget_type=\"image.default\">\n\t\t\t\t<div class=\"elementor-widget-container\">\n\t\t\t\t\t\t\t\t\t\t\t\t\t\t\t<img loading=\"lazy\" decoding=\"async\" width=\"300\" height=\"300\" src=\"https:\/\/lolly.com.br\/kinddy\/wp-content\/uploads\/2022\/06\/0-a-03-min.png\" class=\"attachment-large size-large\" alt=\"\" srcset=\"https:\/\/lolly.com.br\/kinddy\/wp-content\/uploads\/2022\/06\/0-a-03-min.png 300w, https:\/\/lolly.com.br\/kinddy\/wp-content\/uploads\/2022\/06\/0-a-03-min-150x150.png 150w, https:\/\/lolly.com.br\/kinddy\/wp-content\/uploads\/2022\/06\/0-a-03-min-200x200.png 200w\" sizes=\"auto, (max-width: 300px) 100vw, 300px\" \/>\t\t\t\t\t\t\t\t\t\t\t\t\t\t\t<\/div>\n\t\t\t\t<\/div>\n\t\t\t\t<div class=\"elementor-element elementor-element-a1c93c4 content-align-center icon-position-top icon-vertical-align-center icon-box-vertical-align-top elementor-widget elementor-widget-the7_icon_box_widget\" data-id=\"a1c93c4\" data-element_type=\"widget\" data-widget_type=\"the7_icon_box_widget.default\">\n\t\t\t\t<div class=\"elementor-widget-container\">\n\t\t\t\n\t\t<div class=\"the7-box-wrapper the7-elementor-widget the7_icon_box_widget-a1c93c4\">\t\t\t<div class=\"box-content-wrapper\">\n\t\t\t\t\t\t\t\t<div class=\"box-content\">\n\t\t\t\t\t\t\t\t\t\t\t\t\t\t\t\t\t<h4 class=\"box-heading\">\n\t\t\t\t\t\t\t<a href=\"https:\/\/lolly.com.br\/kinddy\/idade\/0-meses\/\">\t\t\t\t\t\t\t\t0 a 3 meses\t\t\t\t\t\t\t<\/a>\t\t\t\t\t\t<\/h4>\n\t\t\t\t\t\t\t\t\t\t\t\t\t\t\t\t<div class=\"box-description\">Neste per\u00edodo, o beb\u00ea precisa de exclusividade da mam\u00e3e. Amor, carinho, aten\u00e7\u00e3o suprem as necessidades b\u00e1sicas. Se a mam\u00e3e est\u00e1 bem, o beb\u00ea tamb\u00e9m est\u00e1. Por isso, a Lolly recomenda a Concha de Amamenta\u00e7\u00e3o P\u00f3s-parto, que auxilia na prepara\u00e7\u00e3o e forma\u00e7\u00e3o do bico dos seios, e protege contra vazamentos e rachaduras. <\/div>\n\t\t\t\t\t\n\t\t\t\t\t<a href=\"https:\/\/lolly.com.br\/kinddy\/idade\/0-meses\/\" class=\"box-button elementor-button elementor-size-xs\">Produtos<\/a>\n\t\t\t\t<\/div>\n\t\t\t<\/div>\n\t\t<\/div>\t\t\t<\/div>\n\t\t\t\t<\/div>\n\t\t\t\t\t<\/div>\n\t\t<\/div>\n\t\t\t\t<div class=\"elementor-column elementor-col-25 elementor-inner-column elementor-element elementor-element-073f0a0\" data-id=\"073f0a0\" data-element_type=\"column\">\n\t\t\t<div class=\"elementor-widget-wrap elementor-element-populated\">\n\t\t\t\t\t\t\t\t<div class=\"elementor-element elementor-element-68405ff elementor-widget elementor-widget-image\" data-id=\"68405ff\" data-element_type=\"widget\" data-widget_type=\"image.default\">\n\t\t\t\t<div class=\"elementor-widget-container\">\n\t\t\t\t\t\t\t\t\t\t\t\t\t\t\t<img loading=\"lazy\" decoding=\"async\" width=\"300\" height=\"300\" src=\"https:\/\/lolly.com.br\/kinddy\/wp-content\/uploads\/2022\/06\/03-a-06-min.png\" class=\"attachment-large size-large\" alt=\"\" srcset=\"https:\/\/lolly.com.br\/kinddy\/wp-content\/uploads\/2022\/06\/03-a-06-min.png 300w, https:\/\/lolly.com.br\/kinddy\/wp-content\/uploads\/2022\/06\/03-a-06-min-150x150.png 150w, https:\/\/lolly.com.br\/kinddy\/wp-content\/uploads\/2022\/06\/03-a-06-min-200x200.png 200w\" sizes=\"auto, (max-width: 300px) 100vw, 300px\" \/>\t\t\t\t\t\t\t\t\t\t\t\t\t\t\t<\/div>\n\t\t\t\t<\/div>\n\t\t\t\t<div class=\"elementor-element elementor-element-980e2d7 content-align-center icon-position-top icon-vertical-align-center icon-box-vertical-align-top elementor-widget elementor-widget-the7_icon_box_widget\" data-id=\"980e2d7\" data-element_type=\"widget\" data-widget_type=\"the7_icon_box_widget.default\">\n\t\t\t\t<div class=\"elementor-widget-container\">\n\t\t\t\n\t\t<div class=\"the7-box-wrapper the7-elementor-widget the7_icon_box_widget-980e2d7\">\t\t\t<div class=\"box-content-wrapper\">\n\t\t\t\t\t\t\t\t<div class=\"box-content\">\n\t\t\t\t\t\t\t\t\t\t\t\t\t\t\t\t\t<h4 class=\"box-heading\">\n\t\t\t\t\t\t\t<a href=\"https:\/\/lolly.com.br\/kinddy\/idade\/4-meses\/\">\t\t\t\t\t\t\t\t3 a 6 meses\t\t\t\t\t\t\t<\/a>\t\t\t\t\t\t<\/h4>\n\t\t\t\t\t\t\t\t\t\t\t\t\t\t\t\t<div class=\"box-description\">Esta \u00e9 uma fase onde os beb\u00eas come\u00e7am a compreender o todo. Ainda assim, h\u00e1 muitas outras demandas que eles n\u00e3o conseguem fazer sozinhos, como eliminar as secre\u00e7\u00f5es do narizinho congestionado. A melhor pedida para se ter em casa \u00e9 o aspirador nasal por suc\u00e7\u00e3o RespireBem, fundamental na hora de higienizar e descongestionar o nariz do beb\u00ea.<\/div>\n\t\t\t\t\t\n\t\t\t\t\t<a href=\"https:\/\/lolly.com.br\/kinddy\/idade\/4-meses\/\" class=\"box-button elementor-button elementor-size-xs\">Produtos<\/a>\n\t\t\t\t<\/div>\n\t\t\t<\/div>\n\t\t<\/div>\t\t\t<\/div>\n\t\t\t\t<\/div>\n\t\t\t\t\t<\/div>\n\t\t<\/div>\n\t\t\t\t<div class=\"elementor-column elementor-col-25 elementor-inner-column elementor-element elementor-element-87f2056\" data-id=\"87f2056\" data-element_type=\"column\">\n\t\t\t<div class=\"elementor-widget-wrap elementor-element-populated\">\n\t\t\t\t\t\t\t\t<div class=\"elementor-element elementor-element-55db15a elementor-widget elementor-widget-image\" data-id=\"55db15a\" data-element_type=\"widget\" data-widget_type=\"image.default\">\n\t\t\t\t<div class=\"elementor-widget-container\">\n\t\t\t\t\t\t\t\t\t\t\t\t\t\t\t<img loading=\"lazy\" decoding=\"async\" width=\"300\" height=\"300\" src=\"https:\/\/lolly.com.br\/kinddy\/wp-content\/uploads\/2022\/06\/06-a-12-meses-min.png\" class=\"attachment-large size-large\" alt=\"\" srcset=\"https:\/\/lolly.com.br\/kinddy\/wp-content\/uploads\/2022\/06\/06-a-12-meses-min.png 300w, https:\/\/lolly.com.br\/kinddy\/wp-content\/uploads\/2022\/06\/06-a-12-meses-min-150x150.png 150w, https:\/\/lolly.com.br\/kinddy\/wp-content\/uploads\/2022\/06\/06-a-12-meses-min-200x200.png 200w\" sizes=\"auto, (max-width: 300px) 100vw, 300px\" \/>\t\t\t\t\t\t\t\t\t\t\t\t\t\t\t<\/div>\n\t\t\t\t<\/div>\n\t\t\t\t<div class=\"elementor-element elementor-element-a769c5c content-align-center icon-position-top icon-vertical-align-center icon-box-vertical-align-top elementor-widget elementor-widget-the7_icon_box_widget\" data-id=\"a769c5c\" data-element_type=\"widget\" data-widget_type=\"the7_icon_box_widget.default\">\n\t\t\t\t<div class=\"elementor-widget-container\">\n\t\t\t\n\t\t<div class=\"the7-box-wrapper the7-elementor-widget the7_icon_box_widget-a769c5c\">\t\t\t<div class=\"box-content-wrapper\">\n\t\t\t\t\t\t\t\t<div class=\"box-content\">\n\t\t\t\t\t\t\t\t\t\t\t\t\t\t\t\t\t<h4 class=\"box-heading\">\n\t\t\t\t\t\t\t<a href=\"https:\/\/lolly.com.br\/kinddy\/idade\/6-meses\/\">\t\t\t\t\t\t\t\t6 a 12 meses\t\t\t\t\t\t\t<\/a>\t\t\t\t\t\t<\/h4>\n\t\t\t\t\t\t\t\t\t\t\t\t\t\t\t\t<div class=\"box-description\"><p><span style=\"font-weight: 400;\">Ap\u00f3s os seis meses, a Sociedade Brasileira de Pediatria - SBP, recomenda a introdu\u00e7\u00e3o alimentar \u00e0 crian\u00e7a, ou seja, ela come\u00e7a a ter contato com outros tipos de alimentos que n\u00e3o seja o leite materno. Para isso, a Lolly recomenda o Kit Alimenta\u00e7\u00e3o Tip Lolly, que oferece uma seguran\u00e7a no aprendizado do beb\u00ea ao fazer uma refei\u00e7\u00e3o completa. Ele possui uma base antiderrapante que evita pequenos acidentes e acompanha um copo com al\u00e7a, o que auxilia na coordena\u00e7\u00e3o motora e independ\u00eancia do pequeno.<\/span><\/p><\/div>\n\t\t\t\t\t\n\t\t\t\t\t<a href=\"https:\/\/lolly.com.br\/kinddy\/idade\/6-meses\/\" class=\"box-button elementor-button elementor-size-xs\">Produtos<\/a>\n\t\t\t\t<\/div>\n\t\t\t<\/div>\n\t\t<\/div>\t\t\t<\/div>\n\t\t\t\t<\/div>\n\t\t\t\t\t<\/div>\n\t\t<\/div>\n\t\t\t\t<div class=\"elementor-column elementor-col-25 elementor-inner-column elementor-element elementor-element-6e83576\" data-id=\"6e83576\" data-element_type=\"column\">\n\t\t\t<div class=\"elementor-widget-wrap elementor-element-populated\">\n\t\t\t\t\t\t\t\t<div class=\"elementor-element elementor-element-2f464f9 elementor-widget elementor-widget-image\" data-id=\"2f464f9\" data-element_type=\"widget\" data-widget_type=\"image.default\">\n\t\t\t\t<div class=\"elementor-widget-container\">\n\t\t\t\t\t\t\t\t\t\t\t\t\t\t\t<img loading=\"lazy\" decoding=\"async\" width=\"300\" height=\"300\" src=\"https:\/\/lolly.com.br\/kinddy\/wp-content\/uploads\/2022\/06\/12meses-min.png\" class=\"attachment-large size-large\" alt=\"\" srcset=\"https:\/\/lolly.com.br\/kinddy\/wp-content\/uploads\/2022\/06\/12meses-min.png 300w, https:\/\/lolly.com.br\/kinddy\/wp-content\/uploads\/2022\/06\/12meses-min-150x150.png 150w, https:\/\/lolly.com.br\/kinddy\/wp-content\/uploads\/2022\/06\/12meses-min-200x200.png 200w\" sizes=\"auto, (max-width: 300px) 100vw, 300px\" \/>\t\t\t\t\t\t\t\t\t\t\t\t\t\t\t<\/div>\n\t\t\t\t<\/div>\n\t\t\t\t<div class=\"elementor-element elementor-element-0f37363 content-align-center icon-position-top icon-vertical-align-center icon-box-vertical-align-top elementor-widget elementor-widget-the7_icon_box_widget\" data-id=\"0f37363\" data-element_type=\"widget\" data-widget_type=\"the7_icon_box_widget.default\">\n\t\t\t\t<div class=\"elementor-widget-container\">\n\t\t\t\n\t\t<div class=\"the7-box-wrapper the7-elementor-widget the7_icon_box_widget-0f37363\">\t\t\t<div class=\"box-content-wrapper\">\n\t\t\t\t\t\t\t\t<div class=\"box-content\">\n\t\t\t\t\t\t\t\t\t\t\t\t\t\t\t\t\t<h4 class=\"box-heading\">\n\t\t\t\t\t\t\t<a href=\"https:\/\/lolly.com.br\/kinddy\/idade\/18-meses\/\">\t\t\t\t\t\t\t\t12 meses em diante\t\t\t\t\t\t\t<\/a>\t\t\t\t\t\t<\/h4>\n\t\t\t\t\t\t\t\t\t\t\t\t\t\t\t\t<div class=\"box-description\"><p>Tem crian\u00e7a esperta por a\u00ed? Acreditamos que sim. Essa \u00e9 uma fase \u00fanica e onde as descobertas v\u00e3o al\u00e9m do planejado. Beb\u00eas estimulados tendem a se desenvolverem com intensidade, o que \u00e9 muito bom para o processo cognitivo dele. A Lolly, que acredita no brincar tamb\u00e9m como desenvolvimento, recomenda o Monta Castelo, um produto incr\u00edvel que ir\u00e1 entreter os pequenos.<\/p><\/div>\n\t\t\t\t\t\n\t\t\t\t\t<a href=\"https:\/\/lolly.com.br\/kinddy\/idade\/18-meses\/\" class=\"box-button elementor-button elementor-size-xs\">Produtos<\/a>\n\t\t\t\t<\/div>\n\t\t\t<\/div>\n\t\t<\/div>\t\t\t<\/div>\n\t\t\t\t<\/div>\n\t\t\t\t\t<\/div>\n\t\t<\/div>\n\t\t\t\t\t\t\t<\/div>\n\t\t<\/section>\n\t\t\t\t\t<\/div>\n\t\t<\/div>\n\t\t\t\t\t\t\t<\/div>\n\t\t<\/section>\n\t\t\t\t\t\t<\/div>\n\t\t\t\t\t<\/div>\n\t\t","protected":false},"excerpt":{"rendered":"<p>Voc\u00ea est\u00e1 aqui: In\u00edcio P\u00e1gina Jornada do beb\u00ea A jornada do beb\u00ea come\u00e7a no positivo. Desde ent\u00e3o, ela ir\u00e1 se prolongar para o resto da vida, mas nos primeiros anos ela precisar\u00e1 de alguns cuidados para obter um desenvolvimento saud\u00e1vel. Confira abaixo os produtos da Lolly que s\u00e3o fundamentais para que essa jornada seja incr\u00edvel!!!&hellip;<\/p>\n","protected":false},"author":1,"featured_media":0,"parent":0,"menu_order":0,"comment_status":"closed","ping_status":"closed","template":"elementor_header_footer","meta":{"footnotes":""},"class_list":["post-306","page","type-page","status-publish","hentry"],"yoast_head":"<!-- This site is optimized with the Yoast SEO plugin v23.7 - https:\/\/yoast.com\/wordpress\/plugins\/seo\/ -->\n<title>Jornada do beb\u00ea - Lolly Kinddy<\/title>\n<meta name=\"robots\" content=\"index, follow, max-snippet:-1, max-image-preview:large, max-video-preview:-1\" \/>\n<link rel=\"canonical\" href=\"https:\/\/lolly.com.br\/kinddy\/jornada-do-bebe\/\" \/>\n<meta property=\"og:locale\" content=\"pt_BR\" \/>\n<meta property=\"og:type\" content=\"article\" \/>\n<meta property=\"og:title\" content=\"Jornada do beb\u00ea - Lolly Kinddy\" \/>\n<meta property=\"og:description\" content=\"Voc\u00ea est\u00e1 aqui: In\u00edcio P\u00e1gina Jornada do beb\u00ea A jornada do beb\u00ea come\u00e7a no positivo. Desde ent\u00e3o, ela ir\u00e1 se prolongar para o resto da vida, mas nos primeiros anos ela precisar\u00e1 de alguns cuidados para obter um desenvolvimento saud\u00e1vel. Confira abaixo os produtos da Lolly que s\u00e3o fundamentais para que essa jornada seja incr\u00edvel!!!&hellip;\" \/>\n<meta property=\"og:url\" content=\"https:\/\/lolly.com.br\/kinddy\/jornada-do-bebe\/\" \/>\n<meta property=\"og:site_name\" content=\"Lolly Kinddy\" \/>\n<meta property=\"article:modified_time\" content=\"2022-07-08T16:41:23+00:00\" \/>\n<meta property=\"og:image\" content=\"https:\/\/lolly.com.br\/kinddy\/wp-content\/uploads\/2022\/06\/0-a-03-min.png\" \/>\n\t<meta property=\"og:image:width\" content=\"300\" \/>\n\t<meta property=\"og:image:height\" content=\"300\" \/>\n\t<meta property=\"og:image:type\" content=\"image\/png\" \/>\n<meta name=\"twitter:card\" content=\"summary_large_image\" \/>\n<meta name=\"twitter:label1\" content=\"Est. tempo de leitura\" \/>\n\t<meta name=\"twitter:data1\" content=\"2 minutos\" \/>\n<script type=\"application\/ld+json\" class=\"yoast-schema-graph\">{\"@context\":\"https:\/\/schema.org\",\"@graph\":[{\"@type\":\"WebPage\",\"@id\":\"https:\/\/lolly.com.br\/kinddy\/jornada-do-bebe\/\",\"url\":\"https:\/\/lolly.com.br\/kinddy\/jornada-do-bebe\/\",\"name\":\"Jornada do beb\u00ea - Lolly Kinddy\",\"isPartOf\":{\"@id\":\"https:\/\/lolly.com.br\/kinddy\/#website\"},\"primaryImageOfPage\":{\"@id\":\"https:\/\/lolly.com.br\/kinddy\/jornada-do-bebe\/#primaryimage\"},\"image\":{\"@id\":\"https:\/\/lolly.com.br\/kinddy\/jornada-do-bebe\/#primaryimage\"},\"thumbnailUrl\":\"https:\/\/lolly.com.br\/kinddy\/wp-content\/uploads\/2022\/06\/0-a-03-min.png\",\"datePublished\":\"2019-12-11T18:01:45+00:00\",\"dateModified\":\"2022-07-08T16:41:23+00:00\",\"breadcrumb\":{\"@id\":\"https:\/\/lolly.com.br\/kinddy\/jornada-do-bebe\/#breadcrumb\"},\"inLanguage\":\"pt-BR\",\"potentialAction\":[{\"@type\":\"ReadAction\",\"target\":[\"https:\/\/lolly.com.br\/kinddy\/jornada-do-bebe\/\"]}]},{\"@type\":\"ImageObject\",\"inLanguage\":\"pt-BR\",\"@id\":\"https:\/\/lolly.com.br\/kinddy\/jornada-do-bebe\/#primaryimage\",\"url\":\"https:\/\/lolly.com.br\/kinddy\/wp-content\/uploads\/2022\/06\/0-a-03-min.png\",\"contentUrl\":\"https:\/\/lolly.com.br\/kinddy\/wp-content\/uploads\/2022\/06\/0-a-03-min.png\",\"width\":300,\"height\":300},{\"@type\":\"BreadcrumbList\",\"@id\":\"https:\/\/lolly.com.br\/kinddy\/jornada-do-bebe\/#breadcrumb\",\"itemListElement\":[{\"@type\":\"ListItem\",\"position\":1,\"name\":\"In\u00edcio\",\"item\":\"https:\/\/lolly.com.br\/kinddy\/\"},{\"@type\":\"ListItem\",\"position\":2,\"name\":\"Jornada do beb\u00ea\"}]},{\"@type\":\"WebSite\",\"@id\":\"https:\/\/lolly.com.br\/kinddy\/#website\",\"url\":\"https:\/\/lolly.com.br\/kinddy\/\",\"name\":\"Lolly Kinddy\",\"description\":\"\",\"potentialAction\":[{\"@type\":\"SearchAction\",\"target\":{\"@type\":\"EntryPoint\",\"urlTemplate\":\"https:\/\/lolly.com.br\/kinddy\/?s={search_term_string}\"},\"query-input\":{\"@type\":\"PropertyValueSpecification\",\"valueRequired\":true,\"valueName\":\"search_term_string\"}}],\"inLanguage\":\"pt-BR\"}]}<\/script>\n<!-- \/ Yoast SEO plugin. -->","yoast_head_json":{"title":"Jornada do beb\u00ea - Lolly Kinddy","robots":{"index":"index","follow":"follow","max-snippet":"max-snippet:-1","max-image-preview":"max-image-preview:large","max-video-preview":"max-video-preview:-1"},"canonical":"https:\/\/lolly.com.br\/kinddy\/jornada-do-bebe\/","og_locale":"pt_BR","og_type":"article","og_title":"Jornada do beb\u00ea - Lolly Kinddy","og_description":"Voc\u00ea est\u00e1 aqui: In\u00edcio P\u00e1gina Jornada do beb\u00ea A jornada do beb\u00ea come\u00e7a no positivo. Desde ent\u00e3o, ela ir\u00e1 se prolongar para o resto da vida, mas nos primeiros anos ela precisar\u00e1 de alguns cuidados para obter um desenvolvimento saud\u00e1vel. Confira abaixo os produtos da Lolly que s\u00e3o fundamentais para que essa jornada seja incr\u00edvel!!!&hellip;","og_url":"https:\/\/lolly.com.br\/kinddy\/jornada-do-bebe\/","og_site_name":"Lolly Kinddy","article_modified_time":"2022-07-08T16:41:23+00:00","og_image":[{"width":300,"height":300,"url":"https:\/\/lolly.com.br\/kinddy\/wp-content\/uploads\/2022\/06\/0-a-03-min.png","type":"image\/png"}],"twitter_card":"summary_large_image","twitter_misc":{"Est. tempo de leitura":"2 minutos"},"schema":{"@context":"https:\/\/schema.org","@graph":[{"@type":"WebPage","@id":"https:\/\/lolly.com.br\/kinddy\/jornada-do-bebe\/","url":"https:\/\/lolly.com.br\/kinddy\/jornada-do-bebe\/","name":"Jornada do beb\u00ea - Lolly Kinddy","isPartOf":{"@id":"https:\/\/lolly.com.br\/kinddy\/#website"},"primaryImageOfPage":{"@id":"https:\/\/lolly.com.br\/kinddy\/jornada-do-bebe\/#primaryimage"},"image":{"@id":"https:\/\/lolly.com.br\/kinddy\/jornada-do-bebe\/#primaryimage"},"thumbnailUrl":"https:\/\/lolly.com.br\/kinddy\/wp-content\/uploads\/2022\/06\/0-a-03-min.png","datePublished":"2019-12-11T18:01:45+00:00","dateModified":"2022-07-08T16:41:23+00:00","breadcrumb":{"@id":"https:\/\/lolly.com.br\/kinddy\/jornada-do-bebe\/#breadcrumb"},"inLanguage":"pt-BR","potentialAction":[{"@type":"ReadAction","target":["https:\/\/lolly.com.br\/kinddy\/jornada-do-bebe\/"]}]},{"@type":"ImageObject","inLanguage":"pt-BR","@id":"https:\/\/lolly.com.br\/kinddy\/jornada-do-bebe\/#primaryimage","url":"https:\/\/lolly.com.br\/kinddy\/wp-content\/uploads\/2022\/06\/0-a-03-min.png","contentUrl":"https:\/\/lolly.com.br\/kinddy\/wp-content\/uploads\/2022\/06\/0-a-03-min.png","width":300,"height":300},{"@type":"BreadcrumbList","@id":"https:\/\/lolly.com.br\/kinddy\/jornada-do-bebe\/#breadcrumb","itemListElement":[{"@type":"ListItem","position":1,"name":"In\u00edcio","item":"https:\/\/lolly.com.br\/kinddy\/"},{"@type":"ListItem","position":2,"name":"Jornada do beb\u00ea"}]},{"@type":"WebSite","@id":"https:\/\/lolly.com.br\/kinddy\/#website","url":"https:\/\/lolly.com.br\/kinddy\/","name":"Lolly Kinddy","description":"","potentialAction":[{"@type":"SearchAction","target":{"@type":"EntryPoint","urlTemplate":"https:\/\/lolly.com.br\/kinddy\/?s={search_term_string}"},"query-input":{"@type":"PropertyValueSpecification","valueRequired":true,"valueName":"search_term_string"}}],"inLanguage":"pt-BR"}]}},"_links":{"self":[{"href":"https:\/\/lolly.com.br\/kinddy\/wp-json\/wp\/v2\/pages\/306","targetHints":{"allow":["GET"]}}],"collection":[{"href":"https:\/\/lolly.com.br\/kinddy\/wp-json\/wp\/v2\/pages"}],"about":[{"href":"https:\/\/lolly.com.br\/kinddy\/wp-json\/wp\/v2\/types\/page"}],"author":[{"embeddable":true,"href":"https:\/\/lolly.com.br\/kinddy\/wp-json\/wp\/v2\/users\/1"}],"replies":[{"embeddable":true,"href":"https:\/\/lolly.com.br\/kinddy\/wp-json\/wp\/v2\/comments?post=306"}],"version-history":[{"count":56,"href":"https:\/\/lolly.com.br\/kinddy\/wp-json\/wp\/v2\/pages\/306\/revisions"}],"predecessor-version":[{"id":9074,"href":"https:\/\/lolly.com.br\/kinddy\/wp-json\/wp\/v2\/pages\/306\/revisions\/9074"}],"wp:attachment":[{"href":"https:\/\/lolly.com.br\/kinddy\/wp-json\/wp\/v2\/media?parent=306"}],"curies":[{"name":"wp","href":"https:\/\/api.w.org\/{rel}","templated":true}]}}