{"id":82658,"date":"2025-11-27T09:56:16","date_gmt":"2025-11-27T12:56:16","guid":{"rendered":"https:\/\/lolly.com.br\/?post_type=product&#038;p=82658"},"modified":"2025-11-27T09:56:18","modified_gmt":"2025-11-27T12:56:18","slug":"clip-para-chupete-nature","status":"publish","type":"product","link":"https:\/\/lolly.com.br\/es\/product\/clip-para-chupete-nature\/","title":{"rendered":"CLIP PARA CHUPETE NATURE"},"content":{"rendered":"<p>CLIP PARA CHUPETE NATURE<\/p>\n","protected":false},"excerpt":{"rendered":"<p>CLIP PARA CHUPETE NATURE<\/p>\n","protected":false},"featured_media":82659,"comment_status":"open","ping_status":"closed","template":"","meta":[],"product_cat":[360],"product_tag":[],"yoast_head":"<!-- This site is optimized with the Yoast SEO plugin v19.9 - https:\/\/yoast.com\/wordpress\/plugins\/seo\/ -->\n<title>CLIP PARA CHUPETE NATURE - Lolly Brasil - I Lolly You<\/title>\n<meta name=\"robots\" content=\"index, follow, max-snippet:-1, max-image-preview:large, max-video-preview:-1\" \/>\n<link rel=\"canonical\" href=\"https:\/\/lolly.com.br\/es\/product\/clip-para-chupete-nature\/\" \/>\n<meta property=\"og:locale\" content=\"es_ES\" \/>\n<meta property=\"og:type\" content=\"article\" \/>\n<meta property=\"og:title\" content=\"CLIP PARA CHUPETE NATURE - Lolly Brasil - I Lolly You\" \/>\n<meta property=\"og:description\" content=\"CLIP PARA CHUPETE NATURE\" \/>\n<meta property=\"og:url\" content=\"https:\/\/lolly.com.br\/es\/product\/clip-para-chupete-nature\/\" \/>\n<meta property=\"og:site_name\" content=\"Lolly Brasil - I Lolly You\" \/>\n<meta property=\"article:publisher\" content=\"https:\/\/www.facebook.com\/lollybrasil\" \/>\n<meta property=\"article:modified_time\" content=\"2025-11-27T12:56:18+00:00\" \/>\n<meta property=\"og:image\" content=\"https:\/\/lolly.com.br\/wp-content\/uploads\/2025\/11\/7070-01-M_PRENDCHM_7896699002103-1.png\" \/>\n\t<meta property=\"og:image:width\" content=\"2000\" \/>\n\t<meta property=\"og:image:height\" content=\"2000\" \/>\n\t<meta property=\"og:image:type\" content=\"image\/png\" \/>\n<meta name=\"twitter:card\" content=\"summary_large_image\" \/>\n<meta name=\"twitter:site\" content=\"@lollybrasil\" \/>\n<meta name=\"twitter:label1\" content=\"Tiempo de lectura\" \/>\n\t<meta name=\"twitter:data1\" content=\"1 minuto\" \/>\n<script type=\"application\/ld+json\" class=\"yoast-schema-graph\">{\"@context\":\"https:\/\/schema.org\",\"@graph\":[{\"@type\":\"WebPage\",\"@id\":\"https:\/\/lolly.com.br\/es\/product\/clip-para-chupete-nature\/\",\"url\":\"https:\/\/lolly.com.br\/es\/product\/clip-para-chupete-nature\/\",\"name\":\"CLIP PARA CHUPETE NATURE - Lolly Brasil - I Lolly You\",\"isPartOf\":{\"@id\":\"https:\/\/lolly.com.br\/es\/#website\"},\"datePublished\":\"2025-11-27T12:56:16+00:00\",\"dateModified\":\"2025-11-27T12:56:18+00:00\",\"breadcrumb\":{\"@id\":\"https:\/\/lolly.com.br\/es\/product\/clip-para-chupete-nature\/#breadcrumb\"},\"inLanguage\":\"es\",\"potentialAction\":[{\"@type\":\"ReadAction\",\"target\":[\"https:\/\/lolly.com.br\/es\/product\/clip-para-chupete-nature\/\"]}]},{\"@type\":\"BreadcrumbList\",\"@id\":\"https:\/\/lolly.com.br\/es\/product\/clip-para-chupete-nature\/#breadcrumb\",\"itemListElement\":[{\"@type\":\"ListItem\",\"position\":1,\"name\":\"In\u00edcio\",\"item\":\"https:\/\/lolly.com.br\/es\/\"},{\"@type\":\"ListItem\",\"position\":2,\"name\":\"Productos\",\"item\":\"https:\/\/lolly.com.br\/es\/productos\/\"},{\"@type\":\"ListItem\",\"position\":3,\"name\":\"CLIP PARA CHUPETE NATURE\"}]},{\"@type\":\"WebSite\",\"@id\":\"https:\/\/lolly.com.br\/es\/#website\",\"url\":\"https:\/\/lolly.com.br\/es\/\",\"name\":\"Lolly Brasil - I Lolly You\",\"description\":\"Com uma jornada marcada por sonhos, desafios, aperfei\u00e7oamento da gest\u00e3o, ISO9001, bem como por Processos Sustent\u00e1veis, a Lolly \u00e9 uma empresa 100% brasileira que sempre prezou pela valoriza\u00e7\u00e3o dos parceiros e colaboradores. Em sua trajet\u00f3ria de mais de 30 anos, investe em inova\u00e7\u00e3o, laborat\u00f3rios de pesquisas, equipes especializadas e tudo isso com um \u00fanico objetivo: melhor se conectar com o consumidor, para atend\u00ea-lo al\u00e9m de suas expectativas e contribuir para uma vida melhor.\",\"publisher\":{\"@id\":\"https:\/\/lolly.com.br\/es\/#organization\"},\"potentialAction\":[{\"@type\":\"SearchAction\",\"target\":{\"@type\":\"EntryPoint\",\"urlTemplate\":\"https:\/\/lolly.com.br\/es\/?s={search_term_string}\"},\"query-input\":\"required name=search_term_string\"}],\"inLanguage\":\"es\"},{\"@type\":\"Organization\",\"@id\":\"https:\/\/lolly.com.br\/es\/#organization\",\"name\":\"Lolly Brasil\",\"url\":\"https:\/\/lolly.com.br\/es\/\",\"logo\":{\"@type\":\"ImageObject\",\"inLanguage\":\"es\",\"@id\":\"https:\/\/lolly.com.br\/es\/#\/schema\/logo\/image\/\",\"url\":\"https:\/\/lolly.com.br\/wp-content\/uploads\/2021\/12\/logo.png\",\"contentUrl\":\"https:\/\/lolly.com.br\/wp-content\/uploads\/2021\/12\/logo.png\",\"width\":1004,\"height\":457,\"caption\":\"Lolly Brasil\"},\"image\":{\"@id\":\"https:\/\/lolly.com.br\/es\/#\/schema\/logo\/image\/\"},\"sameAs\":[\"https:\/\/www.instagram.com\/lollybrasil\/\",\"https:\/\/www.facebook.com\/lollybrasil\",\"https:\/\/twitter.com\/lollybrasil\"]}]}<\/script>\n<!-- \/ Yoast SEO plugin. -->","yoast_head_json":{"title":"CLIP PARA CHUPETE NATURE - Lolly Brasil - I Lolly You","robots":{"index":"index","follow":"follow","max-snippet":"max-snippet:-1","max-image-preview":"max-image-preview:large","max-video-preview":"max-video-preview:-1"},"canonical":"https:\/\/lolly.com.br\/es\/product\/clip-para-chupete-nature\/","og_locale":"es_ES","og_type":"article","og_title":"CLIP PARA CHUPETE NATURE - Lolly Brasil - I Lolly You","og_description":"CLIP PARA CHUPETE NATURE","og_url":"https:\/\/lolly.com.br\/es\/product\/clip-para-chupete-nature\/","og_site_name":"Lolly Brasil - I Lolly You","article_publisher":"https:\/\/www.facebook.com\/lollybrasil","article_modified_time":"2025-11-27T12:56:18+00:00","og_image":[{"width":2000,"height":2000,"url":"https:\/\/lolly.com.br\/wp-content\/uploads\/2025\/11\/7070-01-M_PRENDCHM_7896699002103-1.png","type":"image\/png"}],"twitter_card":"summary_large_image","twitter_site":"@lollybrasil","twitter_misc":{"Tiempo de lectura":"1 minuto"},"schema":{"@context":"https:\/\/schema.org","@graph":[{"@type":"WebPage","@id":"https:\/\/lolly.com.br\/es\/product\/clip-para-chupete-nature\/","url":"https:\/\/lolly.com.br\/es\/product\/clip-para-chupete-nature\/","name":"CLIP PARA CHUPETE NATURE - Lolly Brasil - I Lolly You","isPartOf":{"@id":"https:\/\/lolly.com.br\/es\/#website"},"datePublished":"2025-11-27T12:56:16+00:00","dateModified":"2025-11-27T12:56:18+00:00","breadcrumb":{"@id":"https:\/\/lolly.com.br\/es\/product\/clip-para-chupete-nature\/#breadcrumb"},"inLanguage":"es","potentialAction":[{"@type":"ReadAction","target":["https:\/\/lolly.com.br\/es\/product\/clip-para-chupete-nature\/"]}]},{"@type":"BreadcrumbList","@id":"https:\/\/lolly.com.br\/es\/product\/clip-para-chupete-nature\/#breadcrumb","itemListElement":[{"@type":"ListItem","position":1,"name":"In\u00edcio","item":"https:\/\/lolly.com.br\/es\/"},{"@type":"ListItem","position":2,"name":"Productos","item":"https:\/\/lolly.com.br\/es\/productos\/"},{"@type":"ListItem","position":3,"name":"CLIP PARA CHUPETE NATURE"}]},{"@type":"WebSite","@id":"https:\/\/lolly.com.br\/es\/#website","url":"https:\/\/lolly.com.br\/es\/","name":"Lolly Brasil - I Lolly You","description":"Com uma jornada marcada por sonhos, desafios, aperfei\u00e7oamento da gest\u00e3o, ISO9001, bem como por Processos Sustent\u00e1veis, a Lolly \u00e9 uma empresa 100% brasileira que sempre prezou pela valoriza\u00e7\u00e3o dos parceiros e colaboradores. Em sua trajet\u00f3ria de mais de 30 anos, investe em inova\u00e7\u00e3o, laborat\u00f3rios de pesquisas, equipes especializadas e tudo isso com um \u00fanico objetivo: melhor se conectar com o consumidor, para atend\u00ea-lo al\u00e9m de suas expectativas e contribuir para uma vida melhor.","publisher":{"@id":"https:\/\/lolly.com.br\/es\/#organization"},"potentialAction":[{"@type":"SearchAction","target":{"@type":"EntryPoint","urlTemplate":"https:\/\/lolly.com.br\/es\/?s={search_term_string}"},"query-input":"required name=search_term_string"}],"inLanguage":"es"},{"@type":"Organization","@id":"https:\/\/lolly.com.br\/es\/#organization","name":"Lolly Brasil","url":"https:\/\/lolly.com.br\/es\/","logo":{"@type":"ImageObject","inLanguage":"es","@id":"https:\/\/lolly.com.br\/es\/#\/schema\/logo\/image\/","url":"https:\/\/lolly.com.br\/wp-content\/uploads\/2021\/12\/logo.png","contentUrl":"https:\/\/lolly.com.br\/wp-content\/uploads\/2021\/12\/logo.png","width":1004,"height":457,"caption":"Lolly Brasil"},"image":{"@id":"https:\/\/lolly.com.br\/es\/#\/schema\/logo\/image\/"},"sameAs":["https:\/\/www.instagram.com\/lollybrasil\/","https:\/\/www.facebook.com\/lollybrasil","https:\/\/twitter.com\/lollybrasil"]}]}},"_links":{"self":[{"href":"https:\/\/lolly.com.br\/es\/wp-json\/wp\/v2\/product\/82658"}],"collection":[{"href":"https:\/\/lolly.com.br\/es\/wp-json\/wp\/v2\/product"}],"about":[{"href":"https:\/\/lolly.com.br\/es\/wp-json\/wp\/v2\/types\/product"}],"replies":[{"embeddable":true,"href":"https:\/\/lolly.com.br\/es\/wp-json\/wp\/v2\/comments?post=82658"}],"version-history":[{"count":1,"href":"https:\/\/lolly.com.br\/es\/wp-json\/wp\/v2\/product\/82658\/revisions"}],"predecessor-version":[{"id":82674,"href":"https:\/\/lolly.com.br\/es\/wp-json\/wp\/v2\/product\/82658\/revisions\/82674"}],"wp:featuredmedia":[{"embeddable":true,"href":"https:\/\/lolly.com.br\/es\/wp-json\/wp\/v2\/media\/82659"}],"wp:attachment":[{"href":"https:\/\/lolly.com.br\/es\/wp-json\/wp\/v2\/media?parent=82658"}],"wp:term":[{"taxonomy":"product_cat","embeddable":true,"href":"https:\/\/lolly.com.br\/es\/wp-json\/wp\/v2\/product_cat?post=82658"},{"taxonomy":"product_tag","embeddable":true,"href":"https:\/\/lolly.com.br\/es\/wp-json\/wp\/v2\/product_tag?post=82658"}],"curies":[{"name":"wp","href":"https:\/\/api.w.org\/{rel}","templated":true}]}}