{"id":79251,"date":"2022-06-09T16:28:32","date_gmt":"2022-06-09T19:28:32","guid":{"rendered":"https:\/\/lolly.com.br\/product\/mordedor-flex\/"},"modified":"2022-10-07T10:54:51","modified_gmt":"2022-10-07T13:54:51","slug":"mordillo-flex","status":"publish","type":"product","link":"https:\/\/lolly.com.br\/es\/product\/mordillo-flex\/","title":{"rendered":"MORDILLO FLEX"},"content":{"rendered":"<p>El Mordedor Flex Lolly ayuda en la fase inicial de la dentici\u00f3n, ya que alivia las molestias y el picor en las enc\u00edas del beb\u00e9 provocados durante el nacimiento de los dientes. Con diferentes texturas por ambas caras, est\u00e1 fabricado con material flexible para no lastimar la enc\u00eda. Indicados por odontopediatras, los mordedores tambi\u00e9n ayudan a la higiene bucal y estimulan el movimiento de la mordida.<\/p>\n","protected":false},"excerpt":{"rendered":"<p>Utilidad: Ayudar en la fase inicial de la dentici\u00f3n.<\/p>\n<p>Composici\u00f3n: PVC sem FTALATOS.<\/p>\n<p>7040-01-M &#8211; Blister c\/ 1un. | Caixa c\/ 6 blisters.<br \/>\n7040-01-F &#8211; Blister c\/ 1un. | Caixa c\/ 6 blisters.<\/p>\n<p>NCM: 3924.90.00<\/p>\n<p>Producto compatible:<br \/>\nCE-BRI\/IQB2659 NM300\/2002 &#8211; OCP 0006<\/p>\n","protected":false},"featured_media":78298,"comment_status":"open","ping_status":"closed","template":"","meta":[],"product_cat":[333],"product_tag":[],"yoast_head":"<!-- This site is optimized with the Yoast SEO plugin v19.9 - https:\/\/yoast.com\/wordpress\/plugins\/seo\/ -->\n<title>MORDILLO FLEX - Lolly Brasil - I Lolly You<\/title>\n<meta name=\"robots\" content=\"index, follow, max-snippet:-1, max-image-preview:large, max-video-preview:-1\" \/>\n<link rel=\"canonical\" href=\"https:\/\/lolly.com.br\/es\/product\/mordillo-flex\/\" \/>\n<meta property=\"og:locale\" content=\"es_ES\" \/>\n<meta property=\"og:type\" content=\"article\" \/>\n<meta property=\"og:title\" content=\"MORDILLO FLEX - Lolly Brasil - I Lolly You\" \/>\n<meta property=\"og:description\" content=\"Utilidad: Ayudar en la fase inicial de la dentici\u00f3n.  Composici\u00f3n: PVC sem FTALATOS.  7040-01-M - Blister c\/ 1un. | Caixa c\/ 6 blisters. 7040-01-F - Blister c\/ 1un. | Caixa c\/ 6 blisters.  NCM: 3924.90.00  Producto compatible: CE-BRI\/IQB2659 NM300\/2002 - OCP 0006\" \/>\n<meta property=\"og:url\" content=\"https:\/\/lolly.com.br\/es\/product\/mordillo-flex\/\" \/>\n<meta property=\"og:site_name\" content=\"Lolly Brasil - I Lolly You\" \/>\n<meta property=\"article:publisher\" content=\"https:\/\/www.facebook.com\/lollybrasil\" \/>\n<meta property=\"article:modified_time\" content=\"2022-10-07T13:54:51+00:00\" \/>\n<meta property=\"og:image\" content=\"https:\/\/lolly.com.br\/wp-content\/uploads\/2022\/09\/7040-1-1.png\" \/>\n\t<meta property=\"og:image:width\" content=\"875\" \/>\n\t<meta property=\"og:image:height\" content=\"875\" \/>\n\t<meta property=\"og:image:type\" content=\"image\/png\" \/>\n<meta name=\"twitter:card\" content=\"summary_large_image\" \/>\n<meta name=\"twitter:site\" content=\"@lollybrasil\" \/>\n<meta name=\"twitter:label1\" content=\"Tiempo de lectura\" \/>\n\t<meta name=\"twitter:data1\" content=\"1 minuto\" \/>\n<script type=\"application\/ld+json\" class=\"yoast-schema-graph\">{\"@context\":\"https:\/\/schema.org\",\"@graph\":[{\"@type\":\"WebPage\",\"@id\":\"https:\/\/lolly.com.br\/es\/product\/mordillo-flex\/\",\"url\":\"https:\/\/lolly.com.br\/es\/product\/mordillo-flex\/\",\"name\":\"MORDILLO FLEX - Lolly Brasil - I Lolly You\",\"isPartOf\":{\"@id\":\"https:\/\/lolly.com.br\/es\/#website\"},\"datePublished\":\"2022-06-09T19:28:32+00:00\",\"dateModified\":\"2022-10-07T13:54:51+00:00\",\"breadcrumb\":{\"@id\":\"https:\/\/lolly.com.br\/es\/product\/mordillo-flex\/#breadcrumb\"},\"inLanguage\":\"es\",\"potentialAction\":[{\"@type\":\"ReadAction\",\"target\":[\"https:\/\/lolly.com.br\/es\/product\/mordillo-flex\/\"]}]},{\"@type\":\"BreadcrumbList\",\"@id\":\"https:\/\/lolly.com.br\/es\/product\/mordillo-flex\/#breadcrumb\",\"itemListElement\":[{\"@type\":\"ListItem\",\"position\":1,\"name\":\"In\u00edcio\",\"item\":\"https:\/\/lolly.com.br\/es\/\"},{\"@type\":\"ListItem\",\"position\":2,\"name\":\"Productos\",\"item\":\"https:\/\/lolly.com.br\/es\/productos\/\"},{\"@type\":\"ListItem\",\"position\":3,\"name\":\"MORDILLO FLEX\"}]},{\"@type\":\"WebSite\",\"@id\":\"https:\/\/lolly.com.br\/es\/#website\",\"url\":\"https:\/\/lolly.com.br\/es\/\",\"name\":\"Lolly Brasil - I Lolly You\",\"description\":\"Com uma jornada marcada por sonhos, desafios, aperfei\u00e7oamento da gest\u00e3o, ISO9001, bem como por Processos Sustent\u00e1veis, a Lolly \u00e9 uma empresa 100% brasileira que sempre prezou pela valoriza\u00e7\u00e3o dos parceiros e colaboradores. Em sua trajet\u00f3ria de mais de 30 anos, investe em inova\u00e7\u00e3o, laborat\u00f3rios de pesquisas, equipes especializadas e tudo isso com um \u00fanico objetivo: melhor se conectar com o consumidor, para atend\u00ea-lo al\u00e9m de suas expectativas e contribuir para uma vida melhor.\",\"publisher\":{\"@id\":\"https:\/\/lolly.com.br\/es\/#organization\"},\"potentialAction\":[{\"@type\":\"SearchAction\",\"target\":{\"@type\":\"EntryPoint\",\"urlTemplate\":\"https:\/\/lolly.com.br\/es\/?s={search_term_string}\"},\"query-input\":\"required name=search_term_string\"}],\"inLanguage\":\"es\"},{\"@type\":\"Organization\",\"@id\":\"https:\/\/lolly.com.br\/es\/#organization\",\"name\":\"Lolly Brasil\",\"url\":\"https:\/\/lolly.com.br\/es\/\",\"logo\":{\"@type\":\"ImageObject\",\"inLanguage\":\"es\",\"@id\":\"https:\/\/lolly.com.br\/es\/#\/schema\/logo\/image\/\",\"url\":\"https:\/\/lolly.com.br\/wp-content\/uploads\/2021\/12\/logo.png\",\"contentUrl\":\"https:\/\/lolly.com.br\/wp-content\/uploads\/2021\/12\/logo.png\",\"width\":1004,\"height\":457,\"caption\":\"Lolly Brasil\"},\"image\":{\"@id\":\"https:\/\/lolly.com.br\/es\/#\/schema\/logo\/image\/\"},\"sameAs\":[\"https:\/\/www.instagram.com\/lollybrasil\/\",\"https:\/\/www.facebook.com\/lollybrasil\",\"https:\/\/twitter.com\/lollybrasil\"]}]}<\/script>\n<!-- \/ Yoast SEO plugin. -->","yoast_head_json":{"title":"MORDILLO FLEX - Lolly Brasil - I Lolly You","robots":{"index":"index","follow":"follow","max-snippet":"max-snippet:-1","max-image-preview":"max-image-preview:large","max-video-preview":"max-video-preview:-1"},"canonical":"https:\/\/lolly.com.br\/es\/product\/mordillo-flex\/","og_locale":"es_ES","og_type":"article","og_title":"MORDILLO FLEX - Lolly Brasil - I Lolly You","og_description":"Utilidad: Ayudar en la fase inicial de la dentici\u00f3n.  Composici\u00f3n: PVC sem FTALATOS.  7040-01-M - Blister c\/ 1un. | Caixa c\/ 6 blisters. 7040-01-F - Blister c\/ 1un. | Caixa c\/ 6 blisters.  NCM: 3924.90.00  Producto compatible: CE-BRI\/IQB2659 NM300\/2002 - OCP 0006","og_url":"https:\/\/lolly.com.br\/es\/product\/mordillo-flex\/","og_site_name":"Lolly Brasil - I Lolly You","article_publisher":"https:\/\/www.facebook.com\/lollybrasil","article_modified_time":"2022-10-07T13:54:51+00:00","og_image":[{"width":875,"height":875,"url":"https:\/\/lolly.com.br\/wp-content\/uploads\/2022\/09\/7040-1-1.png","type":"image\/png"}],"twitter_card":"summary_large_image","twitter_site":"@lollybrasil","twitter_misc":{"Tiempo de lectura":"1 minuto"},"schema":{"@context":"https:\/\/schema.org","@graph":[{"@type":"WebPage","@id":"https:\/\/lolly.com.br\/es\/product\/mordillo-flex\/","url":"https:\/\/lolly.com.br\/es\/product\/mordillo-flex\/","name":"MORDILLO FLEX - Lolly Brasil - I Lolly You","isPartOf":{"@id":"https:\/\/lolly.com.br\/es\/#website"},"datePublished":"2022-06-09T19:28:32+00:00","dateModified":"2022-10-07T13:54:51+00:00","breadcrumb":{"@id":"https:\/\/lolly.com.br\/es\/product\/mordillo-flex\/#breadcrumb"},"inLanguage":"es","potentialAction":[{"@type":"ReadAction","target":["https:\/\/lolly.com.br\/es\/product\/mordillo-flex\/"]}]},{"@type":"BreadcrumbList","@id":"https:\/\/lolly.com.br\/es\/product\/mordillo-flex\/#breadcrumb","itemListElement":[{"@type":"ListItem","position":1,"name":"In\u00edcio","item":"https:\/\/lolly.com.br\/es\/"},{"@type":"ListItem","position":2,"name":"Productos","item":"https:\/\/lolly.com.br\/es\/productos\/"},{"@type":"ListItem","position":3,"name":"MORDILLO FLEX"}]},{"@type":"WebSite","@id":"https:\/\/lolly.com.br\/es\/#website","url":"https:\/\/lolly.com.br\/es\/","name":"Lolly Brasil - I Lolly You","description":"Com uma jornada marcada por sonhos, desafios, aperfei\u00e7oamento da gest\u00e3o, ISO9001, bem como por Processos Sustent\u00e1veis, a Lolly \u00e9 uma empresa 100% brasileira que sempre prezou pela valoriza\u00e7\u00e3o dos parceiros e colaboradores. Em sua trajet\u00f3ria de mais de 30 anos, investe em inova\u00e7\u00e3o, laborat\u00f3rios de pesquisas, equipes especializadas e tudo isso com um \u00fanico objetivo: melhor se conectar com o consumidor, para atend\u00ea-lo al\u00e9m de suas expectativas e contribuir para uma vida melhor.","publisher":{"@id":"https:\/\/lolly.com.br\/es\/#organization"},"potentialAction":[{"@type":"SearchAction","target":{"@type":"EntryPoint","urlTemplate":"https:\/\/lolly.com.br\/es\/?s={search_term_string}"},"query-input":"required name=search_term_string"}],"inLanguage":"es"},{"@type":"Organization","@id":"https:\/\/lolly.com.br\/es\/#organization","name":"Lolly Brasil","url":"https:\/\/lolly.com.br\/es\/","logo":{"@type":"ImageObject","inLanguage":"es","@id":"https:\/\/lolly.com.br\/es\/#\/schema\/logo\/image\/","url":"https:\/\/lolly.com.br\/wp-content\/uploads\/2021\/12\/logo.png","contentUrl":"https:\/\/lolly.com.br\/wp-content\/uploads\/2021\/12\/logo.png","width":1004,"height":457,"caption":"Lolly Brasil"},"image":{"@id":"https:\/\/lolly.com.br\/es\/#\/schema\/logo\/image\/"},"sameAs":["https:\/\/www.instagram.com\/lollybrasil\/","https:\/\/www.facebook.com\/lollybrasil","https:\/\/twitter.com\/lollybrasil"]}]}},"_links":{"self":[{"href":"https:\/\/lolly.com.br\/es\/wp-json\/wp\/v2\/product\/79251"}],"collection":[{"href":"https:\/\/lolly.com.br\/es\/wp-json\/wp\/v2\/product"}],"about":[{"href":"https:\/\/lolly.com.br\/es\/wp-json\/wp\/v2\/types\/product"}],"replies":[{"embeddable":true,"href":"https:\/\/lolly.com.br\/es\/wp-json\/wp\/v2\/comments?post=79251"}],"version-history":[{"count":2,"href":"https:\/\/lolly.com.br\/es\/wp-json\/wp\/v2\/product\/79251\/revisions"}],"predecessor-version":[{"id":79598,"href":"https:\/\/lolly.com.br\/es\/wp-json\/wp\/v2\/product\/79251\/revisions\/79598"}],"wp:featuredmedia":[{"embeddable":true,"href":"https:\/\/lolly.com.br\/es\/wp-json\/wp\/v2\/media\/78298"}],"wp:attachment":[{"href":"https:\/\/lolly.com.br\/es\/wp-json\/wp\/v2\/media?parent=79251"}],"wp:term":[{"taxonomy":"product_cat","embeddable":true,"href":"https:\/\/lolly.com.br\/es\/wp-json\/wp\/v2\/product_cat?post=79251"},{"taxonomy":"product_tag","embeddable":true,"href":"https:\/\/lolly.com.br\/es\/wp-json\/wp\/v2\/product_tag?post=79251"}],"curies":[{"name":"wp","href":"https:\/\/api.w.org\/{rel}","templated":true}]}}