{"id":79123,"date":"2022-06-09T17:43:05","date_gmt":"2022-06-09T20:43:05","guid":{"rendered":"https:\/\/lolly.com.br\/product\/prendedor-de-chupeta-dreams\/"},"modified":"2022-10-10T13:20:36","modified_gmt":"2022-10-10T16:20:36","slug":"dummy-dreams","status":"publish","type":"product","link":"https:\/\/lolly.com.br\/es\/product\/dummy-dreams\/","title":{"rendered":"Portachupetes Dreams"},"content":{"rendered":"<p>El chupete Dreams ha sido creado pensando en la seguridad del beb\u00e9. Ayuda a mantener el chupete limpio y a evitar su p\u00e9rdida.<br \/>\nSe adapta tanto a los maniqu\u00edes grandes como a los anillados.<\/p>\n","protected":false},"excerpt":{"rendered":"<p>Uso: Para fijar el maniqu\u00ed a la ropa.<\/p>\n<p>Composici\u00f3n: COPE, TPE, PES<\/p>\n<p>7075-01-M &#8211; Blister con 1 un. | Caja con 6 ampollas<br \/>\n7075-01-F &#8211; Blister con 1 un. | Caja con 6 ampollas<br \/>\nNCM: 3924.90.00<\/p>\n","protected":false},"featured_media":78452,"comment_status":"open","ping_status":"closed","template":"","meta":[],"product_cat":[339],"product_tag":[],"yoast_head":"<!-- This site is optimized with the Yoast SEO plugin v19.9 - https:\/\/yoast.com\/wordpress\/plugins\/seo\/ -->\n<title>Portachupetes Dreams - Lolly Brasil - I Lolly You<\/title>\n<meta name=\"robots\" content=\"index, follow, max-snippet:-1, max-image-preview:large, max-video-preview:-1\" \/>\n<link rel=\"canonical\" href=\"https:\/\/lolly.com.br\/es\/product\/dummy-dreams\/\" \/>\n<meta property=\"og:locale\" content=\"es_ES\" \/>\n<meta property=\"og:type\" content=\"article\" \/>\n<meta property=\"og:title\" content=\"Portachupetes Dreams - Lolly Brasil - I Lolly You\" \/>\n<meta property=\"og:description\" content=\"Uso: Para fijar el maniqu\u00ed a la ropa. Composici\u00f3n: COPE, TPE, PES 7075-01-M - Blister con 1 un. | Caja con 6 ampollas 7075-01-F - Blister con 1 un. | Caja con 6 ampollas  NCM: 3924.90.00\" \/>\n<meta property=\"og:url\" content=\"https:\/\/lolly.com.br\/es\/product\/dummy-dreams\/\" \/>\n<meta property=\"og:site_name\" content=\"Lolly Brasil - I Lolly You\" \/>\n<meta property=\"article:publisher\" content=\"https:\/\/www.facebook.com\/lollybrasil\" \/>\n<meta property=\"article:modified_time\" content=\"2022-10-10T16:20:36+00:00\" \/>\n<meta property=\"og:image\" content=\"https:\/\/lolly.com.br\/wp-content\/uploads\/2022\/09\/7075-1-1.png\" \/>\n\t<meta property=\"og:image:width\" content=\"875\" \/>\n\t<meta property=\"og:image:height\" content=\"875\" \/>\n\t<meta property=\"og:image:type\" content=\"image\/png\" \/>\n<meta name=\"twitter:card\" content=\"summary_large_image\" \/>\n<meta name=\"twitter:site\" content=\"@lollybrasil\" \/>\n<meta name=\"twitter:label1\" content=\"Tiempo de lectura\" \/>\n\t<meta name=\"twitter:data1\" content=\"1 minuto\" \/>\n<script type=\"application\/ld+json\" class=\"yoast-schema-graph\">{\"@context\":\"https:\/\/schema.org\",\"@graph\":[{\"@type\":\"WebPage\",\"@id\":\"https:\/\/lolly.com.br\/es\/product\/dummy-dreams\/\",\"url\":\"https:\/\/lolly.com.br\/es\/product\/dummy-dreams\/\",\"name\":\"Portachupetes Dreams - Lolly Brasil - I Lolly You\",\"isPartOf\":{\"@id\":\"https:\/\/lolly.com.br\/es\/#website\"},\"datePublished\":\"2022-06-09T20:43:05+00:00\",\"dateModified\":\"2022-10-10T16:20:36+00:00\",\"breadcrumb\":{\"@id\":\"https:\/\/lolly.com.br\/es\/product\/dummy-dreams\/#breadcrumb\"},\"inLanguage\":\"es\",\"potentialAction\":[{\"@type\":\"ReadAction\",\"target\":[\"https:\/\/lolly.com.br\/es\/product\/dummy-dreams\/\"]}]},{\"@type\":\"BreadcrumbList\",\"@id\":\"https:\/\/lolly.com.br\/es\/product\/dummy-dreams\/#breadcrumb\",\"itemListElement\":[{\"@type\":\"ListItem\",\"position\":1,\"name\":\"In\u00edcio\",\"item\":\"https:\/\/lolly.com.br\/es\/\"},{\"@type\":\"ListItem\",\"position\":2,\"name\":\"Productos\",\"item\":\"https:\/\/lolly.com.br\/es\/productos\/\"},{\"@type\":\"ListItem\",\"position\":3,\"name\":\"Portachupetes Dreams\"}]},{\"@type\":\"WebSite\",\"@id\":\"https:\/\/lolly.com.br\/es\/#website\",\"url\":\"https:\/\/lolly.com.br\/es\/\",\"name\":\"Lolly Brasil - I Lolly You\",\"description\":\"Com uma jornada marcada por sonhos, desafios, aperfei\u00e7oamento da gest\u00e3o, ISO9001, bem como por Processos Sustent\u00e1veis, a Lolly \u00e9 uma empresa 100% brasileira que sempre prezou pela valoriza\u00e7\u00e3o dos parceiros e colaboradores. Em sua trajet\u00f3ria de mais de 30 anos, investe em inova\u00e7\u00e3o, laborat\u00f3rios de pesquisas, equipes especializadas e tudo isso com um \u00fanico objetivo: melhor se conectar com o consumidor, para atend\u00ea-lo al\u00e9m de suas expectativas e contribuir para uma vida melhor.\",\"publisher\":{\"@id\":\"https:\/\/lolly.com.br\/es\/#organization\"},\"potentialAction\":[{\"@type\":\"SearchAction\",\"target\":{\"@type\":\"EntryPoint\",\"urlTemplate\":\"https:\/\/lolly.com.br\/es\/?s={search_term_string}\"},\"query-input\":\"required name=search_term_string\"}],\"inLanguage\":\"es\"},{\"@type\":\"Organization\",\"@id\":\"https:\/\/lolly.com.br\/es\/#organization\",\"name\":\"Lolly Brasil\",\"url\":\"https:\/\/lolly.com.br\/es\/\",\"logo\":{\"@type\":\"ImageObject\",\"inLanguage\":\"es\",\"@id\":\"https:\/\/lolly.com.br\/es\/#\/schema\/logo\/image\/\",\"url\":\"https:\/\/lolly.com.br\/wp-content\/uploads\/2021\/12\/logo.png\",\"contentUrl\":\"https:\/\/lolly.com.br\/wp-content\/uploads\/2021\/12\/logo.png\",\"width\":1004,\"height\":457,\"caption\":\"Lolly Brasil\"},\"image\":{\"@id\":\"https:\/\/lolly.com.br\/es\/#\/schema\/logo\/image\/\"},\"sameAs\":[\"https:\/\/www.instagram.com\/lollybrasil\/\",\"https:\/\/www.facebook.com\/lollybrasil\",\"https:\/\/twitter.com\/lollybrasil\"]}]}<\/script>\n<!-- \/ Yoast SEO plugin. -->","yoast_head_json":{"title":"Portachupetes Dreams - Lolly Brasil - I Lolly You","robots":{"index":"index","follow":"follow","max-snippet":"max-snippet:-1","max-image-preview":"max-image-preview:large","max-video-preview":"max-video-preview:-1"},"canonical":"https:\/\/lolly.com.br\/es\/product\/dummy-dreams\/","og_locale":"es_ES","og_type":"article","og_title":"Portachupetes Dreams - Lolly Brasil - I Lolly You","og_description":"Uso: Para fijar el maniqu\u00ed a la ropa. Composici\u00f3n: COPE, TPE, PES 7075-01-M - Blister con 1 un. | Caja con 6 ampollas 7075-01-F - Blister con 1 un. | Caja con 6 ampollas  NCM: 3924.90.00","og_url":"https:\/\/lolly.com.br\/es\/product\/dummy-dreams\/","og_site_name":"Lolly Brasil - I Lolly You","article_publisher":"https:\/\/www.facebook.com\/lollybrasil","article_modified_time":"2022-10-10T16:20:36+00:00","og_image":[{"width":875,"height":875,"url":"https:\/\/lolly.com.br\/wp-content\/uploads\/2022\/09\/7075-1-1.png","type":"image\/png"}],"twitter_card":"summary_large_image","twitter_site":"@lollybrasil","twitter_misc":{"Tiempo de lectura":"1 minuto"},"schema":{"@context":"https:\/\/schema.org","@graph":[{"@type":"WebPage","@id":"https:\/\/lolly.com.br\/es\/product\/dummy-dreams\/","url":"https:\/\/lolly.com.br\/es\/product\/dummy-dreams\/","name":"Portachupetes Dreams - Lolly Brasil - I Lolly You","isPartOf":{"@id":"https:\/\/lolly.com.br\/es\/#website"},"datePublished":"2022-06-09T20:43:05+00:00","dateModified":"2022-10-10T16:20:36+00:00","breadcrumb":{"@id":"https:\/\/lolly.com.br\/es\/product\/dummy-dreams\/#breadcrumb"},"inLanguage":"es","potentialAction":[{"@type":"ReadAction","target":["https:\/\/lolly.com.br\/es\/product\/dummy-dreams\/"]}]},{"@type":"BreadcrumbList","@id":"https:\/\/lolly.com.br\/es\/product\/dummy-dreams\/#breadcrumb","itemListElement":[{"@type":"ListItem","position":1,"name":"In\u00edcio","item":"https:\/\/lolly.com.br\/es\/"},{"@type":"ListItem","position":2,"name":"Productos","item":"https:\/\/lolly.com.br\/es\/productos\/"},{"@type":"ListItem","position":3,"name":"Portachupetes Dreams"}]},{"@type":"WebSite","@id":"https:\/\/lolly.com.br\/es\/#website","url":"https:\/\/lolly.com.br\/es\/","name":"Lolly Brasil - I Lolly You","description":"Com uma jornada marcada por sonhos, desafios, aperfei\u00e7oamento da gest\u00e3o, ISO9001, bem como por Processos Sustent\u00e1veis, a Lolly \u00e9 uma empresa 100% brasileira que sempre prezou pela valoriza\u00e7\u00e3o dos parceiros e colaboradores. Em sua trajet\u00f3ria de mais de 30 anos, investe em inova\u00e7\u00e3o, laborat\u00f3rios de pesquisas, equipes especializadas e tudo isso com um \u00fanico objetivo: melhor se conectar com o consumidor, para atend\u00ea-lo al\u00e9m de suas expectativas e contribuir para uma vida melhor.","publisher":{"@id":"https:\/\/lolly.com.br\/es\/#organization"},"potentialAction":[{"@type":"SearchAction","target":{"@type":"EntryPoint","urlTemplate":"https:\/\/lolly.com.br\/es\/?s={search_term_string}"},"query-input":"required name=search_term_string"}],"inLanguage":"es"},{"@type":"Organization","@id":"https:\/\/lolly.com.br\/es\/#organization","name":"Lolly Brasil","url":"https:\/\/lolly.com.br\/es\/","logo":{"@type":"ImageObject","inLanguage":"es","@id":"https:\/\/lolly.com.br\/es\/#\/schema\/logo\/image\/","url":"https:\/\/lolly.com.br\/wp-content\/uploads\/2021\/12\/logo.png","contentUrl":"https:\/\/lolly.com.br\/wp-content\/uploads\/2021\/12\/logo.png","width":1004,"height":457,"caption":"Lolly Brasil"},"image":{"@id":"https:\/\/lolly.com.br\/es\/#\/schema\/logo\/image\/"},"sameAs":["https:\/\/www.instagram.com\/lollybrasil\/","https:\/\/www.facebook.com\/lollybrasil","https:\/\/twitter.com\/lollybrasil"]}]}},"_links":{"self":[{"href":"https:\/\/lolly.com.br\/es\/wp-json\/wp\/v2\/product\/79123"}],"collection":[{"href":"https:\/\/lolly.com.br\/es\/wp-json\/wp\/v2\/product"}],"about":[{"href":"https:\/\/lolly.com.br\/es\/wp-json\/wp\/v2\/types\/product"}],"replies":[{"embeddable":true,"href":"https:\/\/lolly.com.br\/es\/wp-json\/wp\/v2\/comments?post=79123"}],"version-history":[{"count":4,"href":"https:\/\/lolly.com.br\/es\/wp-json\/wp\/v2\/product\/79123\/revisions"}],"predecessor-version":[{"id":79840,"href":"https:\/\/lolly.com.br\/es\/wp-json\/wp\/v2\/product\/79123\/revisions\/79840"}],"wp:featuredmedia":[{"embeddable":true,"href":"https:\/\/lolly.com.br\/es\/wp-json\/wp\/v2\/media\/78452"}],"wp:attachment":[{"href":"https:\/\/lolly.com.br\/es\/wp-json\/wp\/v2\/media?parent=79123"}],"wp:term":[{"taxonomy":"product_cat","embeddable":true,"href":"https:\/\/lolly.com.br\/es\/wp-json\/wp\/v2\/product_cat?post=79123"},{"taxonomy":"product_tag","embeddable":true,"href":"https:\/\/lolly.com.br\/es\/wp-json\/wp\/v2\/product_tag?post=79123"}],"curies":[{"name":"wp","href":"https:\/\/api.w.org\/{rel}","templated":true}]}}