{"id":79107,"date":"2022-06-09T17:43:08","date_gmt":"2022-06-09T20:43:08","guid":{"rendered":"https:\/\/lolly.com.br\/product\/concha-amamentacao-pre-parto\/"},"modified":"2022-10-07T09:56:23","modified_gmt":"2022-10-07T12:56:23","slug":"cochas-para-lactancia-pre-parto","status":"publish","type":"product","link":"https:\/\/lolly.com.br\/es\/product\/cochas-para-lactancia-pre-parto\/","title":{"rendered":"COCHAS PARA LACT\u00c2NCIA PRE PARTO"},"content":{"rendered":"<p>Las Cochas para Lact\u00e2ncia Pre Parto Lolly ayudan en la preparaci\u00f3n y formaci\u00f3n de la tetina, adem\u00e1s de proteger y prevenir grietas y fugas. Se pueden utilizar a partir de la semana 35 de embarazo.<br \/>\nLa Cocha para Lact\u00e2ncia Pre Parto Lolly protege la tetina y ayuda a prevenir la congesti\u00f3n mamaria, lo que se conoce como estancamiento de la leche materna. Es adecuado para todo tipo de boquillas.<\/p>\n<p>Toda Cocha para Lact\u00e2ncia:<br \/>\nEs c\u00f3moda, discreta y tiene un ajuste perfecto en cualquier tipo de pecho;<br \/>\nPreviene lesiones y favorece la cicatrizaci\u00f3n gracias a la v\u00e1lvula de ventilaci\u00f3n;<br \/>\nAsegura la higiene y la ropa seca, porque recoge el exceso de leche;<br \/>\nPrepara y da forma a la tetina, facilitando el agarre del beb\u00e9;<br \/>\nProtege, porque mantiene la tetina libre de contacto con el sujetador;<br \/>\nAyuda a prevenir la congesti\u00f3n mamaria, llamada \u00abestancamiento de la leche materna\u00bb.<\/p>\n<p>Mini Cochas<br \/>\nLas Mini Cochas son ideales para llevar en el bolso si necesitas cambiarlas en alg\u00fan momento del d\u00eda. Al ser m\u00e1s peque\u00f1a, la cantidad de leche que cabe en \u00e9l es menor, por lo que recomendamos su uso por periodos de tiempo m\u00e1s cortos o cuando las p\u00e9rdidas de leche sean menos frecuentes. El tama\u00f1o de la pechuga no afecta el tama\u00f1o de la concha a utilizar.<\/p>\n<p>Atenci\u00f3n: La leche que quede en el cuchar\u00f3n no puede ser utilizada ni donada sin seguir las pautas de esterilizaci\u00f3n y almacenamiento de la leche, las cuales se pueden obtener con un pediatra, una enfermera y\/o un profesional de la salud en el banco de leche.<\/p>\n<p>*La Organizaci\u00f3n Mundial de la Salud (OMS) y el Ministerio de Salud de Brasil recomiendan la lactancia materna durante dos a\u00f1os o m\u00e1s, siendo exclusiva durante los primeros seis meses.<\/p>\n","protected":false},"excerpt":{"rendered":"<p>Utilidad: facilitar la lactancia, proteger la tetina y prevenir la congesti\u00f3n mamaria.<\/p>\n<p>Composici\u00f3n: PP<\/p>\n<p>Fondo: R\u00edgido<\/p>\n<p>Embalaje:<br \/>\n7220-01 &#8211; Bl\u00edster c\/ 1 kit (4 cochas). | Caja c\/ 6 bl\u00edsters<\/p>\n<p>NCM: 3924.90.00<\/p>\n","protected":false},"featured_media":78497,"comment_status":"open","ping_status":"closed","template":"","meta":[],"product_cat":[315],"product_tag":[],"yoast_head":"<!-- This site is optimized with the Yoast SEO plugin v19.9 - https:\/\/yoast.com\/wordpress\/plugins\/seo\/ -->\n<title>COCHAS PARA LACT\u00c2NCIA PRE PARTO - Lolly Brasil - I Lolly You<\/title>\n<meta name=\"robots\" content=\"index, follow, max-snippet:-1, max-image-preview:large, max-video-preview:-1\" \/>\n<link rel=\"canonical\" href=\"https:\/\/lolly.com.br\/es\/product\/cochas-para-lactancia-pre-parto\/\" \/>\n<meta property=\"og:locale\" content=\"es_ES\" \/>\n<meta property=\"og:type\" content=\"article\" \/>\n<meta property=\"og:title\" content=\"COCHAS PARA LACT\u00c2NCIA PRE PARTO - Lolly Brasil - I Lolly You\" \/>\n<meta property=\"og:description\" content=\"Utilidad: facilitar la lactancia, proteger la tetina y prevenir la congesti\u00f3n mamaria.  Composici\u00f3n: PP  Fondo: R\u00edgido  Embalaje: 7220-01 - Bl\u00edster c\/ 1 kit (4 cochas). | Caja c\/ 6 bl\u00edsters  NCM: 3924.90.00\" \/>\n<meta property=\"og:url\" content=\"https:\/\/lolly.com.br\/es\/product\/cochas-para-lactancia-pre-parto\/\" \/>\n<meta property=\"og:site_name\" content=\"Lolly Brasil - I Lolly You\" \/>\n<meta property=\"article:publisher\" content=\"https:\/\/www.facebook.com\/lollybrasil\" \/>\n<meta property=\"article:modified_time\" content=\"2022-10-07T12:56:23+00:00\" \/>\n<meta property=\"og:image\" content=\"https:\/\/lolly.com.br\/wp-content\/uploads\/2022\/09\/7220-1-1.png\" \/>\n\t<meta property=\"og:image:width\" content=\"875\" \/>\n\t<meta property=\"og:image:height\" content=\"875\" \/>\n\t<meta property=\"og:image:type\" content=\"image\/png\" \/>\n<meta name=\"twitter:card\" content=\"summary_large_image\" \/>\n<meta name=\"twitter:site\" content=\"@lollybrasil\" \/>\n<meta name=\"twitter:label1\" content=\"Tiempo de lectura\" \/>\n\t<meta name=\"twitter:data1\" content=\"2 minutos\" \/>\n<script type=\"application\/ld+json\" class=\"yoast-schema-graph\">{\"@context\":\"https:\/\/schema.org\",\"@graph\":[{\"@type\":\"WebPage\",\"@id\":\"https:\/\/lolly.com.br\/es\/product\/cochas-para-lactancia-pre-parto\/\",\"url\":\"https:\/\/lolly.com.br\/es\/product\/cochas-para-lactancia-pre-parto\/\",\"name\":\"COCHAS PARA LACT\u00c2NCIA PRE PARTO - Lolly Brasil - I Lolly You\",\"isPartOf\":{\"@id\":\"https:\/\/lolly.com.br\/es\/#website\"},\"datePublished\":\"2022-06-09T20:43:08+00:00\",\"dateModified\":\"2022-10-07T12:56:23+00:00\",\"breadcrumb\":{\"@id\":\"https:\/\/lolly.com.br\/es\/product\/cochas-para-lactancia-pre-parto\/#breadcrumb\"},\"inLanguage\":\"es\",\"potentialAction\":[{\"@type\":\"ReadAction\",\"target\":[\"https:\/\/lolly.com.br\/es\/product\/cochas-para-lactancia-pre-parto\/\"]}]},{\"@type\":\"BreadcrumbList\",\"@id\":\"https:\/\/lolly.com.br\/es\/product\/cochas-para-lactancia-pre-parto\/#breadcrumb\",\"itemListElement\":[{\"@type\":\"ListItem\",\"position\":1,\"name\":\"In\u00edcio\",\"item\":\"https:\/\/lolly.com.br\/es\/\"},{\"@type\":\"ListItem\",\"position\":2,\"name\":\"Productos\",\"item\":\"https:\/\/lolly.com.br\/es\/productos\/\"},{\"@type\":\"ListItem\",\"position\":3,\"name\":\"COCHAS PARA LACT\u00c2NCIA PRE PARTO\"}]},{\"@type\":\"WebSite\",\"@id\":\"https:\/\/lolly.com.br\/es\/#website\",\"url\":\"https:\/\/lolly.com.br\/es\/\",\"name\":\"Lolly Brasil - I Lolly You\",\"description\":\"Com uma jornada marcada por sonhos, desafios, aperfei\u00e7oamento da gest\u00e3o, ISO9001, bem como por Processos Sustent\u00e1veis, a Lolly \u00e9 uma empresa 100% brasileira que sempre prezou pela valoriza\u00e7\u00e3o dos parceiros e colaboradores. Em sua trajet\u00f3ria de mais de 30 anos, investe em inova\u00e7\u00e3o, laborat\u00f3rios de pesquisas, equipes especializadas e tudo isso com um \u00fanico objetivo: melhor se conectar com o consumidor, para atend\u00ea-lo al\u00e9m de suas expectativas e contribuir para uma vida melhor.\",\"publisher\":{\"@id\":\"https:\/\/lolly.com.br\/es\/#organization\"},\"potentialAction\":[{\"@type\":\"SearchAction\",\"target\":{\"@type\":\"EntryPoint\",\"urlTemplate\":\"https:\/\/lolly.com.br\/es\/?s={search_term_string}\"},\"query-input\":\"required name=search_term_string\"}],\"inLanguage\":\"es\"},{\"@type\":\"Organization\",\"@id\":\"https:\/\/lolly.com.br\/es\/#organization\",\"name\":\"Lolly Brasil\",\"url\":\"https:\/\/lolly.com.br\/es\/\",\"logo\":{\"@type\":\"ImageObject\",\"inLanguage\":\"es\",\"@id\":\"https:\/\/lolly.com.br\/es\/#\/schema\/logo\/image\/\",\"url\":\"https:\/\/lolly.com.br\/wp-content\/uploads\/2021\/12\/logo.png\",\"contentUrl\":\"https:\/\/lolly.com.br\/wp-content\/uploads\/2021\/12\/logo.png\",\"width\":1004,\"height\":457,\"caption\":\"Lolly Brasil\"},\"image\":{\"@id\":\"https:\/\/lolly.com.br\/es\/#\/schema\/logo\/image\/\"},\"sameAs\":[\"https:\/\/www.instagram.com\/lollybrasil\/\",\"https:\/\/www.facebook.com\/lollybrasil\",\"https:\/\/twitter.com\/lollybrasil\"]}]}<\/script>\n<!-- \/ Yoast SEO plugin. -->","yoast_head_json":{"title":"COCHAS PARA LACT\u00c2NCIA PRE PARTO - Lolly Brasil - I Lolly You","robots":{"index":"index","follow":"follow","max-snippet":"max-snippet:-1","max-image-preview":"max-image-preview:large","max-video-preview":"max-video-preview:-1"},"canonical":"https:\/\/lolly.com.br\/es\/product\/cochas-para-lactancia-pre-parto\/","og_locale":"es_ES","og_type":"article","og_title":"COCHAS PARA LACT\u00c2NCIA PRE PARTO - Lolly Brasil - I Lolly You","og_description":"Utilidad: facilitar la lactancia, proteger la tetina y prevenir la congesti\u00f3n mamaria.  Composici\u00f3n: PP  Fondo: R\u00edgido  Embalaje: 7220-01 - Bl\u00edster c\/ 1 kit (4 cochas). | Caja c\/ 6 bl\u00edsters  NCM: 3924.90.00","og_url":"https:\/\/lolly.com.br\/es\/product\/cochas-para-lactancia-pre-parto\/","og_site_name":"Lolly Brasil - I Lolly You","article_publisher":"https:\/\/www.facebook.com\/lollybrasil","article_modified_time":"2022-10-07T12:56:23+00:00","og_image":[{"width":875,"height":875,"url":"https:\/\/lolly.com.br\/wp-content\/uploads\/2022\/09\/7220-1-1.png","type":"image\/png"}],"twitter_card":"summary_large_image","twitter_site":"@lollybrasil","twitter_misc":{"Tiempo de lectura":"2 minutos"},"schema":{"@context":"https:\/\/schema.org","@graph":[{"@type":"WebPage","@id":"https:\/\/lolly.com.br\/es\/product\/cochas-para-lactancia-pre-parto\/","url":"https:\/\/lolly.com.br\/es\/product\/cochas-para-lactancia-pre-parto\/","name":"COCHAS PARA LACT\u00c2NCIA PRE PARTO - Lolly Brasil - I Lolly You","isPartOf":{"@id":"https:\/\/lolly.com.br\/es\/#website"},"datePublished":"2022-06-09T20:43:08+00:00","dateModified":"2022-10-07T12:56:23+00:00","breadcrumb":{"@id":"https:\/\/lolly.com.br\/es\/product\/cochas-para-lactancia-pre-parto\/#breadcrumb"},"inLanguage":"es","potentialAction":[{"@type":"ReadAction","target":["https:\/\/lolly.com.br\/es\/product\/cochas-para-lactancia-pre-parto\/"]}]},{"@type":"BreadcrumbList","@id":"https:\/\/lolly.com.br\/es\/product\/cochas-para-lactancia-pre-parto\/#breadcrumb","itemListElement":[{"@type":"ListItem","position":1,"name":"In\u00edcio","item":"https:\/\/lolly.com.br\/es\/"},{"@type":"ListItem","position":2,"name":"Productos","item":"https:\/\/lolly.com.br\/es\/productos\/"},{"@type":"ListItem","position":3,"name":"COCHAS PARA LACT\u00c2NCIA PRE PARTO"}]},{"@type":"WebSite","@id":"https:\/\/lolly.com.br\/es\/#website","url":"https:\/\/lolly.com.br\/es\/","name":"Lolly Brasil - I Lolly You","description":"Com uma jornada marcada por sonhos, desafios, aperfei\u00e7oamento da gest\u00e3o, ISO9001, bem como por Processos Sustent\u00e1veis, a Lolly \u00e9 uma empresa 100% brasileira que sempre prezou pela valoriza\u00e7\u00e3o dos parceiros e colaboradores. Em sua trajet\u00f3ria de mais de 30 anos, investe em inova\u00e7\u00e3o, laborat\u00f3rios de pesquisas, equipes especializadas e tudo isso com um \u00fanico objetivo: melhor se conectar com o consumidor, para atend\u00ea-lo al\u00e9m de suas expectativas e contribuir para uma vida melhor.","publisher":{"@id":"https:\/\/lolly.com.br\/es\/#organization"},"potentialAction":[{"@type":"SearchAction","target":{"@type":"EntryPoint","urlTemplate":"https:\/\/lolly.com.br\/es\/?s={search_term_string}"},"query-input":"required name=search_term_string"}],"inLanguage":"es"},{"@type":"Organization","@id":"https:\/\/lolly.com.br\/es\/#organization","name":"Lolly Brasil","url":"https:\/\/lolly.com.br\/es\/","logo":{"@type":"ImageObject","inLanguage":"es","@id":"https:\/\/lolly.com.br\/es\/#\/schema\/logo\/image\/","url":"https:\/\/lolly.com.br\/wp-content\/uploads\/2021\/12\/logo.png","contentUrl":"https:\/\/lolly.com.br\/wp-content\/uploads\/2021\/12\/logo.png","width":1004,"height":457,"caption":"Lolly Brasil"},"image":{"@id":"https:\/\/lolly.com.br\/es\/#\/schema\/logo\/image\/"},"sameAs":["https:\/\/www.instagram.com\/lollybrasil\/","https:\/\/www.facebook.com\/lollybrasil","https:\/\/twitter.com\/lollybrasil"]}]}},"_links":{"self":[{"href":"https:\/\/lolly.com.br\/es\/wp-json\/wp\/v2\/product\/79107"}],"collection":[{"href":"https:\/\/lolly.com.br\/es\/wp-json\/wp\/v2\/product"}],"about":[{"href":"https:\/\/lolly.com.br\/es\/wp-json\/wp\/v2\/types\/product"}],"replies":[{"embeddable":true,"href":"https:\/\/lolly.com.br\/es\/wp-json\/wp\/v2\/comments?post=79107"}],"version-history":[{"count":2,"href":"https:\/\/lolly.com.br\/es\/wp-json\/wp\/v2\/product\/79107\/revisions"}],"predecessor-version":[{"id":79522,"href":"https:\/\/lolly.com.br\/es\/wp-json\/wp\/v2\/product\/79107\/revisions\/79522"}],"wp:featuredmedia":[{"embeddable":true,"href":"https:\/\/lolly.com.br\/es\/wp-json\/wp\/v2\/media\/78497"}],"wp:attachment":[{"href":"https:\/\/lolly.com.br\/es\/wp-json\/wp\/v2\/media?parent=79107"}],"wp:term":[{"taxonomy":"product_cat","embeddable":true,"href":"https:\/\/lolly.com.br\/es\/wp-json\/wp\/v2\/product_cat?post=79107"},{"taxonomy":"product_tag","embeddable":true,"href":"https:\/\/lolly.com.br\/es\/wp-json\/wp\/v2\/product_tag?post=79107"}],"curies":[{"name":"wp","href":"https:\/\/api.w.org\/{rel}","templated":true}]}}