{"id":79090,"date":"2022-06-09T17:43:12","date_gmt":"2022-06-09T20:43:12","guid":{"rendered":"https:\/\/lolly.com.br\/product\/extrator-manual-de-leite-materno\/"},"modified":"2022-10-06T20:10:22","modified_gmt":"2022-10-06T23:10:22","slug":"extractor-manual-de-leche-materna","status":"publish","type":"product","link":"https:\/\/lolly.com.br\/es\/product\/extractor-manual-de-leche-materna\/","title":{"rendered":"EXTRACTOR MANUAL DE LECHE MATERNA"},"content":{"rendered":"<p>El Extractor Manual de Leche Materna Lolly favorece la extracci\u00f3n de leche materna y la succi\u00f3n natural del beb\u00e9. Fue dise\u00f1ado para la madre que necesita extraer leche de forma pr\u00e1ctica y segura.<\/p>\n<p>Y m\u00e1s:<\/p>\n<p>Se recomienda para ayudar en la preparaci\u00f3n de las tetinas.<br \/>\nLa almohadilla de silicona masajea el seno y brinda comodidad a la mam\u00e1.<br \/>\nBote Extra: el \u00fanico del mercado que viene con un bote m\u00e1s para almacenar la leche.<br \/>\n\u00a1Viene con una bolsa para que puedas llevarlo a cualquier parte!<\/p>\n<p>*La Organizaci\u00f3n Mundial de la Salud (OMS) y el Ministerio de Salud de Brasil recomiendan la lactancia materna durante dos a\u00f1os o m\u00e1s, siendo exclusiva durante los primeros seis meses.<\/p>\n<p><iframe loading=\"lazy\" title=\"Extrator Manual de Leite Materno Lolly\" width=\"1200\" height=\"675\" src=\"https:\/\/www.youtube.com\/embed\/WdBWrlCtKKw?feature=oembed\" frameborder=\"0\" allow=\"accelerometer; autoplay; clipboard-write; encrypted-media; gyroscope; picture-in-picture\" allowfullscreen><\/iframe><\/p>\n","protected":false},"excerpt":{"rendered":"<p>Utilidad: extraer leche materna.<\/p>\n<p>Composici\u00f3n: PP, silicona<\/p>\n<p>Embalaje:<br \/>\n7226-01 &#8211; Cartucho c\/ 1 un. | Caja c\/ 2 cartuchos.<\/p>\n<p>NCM: 8414.20.00<\/p>\n","protected":false},"featured_media":78515,"comment_status":"open","ping_status":"closed","template":"","meta":[],"product_cat":[315],"product_tag":[],"yoast_head":"<!-- This site is optimized with the Yoast SEO plugin v19.9 - https:\/\/yoast.com\/wordpress\/plugins\/seo\/ -->\n<title>EXTRACTOR MANUAL DE LECHE MATERNA - Lolly Brasil - I Lolly You<\/title>\n<meta name=\"robots\" content=\"index, follow, max-snippet:-1, max-image-preview:large, max-video-preview:-1\" \/>\n<link rel=\"canonical\" href=\"https:\/\/lolly.com.br\/es\/product\/extractor-manual-de-leche-materna\/\" \/>\n<meta property=\"og:locale\" content=\"es_ES\" \/>\n<meta property=\"og:type\" content=\"article\" \/>\n<meta property=\"og:title\" content=\"EXTRACTOR MANUAL DE LECHE MATERNA - Lolly Brasil - I Lolly You\" \/>\n<meta property=\"og:description\" content=\"Utilidad: extraer leche materna.  Composici\u00f3n: PP, silicona  Embalaje: 7226-01 - Cartucho c\/ 1 un. | Caja c\/ 2 cartuchos.  NCM: 8414.20.00\" \/>\n<meta property=\"og:url\" content=\"https:\/\/lolly.com.br\/es\/product\/extractor-manual-de-leche-materna\/\" \/>\n<meta property=\"og:site_name\" content=\"Lolly Brasil - I Lolly You\" \/>\n<meta property=\"article:publisher\" content=\"https:\/\/www.facebook.com\/lollybrasil\" \/>\n<meta property=\"article:modified_time\" content=\"2022-10-06T23:10:22+00:00\" \/>\n<meta property=\"og:image\" content=\"https:\/\/lolly.com.br\/wp-content\/uploads\/2022\/09\/7226-1-1.png\" \/>\n\t<meta property=\"og:image:width\" content=\"875\" \/>\n\t<meta property=\"og:image:height\" content=\"875\" \/>\n\t<meta property=\"og:image:type\" content=\"image\/png\" \/>\n<meta name=\"twitter:card\" content=\"summary_large_image\" \/>\n<meta name=\"twitter:site\" content=\"@lollybrasil\" \/>\n<meta name=\"twitter:label1\" content=\"Tiempo de lectura\" \/>\n\t<meta name=\"twitter:data1\" content=\"1 minuto\" \/>\n<script type=\"application\/ld+json\" class=\"yoast-schema-graph\">{\"@context\":\"https:\/\/schema.org\",\"@graph\":[{\"@type\":\"WebPage\",\"@id\":\"https:\/\/lolly.com.br\/es\/product\/extractor-manual-de-leche-materna\/\",\"url\":\"https:\/\/lolly.com.br\/es\/product\/extractor-manual-de-leche-materna\/\",\"name\":\"EXTRACTOR MANUAL DE LECHE MATERNA - Lolly Brasil - I Lolly You\",\"isPartOf\":{\"@id\":\"https:\/\/lolly.com.br\/es\/#website\"},\"datePublished\":\"2022-06-09T20:43:12+00:00\",\"dateModified\":\"2022-10-06T23:10:22+00:00\",\"breadcrumb\":{\"@id\":\"https:\/\/lolly.com.br\/es\/product\/extractor-manual-de-leche-materna\/#breadcrumb\"},\"inLanguage\":\"es\",\"potentialAction\":[{\"@type\":\"ReadAction\",\"target\":[\"https:\/\/lolly.com.br\/es\/product\/extractor-manual-de-leche-materna\/\"]}]},{\"@type\":\"BreadcrumbList\",\"@id\":\"https:\/\/lolly.com.br\/es\/product\/extractor-manual-de-leche-materna\/#breadcrumb\",\"itemListElement\":[{\"@type\":\"ListItem\",\"position\":1,\"name\":\"In\u00edcio\",\"item\":\"https:\/\/lolly.com.br\/es\/\"},{\"@type\":\"ListItem\",\"position\":2,\"name\":\"Productos\",\"item\":\"https:\/\/lolly.com.br\/es\/productos\/\"},{\"@type\":\"ListItem\",\"position\":3,\"name\":\"EXTRACTOR MANUAL DE LECHE MATERNA\"}]},{\"@type\":\"WebSite\",\"@id\":\"https:\/\/lolly.com.br\/es\/#website\",\"url\":\"https:\/\/lolly.com.br\/es\/\",\"name\":\"Lolly Brasil - I Lolly You\",\"description\":\"Com uma jornada marcada por sonhos, desafios, aperfei\u00e7oamento da gest\u00e3o, ISO9001, bem como por Processos Sustent\u00e1veis, a Lolly \u00e9 uma empresa 100% brasileira que sempre prezou pela valoriza\u00e7\u00e3o dos parceiros e colaboradores. Em sua trajet\u00f3ria de mais de 30 anos, investe em inova\u00e7\u00e3o, laborat\u00f3rios de pesquisas, equipes especializadas e tudo isso com um \u00fanico objetivo: melhor se conectar com o consumidor, para atend\u00ea-lo al\u00e9m de suas expectativas e contribuir para uma vida melhor.\",\"publisher\":{\"@id\":\"https:\/\/lolly.com.br\/es\/#organization\"},\"potentialAction\":[{\"@type\":\"SearchAction\",\"target\":{\"@type\":\"EntryPoint\",\"urlTemplate\":\"https:\/\/lolly.com.br\/es\/?s={search_term_string}\"},\"query-input\":\"required name=search_term_string\"}],\"inLanguage\":\"es\"},{\"@type\":\"Organization\",\"@id\":\"https:\/\/lolly.com.br\/es\/#organization\",\"name\":\"Lolly Brasil\",\"url\":\"https:\/\/lolly.com.br\/es\/\",\"logo\":{\"@type\":\"ImageObject\",\"inLanguage\":\"es\",\"@id\":\"https:\/\/lolly.com.br\/es\/#\/schema\/logo\/image\/\",\"url\":\"https:\/\/lolly.com.br\/wp-content\/uploads\/2021\/12\/logo.png\",\"contentUrl\":\"https:\/\/lolly.com.br\/wp-content\/uploads\/2021\/12\/logo.png\",\"width\":1004,\"height\":457,\"caption\":\"Lolly Brasil\"},\"image\":{\"@id\":\"https:\/\/lolly.com.br\/es\/#\/schema\/logo\/image\/\"},\"sameAs\":[\"https:\/\/www.instagram.com\/lollybrasil\/\",\"https:\/\/www.facebook.com\/lollybrasil\",\"https:\/\/twitter.com\/lollybrasil\"]}]}<\/script>\n<!-- \/ Yoast SEO plugin. -->","yoast_head_json":{"title":"EXTRACTOR MANUAL DE LECHE MATERNA - Lolly Brasil - I Lolly You","robots":{"index":"index","follow":"follow","max-snippet":"max-snippet:-1","max-image-preview":"max-image-preview:large","max-video-preview":"max-video-preview:-1"},"canonical":"https:\/\/lolly.com.br\/es\/product\/extractor-manual-de-leche-materna\/","og_locale":"es_ES","og_type":"article","og_title":"EXTRACTOR MANUAL DE LECHE MATERNA - Lolly Brasil - I Lolly You","og_description":"Utilidad: extraer leche materna.  Composici\u00f3n: PP, silicona  Embalaje: 7226-01 - Cartucho c\/ 1 un. | Caja c\/ 2 cartuchos.  NCM: 8414.20.00","og_url":"https:\/\/lolly.com.br\/es\/product\/extractor-manual-de-leche-materna\/","og_site_name":"Lolly Brasil - I Lolly You","article_publisher":"https:\/\/www.facebook.com\/lollybrasil","article_modified_time":"2022-10-06T23:10:22+00:00","og_image":[{"width":875,"height":875,"url":"https:\/\/lolly.com.br\/wp-content\/uploads\/2022\/09\/7226-1-1.png","type":"image\/png"}],"twitter_card":"summary_large_image","twitter_site":"@lollybrasil","twitter_misc":{"Tiempo de lectura":"1 minuto"},"schema":{"@context":"https:\/\/schema.org","@graph":[{"@type":"WebPage","@id":"https:\/\/lolly.com.br\/es\/product\/extractor-manual-de-leche-materna\/","url":"https:\/\/lolly.com.br\/es\/product\/extractor-manual-de-leche-materna\/","name":"EXTRACTOR MANUAL DE LECHE MATERNA - Lolly Brasil - I Lolly You","isPartOf":{"@id":"https:\/\/lolly.com.br\/es\/#website"},"datePublished":"2022-06-09T20:43:12+00:00","dateModified":"2022-10-06T23:10:22+00:00","breadcrumb":{"@id":"https:\/\/lolly.com.br\/es\/product\/extractor-manual-de-leche-materna\/#breadcrumb"},"inLanguage":"es","potentialAction":[{"@type":"ReadAction","target":["https:\/\/lolly.com.br\/es\/product\/extractor-manual-de-leche-materna\/"]}]},{"@type":"BreadcrumbList","@id":"https:\/\/lolly.com.br\/es\/product\/extractor-manual-de-leche-materna\/#breadcrumb","itemListElement":[{"@type":"ListItem","position":1,"name":"In\u00edcio","item":"https:\/\/lolly.com.br\/es\/"},{"@type":"ListItem","position":2,"name":"Productos","item":"https:\/\/lolly.com.br\/es\/productos\/"},{"@type":"ListItem","position":3,"name":"EXTRACTOR MANUAL DE LECHE MATERNA"}]},{"@type":"WebSite","@id":"https:\/\/lolly.com.br\/es\/#website","url":"https:\/\/lolly.com.br\/es\/","name":"Lolly Brasil - I Lolly You","description":"Com uma jornada marcada por sonhos, desafios, aperfei\u00e7oamento da gest\u00e3o, ISO9001, bem como por Processos Sustent\u00e1veis, a Lolly \u00e9 uma empresa 100% brasileira que sempre prezou pela valoriza\u00e7\u00e3o dos parceiros e colaboradores. Em sua trajet\u00f3ria de mais de 30 anos, investe em inova\u00e7\u00e3o, laborat\u00f3rios de pesquisas, equipes especializadas e tudo isso com um \u00fanico objetivo: melhor se conectar com o consumidor, para atend\u00ea-lo al\u00e9m de suas expectativas e contribuir para uma vida melhor.","publisher":{"@id":"https:\/\/lolly.com.br\/es\/#organization"},"potentialAction":[{"@type":"SearchAction","target":{"@type":"EntryPoint","urlTemplate":"https:\/\/lolly.com.br\/es\/?s={search_term_string}"},"query-input":"required name=search_term_string"}],"inLanguage":"es"},{"@type":"Organization","@id":"https:\/\/lolly.com.br\/es\/#organization","name":"Lolly Brasil","url":"https:\/\/lolly.com.br\/es\/","logo":{"@type":"ImageObject","inLanguage":"es","@id":"https:\/\/lolly.com.br\/es\/#\/schema\/logo\/image\/","url":"https:\/\/lolly.com.br\/wp-content\/uploads\/2021\/12\/logo.png","contentUrl":"https:\/\/lolly.com.br\/wp-content\/uploads\/2021\/12\/logo.png","width":1004,"height":457,"caption":"Lolly Brasil"},"image":{"@id":"https:\/\/lolly.com.br\/es\/#\/schema\/logo\/image\/"},"sameAs":["https:\/\/www.instagram.com\/lollybrasil\/","https:\/\/www.facebook.com\/lollybrasil","https:\/\/twitter.com\/lollybrasil"]}]}},"_links":{"self":[{"href":"https:\/\/lolly.com.br\/es\/wp-json\/wp\/v2\/product\/79090"}],"collection":[{"href":"https:\/\/lolly.com.br\/es\/wp-json\/wp\/v2\/product"}],"about":[{"href":"https:\/\/lolly.com.br\/es\/wp-json\/wp\/v2\/types\/product"}],"replies":[{"embeddable":true,"href":"https:\/\/lolly.com.br\/es\/wp-json\/wp\/v2\/comments?post=79090"}],"version-history":[{"count":2,"href":"https:\/\/lolly.com.br\/es\/wp-json\/wp\/v2\/product\/79090\/revisions"}],"predecessor-version":[{"id":79500,"href":"https:\/\/lolly.com.br\/es\/wp-json\/wp\/v2\/product\/79090\/revisions\/79500"}],"wp:featuredmedia":[{"embeddable":true,"href":"https:\/\/lolly.com.br\/es\/wp-json\/wp\/v2\/media\/78515"}],"wp:attachment":[{"href":"https:\/\/lolly.com.br\/es\/wp-json\/wp\/v2\/media?parent=79090"}],"wp:term":[{"taxonomy":"product_cat","embeddable":true,"href":"https:\/\/lolly.com.br\/es\/wp-json\/wp\/v2\/product_cat?post=79090"},{"taxonomy":"product_tag","embeddable":true,"href":"https:\/\/lolly.com.br\/es\/wp-json\/wp\/v2\/product_tag?post=79090"}],"curies":[{"name":"wp","href":"https:\/\/api.w.org\/{rel}","templated":true}]}}