{"id":78996,"date":"2022-06-09T17:44:09","date_gmt":"2022-06-09T20:44:09","guid":{"rendered":"https:\/\/lolly.com.br\/product\/mamadeira-com-alca-zoo-250ml-r\/"},"modified":"2022-10-06T18:33:35","modified_gmt":"2022-10-06T21:33:35","slug":"biberon-con-manija-zoo-250-natural","status":"publish","type":"product","link":"https:\/\/lolly.com.br\/es\/product\/biberon-con-manija-zoo-250-natural\/","title":{"rendered":"BIBER\u00d3N CON MANIJA ZOO 250 NATURAL"},"content":{"rendered":"<p>250 ml.<\/p>\n<p>Manija retirable.<\/p>\n<p>Ve el video:<\/p>\n<p><iframe loading=\"lazy\" title=\"YouTube video player\" src=\"https:\/\/www.youtube.com\/embed\/xJr2e64wiiE?controls=0\" width=\"560\" height=\"315\" frameborder=\"0\" allowfullscreen=\"allowfullscreen\"><\/iframe><\/p>\n","protected":false},"excerpt":{"rendered":"<p><strong>BIB C\/ MANIJA <\/strong><strong>ZOO <\/strong><strong>250ml SIL R<\/strong><\/p>\n<p><strong>2560-01-AZ &#8211; Bl\u00edster c\/ 1 un. | Caja c\/ 6 bl\u00edsters.<\/strong><\/p>\n<p><strong>2560-01-RS &#8211; Bl\u00edster c\/ 1 un. | Caja c\/ 6 bl\u00edsters.<\/strong><\/p>\n<p>&nbsp;<\/p>\n<p><strong>BIB C\/ MANIJAA <\/strong><strong>ZOO <\/strong><strong>250ml SIL O<\/strong><\/p>\n<p><strong>2562-01-M &#8211; Bl\u00edster c\/ 1 un. | Caja c\/ 6 bl\u00edsters.<\/strong><\/p>\n<p><strong>2562-01-F &#8211; Bl\u00edster c\/ 1 un. | Caja c\/ 6 bl\u00edsters.<\/strong><\/p>\n<p>&nbsp;<\/p>\n<p><span style=\"color: #ced4d9; font-family: 'andale mono', monospace; font-size: 16px; background-color: #ffffff;\">ESTE V\u00cdDEO \u00c9 UMA PUBLICA\u00c7\u00c3O DA LOLLY DE CUNHO MERAMENTE INFORMATIVO E COM DISTRIBUI\u00c7\u00c3O EXCLUSIVA PARA VENDA E TREINAMENTO DA EQUIPE INTERNA DA LOLLY E DE SEUS CLIENTES. \u00c9 EXPRESSAMENTE PROIBIDA A DIVULGA\u00c7\u00c3O DESTE MATERIAL OU PARTE DELE AO CONSUMIDOR FINAL. A PROMO\u00c7\u00c3O COMERCIAL DE MAMADEIRAS, BICOS E CHUPETAS \u00c9 VEDADA PELA LEI N\u00ba 11.265\/2006. A LOLLY N\u00c3O SE RESPONSABILIZA PELA UTILIZA\u00c7\u00c3O INDEVIDA DESTE CAT\u00c1LOGO. EM CASO DE D\u00daVIDA FAVOR NOS CONTATAR. \u201cO MINIST\u00c9RIO DA SA\u00daDE ADVERTE: A CRIAN\u00c7A QUE MAMA NO PEITO N\u00c3O NECESSITA DE MAMADEIRA, BICO OU CHUPETA. O USO DE MAMADEIRA, BICO OU CHUPETA PREJUDICA O ALEITAMENTO MATERNO.\u201d<\/span><\/p>\n","protected":false},"featured_media":78667,"comment_status":"open","ping_status":"closed","template":"","meta":[],"product_cat":[322,316],"product_tag":[],"yoast_head":"<!-- This site is optimized with the Yoast SEO plugin v19.9 - https:\/\/yoast.com\/wordpress\/plugins\/seo\/ -->\n<title>BIBER\u00d3N CON MANIJA ZOO 250 NATURAL - Lolly Brasil - I Lolly You<\/title>\n<meta name=\"robots\" content=\"index, follow, max-snippet:-1, max-image-preview:large, max-video-preview:-1\" \/>\n<link rel=\"canonical\" href=\"https:\/\/lolly.com.br\/es\/product\/biberon-con-manija-zoo-250-natural\/\" \/>\n<meta property=\"og:locale\" content=\"es_ES\" \/>\n<meta property=\"og:type\" content=\"article\" \/>\n<meta property=\"og:title\" content=\"BIBER\u00d3N CON MANIJA ZOO 250 NATURAL - Lolly Brasil - I Lolly You\" \/>\n<meta property=\"og:description\" content=\"BIB C\/ MANIJA ZOO 250ml SIL R  2560-01-AZ - Bl\u00edster c\/ 1 un. | Caja c\/ 6 bl\u00edsters.  2560-01-RS - Bl\u00edster c\/ 1 un. | Caja c\/ 6 bl\u00edsters.  &nbsp;  BIB C\/ MANIJAA ZOO 250ml SIL O  2562-01-M - Bl\u00edster c\/ 1 un. | Caja c\/ 6 bl\u00edsters.  2562-01-F - Bl\u00edster c\/ 1 un. | Caja c\/ 6 bl\u00edsters.  &nbsp;  ESTE V\u00cdDEO \u00c9 UMA PUBLICA\u00c7\u00c3O DA LOLLY DE CUNHO MERAMENTE INFORMATIVO E COM DISTRIBUI\u00c7\u00c3O EXCLUSIVA PARA VENDA E TREINAMENTO DA EQUIPE INTERNA DA LOLLY E DE SEUS CLIENTES. \u00c9 EXPRESSAMENTE PROIBIDA A DIVULGA\u00c7\u00c3O DESTE MATERIAL OU PARTE DELE AO CONSUMIDOR FINAL. A PROMO\u00c7\u00c3O COMERCIAL DE MAMADEIRAS, BICOS E CHUPETAS \u00c9 VEDADA PELA LEI N\u00ba 11.265\/2006. A LOLLY N\u00c3O SE RESPONSABILIZA PELA UTILIZA\u00c7\u00c3O INDEVIDA DESTE CAT\u00c1LOGO. EM CASO DE D\u00daVIDA FAVOR NOS CONTATAR. \u201cO MINIST\u00c9RIO DA SA\u00daDE ADVERTE: A CRIAN\u00c7A QUE MAMA NO PEITO N\u00c3O NECESSITA DE MAMADEIRA, BICO OU CHUPETA. O USO DE MAMADEIRA, BICO OU CHUPETA PREJUDICA O ALEITAMENTO MATERNO.\u201d\" \/>\n<meta property=\"og:url\" content=\"https:\/\/lolly.com.br\/es\/product\/biberon-con-manija-zoo-250-natural\/\" \/>\n<meta property=\"og:site_name\" content=\"Lolly Brasil - I Lolly You\" \/>\n<meta property=\"article:publisher\" content=\"https:\/\/www.facebook.com\/lollybrasil\" \/>\n<meta property=\"article:modified_time\" content=\"2022-10-06T21:33:35+00:00\" \/>\n<meta property=\"og:image\" content=\"https:\/\/lolly.com.br\/wp-content\/uploads\/2022\/09\/2560-3.jpg\" \/>\n\t<meta property=\"og:image:width\" content=\"875\" \/>\n\t<meta property=\"og:image:height\" content=\"875\" \/>\n\t<meta property=\"og:image:type\" content=\"image\/jpeg\" \/>\n<meta name=\"twitter:card\" content=\"summary_large_image\" \/>\n<meta name=\"twitter:site\" content=\"@lollybrasil\" \/>\n<meta name=\"twitter:label1\" content=\"Tiempo de lectura\" \/>\n\t<meta name=\"twitter:data1\" content=\"1 minuto\" \/>\n<script type=\"application\/ld+json\" class=\"yoast-schema-graph\">{\"@context\":\"https:\/\/schema.org\",\"@graph\":[{\"@type\":\"WebPage\",\"@id\":\"https:\/\/lolly.com.br\/es\/product\/biberon-con-manija-zoo-250-natural\/\",\"url\":\"https:\/\/lolly.com.br\/es\/product\/biberon-con-manija-zoo-250-natural\/\",\"name\":\"BIBER\u00d3N CON MANIJA ZOO 250 NATURAL - Lolly Brasil - I Lolly You\",\"isPartOf\":{\"@id\":\"https:\/\/lolly.com.br\/es\/#website\"},\"datePublished\":\"2022-06-09T20:44:09+00:00\",\"dateModified\":\"2022-10-06T21:33:35+00:00\",\"breadcrumb\":{\"@id\":\"https:\/\/lolly.com.br\/es\/product\/biberon-con-manija-zoo-250-natural\/#breadcrumb\"},\"inLanguage\":\"es\",\"potentialAction\":[{\"@type\":\"ReadAction\",\"target\":[\"https:\/\/lolly.com.br\/es\/product\/biberon-con-manija-zoo-250-natural\/\"]}]},{\"@type\":\"BreadcrumbList\",\"@id\":\"https:\/\/lolly.com.br\/es\/product\/biberon-con-manija-zoo-250-natural\/#breadcrumb\",\"itemListElement\":[{\"@type\":\"ListItem\",\"position\":1,\"name\":\"In\u00edcio\",\"item\":\"https:\/\/lolly.com.br\/es\/\"},{\"@type\":\"ListItem\",\"position\":2,\"name\":\"Productos\",\"item\":\"https:\/\/lolly.com.br\/es\/productos\/\"},{\"@type\":\"ListItem\",\"position\":3,\"name\":\"BIBER\u00d3N CON MANIJA ZOO 250 NATURAL\"}]},{\"@type\":\"WebSite\",\"@id\":\"https:\/\/lolly.com.br\/es\/#website\",\"url\":\"https:\/\/lolly.com.br\/es\/\",\"name\":\"Lolly Brasil - I Lolly You\",\"description\":\"Com uma jornada marcada por sonhos, desafios, aperfei\u00e7oamento da gest\u00e3o, ISO9001, bem como por Processos Sustent\u00e1veis, a Lolly \u00e9 uma empresa 100% brasileira que sempre prezou pela valoriza\u00e7\u00e3o dos parceiros e colaboradores. Em sua trajet\u00f3ria de mais de 30 anos, investe em inova\u00e7\u00e3o, laborat\u00f3rios de pesquisas, equipes especializadas e tudo isso com um \u00fanico objetivo: melhor se conectar com o consumidor, para atend\u00ea-lo al\u00e9m de suas expectativas e contribuir para uma vida melhor.\",\"publisher\":{\"@id\":\"https:\/\/lolly.com.br\/es\/#organization\"},\"potentialAction\":[{\"@type\":\"SearchAction\",\"target\":{\"@type\":\"EntryPoint\",\"urlTemplate\":\"https:\/\/lolly.com.br\/es\/?s={search_term_string}\"},\"query-input\":\"required name=search_term_string\"}],\"inLanguage\":\"es\"},{\"@type\":\"Organization\",\"@id\":\"https:\/\/lolly.com.br\/es\/#organization\",\"name\":\"Lolly Brasil\",\"url\":\"https:\/\/lolly.com.br\/es\/\",\"logo\":{\"@type\":\"ImageObject\",\"inLanguage\":\"es\",\"@id\":\"https:\/\/lolly.com.br\/es\/#\/schema\/logo\/image\/\",\"url\":\"https:\/\/lolly.com.br\/wp-content\/uploads\/2021\/12\/logo.png\",\"contentUrl\":\"https:\/\/lolly.com.br\/wp-content\/uploads\/2021\/12\/logo.png\",\"width\":1004,\"height\":457,\"caption\":\"Lolly Brasil\"},\"image\":{\"@id\":\"https:\/\/lolly.com.br\/es\/#\/schema\/logo\/image\/\"},\"sameAs\":[\"https:\/\/www.instagram.com\/lollybrasil\/\",\"https:\/\/www.facebook.com\/lollybrasil\",\"https:\/\/twitter.com\/lollybrasil\"]}]}<\/script>\n<!-- \/ Yoast SEO plugin. -->","yoast_head_json":{"title":"BIBER\u00d3N CON MANIJA ZOO 250 NATURAL - Lolly Brasil - I Lolly You","robots":{"index":"index","follow":"follow","max-snippet":"max-snippet:-1","max-image-preview":"max-image-preview:large","max-video-preview":"max-video-preview:-1"},"canonical":"https:\/\/lolly.com.br\/es\/product\/biberon-con-manija-zoo-250-natural\/","og_locale":"es_ES","og_type":"article","og_title":"BIBER\u00d3N CON MANIJA ZOO 250 NATURAL - Lolly Brasil - I Lolly You","og_description":"BIB C\/ MANIJA ZOO 250ml SIL R  2560-01-AZ - Bl\u00edster c\/ 1 un. | Caja c\/ 6 bl\u00edsters.  2560-01-RS - Bl\u00edster c\/ 1 un. | Caja c\/ 6 bl\u00edsters.  &nbsp;  BIB C\/ MANIJAA ZOO 250ml SIL O  2562-01-M - Bl\u00edster c\/ 1 un. | Caja c\/ 6 bl\u00edsters.  2562-01-F - Bl\u00edster c\/ 1 un. | Caja c\/ 6 bl\u00edsters.  &nbsp;  ESTE V\u00cdDEO \u00c9 UMA PUBLICA\u00c7\u00c3O DA LOLLY DE CUNHO MERAMENTE INFORMATIVO E COM DISTRIBUI\u00c7\u00c3O EXCLUSIVA PARA VENDA E TREINAMENTO DA EQUIPE INTERNA DA LOLLY E DE SEUS CLIENTES. \u00c9 EXPRESSAMENTE PROIBIDA A DIVULGA\u00c7\u00c3O DESTE MATERIAL OU PARTE DELE AO CONSUMIDOR FINAL. A PROMO\u00c7\u00c3O COMERCIAL DE MAMADEIRAS, BICOS E CHUPETAS \u00c9 VEDADA PELA LEI N\u00ba 11.265\/2006. A LOLLY N\u00c3O SE RESPONSABILIZA PELA UTILIZA\u00c7\u00c3O INDEVIDA DESTE CAT\u00c1LOGO. EM CASO DE D\u00daVIDA FAVOR NOS CONTATAR. \u201cO MINIST\u00c9RIO DA SA\u00daDE ADVERTE: A CRIAN\u00c7A QUE MAMA NO PEITO N\u00c3O NECESSITA DE MAMADEIRA, BICO OU CHUPETA. O USO DE MAMADEIRA, BICO OU CHUPETA PREJUDICA O ALEITAMENTO MATERNO.\u201d","og_url":"https:\/\/lolly.com.br\/es\/product\/biberon-con-manija-zoo-250-natural\/","og_site_name":"Lolly Brasil - I Lolly You","article_publisher":"https:\/\/www.facebook.com\/lollybrasil","article_modified_time":"2022-10-06T21:33:35+00:00","og_image":[{"width":875,"height":875,"url":"https:\/\/lolly.com.br\/wp-content\/uploads\/2022\/09\/2560-3.jpg","type":"image\/jpeg"}],"twitter_card":"summary_large_image","twitter_site":"@lollybrasil","twitter_misc":{"Tiempo de lectura":"1 minuto"},"schema":{"@context":"https:\/\/schema.org","@graph":[{"@type":"WebPage","@id":"https:\/\/lolly.com.br\/es\/product\/biberon-con-manija-zoo-250-natural\/","url":"https:\/\/lolly.com.br\/es\/product\/biberon-con-manija-zoo-250-natural\/","name":"BIBER\u00d3N CON MANIJA ZOO 250 NATURAL - Lolly Brasil - I Lolly You","isPartOf":{"@id":"https:\/\/lolly.com.br\/es\/#website"},"datePublished":"2022-06-09T20:44:09+00:00","dateModified":"2022-10-06T21:33:35+00:00","breadcrumb":{"@id":"https:\/\/lolly.com.br\/es\/product\/biberon-con-manija-zoo-250-natural\/#breadcrumb"},"inLanguage":"es","potentialAction":[{"@type":"ReadAction","target":["https:\/\/lolly.com.br\/es\/product\/biberon-con-manija-zoo-250-natural\/"]}]},{"@type":"BreadcrumbList","@id":"https:\/\/lolly.com.br\/es\/product\/biberon-con-manija-zoo-250-natural\/#breadcrumb","itemListElement":[{"@type":"ListItem","position":1,"name":"In\u00edcio","item":"https:\/\/lolly.com.br\/es\/"},{"@type":"ListItem","position":2,"name":"Productos","item":"https:\/\/lolly.com.br\/es\/productos\/"},{"@type":"ListItem","position":3,"name":"BIBER\u00d3N CON MANIJA ZOO 250 NATURAL"}]},{"@type":"WebSite","@id":"https:\/\/lolly.com.br\/es\/#website","url":"https:\/\/lolly.com.br\/es\/","name":"Lolly Brasil - I Lolly You","description":"Com uma jornada marcada por sonhos, desafios, aperfei\u00e7oamento da gest\u00e3o, ISO9001, bem como por Processos Sustent\u00e1veis, a Lolly \u00e9 uma empresa 100% brasileira que sempre prezou pela valoriza\u00e7\u00e3o dos parceiros e colaboradores. Em sua trajet\u00f3ria de mais de 30 anos, investe em inova\u00e7\u00e3o, laborat\u00f3rios de pesquisas, equipes especializadas e tudo isso com um \u00fanico objetivo: melhor se conectar com o consumidor, para atend\u00ea-lo al\u00e9m de suas expectativas e contribuir para uma vida melhor.","publisher":{"@id":"https:\/\/lolly.com.br\/es\/#organization"},"potentialAction":[{"@type":"SearchAction","target":{"@type":"EntryPoint","urlTemplate":"https:\/\/lolly.com.br\/es\/?s={search_term_string}"},"query-input":"required name=search_term_string"}],"inLanguage":"es"},{"@type":"Organization","@id":"https:\/\/lolly.com.br\/es\/#organization","name":"Lolly Brasil","url":"https:\/\/lolly.com.br\/es\/","logo":{"@type":"ImageObject","inLanguage":"es","@id":"https:\/\/lolly.com.br\/es\/#\/schema\/logo\/image\/","url":"https:\/\/lolly.com.br\/wp-content\/uploads\/2021\/12\/logo.png","contentUrl":"https:\/\/lolly.com.br\/wp-content\/uploads\/2021\/12\/logo.png","width":1004,"height":457,"caption":"Lolly Brasil"},"image":{"@id":"https:\/\/lolly.com.br\/es\/#\/schema\/logo\/image\/"},"sameAs":["https:\/\/www.instagram.com\/lollybrasil\/","https:\/\/www.facebook.com\/lollybrasil","https:\/\/twitter.com\/lollybrasil"]}]}},"_links":{"self":[{"href":"https:\/\/lolly.com.br\/es\/wp-json\/wp\/v2\/product\/78996"}],"collection":[{"href":"https:\/\/lolly.com.br\/es\/wp-json\/wp\/v2\/product"}],"about":[{"href":"https:\/\/lolly.com.br\/es\/wp-json\/wp\/v2\/types\/product"}],"replies":[{"embeddable":true,"href":"https:\/\/lolly.com.br\/es\/wp-json\/wp\/v2\/comments?post=78996"}],"version-history":[{"count":2,"href":"https:\/\/lolly.com.br\/es\/wp-json\/wp\/v2\/product\/78996\/revisions"}],"predecessor-version":[{"id":79423,"href":"https:\/\/lolly.com.br\/es\/wp-json\/wp\/v2\/product\/78996\/revisions\/79423"}],"wp:featuredmedia":[{"embeddable":true,"href":"https:\/\/lolly.com.br\/es\/wp-json\/wp\/v2\/media\/78667"}],"wp:attachment":[{"href":"https:\/\/lolly.com.br\/es\/wp-json\/wp\/v2\/media?parent=78996"}],"wp:term":[{"taxonomy":"product_cat","embeddable":true,"href":"https:\/\/lolly.com.br\/es\/wp-json\/wp\/v2\/product_cat?post=78996"},{"taxonomy":"product_tag","embeddable":true,"href":"https:\/\/lolly.com.br\/es\/wp-json\/wp\/v2\/product_tag?post=78996"}],"curies":[{"name":"wp","href":"https:\/\/api.w.org\/{rel}","templated":true}]}}