{"id":78977,"date":"2022-06-09T17:44:27","date_gmt":"2022-06-09T20:44:27","guid":{"rendered":"https:\/\/lolly.com.br\/product\/chupeta-100-silicone-o\/"},"modified":"2022-10-06T18:10:40","modified_gmt":"2022-10-06T21:10:40","slug":"chupete-100-silicona-ortodontico","status":"publish","type":"product","link":"https:\/\/lolly.com.br\/es\/product\/chupete-100-silicona-ortodontico\/","title":{"rendered":"CHUPETE 100% SILICONA ORTOD\u00d3NTICO"},"content":{"rendered":"<p>100% Silicona.<\/p>\n<p>Ve el video:<\/p>\n<p><iframe loading=\"lazy\" title=\"YouTube video player\" src=\"https:\/\/www.youtube.com\/embed\/a3Quzdm12nQ?controls=0\" width=\"560\" height=\"315\" frameborder=\"0\" allowfullscreen=\"allowfullscreen\"><\/iframe><\/p>\n","protected":false},"excerpt":{"rendered":"<p><strong>CH 100% SILICONA O T1<\/strong><\/p>\n<p><strong>6014-01-M &#8211; Bl\u00edster c\/ 1un. | Caja c\/ 12 bl\u00edsters.<\/strong><\/p>\n<p><strong>6014-01-F &#8211; Bl\u00edster c\/ 1un. | Caja c\/ 12 bl\u00edsters.<\/strong><\/p>\n<p><strong>6014-01-N &#8211; Bl\u00edster c\/ 1un. | Caja c\/ 12 bl\u00edsters.<\/strong><\/p>\n<p>&nbsp;<\/p>\n<p><strong>CH 100% SILICONA O T1 CAJA C\/2<\/strong><\/p>\n<p><strong>6014-02-M &#8211; Estuche c\/ 2un. | Caja c\/ 6 <\/strong><strong>estuches<\/strong><strong>.<\/strong><\/p>\n<p><strong>6014-02-F &#8211; Estuche c\/ 2un. | Caja c\/ 6 estuches.<\/strong><\/p>\n<p>&nbsp;<\/p>\n<p><strong>CH 100% SILICONA O T2<\/strong><\/p>\n<p><strong>6015-01-M &#8211; Bl\u00edster c\/ 1un. | Caja c\/ 12 bl\u00edsters.<\/strong><\/p>\n<p><strong>6015-01-F &#8211; Bl\u00edster c\/ 1un. | Caja c\/ 12 bl\u00edsters.<\/strong><\/p>\n<p><strong>6015-01-N &#8211; Bl\u00edster c\/ 1un. | Caja c\/ 12 bl\u00edsters.<\/strong><\/p>\n<p>&nbsp;<\/p>\n<p><strong>CH 100% SILICONA O T2 CAJA C\/2<\/strong><\/p>\n<p><strong>6015-02-M &#8211; Estuche c\/ 2un. | Caja c\/ 6 estuches.<\/strong><\/p>\n<p><strong>6015-02-F &#8211; Estuche c\/ 2un. | Caja c\/ 6 estuches.<\/strong><\/p>\n","protected":false},"featured_media":78701,"comment_status":"open","ping_status":"closed","template":"","meta":[],"product_cat":[320,316],"product_tag":[],"yoast_head":"<!-- This site is optimized with the Yoast SEO plugin v19.9 - https:\/\/yoast.com\/wordpress\/plugins\/seo\/ -->\n<title>CHUPETE 100% SILICONA ORTOD\u00d3NTICO - Lolly Brasil - I Lolly You<\/title>\n<meta name=\"robots\" content=\"index, follow, max-snippet:-1, max-image-preview:large, max-video-preview:-1\" \/>\n<link rel=\"canonical\" href=\"https:\/\/lolly.com.br\/es\/product\/chupete-100-silicona-ortodontico\/\" \/>\n<meta property=\"og:locale\" content=\"es_ES\" \/>\n<meta property=\"og:type\" content=\"article\" \/>\n<meta property=\"og:title\" content=\"CHUPETE 100% SILICONA ORTOD\u00d3NTICO - Lolly Brasil - I Lolly You\" \/>\n<meta property=\"og:description\" content=\"CH 100% SILICONA O T1  6014-01-M - Bl\u00edster c\/ 1un. | Caja c\/ 12 bl\u00edsters.  6014-01-F - Bl\u00edster c\/ 1un. | Caja c\/ 12 bl\u00edsters.  6014-01-N - Bl\u00edster c\/ 1un. | Caja c\/ 12 bl\u00edsters.  &nbsp;  CH 100% SILICONA O T1 CAJA C\/2  6014-02-M - Estuche c\/ 2un. | Caja c\/ 6 estuches.  6014-02-F - Estuche c\/ 2un. | Caja c\/ 6 estuches.  &nbsp;  CH 100% SILICONA O T2  6015-01-M - Bl\u00edster c\/ 1un. | Caja c\/ 12 bl\u00edsters.  6015-01-F - Bl\u00edster c\/ 1un. | Caja c\/ 12 bl\u00edsters.  6015-01-N - Bl\u00edster c\/ 1un. | Caja c\/ 12 bl\u00edsters.  &nbsp;  CH 100% SILICONA O T2 CAJA C\/2  6015-02-M - Estuche c\/ 2un. | Caja c\/ 6 estuches.  6015-02-F - Estuche c\/ 2un. | Caja c\/ 6 estuches.\" \/>\n<meta property=\"og:url\" content=\"https:\/\/lolly.com.br\/es\/product\/chupete-100-silicona-ortodontico\/\" \/>\n<meta property=\"og:site_name\" content=\"Lolly Brasil - I Lolly You\" \/>\n<meta property=\"article:publisher\" content=\"https:\/\/www.facebook.com\/lollybrasil\" \/>\n<meta property=\"article:modified_time\" content=\"2022-10-06T21:10:40+00:00\" \/>\n<meta property=\"og:image\" content=\"https:\/\/lolly.com.br\/wp-content\/uploads\/2022\/09\/6015-2.jpg\" \/>\n\t<meta property=\"og:image:width\" content=\"875\" \/>\n\t<meta property=\"og:image:height\" content=\"875\" \/>\n\t<meta property=\"og:image:type\" content=\"image\/jpeg\" \/>\n<meta name=\"twitter:card\" content=\"summary_large_image\" \/>\n<meta name=\"twitter:site\" content=\"@lollybrasil\" \/>\n<meta name=\"twitter:label1\" content=\"Tiempo de lectura\" \/>\n\t<meta name=\"twitter:data1\" content=\"1 minuto\" \/>\n<script type=\"application\/ld+json\" class=\"yoast-schema-graph\">{\"@context\":\"https:\/\/schema.org\",\"@graph\":[{\"@type\":\"WebPage\",\"@id\":\"https:\/\/lolly.com.br\/es\/product\/chupete-100-silicona-ortodontico\/\",\"url\":\"https:\/\/lolly.com.br\/es\/product\/chupete-100-silicona-ortodontico\/\",\"name\":\"CHUPETE 100% SILICONA ORTOD\u00d3NTICO - Lolly Brasil - I Lolly You\",\"isPartOf\":{\"@id\":\"https:\/\/lolly.com.br\/es\/#website\"},\"datePublished\":\"2022-06-09T20:44:27+00:00\",\"dateModified\":\"2022-10-06T21:10:40+00:00\",\"breadcrumb\":{\"@id\":\"https:\/\/lolly.com.br\/es\/product\/chupete-100-silicona-ortodontico\/#breadcrumb\"},\"inLanguage\":\"es\",\"potentialAction\":[{\"@type\":\"ReadAction\",\"target\":[\"https:\/\/lolly.com.br\/es\/product\/chupete-100-silicona-ortodontico\/\"]}]},{\"@type\":\"BreadcrumbList\",\"@id\":\"https:\/\/lolly.com.br\/es\/product\/chupete-100-silicona-ortodontico\/#breadcrumb\",\"itemListElement\":[{\"@type\":\"ListItem\",\"position\":1,\"name\":\"In\u00edcio\",\"item\":\"https:\/\/lolly.com.br\/es\/\"},{\"@type\":\"ListItem\",\"position\":2,\"name\":\"Productos\",\"item\":\"https:\/\/lolly.com.br\/es\/productos\/\"},{\"@type\":\"ListItem\",\"position\":3,\"name\":\"CHUPETE 100% SILICONA ORTOD\u00d3NTICO\"}]},{\"@type\":\"WebSite\",\"@id\":\"https:\/\/lolly.com.br\/es\/#website\",\"url\":\"https:\/\/lolly.com.br\/es\/\",\"name\":\"Lolly Brasil - I Lolly You\",\"description\":\"Com uma jornada marcada por sonhos, desafios, aperfei\u00e7oamento da gest\u00e3o, ISO9001, bem como por Processos Sustent\u00e1veis, a Lolly \u00e9 uma empresa 100% brasileira que sempre prezou pela valoriza\u00e7\u00e3o dos parceiros e colaboradores. Em sua trajet\u00f3ria de mais de 30 anos, investe em inova\u00e7\u00e3o, laborat\u00f3rios de pesquisas, equipes especializadas e tudo isso com um \u00fanico objetivo: melhor se conectar com o consumidor, para atend\u00ea-lo al\u00e9m de suas expectativas e contribuir para uma vida melhor.\",\"publisher\":{\"@id\":\"https:\/\/lolly.com.br\/es\/#organization\"},\"potentialAction\":[{\"@type\":\"SearchAction\",\"target\":{\"@type\":\"EntryPoint\",\"urlTemplate\":\"https:\/\/lolly.com.br\/es\/?s={search_term_string}\"},\"query-input\":\"required name=search_term_string\"}],\"inLanguage\":\"es\"},{\"@type\":\"Organization\",\"@id\":\"https:\/\/lolly.com.br\/es\/#organization\",\"name\":\"Lolly Brasil\",\"url\":\"https:\/\/lolly.com.br\/es\/\",\"logo\":{\"@type\":\"ImageObject\",\"inLanguage\":\"es\",\"@id\":\"https:\/\/lolly.com.br\/es\/#\/schema\/logo\/image\/\",\"url\":\"https:\/\/lolly.com.br\/wp-content\/uploads\/2021\/12\/logo.png\",\"contentUrl\":\"https:\/\/lolly.com.br\/wp-content\/uploads\/2021\/12\/logo.png\",\"width\":1004,\"height\":457,\"caption\":\"Lolly Brasil\"},\"image\":{\"@id\":\"https:\/\/lolly.com.br\/es\/#\/schema\/logo\/image\/\"},\"sameAs\":[\"https:\/\/www.instagram.com\/lollybrasil\/\",\"https:\/\/www.facebook.com\/lollybrasil\",\"https:\/\/twitter.com\/lollybrasil\"]}]}<\/script>\n<!-- \/ Yoast SEO plugin. -->","yoast_head_json":{"title":"CHUPETE 100% SILICONA ORTOD\u00d3NTICO - Lolly Brasil - I Lolly You","robots":{"index":"index","follow":"follow","max-snippet":"max-snippet:-1","max-image-preview":"max-image-preview:large","max-video-preview":"max-video-preview:-1"},"canonical":"https:\/\/lolly.com.br\/es\/product\/chupete-100-silicona-ortodontico\/","og_locale":"es_ES","og_type":"article","og_title":"CHUPETE 100% SILICONA ORTOD\u00d3NTICO - Lolly Brasil - I Lolly You","og_description":"CH 100% SILICONA O T1  6014-01-M - Bl\u00edster c\/ 1un. | Caja c\/ 12 bl\u00edsters.  6014-01-F - Bl\u00edster c\/ 1un. | Caja c\/ 12 bl\u00edsters.  6014-01-N - Bl\u00edster c\/ 1un. | Caja c\/ 12 bl\u00edsters.  &nbsp;  CH 100% SILICONA O T1 CAJA C\/2  6014-02-M - Estuche c\/ 2un. | Caja c\/ 6 estuches.  6014-02-F - Estuche c\/ 2un. | Caja c\/ 6 estuches.  &nbsp;  CH 100% SILICONA O T2  6015-01-M - Bl\u00edster c\/ 1un. | Caja c\/ 12 bl\u00edsters.  6015-01-F - Bl\u00edster c\/ 1un. | Caja c\/ 12 bl\u00edsters.  6015-01-N - Bl\u00edster c\/ 1un. | Caja c\/ 12 bl\u00edsters.  &nbsp;  CH 100% SILICONA O T2 CAJA C\/2  6015-02-M - Estuche c\/ 2un. | Caja c\/ 6 estuches.  6015-02-F - Estuche c\/ 2un. | Caja c\/ 6 estuches.","og_url":"https:\/\/lolly.com.br\/es\/product\/chupete-100-silicona-ortodontico\/","og_site_name":"Lolly Brasil - I Lolly You","article_publisher":"https:\/\/www.facebook.com\/lollybrasil","article_modified_time":"2022-10-06T21:10:40+00:00","og_image":[{"width":875,"height":875,"url":"https:\/\/lolly.com.br\/wp-content\/uploads\/2022\/09\/6015-2.jpg","type":"image\/jpeg"}],"twitter_card":"summary_large_image","twitter_site":"@lollybrasil","twitter_misc":{"Tiempo de lectura":"1 minuto"},"schema":{"@context":"https:\/\/schema.org","@graph":[{"@type":"WebPage","@id":"https:\/\/lolly.com.br\/es\/product\/chupete-100-silicona-ortodontico\/","url":"https:\/\/lolly.com.br\/es\/product\/chupete-100-silicona-ortodontico\/","name":"CHUPETE 100% SILICONA ORTOD\u00d3NTICO - Lolly Brasil - I Lolly You","isPartOf":{"@id":"https:\/\/lolly.com.br\/es\/#website"},"datePublished":"2022-06-09T20:44:27+00:00","dateModified":"2022-10-06T21:10:40+00:00","breadcrumb":{"@id":"https:\/\/lolly.com.br\/es\/product\/chupete-100-silicona-ortodontico\/#breadcrumb"},"inLanguage":"es","potentialAction":[{"@type":"ReadAction","target":["https:\/\/lolly.com.br\/es\/product\/chupete-100-silicona-ortodontico\/"]}]},{"@type":"BreadcrumbList","@id":"https:\/\/lolly.com.br\/es\/product\/chupete-100-silicona-ortodontico\/#breadcrumb","itemListElement":[{"@type":"ListItem","position":1,"name":"In\u00edcio","item":"https:\/\/lolly.com.br\/es\/"},{"@type":"ListItem","position":2,"name":"Productos","item":"https:\/\/lolly.com.br\/es\/productos\/"},{"@type":"ListItem","position":3,"name":"CHUPETE 100% SILICONA ORTOD\u00d3NTICO"}]},{"@type":"WebSite","@id":"https:\/\/lolly.com.br\/es\/#website","url":"https:\/\/lolly.com.br\/es\/","name":"Lolly Brasil - I Lolly You","description":"Com uma jornada marcada por sonhos, desafios, aperfei\u00e7oamento da gest\u00e3o, ISO9001, bem como por Processos Sustent\u00e1veis, a Lolly \u00e9 uma empresa 100% brasileira que sempre prezou pela valoriza\u00e7\u00e3o dos parceiros e colaboradores. Em sua trajet\u00f3ria de mais de 30 anos, investe em inova\u00e7\u00e3o, laborat\u00f3rios de pesquisas, equipes especializadas e tudo isso com um \u00fanico objetivo: melhor se conectar com o consumidor, para atend\u00ea-lo al\u00e9m de suas expectativas e contribuir para uma vida melhor.","publisher":{"@id":"https:\/\/lolly.com.br\/es\/#organization"},"potentialAction":[{"@type":"SearchAction","target":{"@type":"EntryPoint","urlTemplate":"https:\/\/lolly.com.br\/es\/?s={search_term_string}"},"query-input":"required name=search_term_string"}],"inLanguage":"es"},{"@type":"Organization","@id":"https:\/\/lolly.com.br\/es\/#organization","name":"Lolly Brasil","url":"https:\/\/lolly.com.br\/es\/","logo":{"@type":"ImageObject","inLanguage":"es","@id":"https:\/\/lolly.com.br\/es\/#\/schema\/logo\/image\/","url":"https:\/\/lolly.com.br\/wp-content\/uploads\/2021\/12\/logo.png","contentUrl":"https:\/\/lolly.com.br\/wp-content\/uploads\/2021\/12\/logo.png","width":1004,"height":457,"caption":"Lolly Brasil"},"image":{"@id":"https:\/\/lolly.com.br\/es\/#\/schema\/logo\/image\/"},"sameAs":["https:\/\/www.instagram.com\/lollybrasil\/","https:\/\/www.facebook.com\/lollybrasil","https:\/\/twitter.com\/lollybrasil"]}]}},"_links":{"self":[{"href":"https:\/\/lolly.com.br\/es\/wp-json\/wp\/v2\/product\/78977"}],"collection":[{"href":"https:\/\/lolly.com.br\/es\/wp-json\/wp\/v2\/product"}],"about":[{"href":"https:\/\/lolly.com.br\/es\/wp-json\/wp\/v2\/types\/product"}],"replies":[{"embeddable":true,"href":"https:\/\/lolly.com.br\/es\/wp-json\/wp\/v2\/comments?post=78977"}],"version-history":[{"count":2,"href":"https:\/\/lolly.com.br\/es\/wp-json\/wp\/v2\/product\/78977\/revisions"}],"predecessor-version":[{"id":79411,"href":"https:\/\/lolly.com.br\/es\/wp-json\/wp\/v2\/product\/78977\/revisions\/79411"}],"wp:featuredmedia":[{"embeddable":true,"href":"https:\/\/lolly.com.br\/es\/wp-json\/wp\/v2\/media\/78701"}],"wp:attachment":[{"href":"https:\/\/lolly.com.br\/es\/wp-json\/wp\/v2\/media?parent=78977"}],"wp:term":[{"taxonomy":"product_cat","embeddable":true,"href":"https:\/\/lolly.com.br\/es\/wp-json\/wp\/v2\/product_cat?post=78977"},{"taxonomy":"product_tag","embeddable":true,"href":"https:\/\/lolly.com.br\/es\/wp-json\/wp\/v2\/product_tag?post=78977"}],"curies":[{"name":"wp","href":"https:\/\/api.w.org\/{rel}","templated":true}]}}