{"id":80486,"date":"2022-06-01T18:43:21","date_gmt":"2022-06-01T21:43:21","guid":{"rendered":"https:\/\/lolly.com.br\/?page_id=80486"},"modified":"2024-01-12T15:41:55","modified_gmt":"2024-01-12T18:41:55","slug":"sostenibilidad","status":"publish","type":"page","link":"https:\/\/lolly.com.br\/es\/sostenibilidad\/","title":{"rendered":"Sostenibilidad"},"content":{"rendered":"\t\t<div data-elementor-type=\"wp-page\" data-elementor-id=\"80486\" class=\"elementor elementor-80486 elementor-77453\" data-elementor-settings=\"[]\">\n\t\t\t\t\t\t\t<div class=\"elementor-section-wrap\">\n\t\t\t\t\t\t\t<section class=\"elementor-section elementor-top-section elementor-element elementor-element-13760a8 elementor-reverse-tablet elementor-reverse-mobile elementor-section-boxed elementor-section-height-default elementor-section-height-default\" data-id=\"13760a8\" data-element_type=\"section\" data-settings=\"{&quot;background_background&quot;:&quot;classic&quot;}\">\n\t\t\t\t\t\t\t<div class=\"elementor-background-overlay\"><\/div>\n\t\t\t\t\t\t\t<div class=\"elementor-container elementor-column-gap-wider\">\n\t\t\t\t\t<div class=\"elementor-column elementor-col-100 elementor-top-column elementor-element elementor-element-3fddcef\" data-id=\"3fddcef\" data-element_type=\"column\">\n\t\t\t<div class=\"elementor-widget-wrap elementor-element-populated\">\n\t\t\t\t\t\t\t\t<div class=\"elementor-element elementor-element-78b51ab elementor-invisible elementor-widget elementor-widget-heading\" data-id=\"78b51ab\" data-element_type=\"widget\" data-settings=\"{&quot;_animation&quot;:&quot;slideInDown&quot;}\" data-widget_type=\"heading.default\">\n\t\t\t\t<div class=\"elementor-widget-container\">\n\t\t\t<h1 class=\"elementor-heading-title elementor-size-default\">Sostenib<span>\ufeff<\/span>ilidad<span style=\"color: rgb(47, 47, 133); font-weight: 400;\"> <\/span><\/h1>\t\t<\/div>\n\t\t\t\t<\/div>\n\t\t\t\t\t<\/div>\n\t\t<\/div>\n\t\t\t\t\t\t\t<\/div>\n\t\t<\/section>\n\t\t\t\t<section class=\"elementor-section elementor-top-section elementor-element elementor-element-b28ef01 elementor-section-boxed elementor-section-height-default elementor-section-height-default\" data-id=\"b28ef01\" data-element_type=\"section\" data-settings=\"{&quot;background_background&quot;:&quot;classic&quot;}\">\n\t\t\t\t\t\t<div class=\"elementor-container elementor-column-gap-wider\">\n\t\t\t\t\t<div class=\"elementor-column elementor-col-50 elementor-top-column elementor-element elementor-element-3b9f1e8\" data-id=\"3b9f1e8\" data-element_type=\"column\">\n\t\t\t<div class=\"elementor-widget-wrap elementor-element-populated\">\n\t\t\t\t\t\t\t\t<div class=\"elementor-element elementor-element-777259f elementor-widget-tablet__width-inherit elementor-widget elementor-widget-image\" data-id=\"777259f\" data-element_type=\"widget\" data-widget_type=\"image.default\">\n\t\t\t\t<div class=\"elementor-widget-container\">\n\t\t\t\t\t\t\t\t\t\t\t\t\t\t\t<img width=\"1250\" height=\"1250\" src=\"https:\/\/lolly.com.br\/wp-content\/uploads\/2023\/07\/Lolly_Sistentabilidade_IS.png\" class=\"attachment-full size-full\" alt=\"\" loading=\"lazy\" srcset=\"https:\/\/lolly.com.br\/wp-content\/uploads\/2023\/07\/Lolly_Sistentabilidade_IS.png 1250w, https:\/\/lolly.com.br\/wp-content\/uploads\/2023\/07\/Lolly_Sistentabilidade_IS-300x300.png 300w, https:\/\/lolly.com.br\/wp-content\/uploads\/2023\/07\/Lolly_Sistentabilidade_IS-1024x1024.png 1024w, https:\/\/lolly.com.br\/wp-content\/uploads\/2023\/07\/Lolly_Sistentabilidade_IS-150x150.png 150w, https:\/\/lolly.com.br\/wp-content\/uploads\/2023\/07\/Lolly_Sistentabilidade_IS-768x768.png 768w, https:\/\/lolly.com.br\/wp-content\/uploads\/2023\/07\/Lolly_Sistentabilidade_IS-1200x1200.png 1200w, https:\/\/lolly.com.br\/wp-content\/uploads\/2023\/07\/Lolly_Sistentabilidade_IS-200x200.png 200w\" sizes=\"(max-width: 1250px) 100vw, 1250px\" \/>\t\t\t\t\t\t\t\t\t\t\t\t\t\t\t<\/div>\n\t\t\t\t<\/div>\n\t\t\t\t<div class=\"elementor-element elementor-element-924c4fb elementor-widget-tablet__width-inherit elementor-widget elementor-widget-image\" data-id=\"924c4fb\" data-element_type=\"widget\" data-widget_type=\"image.default\">\n\t\t\t\t<div class=\"elementor-widget-container\">\n\t\t\t\t\t\t\t\t\t\t\t\t\t\t\t<img src=\"https:\/\/lolly.com.br\/wp-content\/uploads\/2022\/01\/2022-0022.jpg\" title=\"\" alt=\"\" \/>\t\t\t\t\t\t\t\t\t\t\t\t\t\t\t<\/div>\n\t\t\t\t<\/div>\n\t\t\t\t\t<\/div>\n\t\t<\/div>\n\t\t\t\t<div class=\"elementor-column elementor-col-50 elementor-top-column elementor-element elementor-element-86b58ec\" data-id=\"86b58ec\" data-element_type=\"column\">\n\t\t\t<div class=\"elementor-widget-wrap elementor-element-populated\">\n\t\t\t\t\t\t\t\t<div class=\"elementor-element elementor-element-4d6a4c7 elementor-widget-tablet__width-inherit animated-fast elementor-invisible elementor-widget elementor-widget-image\" data-id=\"4d6a4c7\" data-element_type=\"widget\" data-settings=\"{&quot;_animation_delay&quot;:150,&quot;_animation&quot;:&quot;fadeInUp&quot;}\" data-widget_type=\"image.default\">\n\t\t\t\t<div class=\"elementor-widget-container\">\n\t\t\t\t\t\t\t\t\t\t\t\t\t\t\t<img width=\"250\" height=\"177\" src=\"https:\/\/lolly.com.br\/wp-content\/uploads\/2023\/07\/Lolly_sostenible_250.png\" class=\"attachment-full size-full\" alt=\"\" loading=\"lazy\" \/>\t\t\t\t\t\t\t\t\t\t\t\t\t\t\t<\/div>\n\t\t\t\t<\/div>\n\t\t\t\t<div class=\"elementor-element elementor-element-77eb1c6 elementor-widget elementor-widget-spacer\" data-id=\"77eb1c6\" data-element_type=\"widget\" data-widget_type=\"spacer.default\">\n\t\t\t\t<div class=\"elementor-widget-container\">\n\t\t\t\t\t<div class=\"elementor-spacer\">\n\t\t\t<div class=\"elementor-spacer-inner\"><\/div>\n\t\t<\/div>\n\t\t\t\t<\/div>\n\t\t\t\t<\/div>\n\t\t\t\t<div class=\"elementor-element elementor-element-f1483b9 elementor-widget elementor-widget-text-editor\" data-id=\"f1483b9\" data-element_type=\"widget\" data-widget_type=\"text-editor.default\">\n\t\t\t\t<div class=\"elementor-widget-container\">\n\t\t\t\t\t\t\t<p>M\u00e1s que una tendencia, ser <strong>sostenible es saber planificar tus acciones<\/strong> econ\u00f3micas contemplando actitudes \u00e9ticas, conscientes y que colaboran con el futuro. Es saber definir las acciones e iniciativas de la empresa basadas en la \u00e9tica y el respeto ambiental, fortaleciendo tanto a la propia organizaci\u00f3n como a todos los que se relacionan con ella.<\/p><p>En <strong>Lolly Brasil<\/strong>, nos enorgullece ser <strong>una empresa 100% legal.<\/strong> Esto significa tener sostenibilidad ambiental y social.<\/p><p>Todo nuestro consumo de energ\u00eda proviene de fuentes alternativas renovables (e\u00f3lica, biomasa, geot\u00e9rmica y solar).<\/p>\t\t\t\t\t\t<\/div>\n\t\t\t\t<\/div>\n\t\t\t\t<div class=\"elementor-element elementor-element-a3454c0 elementor-widget elementor-widget-spacer\" data-id=\"a3454c0\" data-element_type=\"widget\" data-widget_type=\"spacer.default\">\n\t\t\t\t<div class=\"elementor-widget-container\">\n\t\t\t\t\t<div class=\"elementor-spacer\">\n\t\t\t<div class=\"elementor-spacer-inner\"><\/div>\n\t\t<\/div>\n\t\t\t\t<\/div>\n\t\t\t\t<\/div>\n\t\t\t\t\t<\/div>\n\t\t<\/div>\n\t\t\t\t\t\t\t<\/div>\n\t\t<\/section>\n\t\t\t\t<section class=\"elementor-section elementor-top-section elementor-element elementor-element-1af1122 elementor-section-boxed elementor-section-height-default elementor-section-height-default\" data-id=\"1af1122\" data-element_type=\"section\">\n\t\t\t\t\t\t<div class=\"elementor-container elementor-column-gap-no\">\n\t\t\t\t\t<div class=\"elementor-column elementor-col-100 elementor-top-column elementor-element elementor-element-c6c90c9\" data-id=\"c6c90c9\" data-element_type=\"column\">\n\t\t\t<div class=\"elementor-widget-wrap elementor-element-populated\">\n\t\t\t\t\t\t\t\t<div class=\"elementor-element elementor-element-4651453 animated-fast elementor-invisible elementor-widget elementor-widget-image\" data-id=\"4651453\" data-element_type=\"widget\" data-settings=\"{&quot;_animation&quot;:&quot;fadeInUp&quot;}\" data-widget_type=\"image.default\">\n\t\t\t\t<div class=\"elementor-widget-container\">\n\t\t\t\t\t\t\t\t\t\t\t\t\t\t\t<img width=\"2440\" height=\"800\" src=\"https:\/\/lolly.com.br\/wp-content\/uploads\/2023\/07\/1-sostenibilidad.jpg\" class=\"attachment-full size-full\" alt=\"\" loading=\"lazy\" srcset=\"https:\/\/lolly.com.br\/wp-content\/uploads\/2023\/07\/1-sostenibilidad.jpg 2440w, https:\/\/lolly.com.br\/wp-content\/uploads\/2023\/07\/1-sostenibilidad-300x98.jpg 300w, https:\/\/lolly.com.br\/wp-content\/uploads\/2023\/07\/1-sostenibilidad-1024x336.jpg 1024w, https:\/\/lolly.com.br\/wp-content\/uploads\/2023\/07\/1-sostenibilidad-768x252.jpg 768w, https:\/\/lolly.com.br\/wp-content\/uploads\/2023\/07\/1-sostenibilidad-1536x504.jpg 1536w, https:\/\/lolly.com.br\/wp-content\/uploads\/2023\/07\/1-sostenibilidad-2048x671.jpg 2048w, https:\/\/lolly.com.br\/wp-content\/uploads\/2023\/07\/1-sostenibilidad-1200x393.jpg 1200w\" sizes=\"(max-width: 2440px) 100vw, 2440px\" \/>\t\t\t\t\t\t\t\t\t\t\t\t\t\t\t<\/div>\n\t\t\t\t<\/div>\n\t\t\t\t\t<\/div>\n\t\t<\/div>\n\t\t\t\t\t\t\t<\/div>\n\t\t<\/section>\n\t\t\t\t<section class=\"elementor-section elementor-top-section elementor-element elementor-element-e3f88fb elementor-section-boxed elementor-section-height-default elementor-section-height-default\" data-id=\"e3f88fb\" data-element_type=\"section\">\n\t\t\t\t\t\t<div class=\"elementor-container elementor-column-gap-no\">\n\t\t\t\t\t<div class=\"elementor-column elementor-col-100 elementor-top-column elementor-element elementor-element-bb1de19\" data-id=\"bb1de19\" data-element_type=\"column\">\n\t\t\t<div class=\"elementor-widget-wrap elementor-element-populated\">\n\t\t\t\t\t\t\t\t<div class=\"elementor-element elementor-element-232300f animated-fast elementor-invisible elementor-widget elementor-widget-image\" data-id=\"232300f\" data-element_type=\"widget\" data-settings=\"{&quot;_animation&quot;:&quot;fadeInUp&quot;}\" data-widget_type=\"image.default\">\n\t\t\t\t<div class=\"elementor-widget-container\">\n\t\t\t\t\t\t\t\t\t\t\t\t\t\t\t<img width=\"2440\" height=\"800\" src=\"https:\/\/lolly.com.br\/wp-content\/uploads\/2024\/01\/Lolly_Brasil_EuReciclo_Embalagem_ES_Sustentabilidade_2023.png\" class=\"attachment-full size-full\" alt=\"\" loading=\"lazy\" srcset=\"https:\/\/lolly.com.br\/wp-content\/uploads\/2024\/01\/Lolly_Brasil_EuReciclo_Embalagem_ES_Sustentabilidade_2023.png 2440w, https:\/\/lolly.com.br\/wp-content\/uploads\/2024\/01\/Lolly_Brasil_EuReciclo_Embalagem_ES_Sustentabilidade_2023-300x98.png 300w, https:\/\/lolly.com.br\/wp-content\/uploads\/2024\/01\/Lolly_Brasil_EuReciclo_Embalagem_ES_Sustentabilidade_2023-1024x336.png 1024w, https:\/\/lolly.com.br\/wp-content\/uploads\/2024\/01\/Lolly_Brasil_EuReciclo_Embalagem_ES_Sustentabilidade_2023-768x252.png 768w, https:\/\/lolly.com.br\/wp-content\/uploads\/2024\/01\/Lolly_Brasil_EuReciclo_Embalagem_ES_Sustentabilidade_2023-1536x504.png 1536w, https:\/\/lolly.com.br\/wp-content\/uploads\/2024\/01\/Lolly_Brasil_EuReciclo_Embalagem_ES_Sustentabilidade_2023-2048x671.png 2048w, https:\/\/lolly.com.br\/wp-content\/uploads\/2024\/01\/Lolly_Brasil_EuReciclo_Embalagem_ES_Sustentabilidade_2023-1200x393.png 1200w\" sizes=\"(max-width: 2440px) 100vw, 2440px\" \/>\t\t\t\t\t\t\t\t\t\t\t\t\t\t\t<\/div>\n\t\t\t\t<\/div>\n\t\t\t\t\t<\/div>\n\t\t<\/div>\n\t\t\t\t\t\t\t<\/div>\n\t\t<\/section>\n\t\t\t\t<section class=\"elementor-section elementor-top-section elementor-element elementor-element-db96358 elementor-section-boxed elementor-section-height-default elementor-section-height-default\" data-id=\"db96358\" data-element_type=\"section\">\n\t\t\t\t\t\t<div class=\"elementor-container elementor-column-gap-no\">\n\t\t\t\t\t<div class=\"elementor-column elementor-col-100 elementor-top-column elementor-element elementor-element-8000493\" data-id=\"8000493\" data-element_type=\"column\">\n\t\t\t<div class=\"elementor-widget-wrap elementor-element-populated\">\n\t\t\t\t\t\t\t\t<div class=\"elementor-element elementor-element-38500ac animated-fast elementor-invisible elementor-widget elementor-widget-image\" data-id=\"38500ac\" data-element_type=\"widget\" data-settings=\"{&quot;_animation&quot;:&quot;fadeInUp&quot;}\" data-widget_type=\"image.default\">\n\t\t\t\t<div class=\"elementor-widget-container\">\n\t\t\t\t\t\t\t\t\t\t\t\t\t\t\t<img width=\"2440\" height=\"800\" src=\"https:\/\/lolly.com.br\/wp-content\/uploads\/2023\/07\/3-sostenibilidad.jpg\" class=\"attachment-full size-full\" alt=\"\" loading=\"lazy\" srcset=\"https:\/\/lolly.com.br\/wp-content\/uploads\/2023\/07\/3-sostenibilidad.jpg 2440w, https:\/\/lolly.com.br\/wp-content\/uploads\/2023\/07\/3-sostenibilidad-300x98.jpg 300w, https:\/\/lolly.com.br\/wp-content\/uploads\/2023\/07\/3-sostenibilidad-1024x336.jpg 1024w, https:\/\/lolly.com.br\/wp-content\/uploads\/2023\/07\/3-sostenibilidad-768x252.jpg 768w, https:\/\/lolly.com.br\/wp-content\/uploads\/2023\/07\/3-sostenibilidad-1536x504.jpg 1536w, https:\/\/lolly.com.br\/wp-content\/uploads\/2023\/07\/3-sostenibilidad-2048x671.jpg 2048w, https:\/\/lolly.com.br\/wp-content\/uploads\/2023\/07\/3-sostenibilidad-1200x393.jpg 1200w\" sizes=\"(max-width: 2440px) 100vw, 2440px\" \/>\t\t\t\t\t\t\t\t\t\t\t\t\t\t\t<\/div>\n\t\t\t\t<\/div>\n\t\t\t\t\t<\/div>\n\t\t<\/div>\n\t\t\t\t\t\t\t<\/div>\n\t\t<\/section>\n\t\t\t\t<section class=\"elementor-section elementor-top-section elementor-element elementor-element-899c499 elementor-section-boxed elementor-section-height-default elementor-section-height-default\" data-id=\"899c499\" data-element_type=\"section\">\n\t\t\t\t\t\t<div class=\"elementor-container elementor-column-gap-no\">\n\t\t\t\t\t<div class=\"elementor-column elementor-col-100 elementor-top-column elementor-element elementor-element-fd2be41\" data-id=\"fd2be41\" data-element_type=\"column\">\n\t\t\t<div class=\"elementor-widget-wrap elementor-element-populated\">\n\t\t\t\t\t\t\t\t<div class=\"elementor-element elementor-element-0c9726f animated-fast elementor-invisible elementor-widget elementor-widget-image\" data-id=\"0c9726f\" data-element_type=\"widget\" data-settings=\"{&quot;_animation&quot;:&quot;fadeInUp&quot;}\" data-widget_type=\"image.default\">\n\t\t\t\t<div class=\"elementor-widget-container\">\n\t\t\t\t\t\t\t\t\t\t\t\t\t\t\t<img width=\"2440\" height=\"800\" src=\"https:\/\/lolly.com.br\/wp-content\/uploads\/2023\/07\/4-sostenibilidad.jpg\" class=\"attachment-full size-full\" alt=\"\" loading=\"lazy\" srcset=\"https:\/\/lolly.com.br\/wp-content\/uploads\/2023\/07\/4-sostenibilidad.jpg 2440w, https:\/\/lolly.com.br\/wp-content\/uploads\/2023\/07\/4-sostenibilidad-300x98.jpg 300w, https:\/\/lolly.com.br\/wp-content\/uploads\/2023\/07\/4-sostenibilidad-1024x336.jpg 1024w, https:\/\/lolly.com.br\/wp-content\/uploads\/2023\/07\/4-sostenibilidad-768x252.jpg 768w, https:\/\/lolly.com.br\/wp-content\/uploads\/2023\/07\/4-sostenibilidad-1536x504.jpg 1536w, https:\/\/lolly.com.br\/wp-content\/uploads\/2023\/07\/4-sostenibilidad-2048x671.jpg 2048w, https:\/\/lolly.com.br\/wp-content\/uploads\/2023\/07\/4-sostenibilidad-1200x393.jpg 1200w\" sizes=\"(max-width: 2440px) 100vw, 2440px\" \/>\t\t\t\t\t\t\t\t\t\t\t\t\t\t\t<\/div>\n\t\t\t\t<\/div>\n\t\t\t\t\t<\/div>\n\t\t<\/div>\n\t\t\t\t\t\t\t<\/div>\n\t\t<\/section>\n\t\t\t\t<section class=\"elementor-section elementor-top-section elementor-element elementor-element-dcdf544 elementor-section-boxed elementor-section-height-default elementor-section-height-default\" data-id=\"dcdf544\" data-element_type=\"section\">\n\t\t\t\t\t\t<div class=\"elementor-container elementor-column-gap-default\">\n\t\t\t\t\t<div class=\"elementor-column elementor-col-100 elementor-top-column elementor-element elementor-element-879dfb5\" data-id=\"879dfb5\" data-element_type=\"column\">\n\t\t\t<div class=\"elementor-widget-wrap elementor-element-populated\">\n\t\t\t\t\t\t\t\t<div class=\"elementor-element elementor-element-b5b8add elementor-widget elementor-widget-spacer\" data-id=\"b5b8add\" data-element_type=\"widget\" data-widget_type=\"spacer.default\">\n\t\t\t\t<div class=\"elementor-widget-container\">\n\t\t\t\t\t<div class=\"elementor-spacer\">\n\t\t\t<div class=\"elementor-spacer-inner\"><\/div>\n\t\t<\/div>\n\t\t\t\t<\/div>\n\t\t\t\t<\/div>\n\t\t\t\t\t<\/div>\n\t\t<\/div>\n\t\t\t\t\t\t\t<\/div>\n\t\t<\/section>\n\t\t\t\t\t\t<\/div>\n\t\t\t\t\t<\/div>\n\t\t","protected":false},"excerpt":{"rendered":"<p>Sostenib\ufeffilidad M\u00e1s que una tendencia, ser sostenible es saber planificar tus acciones econ\u00f3micas contemplando actitudes \u00e9ticas, conscientes y que colaboran con el futuro. Es saber definir las acciones e iniciativas de la empresa basadas en la \u00e9tica y el respeto ambiental, fortaleciendo tanto a la propia organizaci\u00f3n como a todos los que se relacionan con&hellip;<\/p>\n","protected":false},"author":13,"featured_media":0,"parent":0,"menu_order":21,"comment_status":"closed","ping_status":"closed","template":"elementor_header_footer","meta":[],"yoast_head":"<!-- This site is optimized with the Yoast SEO plugin v19.9 - https:\/\/yoast.com\/wordpress\/plugins\/seo\/ -->\n<title>En Lolly Brasil, nos enorgullece ser una empresa 100% legal.<\/title>\n<meta name=\"description\" content=\"Esto significa tener sostenibilidad ambiental y social.Todo nuestro consumo de energ\u00eda proviene de fuentes alternativas renovables (e\u00f3lica, biomasa, geot\u00e9rmica y solar)\" \/>\n<meta name=\"robots\" content=\"index, follow, max-snippet:-1, max-image-preview:large, max-video-preview:-1\" \/>\n<link rel=\"canonical\" href=\"https:\/\/lolly.com.br\/es\/sostenibilidad\/\" \/>\n<meta property=\"og:locale\" content=\"es_ES\" \/>\n<meta property=\"og:type\" content=\"article\" \/>\n<meta property=\"og:title\" content=\"En Lolly Brasil, nos enorgullece ser una empresa 100% legal.\" \/>\n<meta property=\"og:description\" content=\"Esto significa tener sostenibilidad ambiental y social.Todo nuestro consumo de energ\u00eda proviene de fuentes alternativas renovables (e\u00f3lica, biomasa, geot\u00e9rmica y solar)\" \/>\n<meta property=\"og:url\" content=\"https:\/\/lolly.com.br\/es\/sostenibilidad\/\" \/>\n<meta property=\"og:site_name\" content=\"Lolly Brasil - I Lolly You\" \/>\n<meta property=\"article:publisher\" content=\"https:\/\/www.facebook.com\/lollybrasil\" \/>\n<meta property=\"article:modified_time\" content=\"2024-01-12T18:41:55+00:00\" \/>\n<meta property=\"og:image\" content=\"https:\/\/lolly.com.br\/wp-content\/uploads\/2023\/07\/Lolly_Sistentabilidade_IS.png\" \/>\n<meta name=\"twitter:card\" content=\"summary_large_image\" \/>\n<meta name=\"twitter:site\" content=\"@lollybrasil\" \/>\n<meta name=\"twitter:label1\" content=\"Tiempo de lectura\" \/>\n\t<meta name=\"twitter:data1\" content=\"2 minutos\" \/>\n<script type=\"application\/ld+json\" class=\"yoast-schema-graph\">{\"@context\":\"https:\/\/schema.org\",\"@graph\":[{\"@type\":\"WebPage\",\"@id\":\"https:\/\/lolly.com.br\/es\/sostenibilidad\/\",\"url\":\"https:\/\/lolly.com.br\/es\/sostenibilidad\/\",\"name\":\"En Lolly Brasil, nos enorgullece ser una empresa 100% legal.\",\"isPartOf\":{\"@id\":\"https:\/\/lolly.com.br\/es\/#website\"},\"datePublished\":\"2022-06-01T21:43:21+00:00\",\"dateModified\":\"2024-01-12T18:41:55+00:00\",\"description\":\"Esto significa tener sostenibilidad ambiental y social.Todo nuestro consumo de energ\u00eda proviene de fuentes alternativas renovables (e\u00f3lica, biomasa, geot\u00e9rmica y solar)\",\"breadcrumb\":{\"@id\":\"https:\/\/lolly.com.br\/es\/sostenibilidad\/#breadcrumb\"},\"inLanguage\":\"es\",\"potentialAction\":[{\"@type\":\"ReadAction\",\"target\":[\"https:\/\/lolly.com.br\/es\/sostenibilidad\/\"]}]},{\"@type\":\"BreadcrumbList\",\"@id\":\"https:\/\/lolly.com.br\/es\/sostenibilidad\/#breadcrumb\",\"itemListElement\":[{\"@type\":\"ListItem\",\"position\":1,\"name\":\"In\u00edcio\",\"item\":\"https:\/\/lolly.com.br\/es\/\"},{\"@type\":\"ListItem\",\"position\":2,\"name\":\"Sostenibilidad\"}]},{\"@type\":\"WebSite\",\"@id\":\"https:\/\/lolly.com.br\/es\/#website\",\"url\":\"https:\/\/lolly.com.br\/es\/\",\"name\":\"Lolly Brasil - I Lolly You\",\"description\":\"Com uma jornada marcada por sonhos, desafios, aperfei\u00e7oamento da gest\u00e3o, ISO9001, bem como por Processos Sustent\u00e1veis, a Lolly \u00e9 uma empresa 100% brasileira que sempre prezou pela valoriza\u00e7\u00e3o dos parceiros e colaboradores. Em sua trajet\u00f3ria de mais de 30 anos, investe em inova\u00e7\u00e3o, laborat\u00f3rios de pesquisas, equipes especializadas e tudo isso com um \u00fanico objetivo: melhor se conectar com o consumidor, para atend\u00ea-lo al\u00e9m de suas expectativas e contribuir para uma vida melhor.\",\"publisher\":{\"@id\":\"https:\/\/lolly.com.br\/es\/#organization\"},\"potentialAction\":[{\"@type\":\"SearchAction\",\"target\":{\"@type\":\"EntryPoint\",\"urlTemplate\":\"https:\/\/lolly.com.br\/es\/?s={search_term_string}\"},\"query-input\":\"required name=search_term_string\"}],\"inLanguage\":\"es\"},{\"@type\":\"Organization\",\"@id\":\"https:\/\/lolly.com.br\/es\/#organization\",\"name\":\"Lolly Brasil\",\"url\":\"https:\/\/lolly.com.br\/es\/\",\"logo\":{\"@type\":\"ImageObject\",\"inLanguage\":\"es\",\"@id\":\"https:\/\/lolly.com.br\/es\/#\/schema\/logo\/image\/\",\"url\":\"https:\/\/lolly.com.br\/wp-content\/uploads\/2021\/12\/logo.png\",\"contentUrl\":\"https:\/\/lolly.com.br\/wp-content\/uploads\/2021\/12\/logo.png\",\"width\":1004,\"height\":457,\"caption\":\"Lolly Brasil\"},\"image\":{\"@id\":\"https:\/\/lolly.com.br\/es\/#\/schema\/logo\/image\/\"},\"sameAs\":[\"https:\/\/www.instagram.com\/lollybrasil\/\",\"https:\/\/www.facebook.com\/lollybrasil\",\"https:\/\/twitter.com\/lollybrasil\"]}]}<\/script>\n<!-- \/ Yoast SEO plugin. -->","yoast_head_json":{"title":"En Lolly Brasil, nos enorgullece ser una empresa 100% legal.","description":"Esto significa tener sostenibilidad ambiental y social.Todo nuestro consumo de energ\u00eda proviene de fuentes alternativas renovables (e\u00f3lica, biomasa, geot\u00e9rmica y solar)","robots":{"index":"index","follow":"follow","max-snippet":"max-snippet:-1","max-image-preview":"max-image-preview:large","max-video-preview":"max-video-preview:-1"},"canonical":"https:\/\/lolly.com.br\/es\/sostenibilidad\/","og_locale":"es_ES","og_type":"article","og_title":"En Lolly Brasil, nos enorgullece ser una empresa 100% legal.","og_description":"Esto significa tener sostenibilidad ambiental y social.Todo nuestro consumo de energ\u00eda proviene de fuentes alternativas renovables (e\u00f3lica, biomasa, geot\u00e9rmica y solar)","og_url":"https:\/\/lolly.com.br\/es\/sostenibilidad\/","og_site_name":"Lolly Brasil - I Lolly You","article_publisher":"https:\/\/www.facebook.com\/lollybrasil","article_modified_time":"2024-01-12T18:41:55+00:00","og_image":[{"url":"https:\/\/lolly.com.br\/wp-content\/uploads\/2023\/07\/Lolly_Sistentabilidade_IS.png"}],"twitter_card":"summary_large_image","twitter_site":"@lollybrasil","twitter_misc":{"Tiempo de lectura":"2 minutos"},"schema":{"@context":"https:\/\/schema.org","@graph":[{"@type":"WebPage","@id":"https:\/\/lolly.com.br\/es\/sostenibilidad\/","url":"https:\/\/lolly.com.br\/es\/sostenibilidad\/","name":"En Lolly Brasil, nos enorgullece ser una empresa 100% legal.","isPartOf":{"@id":"https:\/\/lolly.com.br\/es\/#website"},"datePublished":"2022-06-01T21:43:21+00:00","dateModified":"2024-01-12T18:41:55+00:00","description":"Esto significa tener sostenibilidad ambiental y social.Todo nuestro consumo de energ\u00eda proviene de fuentes alternativas renovables (e\u00f3lica, biomasa, geot\u00e9rmica y solar)","breadcrumb":{"@id":"https:\/\/lolly.com.br\/es\/sostenibilidad\/#breadcrumb"},"inLanguage":"es","potentialAction":[{"@type":"ReadAction","target":["https:\/\/lolly.com.br\/es\/sostenibilidad\/"]}]},{"@type":"BreadcrumbList","@id":"https:\/\/lolly.com.br\/es\/sostenibilidad\/#breadcrumb","itemListElement":[{"@type":"ListItem","position":1,"name":"In\u00edcio","item":"https:\/\/lolly.com.br\/es\/"},{"@type":"ListItem","position":2,"name":"Sostenibilidad"}]},{"@type":"WebSite","@id":"https:\/\/lolly.com.br\/es\/#website","url":"https:\/\/lolly.com.br\/es\/","name":"Lolly Brasil - I Lolly You","description":"Com uma jornada marcada por sonhos, desafios, aperfei\u00e7oamento da gest\u00e3o, ISO9001, bem como por Processos Sustent\u00e1veis, a Lolly \u00e9 uma empresa 100% brasileira que sempre prezou pela valoriza\u00e7\u00e3o dos parceiros e colaboradores. Em sua trajet\u00f3ria de mais de 30 anos, investe em inova\u00e7\u00e3o, laborat\u00f3rios de pesquisas, equipes especializadas e tudo isso com um \u00fanico objetivo: melhor se conectar com o consumidor, para atend\u00ea-lo al\u00e9m de suas expectativas e contribuir para uma vida melhor.","publisher":{"@id":"https:\/\/lolly.com.br\/es\/#organization"},"potentialAction":[{"@type":"SearchAction","target":{"@type":"EntryPoint","urlTemplate":"https:\/\/lolly.com.br\/es\/?s={search_term_string}"},"query-input":"required name=search_term_string"}],"inLanguage":"es"},{"@type":"Organization","@id":"https:\/\/lolly.com.br\/es\/#organization","name":"Lolly Brasil","url":"https:\/\/lolly.com.br\/es\/","logo":{"@type":"ImageObject","inLanguage":"es","@id":"https:\/\/lolly.com.br\/es\/#\/schema\/logo\/image\/","url":"https:\/\/lolly.com.br\/wp-content\/uploads\/2021\/12\/logo.png","contentUrl":"https:\/\/lolly.com.br\/wp-content\/uploads\/2021\/12\/logo.png","width":1004,"height":457,"caption":"Lolly Brasil"},"image":{"@id":"https:\/\/lolly.com.br\/es\/#\/schema\/logo\/image\/"},"sameAs":["https:\/\/www.instagram.com\/lollybrasil\/","https:\/\/www.facebook.com\/lollybrasil","https:\/\/twitter.com\/lollybrasil"]}]}},"_links":{"self":[{"href":"https:\/\/lolly.com.br\/es\/wp-json\/wp\/v2\/pages\/80486"}],"collection":[{"href":"https:\/\/lolly.com.br\/es\/wp-json\/wp\/v2\/pages"}],"about":[{"href":"https:\/\/lolly.com.br\/es\/wp-json\/wp\/v2\/types\/page"}],"author":[{"embeddable":true,"href":"https:\/\/lolly.com.br\/es\/wp-json\/wp\/v2\/users\/13"}],"replies":[{"embeddable":true,"href":"https:\/\/lolly.com.br\/es\/wp-json\/wp\/v2\/comments?post=80486"}],"version-history":[{"count":21,"href":"https:\/\/lolly.com.br\/es\/wp-json\/wp\/v2\/pages\/80486\/revisions"}],"predecessor-version":[{"id":80981,"href":"https:\/\/lolly.com.br\/es\/wp-json\/wp\/v2\/pages\/80486\/revisions\/80981"}],"wp:attachment":[{"href":"https:\/\/lolly.com.br\/es\/wp-json\/wp\/v2\/media?parent=80486"}],"curies":[{"name":"wp","href":"https:\/\/api.w.org\/{rel}","templated":true}]}}