{"id":78764,"date":"2020-11-06T14:07:01","date_gmt":"2020-11-06T17:07:01","guid":{"rendered":"https:\/\/lolly.com.br\/nossa-historia\/"},"modified":"2026-01-28T10:39:56","modified_gmt":"2026-01-28T13:39:56","slug":"nuestra-historia","status":"publish","type":"page","link":"https:\/\/lolly.com.br\/es\/nuestra-historia\/","title":{"rendered":"Nuestra Historia"},"content":{"rendered":"\t\t<div data-elementor-type=\"wp-page\" data-elementor-id=\"78764\" class=\"elementor elementor-78764 elementor-7609\" data-elementor-settings=\"[]\">\n\t\t\t\t\t\t\t<div class=\"elementor-section-wrap\">\n\t\t\t\t\t\t\t<section class=\"elementor-section elementor-top-section elementor-element elementor-element-13760a8 elementor-reverse-tablet elementor-reverse-mobile elementor-section-boxed elementor-section-height-default elementor-section-height-default\" data-id=\"13760a8\" data-element_type=\"section\" data-settings=\"{&quot;background_background&quot;:&quot;classic&quot;}\">\n\t\t\t\t\t\t\t<div class=\"elementor-background-overlay\"><\/div>\n\t\t\t\t\t\t\t<div class=\"elementor-container elementor-column-gap-wider\">\n\t\t\t\t\t<div class=\"elementor-column elementor-col-100 elementor-top-column elementor-element elementor-element-3fddcef\" data-id=\"3fddcef\" data-element_type=\"column\">\n\t\t\t<div class=\"elementor-widget-wrap elementor-element-populated\">\n\t\t\t\t\t\t\t\t<div class=\"elementor-element elementor-element-78b51ab elementor-invisible elementor-widget elementor-widget-heading\" data-id=\"78b51ab\" data-element_type=\"widget\" data-settings=\"{&quot;_animation&quot;:&quot;slideInDown&quot;}\" data-widget_type=\"heading.default\">\n\t\t\t\t<div class=\"elementor-widget-container\">\n\t\t\t<h1 class=\"elementor-heading-title elementor-size-default\">Nuestra Historia<\/h1>\t\t<\/div>\n\t\t\t\t<\/div>\n\t\t\t\t\t<\/div>\n\t\t<\/div>\n\t\t\t\t\t\t\t<\/div>\n\t\t<\/section>\n\t\t\t\t<section class=\"elementor-section elementor-top-section elementor-element elementor-element-65ea903 elementor-section-boxed elementor-section-height-default elementor-section-height-default\" data-id=\"65ea903\" data-element_type=\"section\" data-settings=\"{&quot;background_background&quot;:&quot;classic&quot;}\">\n\t\t\t\t\t\t<div class=\"elementor-container elementor-column-gap-wider\">\n\t\t\t\t\t<div class=\"elementor-column elementor-col-50 elementor-top-column elementor-element elementor-element-d35a8eb\" data-id=\"d35a8eb\" data-element_type=\"column\">\n\t\t\t<div class=\"elementor-widget-wrap elementor-element-populated\">\n\t\t\t\t\t\t\t\t<div class=\"elementor-element elementor-element-7e56ec7 elementor-widget-tablet__width-inherit elementor-widget elementor-widget-image\" data-id=\"7e56ec7\" data-element_type=\"widget\" data-widget_type=\"image.default\">\n\t\t\t\t<div class=\"elementor-widget-container\">\n\t\t\t\t\t\t\t\t\t\t\t\t\t\t\t<img src=\"https:\/\/lolly.com.br\/wp-content\/uploads\/2022\/01\/2022-0022.jpg\" title=\"\" alt=\"\" \/>\t\t\t\t\t\t\t\t\t\t\t\t\t\t\t<\/div>\n\t\t\t\t<\/div>\n\t\t\t\t<div class=\"elementor-element elementor-element-eb8a555 elementor-widget-tablet__width-inherit elementor-widget elementor-widget-image\" data-id=\"eb8a555\" data-element_type=\"widget\" data-widget_type=\"image.default\">\n\t\t\t\t<div class=\"elementor-widget-container\">\n\t\t\t\t\t\t\t\t\t\t\t\t\t\t\t<img width=\"804\" height=\"844\" src=\"https:\/\/lolly.com.br\/wp-content\/uploads\/2022\/03\/foto_empresa-min.png\" class=\"attachment-full size-full\" alt=\"\" loading=\"lazy\" srcset=\"https:\/\/lolly.com.br\/wp-content\/uploads\/2022\/03\/foto_empresa-min.png 804w, https:\/\/lolly.com.br\/wp-content\/uploads\/2022\/03\/foto_empresa-min-286x300.png 286w, https:\/\/lolly.com.br\/wp-content\/uploads\/2022\/03\/foto_empresa-min-768x806.png 768w\" sizes=\"(max-width: 804px) 100vw, 804px\" \/>\t\t\t\t\t\t\t\t\t\t\t\t\t\t\t<\/div>\n\t\t\t\t<\/div>\n\t\t\t\t\t<\/div>\n\t\t<\/div>\n\t\t\t\t<div class=\"elementor-column elementor-col-50 elementor-top-column elementor-element elementor-element-608c6fd\" data-id=\"608c6fd\" data-element_type=\"column\">\n\t\t\t<div class=\"elementor-widget-wrap elementor-element-populated\">\n\t\t\t\t\t\t\t\t<div class=\"elementor-element elementor-element-d4acd9b elementor-invisible elementor-widget elementor-widget-heading\" data-id=\"d4acd9b\" data-element_type=\"widget\" data-settings=\"{&quot;_animation&quot;:&quot;slideInDown&quot;}\" data-widget_type=\"heading.default\">\n\t\t\t\t<div class=\"elementor-widget-container\">\n\t\t\t<h3 class=\"elementor-heading-title elementor-size-default\">Qui\u00e9nes Somos<\/h3>\t\t<\/div>\n\t\t\t\t<\/div>\n\t\t\t\t<div class=\"elementor-element elementor-element-41ec3cd elementor-widget elementor-widget-spacer\" data-id=\"41ec3cd\" data-element_type=\"widget\" data-widget_type=\"spacer.default\">\n\t\t\t\t<div class=\"elementor-widget-container\">\n\t\t\t\t\t<div class=\"elementor-spacer\">\n\t\t\t<div class=\"elementor-spacer-inner\"><\/div>\n\t\t<\/div>\n\t\t\t\t<\/div>\n\t\t\t\t<\/div>\n\t\t\t\t<div class=\"elementor-element elementor-element-15309d7 elementor-widget elementor-widget-text-editor\" data-id=\"15309d7\" data-element_type=\"widget\" data-widget_type=\"text-editor.default\">\n\t\t\t\t<div class=\"elementor-widget-container\">\n\t\t\t\t\t\t\t<p class=\"pointer-events-none h-px w-px absolute bottom-0\" aria-hidden=\"true\" data-edge=\"true\"><span style=\"word-spacing: normal;\">Cuando pensamos en Lolly, pensamos en personas. Las personas inspiran nuestra forma de ser y de hacer. Cuando nace un beb\u00e9, se multiplican los lazos m\u00e1s hermosos de la vida.<\/span><\/p><div class=\"flex flex-col text-sm pb-25\"><article class=\"text-token-text-primary w-full focus:outline-none [--shadow-height:45px] has-data-writing-block:pointer-events-none has-data-writing-block:-mt-(--shadow-height) has-data-writing-block:pt-(--shadow-height) [&amp;:has([data-writing-block])&gt;*]:pointer-events-auto scroll-mt-[calc(var(--header-height)+min(200px,max(70px,20svh)))]\" dir=\"auto\" tabindex=\"-1\" data-turn-id=\"request-WEB:da530d9d-938a-4619-8fc0-a979e5faef95-2\" data-testid=\"conversation-turn-6\" data-scroll-anchor=\"true\" data-turn=\"assistant\"><div class=\"text-base my-auto mx-auto pb-10 [--thread-content-margin:--spacing(4)] @w-sm\/main:[--thread-content-margin:--spacing(6)] @w-lg\/main:[--thread-content-margin:--spacing(16)] px-(--thread-content-margin)\"><div class=\"[--thread-content-max-width:40rem] @w-lg\/main:[--thread-content-max-width:48rem] mx-auto max-w-(--thread-content-max-width) flex-1 group\/turn-messages focus-visible:outline-hidden relative flex w-full min-w-0 flex-col agent-turn\" tabindex=\"-1\"><div class=\"flex max-w-full flex-col grow\"><div class=\"min-h-8 text-message relative flex w-full flex-col items-end gap-2 text-start break-words whitespace-normal [.text-message+&amp;]:mt-1\" dir=\"auto\" data-message-author-role=\"assistant\" data-message-id=\"de05747a-8569-4834-82cc-576f9aaa0a1c\" data-message-model-slug=\"gpt-5-2\"><div class=\"flex w-full flex-col gap-1 empty:hidden first:pt-[1px]\"><div class=\"markdown prose dark:prose-invert w-full wrap-break-word dark markdown-new-styling\"><p data-start=\"272\" data-end=\"439\">Para nosotros, estar presentes en momentos que quedan grabados en la memoria es valioso. Y hablando de memoria, momentos y vidas\u2026 \u00a1recordamos nuestro propio recorrido!<\/p><p data-start=\"441\" data-end=\"712\">Empresa 100 % brasile\u00f1a que, desde 1990, deja su huella en el pa\u00eds y se encuentra entre las mayores compa\u00f1\u00edas del mercado, directamente desde Capivari, en el interior del estado de S\u00e3o Paulo. Son estas ra\u00edces las que dan calidez a la investigaci\u00f3n y a la alta tecnolog\u00eda.<\/p><p data-start=\"714\" data-end=\"844\">Un proceso que nace de nuestra mejor f\u00f3rmula: escuchar, acoger y conectar. Abrazando la equidad, la inclusi\u00f3n y la sostenibilidad.<\/p><p data-start=\"846\" data-end=\"905\">\u00a1Exportamos a 11 pa\u00edses de Am\u00e9rica Latina, \u00c1frica y Europa!<\/p><p data-start=\"907\" data-end=\"985\" data-is-last-node=\"\" data-is-only-node=\"\">Somos Lolly, creamos el futuro con m\u00e1s innovaci\u00f3n y atenci\u00f3n a la vida humana.<\/p><\/div><\/div><\/div><\/div><div class=\"z-0 flex min-h-[46px] justify-start\">\u00a0<\/div><div class=\"mt-3 w-full empty:hidden\"><div class=\"text-center\">\u00a0<\/div><\/div><\/div><\/div><\/article><\/div>\t\t\t\t\t\t<\/div>\n\t\t\t\t<\/div>\n\t\t\t\t<div class=\"elementor-element elementor-element-2259272 elementor-widget elementor-widget-spacer\" data-id=\"2259272\" data-element_type=\"widget\" data-widget_type=\"spacer.default\">\n\t\t\t\t<div class=\"elementor-widget-container\">\n\t\t\t\t\t<div class=\"elementor-spacer\">\n\t\t\t<div class=\"elementor-spacer-inner\"><\/div>\n\t\t<\/div>\n\t\t\t\t<\/div>\n\t\t\t\t<\/div>\n\t\t\t\t\t<\/div>\n\t\t<\/div>\n\t\t\t\t\t\t\t<\/div>\n\t\t<\/section>\n\t\t\t\t<section class=\"elementor-section elementor-top-section elementor-element elementor-element-a64d3df elementor-section-boxed elementor-section-height-default elementor-section-height-default\" data-id=\"a64d3df\" data-element_type=\"section\" data-settings=\"{&quot;background_background&quot;:&quot;classic&quot;}\">\n\t\t\t\t\t\t<div class=\"elementor-container elementor-column-gap-wider\">\n\t\t\t\t\t<div class=\"elementor-column elementor-col-100 elementor-top-column elementor-element elementor-element-b0f7080\" data-id=\"b0f7080\" data-element_type=\"column\">\n\t\t\t<div class=\"elementor-widget-wrap elementor-element-populated\">\n\t\t\t\t\t\t\t\t<div class=\"elementor-element elementor-element-a8cdd4b elementor-invisible elementor-widget elementor-widget-heading\" data-id=\"a8cdd4b\" data-element_type=\"widget\" data-settings=\"{&quot;_animation&quot;:&quot;slideInDown&quot;}\" data-widget_type=\"heading.default\">\n\t\t\t\t<div class=\"elementor-widget-container\">\n\t\t\t<h3 class=\"elementor-heading-title elementor-size-default\">Nuestra Historia<\/h3>\t\t<\/div>\n\t\t\t\t<\/div>\n\t\t\t\t\t<\/div>\n\t\t<\/div>\n\t\t\t\t\t\t\t<\/div>\n\t\t<\/section>\n\t\t\t\t<section class=\"elementor-section elementor-top-section elementor-element elementor-element-877b4d0 elementor-section-height-min-height elementor-section-items-stretch elementor-reverse-tablet elementor-reverse-mobile elementor-section-boxed elementor-section-height-default\" data-id=\"877b4d0\" data-element_type=\"section\" data-settings=\"{&quot;background_background&quot;:&quot;classic&quot;}\">\n\t\t\t\t\t\t\t<div class=\"elementor-background-overlay\"><\/div>\n\t\t\t\t\t\t\t<div class=\"elementor-container elementor-column-gap-wider\">\n\t\t\t\t\t<div class=\"elementor-column elementor-col-50 elementor-top-column elementor-element elementor-element-6896442\" data-id=\"6896442\" data-element_type=\"column\">\n\t\t\t<div class=\"elementor-widget-wrap elementor-element-populated\">\n\t\t\t\t\t\t\t\t<div class=\"elementor-element elementor-element-5fa5f2b elementor-widget elementor-widget-text-editor\" data-id=\"5fa5f2b\" data-element_type=\"widget\" data-widget_type=\"text-editor.default\">\n\t\t\t\t<div class=\"elementor-widget-container\">\n\t\t\t\t\t\t\t<p>\u00a1Somos una empresa familiar, 100% brasile\u00f1a y estamos orgullosos de eso!<\/p><p>En el interior de S\u00e3o Paulo, nuestra sede est\u00e1 ubicada en el Distrito Industrial de Capivari en un terreno de 90.000 m2, donde se encuentran instalaciones modernas, sostenibles y totalmente accesibles.<\/p><p>De 20 empleados en 2001 a quinientos hoy, todos dedicados en sus respectivas \u00e1reas, produciendo con alta tecnolog\u00eda, calidad, mucho cari\u00f1o y cuidado.<\/p><p>Lolly valora el crecimiento y desarrollo sostenible, por lo que todo el consumo energ\u00e9tico de la operaci\u00f3n proviene de fuentes alternativas renovables, lo que equivale al consumo mensual de miles de hogares.<\/p><p>Todos estos procesos convirtieron a Lolly en la primera empresa del sector que se preocupa, cuida y garantiza el destino final y ambientalmente correcto de los empaques 100% reciclables de sus productos.<\/p><p>Valoramos tambi\u00e9n nuestras ra\u00edces, nuestra tierra y transmitimos todos estos conceptos y sentimientos a trav\u00e9s de los productos y una conexi\u00f3n muy estrecha con los consumidores.<\/p><p>Estar cerca, escuchar, acoger a los padres y madres en este camino que comienza desde el nacimiento del beb\u00e9 es lo que nos motiva.<\/p>\t\t\t\t\t\t<\/div>\n\t\t\t\t<\/div>\n\t\t\t\t\t<\/div>\n\t\t<\/div>\n\t\t\t\t<div class=\"elementor-column elementor-col-50 elementor-top-column elementor-element elementor-element-9ec36f6\" data-id=\"9ec36f6\" data-element_type=\"column\">\n\t\t\t<div class=\"elementor-widget-wrap elementor-element-populated\">\n\t\t\t\t\t\t\t\t<div class=\"elementor-element elementor-element-d81370c elementor-widget elementor-widget-text-editor\" data-id=\"d81370c\" data-element_type=\"widget\" data-widget_type=\"text-editor.default\">\n\t\t\t\t<div class=\"elementor-widget-container\">\n\t\t\t\t\t\t\t<p>Muchos de nosotros somos padres y hemos experimentado todas las incre\u00edbles aventuras de este universo. Entendemos que cuando nace un beb\u00e9, nace una familia y queremos ir de la mano, creando productos innovadores, seguros, confiables y al alcance de todos.<\/p><p>Nuestro equipo trabaja escuchando a las madres y los padres y sus necesidades y ayud\u00e1ndolos en la vida diaria, el bienestar y la salud de beb\u00e9s y ni\u00f1os.<\/p><p>Escuchar, interactuar y conectar es fundamental para la mejora constante, y este di\u00e1logo debe ser cercano, es importante para ayudarnos a desarrollar soluciones cada vez m\u00e1s eficaces. Y eso es lo que queremos, \u00a1estar cerca de ti!<\/p><p>Nacimos hace m\u00e1s de 30 a\u00f1os y crecimos manteniendo la misma esencia. Abrazamos el mundo y su diversidad, cultura, sustentabilidad y contexto social, siempre con el objetivo principal: acompa\u00f1ar el desarrollo saludable de beb\u00e9s y ni\u00f1os.<\/p><p>En estos a\u00f1os crecimos, maduramos y diversificamos nuestro portafolio, operando en todo Brasil y expandi\u00e9ndonos en el mercado internacional, con presencia en pa\u00edses de Am\u00e9rica Latina, Europa y \u00c1frica.<\/p><p>As\u00ed como un ni\u00f1o crece r\u00e1pido, la marca tambi\u00e9n se consolid\u00f3 en puericultura y est\u00e1 entre las mayores empresas del sector en Brasil y en todo el mundo.<\/p>\t\t\t\t\t\t<\/div>\n\t\t\t\t<\/div>\n\t\t\t\t\t<\/div>\n\t\t<\/div>\n\t\t\t\t\t\t\t<\/div>\n\t\t<\/section>\n\t\t\t\t<section class=\"elementor-section elementor-top-section elementor-element elementor-element-ff1859b elementor-section-boxed elementor-section-height-default elementor-section-height-default\" data-id=\"ff1859b\" data-element_type=\"section\">\n\t\t\t\t\t\t<div class=\"elementor-container elementor-column-gap-default\">\n\t\t\t\t\t<div class=\"elementor-column elementor-col-100 elementor-top-column elementor-element elementor-element-5c75501\" data-id=\"5c75501\" data-element_type=\"column\">\n\t\t\t<div class=\"elementor-widget-wrap elementor-element-populated\">\n\t\t\t\t\t\t\t\t<div class=\"elementor-element elementor-element-830a164 elementor-aspect-ratio-169 elementor-widget elementor-widget-video\" data-id=\"830a164\" data-element_type=\"widget\" data-settings=\"{&quot;youtube_url&quot;:&quot;https:\\\/\\\/www.youtube.com\\\/watch?v=5VioROX3YnY&quot;,&quot;loop&quot;:&quot;yes&quot;,&quot;video_type&quot;:&quot;youtube&quot;,&quot;controls&quot;:&quot;yes&quot;,&quot;aspect_ratio&quot;:&quot;169&quot;}\" data-widget_type=\"video.default\">\n\t\t\t\t<div class=\"elementor-widget-container\">\n\t\t\t\t\t<div class=\"elementor-wrapper elementor-fit-aspect-ratio elementor-open-inline\">\n\t\t\t<div class=\"elementor-video\"><\/div>\t\t<\/div>\n\t\t\t\t<\/div>\n\t\t\t\t<\/div>\n\t\t\t\t\t<\/div>\n\t\t<\/div>\n\t\t\t\t\t\t\t<\/div>\n\t\t<\/section>\n\t\t\t\t\t\t<\/div>\n\t\t\t\t\t<\/div>\n\t\t","protected":false},"excerpt":{"rendered":"<p>Nuestra Historia Qui\u00e9nes Somos Cuando pensamos en Lolly, pensamos en personas. Las personas inspiran nuestra forma de ser y de hacer. Cuando nace un beb\u00e9, se multiplican los lazos m\u00e1s hermosos de la vida. Para nosotros, estar presentes en momentos que quedan grabados en la memoria es valioso. Y hablando de memoria, momentos y vidas\u2026&hellip;<\/p>\n","protected":false},"author":13,"featured_media":0,"parent":0,"menu_order":21,"comment_status":"closed","ping_status":"closed","template":"elementor_header_footer","meta":[],"yoast_head":"<!-- This site is optimized with the Yoast SEO plugin v19.9 - https:\/\/yoast.com\/wordpress\/plugins\/seo\/ -->\n<title>Nuestra Historia - Lolly Brasil - I Lolly You<\/title>\n<meta name=\"robots\" content=\"index, follow, max-snippet:-1, max-image-preview:large, max-video-preview:-1\" \/>\n<link rel=\"canonical\" href=\"https:\/\/lolly.com.br\/es\/nuestra-historia\/\" \/>\n<meta property=\"og:locale\" content=\"es_ES\" \/>\n<meta property=\"og:type\" content=\"article\" \/>\n<meta property=\"og:title\" content=\"Nuestra Historia - Lolly Brasil - I Lolly You\" \/>\n<meta property=\"og:description\" content=\"Nuestra Historia Qui\u00e9nes Somos Cuando pensamos en Lolly, pensamos en personas. Las personas inspiran nuestra forma de ser y de hacer. Cuando nace un beb\u00e9, se multiplican los lazos m\u00e1s hermosos de la vida. Para nosotros, estar presentes en momentos que quedan grabados en la memoria es valioso. Y hablando de memoria, momentos y vidas\u2026&hellip;\" \/>\n<meta property=\"og:url\" content=\"https:\/\/lolly.com.br\/es\/nuestra-historia\/\" \/>\n<meta property=\"og:site_name\" content=\"Lolly Brasil - I Lolly You\" \/>\n<meta property=\"article:publisher\" content=\"https:\/\/www.facebook.com\/lollybrasil\" \/>\n<meta property=\"article:modified_time\" content=\"2026-01-28T13:39:56+00:00\" \/>\n<meta property=\"og:image\" content=\"https:\/\/lolly.com.br\/wp-content\/uploads\/2022\/01\/2022-0022.jpg\" \/>\n<meta name=\"twitter:card\" content=\"summary_large_image\" \/>\n<meta name=\"twitter:site\" content=\"@lollybrasil\" \/>\n<meta name=\"twitter:label1\" content=\"Tiempo de lectura\" \/>\n\t<meta name=\"twitter:data1\" content=\"3 minutos\" \/>\n<script type=\"application\/ld+json\" class=\"yoast-schema-graph\">{\"@context\":\"https:\/\/schema.org\",\"@graph\":[{\"@type\":\"WebPage\",\"@id\":\"https:\/\/lolly.com.br\/es\/nuestra-historia\/\",\"url\":\"https:\/\/lolly.com.br\/es\/nuestra-historia\/\",\"name\":\"Nuestra Historia - Lolly Brasil - I Lolly You\",\"isPartOf\":{\"@id\":\"https:\/\/lolly.com.br\/es\/#website\"},\"datePublished\":\"2020-11-06T17:07:01+00:00\",\"dateModified\":\"2026-01-28T13:39:56+00:00\",\"breadcrumb\":{\"@id\":\"https:\/\/lolly.com.br\/es\/nuestra-historia\/#breadcrumb\"},\"inLanguage\":\"es\",\"potentialAction\":[{\"@type\":\"ReadAction\",\"target\":[\"https:\/\/lolly.com.br\/es\/nuestra-historia\/\"]}]},{\"@type\":\"BreadcrumbList\",\"@id\":\"https:\/\/lolly.com.br\/es\/nuestra-historia\/#breadcrumb\",\"itemListElement\":[{\"@type\":\"ListItem\",\"position\":1,\"name\":\"In\u00edcio\",\"item\":\"https:\/\/lolly.com.br\/es\/\"},{\"@type\":\"ListItem\",\"position\":2,\"name\":\"Nuestra Historia\"}]},{\"@type\":\"WebSite\",\"@id\":\"https:\/\/lolly.com.br\/es\/#website\",\"url\":\"https:\/\/lolly.com.br\/es\/\",\"name\":\"Lolly Brasil - I Lolly You\",\"description\":\"Com uma jornada marcada por sonhos, desafios, aperfei\u00e7oamento da gest\u00e3o, ISO9001, bem como por Processos Sustent\u00e1veis, a Lolly \u00e9 uma empresa 100% brasileira que sempre prezou pela valoriza\u00e7\u00e3o dos parceiros e colaboradores. Em sua trajet\u00f3ria de mais de 30 anos, investe em inova\u00e7\u00e3o, laborat\u00f3rios de pesquisas, equipes especializadas e tudo isso com um \u00fanico objetivo: melhor se conectar com o consumidor, para atend\u00ea-lo al\u00e9m de suas expectativas e contribuir para uma vida melhor.\",\"publisher\":{\"@id\":\"https:\/\/lolly.com.br\/es\/#organization\"},\"potentialAction\":[{\"@type\":\"SearchAction\",\"target\":{\"@type\":\"EntryPoint\",\"urlTemplate\":\"https:\/\/lolly.com.br\/es\/?s={search_term_string}\"},\"query-input\":\"required name=search_term_string\"}],\"inLanguage\":\"es\"},{\"@type\":\"Organization\",\"@id\":\"https:\/\/lolly.com.br\/es\/#organization\",\"name\":\"Lolly Brasil\",\"url\":\"https:\/\/lolly.com.br\/es\/\",\"logo\":{\"@type\":\"ImageObject\",\"inLanguage\":\"es\",\"@id\":\"https:\/\/lolly.com.br\/es\/#\/schema\/logo\/image\/\",\"url\":\"https:\/\/lolly.com.br\/wp-content\/uploads\/2021\/12\/logo.png\",\"contentUrl\":\"https:\/\/lolly.com.br\/wp-content\/uploads\/2021\/12\/logo.png\",\"width\":1004,\"height\":457,\"caption\":\"Lolly Brasil\"},\"image\":{\"@id\":\"https:\/\/lolly.com.br\/es\/#\/schema\/logo\/image\/\"},\"sameAs\":[\"https:\/\/www.instagram.com\/lollybrasil\/\",\"https:\/\/www.facebook.com\/lollybrasil\",\"https:\/\/twitter.com\/lollybrasil\"]}]}<\/script>\n<!-- \/ Yoast SEO plugin. -->","yoast_head_json":{"title":"Nuestra Historia - Lolly Brasil - I Lolly You","robots":{"index":"index","follow":"follow","max-snippet":"max-snippet:-1","max-image-preview":"max-image-preview:large","max-video-preview":"max-video-preview:-1"},"canonical":"https:\/\/lolly.com.br\/es\/nuestra-historia\/","og_locale":"es_ES","og_type":"article","og_title":"Nuestra Historia - Lolly Brasil - I Lolly You","og_description":"Nuestra Historia Qui\u00e9nes Somos Cuando pensamos en Lolly, pensamos en personas. Las personas inspiran nuestra forma de ser y de hacer. Cuando nace un beb\u00e9, se multiplican los lazos m\u00e1s hermosos de la vida. Para nosotros, estar presentes en momentos que quedan grabados en la memoria es valioso. Y hablando de memoria, momentos y vidas\u2026&hellip;","og_url":"https:\/\/lolly.com.br\/es\/nuestra-historia\/","og_site_name":"Lolly Brasil - I Lolly You","article_publisher":"https:\/\/www.facebook.com\/lollybrasil","article_modified_time":"2026-01-28T13:39:56+00:00","og_image":[{"url":"https:\/\/lolly.com.br\/wp-content\/uploads\/2022\/01\/2022-0022.jpg"}],"twitter_card":"summary_large_image","twitter_site":"@lollybrasil","twitter_misc":{"Tiempo de lectura":"3 minutos"},"schema":{"@context":"https:\/\/schema.org","@graph":[{"@type":"WebPage","@id":"https:\/\/lolly.com.br\/es\/nuestra-historia\/","url":"https:\/\/lolly.com.br\/es\/nuestra-historia\/","name":"Nuestra Historia - Lolly Brasil - I Lolly You","isPartOf":{"@id":"https:\/\/lolly.com.br\/es\/#website"},"datePublished":"2020-11-06T17:07:01+00:00","dateModified":"2026-01-28T13:39:56+00:00","breadcrumb":{"@id":"https:\/\/lolly.com.br\/es\/nuestra-historia\/#breadcrumb"},"inLanguage":"es","potentialAction":[{"@type":"ReadAction","target":["https:\/\/lolly.com.br\/es\/nuestra-historia\/"]}]},{"@type":"BreadcrumbList","@id":"https:\/\/lolly.com.br\/es\/nuestra-historia\/#breadcrumb","itemListElement":[{"@type":"ListItem","position":1,"name":"In\u00edcio","item":"https:\/\/lolly.com.br\/es\/"},{"@type":"ListItem","position":2,"name":"Nuestra Historia"}]},{"@type":"WebSite","@id":"https:\/\/lolly.com.br\/es\/#website","url":"https:\/\/lolly.com.br\/es\/","name":"Lolly Brasil - I Lolly You","description":"Com uma jornada marcada por sonhos, desafios, aperfei\u00e7oamento da gest\u00e3o, ISO9001, bem como por Processos Sustent\u00e1veis, a Lolly \u00e9 uma empresa 100% brasileira que sempre prezou pela valoriza\u00e7\u00e3o dos parceiros e colaboradores. Em sua trajet\u00f3ria de mais de 30 anos, investe em inova\u00e7\u00e3o, laborat\u00f3rios de pesquisas, equipes especializadas e tudo isso com um \u00fanico objetivo: melhor se conectar com o consumidor, para atend\u00ea-lo al\u00e9m de suas expectativas e contribuir para uma vida melhor.","publisher":{"@id":"https:\/\/lolly.com.br\/es\/#organization"},"potentialAction":[{"@type":"SearchAction","target":{"@type":"EntryPoint","urlTemplate":"https:\/\/lolly.com.br\/es\/?s={search_term_string}"},"query-input":"required name=search_term_string"}],"inLanguage":"es"},{"@type":"Organization","@id":"https:\/\/lolly.com.br\/es\/#organization","name":"Lolly Brasil","url":"https:\/\/lolly.com.br\/es\/","logo":{"@type":"ImageObject","inLanguage":"es","@id":"https:\/\/lolly.com.br\/es\/#\/schema\/logo\/image\/","url":"https:\/\/lolly.com.br\/wp-content\/uploads\/2021\/12\/logo.png","contentUrl":"https:\/\/lolly.com.br\/wp-content\/uploads\/2021\/12\/logo.png","width":1004,"height":457,"caption":"Lolly Brasil"},"image":{"@id":"https:\/\/lolly.com.br\/es\/#\/schema\/logo\/image\/"},"sameAs":["https:\/\/www.instagram.com\/lollybrasil\/","https:\/\/www.facebook.com\/lollybrasil","https:\/\/twitter.com\/lollybrasil"]}]}},"_links":{"self":[{"href":"https:\/\/lolly.com.br\/es\/wp-json\/wp\/v2\/pages\/78764"}],"collection":[{"href":"https:\/\/lolly.com.br\/es\/wp-json\/wp\/v2\/pages"}],"about":[{"href":"https:\/\/lolly.com.br\/es\/wp-json\/wp\/v2\/types\/page"}],"author":[{"embeddable":true,"href":"https:\/\/lolly.com.br\/es\/wp-json\/wp\/v2\/users\/13"}],"replies":[{"embeddable":true,"href":"https:\/\/lolly.com.br\/es\/wp-json\/wp\/v2\/comments?post=78764"}],"version-history":[{"count":27,"href":"https:\/\/lolly.com.br\/es\/wp-json\/wp\/v2\/pages\/78764\/revisions"}],"predecessor-version":[{"id":82838,"href":"https:\/\/lolly.com.br\/es\/wp-json\/wp\/v2\/pages\/78764\/revisions\/82838"}],"wp:attachment":[{"href":"https:\/\/lolly.com.br\/es\/wp-json\/wp\/v2\/media?parent=78764"}],"curies":[{"name":"wp","href":"https:\/\/api.w.org\/{rel}","templated":true}]}}