{"id":79276,"date":"2022-06-09T16:28:28","date_gmt":"2022-06-09T19:28:28","guid":{"rendered":"https:\/\/lolly.com.br\/product\/kit-alimentacao-tip\/"},"modified":"2022-10-10T03:25:59","modified_gmt":"2022-10-10T06:25:59","slug":"tip-baby-feeding-set","status":"publish","type":"product","link":"https:\/\/lolly.com.br\/en\/product\/tip-baby-feeding-set\/","title":{"rendered":"TIP BABY FEEDING SET"},"content":{"rendered":"<p>The Tip Baby Feeding Set from Lolly aims to train the child who is learning to eat alone. The plate has a handle that is excellent for mom or dad to participate in the child&#8217;s meal, without risk of burning their hands with hot food. It has a non-slip base (suction cup), which prevents the child from accidentally dropping or getting hurt. The cutlery, suitable for right-handed people, has rounded edges without sharp corners and special angles makes it easier for the child to feed alone or with the help of the parents. The cup is ideal for training the child during the transition phase from bottle to cup and comes with a sealing cap that prevents liquid from leaking when in transport.<\/p>\n","protected":false},"excerpt":{"rendered":"<p>Utilidade: alimenta\u00e7\u00e3o da crian\u00e7a.<br \/>\nComposi\u00e7\u00e3o: PP, PVC sem FTALATOS.<br \/>\n7131-01-F &#8211; Blister c\/ 1 un. | Caixa c\/ 4 blisters.<br \/>\n7131-01-M &#8211; Blister c\/ 1 un. | Caixa c\/ 4 blisters.<\/p>\n","protected":false},"featured_media":78285,"comment_status":"open","ping_status":"closed","template":"","meta":[],"product_cat":[335],"product_tag":[],"yoast_head":"<!-- This site is optimized with the Yoast SEO plugin v19.9 - https:\/\/yoast.com\/wordpress\/plugins\/seo\/ -->\n<title>TIP BABY FEEDING SET - Lolly Brasil - I Lolly You<\/title>\n<meta name=\"robots\" content=\"index, follow, max-snippet:-1, max-image-preview:large, max-video-preview:-1\" \/>\n<link rel=\"canonical\" href=\"https:\/\/lolly.com.br\/en\/product\/tip-baby-feeding-set\/\" \/>\n<meta property=\"og:locale\" content=\"en_US\" \/>\n<meta property=\"og:type\" content=\"article\" \/>\n<meta property=\"og:title\" content=\"TIP BABY FEEDING SET - Lolly Brasil - I Lolly You\" \/>\n<meta property=\"og:description\" content=\"Utilidade: alimenta\u00e7\u00e3o da crian\u00e7a. Composi\u00e7\u00e3o: PP, PVC sem FTALATOS. 7131-01-F - Blister c\/ 1 un. | Caixa c\/ 4 blisters. 7131-01-M - Blister c\/ 1 un. | Caixa c\/ 4 blisters.\" \/>\n<meta property=\"og:url\" content=\"https:\/\/lolly.com.br\/en\/product\/tip-baby-feeding-set\/\" \/>\n<meta property=\"og:site_name\" content=\"Lolly Brasil - I Lolly You\" \/>\n<meta property=\"article:publisher\" content=\"https:\/\/www.facebook.com\/lollybrasil\" \/>\n<meta property=\"article:modified_time\" content=\"2022-10-10T06:25:59+00:00\" \/>\n<meta property=\"og:image\" content=\"https:\/\/lolly.com.br\/wp-content\/uploads\/2022\/09\/7131-01.png\" \/>\n\t<meta property=\"og:image:width\" content=\"875\" \/>\n\t<meta property=\"og:image:height\" content=\"875\" \/>\n\t<meta property=\"og:image:type\" content=\"image\/png\" \/>\n<meta name=\"twitter:card\" content=\"summary_large_image\" \/>\n<meta name=\"twitter:site\" content=\"@lollybrasil\" \/>\n<meta name=\"twitter:label1\" content=\"Est. reading time\" \/>\n\t<meta name=\"twitter:data1\" content=\"1 minute\" \/>\n<script type=\"application\/ld+json\" class=\"yoast-schema-graph\">{\"@context\":\"https:\/\/schema.org\",\"@graph\":[{\"@type\":\"WebPage\",\"@id\":\"https:\/\/lolly.com.br\/en\/product\/tip-baby-feeding-set\/\",\"url\":\"https:\/\/lolly.com.br\/en\/product\/tip-baby-feeding-set\/\",\"name\":\"TIP BABY FEEDING SET - Lolly Brasil - I Lolly You\",\"isPartOf\":{\"@id\":\"https:\/\/lolly.com.br\/en\/#website\"},\"datePublished\":\"2022-06-09T19:28:28+00:00\",\"dateModified\":\"2022-10-10T06:25:59+00:00\",\"breadcrumb\":{\"@id\":\"https:\/\/lolly.com.br\/en\/product\/tip-baby-feeding-set\/#breadcrumb\"},\"inLanguage\":\"en-US\",\"potentialAction\":[{\"@type\":\"ReadAction\",\"target\":[\"https:\/\/lolly.com.br\/en\/product\/tip-baby-feeding-set\/\"]}]},{\"@type\":\"BreadcrumbList\",\"@id\":\"https:\/\/lolly.com.br\/en\/product\/tip-baby-feeding-set\/#breadcrumb\",\"itemListElement\":[{\"@type\":\"ListItem\",\"position\":1,\"name\":\"In\u00edcio\",\"item\":\"https:\/\/lolly.com.br\/en\/\"},{\"@type\":\"ListItem\",\"position\":2,\"name\":\"Products\",\"item\":\"https:\/\/lolly.com.br\/en\/products\/\"},{\"@type\":\"ListItem\",\"position\":3,\"name\":\"TIP BABY FEEDING SET\"}]},{\"@type\":\"WebSite\",\"@id\":\"https:\/\/lolly.com.br\/en\/#website\",\"url\":\"https:\/\/lolly.com.br\/en\/\",\"name\":\"Lolly Brasil - I Lolly You\",\"description\":\"Com uma jornada marcada por sonhos, desafios, aperfei\u00e7oamento da gest\u00e3o, ISO9001, bem como por Processos Sustent\u00e1veis, a Lolly \u00e9 uma empresa 100% brasileira que sempre prezou pela valoriza\u00e7\u00e3o dos parceiros e colaboradores. Em sua trajet\u00f3ria de mais de 30 anos, investe em inova\u00e7\u00e3o, laborat\u00f3rios de pesquisas, equipes especializadas e tudo isso com um \u00fanico objetivo: melhor se conectar com o consumidor, para atend\u00ea-lo al\u00e9m de suas expectativas e contribuir para uma vida melhor.\",\"publisher\":{\"@id\":\"https:\/\/lolly.com.br\/en\/#organization\"},\"potentialAction\":[{\"@type\":\"SearchAction\",\"target\":{\"@type\":\"EntryPoint\",\"urlTemplate\":\"https:\/\/lolly.com.br\/en\/?s={search_term_string}\"},\"query-input\":\"required name=search_term_string\"}],\"inLanguage\":\"en-US\"},{\"@type\":\"Organization\",\"@id\":\"https:\/\/lolly.com.br\/en\/#organization\",\"name\":\"Lolly Brasil\",\"url\":\"https:\/\/lolly.com.br\/en\/\",\"logo\":{\"@type\":\"ImageObject\",\"inLanguage\":\"en-US\",\"@id\":\"https:\/\/lolly.com.br\/en\/#\/schema\/logo\/image\/\",\"url\":\"https:\/\/lolly.com.br\/wp-content\/uploads\/2021\/12\/logo.png\",\"contentUrl\":\"https:\/\/lolly.com.br\/wp-content\/uploads\/2021\/12\/logo.png\",\"width\":1004,\"height\":457,\"caption\":\"Lolly Brasil\"},\"image\":{\"@id\":\"https:\/\/lolly.com.br\/en\/#\/schema\/logo\/image\/\"},\"sameAs\":[\"https:\/\/www.instagram.com\/lollybrasil\/\",\"https:\/\/www.facebook.com\/lollybrasil\",\"https:\/\/twitter.com\/lollybrasil\"]}]}<\/script>\n<!-- \/ Yoast SEO plugin. -->","yoast_head_json":{"title":"TIP BABY FEEDING SET - Lolly Brasil - I Lolly You","robots":{"index":"index","follow":"follow","max-snippet":"max-snippet:-1","max-image-preview":"max-image-preview:large","max-video-preview":"max-video-preview:-1"},"canonical":"https:\/\/lolly.com.br\/en\/product\/tip-baby-feeding-set\/","og_locale":"en_US","og_type":"article","og_title":"TIP BABY FEEDING SET - Lolly Brasil - I Lolly You","og_description":"Utilidade: alimenta\u00e7\u00e3o da crian\u00e7a. Composi\u00e7\u00e3o: PP, PVC sem FTALATOS. 7131-01-F - Blister c\/ 1 un. | Caixa c\/ 4 blisters. 7131-01-M - Blister c\/ 1 un. | Caixa c\/ 4 blisters.","og_url":"https:\/\/lolly.com.br\/en\/product\/tip-baby-feeding-set\/","og_site_name":"Lolly Brasil - I Lolly You","article_publisher":"https:\/\/www.facebook.com\/lollybrasil","article_modified_time":"2022-10-10T06:25:59+00:00","og_image":[{"width":875,"height":875,"url":"https:\/\/lolly.com.br\/wp-content\/uploads\/2022\/09\/7131-01.png","type":"image\/png"}],"twitter_card":"summary_large_image","twitter_site":"@lollybrasil","twitter_misc":{"Est. reading time":"1 minute"},"schema":{"@context":"https:\/\/schema.org","@graph":[{"@type":"WebPage","@id":"https:\/\/lolly.com.br\/en\/product\/tip-baby-feeding-set\/","url":"https:\/\/lolly.com.br\/en\/product\/tip-baby-feeding-set\/","name":"TIP BABY FEEDING SET - Lolly Brasil - I Lolly You","isPartOf":{"@id":"https:\/\/lolly.com.br\/en\/#website"},"datePublished":"2022-06-09T19:28:28+00:00","dateModified":"2022-10-10T06:25:59+00:00","breadcrumb":{"@id":"https:\/\/lolly.com.br\/en\/product\/tip-baby-feeding-set\/#breadcrumb"},"inLanguage":"en-US","potentialAction":[{"@type":"ReadAction","target":["https:\/\/lolly.com.br\/en\/product\/tip-baby-feeding-set\/"]}]},{"@type":"BreadcrumbList","@id":"https:\/\/lolly.com.br\/en\/product\/tip-baby-feeding-set\/#breadcrumb","itemListElement":[{"@type":"ListItem","position":1,"name":"In\u00edcio","item":"https:\/\/lolly.com.br\/en\/"},{"@type":"ListItem","position":2,"name":"Products","item":"https:\/\/lolly.com.br\/en\/products\/"},{"@type":"ListItem","position":3,"name":"TIP BABY FEEDING SET"}]},{"@type":"WebSite","@id":"https:\/\/lolly.com.br\/en\/#website","url":"https:\/\/lolly.com.br\/en\/","name":"Lolly Brasil - I Lolly You","description":"Com uma jornada marcada por sonhos, desafios, aperfei\u00e7oamento da gest\u00e3o, ISO9001, bem como por Processos Sustent\u00e1veis, a Lolly \u00e9 uma empresa 100% brasileira que sempre prezou pela valoriza\u00e7\u00e3o dos parceiros e colaboradores. Em sua trajet\u00f3ria de mais de 30 anos, investe em inova\u00e7\u00e3o, laborat\u00f3rios de pesquisas, equipes especializadas e tudo isso com um \u00fanico objetivo: melhor se conectar com o consumidor, para atend\u00ea-lo al\u00e9m de suas expectativas e contribuir para uma vida melhor.","publisher":{"@id":"https:\/\/lolly.com.br\/en\/#organization"},"potentialAction":[{"@type":"SearchAction","target":{"@type":"EntryPoint","urlTemplate":"https:\/\/lolly.com.br\/en\/?s={search_term_string}"},"query-input":"required name=search_term_string"}],"inLanguage":"en-US"},{"@type":"Organization","@id":"https:\/\/lolly.com.br\/en\/#organization","name":"Lolly Brasil","url":"https:\/\/lolly.com.br\/en\/","logo":{"@type":"ImageObject","inLanguage":"en-US","@id":"https:\/\/lolly.com.br\/en\/#\/schema\/logo\/image\/","url":"https:\/\/lolly.com.br\/wp-content\/uploads\/2021\/12\/logo.png","contentUrl":"https:\/\/lolly.com.br\/wp-content\/uploads\/2021\/12\/logo.png","width":1004,"height":457,"caption":"Lolly Brasil"},"image":{"@id":"https:\/\/lolly.com.br\/en\/#\/schema\/logo\/image\/"},"sameAs":["https:\/\/www.instagram.com\/lollybrasil\/","https:\/\/www.facebook.com\/lollybrasil","https:\/\/twitter.com\/lollybrasil"]}]}},"_links":{"self":[{"href":"https:\/\/lolly.com.br\/en\/wp-json\/wp\/v2\/product\/79276"}],"collection":[{"href":"https:\/\/lolly.com.br\/en\/wp-json\/wp\/v2\/product"}],"about":[{"href":"https:\/\/lolly.com.br\/en\/wp-json\/wp\/v2\/types\/product"}],"replies":[{"embeddable":true,"href":"https:\/\/lolly.com.br\/en\/wp-json\/wp\/v2\/comments?post=79276"}],"version-history":[{"count":2,"href":"https:\/\/lolly.com.br\/en\/wp-json\/wp\/v2\/product\/79276\/revisions"}],"predecessor-version":[{"id":79829,"href":"https:\/\/lolly.com.br\/en\/wp-json\/wp\/v2\/product\/79276\/revisions\/79829"}],"wp:featuredmedia":[{"embeddable":true,"href":"https:\/\/lolly.com.br\/en\/wp-json\/wp\/v2\/media\/78285"}],"wp:attachment":[{"href":"https:\/\/lolly.com.br\/en\/wp-json\/wp\/v2\/media?parent=79276"}],"wp:term":[{"taxonomy":"product_cat","embeddable":true,"href":"https:\/\/lolly.com.br\/en\/wp-json\/wp\/v2\/product_cat?post=79276"},{"taxonomy":"product_tag","embeddable":true,"href":"https:\/\/lolly.com.br\/en\/wp-json\/wp\/v2\/product_tag?post=79276"}],"curies":[{"name":"wp","href":"https:\/\/api.w.org\/{rel}","templated":true}]}}