{"id":79225,"date":"2022-06-09T16:28:47","date_gmt":"2022-06-09T19:28:47","guid":{"rendered":"https:\/\/lolly.com.br\/product\/kit-cabelo-tip\/"},"modified":"2023-01-11T08:33:27","modified_gmt":"2023-01-11T11:33:27","slug":"tip-baby-brush-and-comb","status":"publish","type":"product","link":"https:\/\/lolly.com.br\/en\/product\/tip-baby-brush-and-comb\/","title":{"rendered":"TIP BABY BRUSH AND COMB"},"content":{"rendered":"<p>The Lolly Tip Baby Brush and Comb will let your baby nice and tidy! The brush with soft bristles and the comb with rounded ends help parents to care for their child&#8217;s hair with care, softness, protection and safety.<\/p>\n","protected":false},"excerpt":{"rendered":"<p>Utilidade: Pentear o cabelo do beb\u00ea.<\/p>\n<p>Composi\u00e7\u00e3o: Metal, PA e PP.<\/p>\n<p>Embalagem:<br \/>\n7050-01-M &#8211; Blister c\/ 1 kit | Caixa c\/ 6 blisters.<br \/>\n7050-01-F &#8211; Blister c\/ 1 kit | Caixa c\/ 6 blisters.<br \/>\n7050-00-AZ &#8211; Saquinho c\/ 1 kit | Caixa c\/ 12 saquinhos.<br \/>\n7050-00-RS &#8211; Saquinho c\/ 1 kit | Caixa c\/ 12 saquinhos.<\/p>\n<p>NCM: 9603.29.00<\/p>\n","protected":false},"featured_media":78339,"comment_status":"open","ping_status":"closed","template":"","meta":[],"product_cat":[323],"product_tag":[],"yoast_head":"<!-- This site is optimized with the Yoast SEO plugin v19.9 - https:\/\/yoast.com\/wordpress\/plugins\/seo\/ -->\n<title>TIP BABY BRUSH AND COMB - Lolly Brasil - I Lolly You<\/title>\n<meta name=\"robots\" content=\"index, follow, max-snippet:-1, max-image-preview:large, max-video-preview:-1\" \/>\n<link rel=\"canonical\" href=\"https:\/\/lolly.com.br\/en\/product\/tip-baby-brush-and-comb\/\" \/>\n<meta property=\"og:locale\" content=\"en_US\" \/>\n<meta property=\"og:type\" content=\"article\" \/>\n<meta property=\"og:title\" content=\"TIP BABY BRUSH AND COMB - Lolly Brasil - I Lolly You\" \/>\n<meta property=\"og:description\" content=\"Utilidade: Pentear o cabelo do beb\u00ea.  Composi\u00e7\u00e3o: Metal, PA e PP.  Embalagem: 7050-01-M - Blister c\/ 1 kit | Caixa c\/ 6 blisters. 7050-01-F - Blister c\/ 1 kit | Caixa c\/ 6 blisters. 7050-00-AZ - Saquinho c\/ 1 kit | Caixa c\/ 12 saquinhos. 7050-00-RS - Saquinho c\/ 1 kit | Caixa c\/ 12 saquinhos.  NCM: 9603.29.00\" \/>\n<meta property=\"og:url\" content=\"https:\/\/lolly.com.br\/en\/product\/tip-baby-brush-and-comb\/\" \/>\n<meta property=\"og:site_name\" content=\"Lolly Brasil - I Lolly You\" \/>\n<meta property=\"article:publisher\" content=\"https:\/\/www.facebook.com\/lollybrasil\" \/>\n<meta property=\"article:modified_time\" content=\"2023-01-11T11:33:27+00:00\" \/>\n<meta property=\"og:image\" content=\"https:\/\/lolly.com.br\/wp-content\/uploads\/2022\/09\/7050-1-1.png\" \/>\n\t<meta property=\"og:image:width\" content=\"875\" \/>\n\t<meta property=\"og:image:height\" content=\"875\" \/>\n\t<meta property=\"og:image:type\" content=\"image\/png\" \/>\n<meta name=\"twitter:card\" content=\"summary_large_image\" \/>\n<meta name=\"twitter:site\" content=\"@lollybrasil\" \/>\n<meta name=\"twitter:label1\" content=\"Est. reading time\" \/>\n\t<meta name=\"twitter:data1\" content=\"1 minute\" \/>\n<script type=\"application\/ld+json\" class=\"yoast-schema-graph\">{\"@context\":\"https:\/\/schema.org\",\"@graph\":[{\"@type\":\"WebPage\",\"@id\":\"https:\/\/lolly.com.br\/en\/product\/tip-baby-brush-and-comb\/\",\"url\":\"https:\/\/lolly.com.br\/en\/product\/tip-baby-brush-and-comb\/\",\"name\":\"TIP BABY BRUSH AND COMB - Lolly Brasil - I Lolly You\",\"isPartOf\":{\"@id\":\"https:\/\/lolly.com.br\/en\/#website\"},\"datePublished\":\"2022-06-09T19:28:47+00:00\",\"dateModified\":\"2023-01-11T11:33:27+00:00\",\"breadcrumb\":{\"@id\":\"https:\/\/lolly.com.br\/en\/product\/tip-baby-brush-and-comb\/#breadcrumb\"},\"inLanguage\":\"en-US\",\"potentialAction\":[{\"@type\":\"ReadAction\",\"target\":[\"https:\/\/lolly.com.br\/en\/product\/tip-baby-brush-and-comb\/\"]}]},{\"@type\":\"BreadcrumbList\",\"@id\":\"https:\/\/lolly.com.br\/en\/product\/tip-baby-brush-and-comb\/#breadcrumb\",\"itemListElement\":[{\"@type\":\"ListItem\",\"position\":1,\"name\":\"In\u00edcio\",\"item\":\"https:\/\/lolly.com.br\/en\/\"},{\"@type\":\"ListItem\",\"position\":2,\"name\":\"Products\",\"item\":\"https:\/\/lolly.com.br\/en\/products\/\"},{\"@type\":\"ListItem\",\"position\":3,\"name\":\"TIP BABY BRUSH AND COMB\"}]},{\"@type\":\"WebSite\",\"@id\":\"https:\/\/lolly.com.br\/en\/#website\",\"url\":\"https:\/\/lolly.com.br\/en\/\",\"name\":\"Lolly Brasil - I Lolly You\",\"description\":\"Com uma jornada marcada por sonhos, desafios, aperfei\u00e7oamento da gest\u00e3o, ISO9001, bem como por Processos Sustent\u00e1veis, a Lolly \u00e9 uma empresa 100% brasileira que sempre prezou pela valoriza\u00e7\u00e3o dos parceiros e colaboradores. Em sua trajet\u00f3ria de mais de 30 anos, investe em inova\u00e7\u00e3o, laborat\u00f3rios de pesquisas, equipes especializadas e tudo isso com um \u00fanico objetivo: melhor se conectar com o consumidor, para atend\u00ea-lo al\u00e9m de suas expectativas e contribuir para uma vida melhor.\",\"publisher\":{\"@id\":\"https:\/\/lolly.com.br\/en\/#organization\"},\"potentialAction\":[{\"@type\":\"SearchAction\",\"target\":{\"@type\":\"EntryPoint\",\"urlTemplate\":\"https:\/\/lolly.com.br\/en\/?s={search_term_string}\"},\"query-input\":\"required name=search_term_string\"}],\"inLanguage\":\"en-US\"},{\"@type\":\"Organization\",\"@id\":\"https:\/\/lolly.com.br\/en\/#organization\",\"name\":\"Lolly Brasil\",\"url\":\"https:\/\/lolly.com.br\/en\/\",\"logo\":{\"@type\":\"ImageObject\",\"inLanguage\":\"en-US\",\"@id\":\"https:\/\/lolly.com.br\/en\/#\/schema\/logo\/image\/\",\"url\":\"https:\/\/lolly.com.br\/wp-content\/uploads\/2021\/12\/logo.png\",\"contentUrl\":\"https:\/\/lolly.com.br\/wp-content\/uploads\/2021\/12\/logo.png\",\"width\":1004,\"height\":457,\"caption\":\"Lolly Brasil\"},\"image\":{\"@id\":\"https:\/\/lolly.com.br\/en\/#\/schema\/logo\/image\/\"},\"sameAs\":[\"https:\/\/www.instagram.com\/lollybrasil\/\",\"https:\/\/www.facebook.com\/lollybrasil\",\"https:\/\/twitter.com\/lollybrasil\"]}]}<\/script>\n<!-- \/ Yoast SEO plugin. -->","yoast_head_json":{"title":"TIP BABY BRUSH AND COMB - Lolly Brasil - I Lolly You","robots":{"index":"index","follow":"follow","max-snippet":"max-snippet:-1","max-image-preview":"max-image-preview:large","max-video-preview":"max-video-preview:-1"},"canonical":"https:\/\/lolly.com.br\/en\/product\/tip-baby-brush-and-comb\/","og_locale":"en_US","og_type":"article","og_title":"TIP BABY BRUSH AND COMB - Lolly Brasil - I Lolly You","og_description":"Utilidade: Pentear o cabelo do beb\u00ea.  Composi\u00e7\u00e3o: Metal, PA e PP.  Embalagem: 7050-01-M - Blister c\/ 1 kit | Caixa c\/ 6 blisters. 7050-01-F - Blister c\/ 1 kit | Caixa c\/ 6 blisters. 7050-00-AZ - Saquinho c\/ 1 kit | Caixa c\/ 12 saquinhos. 7050-00-RS - Saquinho c\/ 1 kit | Caixa c\/ 12 saquinhos.  NCM: 9603.29.00","og_url":"https:\/\/lolly.com.br\/en\/product\/tip-baby-brush-and-comb\/","og_site_name":"Lolly Brasil - I Lolly You","article_publisher":"https:\/\/www.facebook.com\/lollybrasil","article_modified_time":"2023-01-11T11:33:27+00:00","og_image":[{"width":875,"height":875,"url":"https:\/\/lolly.com.br\/wp-content\/uploads\/2022\/09\/7050-1-1.png","type":"image\/png"}],"twitter_card":"summary_large_image","twitter_site":"@lollybrasil","twitter_misc":{"Est. reading time":"1 minute"},"schema":{"@context":"https:\/\/schema.org","@graph":[{"@type":"WebPage","@id":"https:\/\/lolly.com.br\/en\/product\/tip-baby-brush-and-comb\/","url":"https:\/\/lolly.com.br\/en\/product\/tip-baby-brush-and-comb\/","name":"TIP BABY BRUSH AND COMB - Lolly Brasil - I Lolly You","isPartOf":{"@id":"https:\/\/lolly.com.br\/en\/#website"},"datePublished":"2022-06-09T19:28:47+00:00","dateModified":"2023-01-11T11:33:27+00:00","breadcrumb":{"@id":"https:\/\/lolly.com.br\/en\/product\/tip-baby-brush-and-comb\/#breadcrumb"},"inLanguage":"en-US","potentialAction":[{"@type":"ReadAction","target":["https:\/\/lolly.com.br\/en\/product\/tip-baby-brush-and-comb\/"]}]},{"@type":"BreadcrumbList","@id":"https:\/\/lolly.com.br\/en\/product\/tip-baby-brush-and-comb\/#breadcrumb","itemListElement":[{"@type":"ListItem","position":1,"name":"In\u00edcio","item":"https:\/\/lolly.com.br\/en\/"},{"@type":"ListItem","position":2,"name":"Products","item":"https:\/\/lolly.com.br\/en\/products\/"},{"@type":"ListItem","position":3,"name":"TIP BABY BRUSH AND COMB"}]},{"@type":"WebSite","@id":"https:\/\/lolly.com.br\/en\/#website","url":"https:\/\/lolly.com.br\/en\/","name":"Lolly Brasil - I Lolly You","description":"Com uma jornada marcada por sonhos, desafios, aperfei\u00e7oamento da gest\u00e3o, ISO9001, bem como por Processos Sustent\u00e1veis, a Lolly \u00e9 uma empresa 100% brasileira que sempre prezou pela valoriza\u00e7\u00e3o dos parceiros e colaboradores. Em sua trajet\u00f3ria de mais de 30 anos, investe em inova\u00e7\u00e3o, laborat\u00f3rios de pesquisas, equipes especializadas e tudo isso com um \u00fanico objetivo: melhor se conectar com o consumidor, para atend\u00ea-lo al\u00e9m de suas expectativas e contribuir para uma vida melhor.","publisher":{"@id":"https:\/\/lolly.com.br\/en\/#organization"},"potentialAction":[{"@type":"SearchAction","target":{"@type":"EntryPoint","urlTemplate":"https:\/\/lolly.com.br\/en\/?s={search_term_string}"},"query-input":"required name=search_term_string"}],"inLanguage":"en-US"},{"@type":"Organization","@id":"https:\/\/lolly.com.br\/en\/#organization","name":"Lolly Brasil","url":"https:\/\/lolly.com.br\/en\/","logo":{"@type":"ImageObject","inLanguage":"en-US","@id":"https:\/\/lolly.com.br\/en\/#\/schema\/logo\/image\/","url":"https:\/\/lolly.com.br\/wp-content\/uploads\/2021\/12\/logo.png","contentUrl":"https:\/\/lolly.com.br\/wp-content\/uploads\/2021\/12\/logo.png","width":1004,"height":457,"caption":"Lolly Brasil"},"image":{"@id":"https:\/\/lolly.com.br\/en\/#\/schema\/logo\/image\/"},"sameAs":["https:\/\/www.instagram.com\/lollybrasil\/","https:\/\/www.facebook.com\/lollybrasil","https:\/\/twitter.com\/lollybrasil"]}]}},"_links":{"self":[{"href":"https:\/\/lolly.com.br\/en\/wp-json\/wp\/v2\/product\/79225"}],"collection":[{"href":"https:\/\/lolly.com.br\/en\/wp-json\/wp\/v2\/product"}],"about":[{"href":"https:\/\/lolly.com.br\/en\/wp-json\/wp\/v2\/types\/product"}],"replies":[{"embeddable":true,"href":"https:\/\/lolly.com.br\/en\/wp-json\/wp\/v2\/comments?post=79225"}],"version-history":[{"count":2,"href":"https:\/\/lolly.com.br\/en\/wp-json\/wp\/v2\/product\/79225\/revisions"}],"predecessor-version":[{"id":79787,"href":"https:\/\/lolly.com.br\/en\/wp-json\/wp\/v2\/product\/79225\/revisions\/79787"}],"wp:featuredmedia":[{"embeddable":true,"href":"https:\/\/lolly.com.br\/en\/wp-json\/wp\/v2\/media\/78339"}],"wp:attachment":[{"href":"https:\/\/lolly.com.br\/en\/wp-json\/wp\/v2\/media?parent=79225"}],"wp:term":[{"taxonomy":"product_cat","embeddable":true,"href":"https:\/\/lolly.com.br\/en\/wp-json\/wp\/v2\/product_cat?post=79225"},{"taxonomy":"product_tag","embeddable":true,"href":"https:\/\/lolly.com.br\/en\/wp-json\/wp\/v2\/product_tag?post=79225"}],"curies":[{"name":"wp","href":"https:\/\/api.w.org\/{rel}","templated":true}]}}