{"id":79134,"date":"2022-06-09T16:30:04","date_gmt":"2022-06-09T19:30:04","guid":{"rendered":"https:\/\/lolly.com.br\/product\/chupeta-100-silicone-r\/"},"modified":"2022-10-10T00:53:47","modified_gmt":"2022-10-10T03:53:47","slug":"100-silicone-standard-baby-pacifier","status":"publish","type":"product","link":"https:\/\/lolly.com.br\/en\/product\/100-silicone-standard-baby-pacifier\/","title":{"rendered":"100% SILICONE STANDARD BABY PACIFIER"},"content":{"rendered":"<p>100% Silicone.<\/p>\n<p>Watch the Video:<\/p>\n<p><iframe loading=\"lazy\" title=\"YouTube video player\" src=\"https:\/\/www.youtube.com\/embed\/a3Quzdm12nQ?controls=0\" width=\"560\" height=\"315\" frameborder=\"0\" allowfullscreen=\"allowfullscreen\"><\/iframe><\/p>\n<p>&nbsp;<\/p>\n","protected":false},"excerpt":{"rendered":"<p><strong>CH 100% SILICONE R T1<\/strong><\/p>\n<p><strong>6111-01-M &#8211; Blister w\/ 1un. | Box w\/ 12 blisters.<\/strong><\/p>\n<p><strong>6111-01-F &#8211; Blister w\/ 1un. | Box w\/ 12 blisters.<\/strong><\/p>\n<p><strong>6111-01-N &#8211; Blister w\/ 1un. | Box w\/ 12 blisters.<\/strong><\/p>\n<p>&nbsp;<\/p>\n<p><strong>CH 100% SILICONE R T1 CX C\/2<\/strong><\/p>\n<p><strong>6111-02-M &#8211; Case w\/ 2un. | Box with 6 <\/strong><strong>cases<\/strong><strong>.<\/strong><\/p>\n<p><strong>6111-02-F &#8211; Case w\/ 2un. | Box with 6 <\/strong><strong>cases<\/strong><strong>.<\/strong><\/p>\n<p>&nbsp;<\/p>\n<p><span style=\"color: #ced4d9; font-family: 'andale mono', monospace; font-size: 16px; background-color: #ffffff;\">THIS VIDEO IS A LOLLY PUBLICATION FOR INFORMATIONAL PURPOSES ONLY AND IS DISTRIBUTED SOLELY FOR THE SALE AND TRAINING OF LOLLY&#8217;S INTERNAL STAFF AND CUSTOMERS. DISCLOSURE OF THIS MATERIAL OR ANY PART OF IT TO THE END CONSUMER IS EXPRESSLY FORBIDDEN. THE COMMERCIAL PROMOTION OF BABY BOTTLES, NIPPLES AND PACIFIERS IS PROHIBITED BY LAW 11.265\/2006. LOLLY IS NOT RESPONSIBLE FOR IMPROPER USE OF THIS CATALOG. IN CASE OF DOUBT PLEASE CONTACT US. &#8220;THE MINISTRY OF HEALTH WARNS: A CHILD WHO BREASTFEEDS DOES NOT NEED A BOTTLE, PACIFIER OR FEEDING BOTTLE. THE USE OF A BOTTLE, SPOUT OR PACIFIER IS HARMFUL TO BREASTFEEDING.&#8221;<\/span><\/p>\n","protected":false},"featured_media":78441,"comment_status":"open","ping_status":"closed","template":"","meta":[],"product_cat":[361,319],"product_tag":[],"yoast_head":"<!-- This site is optimized with the Yoast SEO plugin v19.9 - https:\/\/yoast.com\/wordpress\/plugins\/seo\/ -->\n<title>100% SILICONE STANDARD BABY PACIFIER - Lolly Brasil - I Lolly You<\/title>\n<meta name=\"robots\" content=\"index, follow, max-snippet:-1, max-image-preview:large, max-video-preview:-1\" \/>\n<link rel=\"canonical\" href=\"https:\/\/lolly.com.br\/en\/product\/100-silicone-standard-baby-pacifier\/\" \/>\n<meta property=\"og:locale\" content=\"en_US\" \/>\n<meta property=\"og:type\" content=\"article\" \/>\n<meta property=\"og:title\" content=\"100% SILICONE STANDARD BABY PACIFIER - Lolly Brasil - I Lolly You\" \/>\n<meta property=\"og:description\" content=\"CH 100% SILICONE R T1  6111-01-M - Blister w\/ 1un. | Box w\/ 12 blisters.  6111-01-F - Blister w\/ 1un. | Box w\/ 12 blisters.  6111-01-N - Blister w\/ 1un. | Box w\/ 12 blisters.  &nbsp;  CH 100% SILICONE R T1 CX C\/2  6111-02-M - Case w\/ 2un. | Box with 6 cases.  6111-02-F - Case w\/ 2un. | Box with 6 cases.  &nbsp;  THIS VIDEO IS A LOLLY PUBLICATION FOR INFORMATIONAL PURPOSES ONLY AND IS DISTRIBUTED SOLELY FOR THE SALE AND TRAINING OF LOLLY&#039;S INTERNAL STAFF AND CUSTOMERS. DISCLOSURE OF THIS MATERIAL OR ANY PART OF IT TO THE END CONSUMER IS EXPRESSLY FORBIDDEN. THE COMMERCIAL PROMOTION OF BABY BOTTLES, NIPPLES AND PACIFIERS IS PROHIBITED BY LAW 11.265\/2006. LOLLY IS NOT RESPONSIBLE FOR IMPROPER USE OF THIS CATALOG. IN CASE OF DOUBT PLEASE CONTACT US. &quot;THE MINISTRY OF HEALTH WARNS: A CHILD WHO BREASTFEEDS DOES NOT NEED A BOTTLE, PACIFIER OR FEEDING BOTTLE. THE USE OF A BOTTLE, SPOUT OR PACIFIER IS HARMFUL TO BREASTFEEDING.&quot;\" \/>\n<meta property=\"og:url\" content=\"https:\/\/lolly.com.br\/en\/product\/100-silicone-standard-baby-pacifier\/\" \/>\n<meta property=\"og:site_name\" content=\"Lolly Brasil - I Lolly You\" \/>\n<meta property=\"article:publisher\" content=\"https:\/\/www.facebook.com\/lollybrasil\" \/>\n<meta property=\"article:modified_time\" content=\"2022-10-10T03:53:47+00:00\" \/>\n<meta property=\"og:image\" content=\"https:\/\/lolly.com.br\/wp-content\/uploads\/2022\/09\/6111-1.png\" \/>\n\t<meta property=\"og:image:width\" content=\"875\" \/>\n\t<meta property=\"og:image:height\" content=\"875\" \/>\n\t<meta property=\"og:image:type\" content=\"image\/png\" \/>\n<meta name=\"twitter:card\" content=\"summary_large_image\" \/>\n<meta name=\"twitter:site\" content=\"@lollybrasil\" \/>\n<meta name=\"twitter:label1\" content=\"Est. reading time\" \/>\n\t<meta name=\"twitter:data1\" content=\"1 minute\" \/>\n<script type=\"application\/ld+json\" class=\"yoast-schema-graph\">{\"@context\":\"https:\/\/schema.org\",\"@graph\":[{\"@type\":\"WebPage\",\"@id\":\"https:\/\/lolly.com.br\/en\/product\/100-silicone-standard-baby-pacifier\/\",\"url\":\"https:\/\/lolly.com.br\/en\/product\/100-silicone-standard-baby-pacifier\/\",\"name\":\"100% SILICONE STANDARD BABY PACIFIER - Lolly Brasil - I Lolly You\",\"isPartOf\":{\"@id\":\"https:\/\/lolly.com.br\/en\/#website\"},\"datePublished\":\"2022-06-09T19:30:04+00:00\",\"dateModified\":\"2022-10-10T03:53:47+00:00\",\"breadcrumb\":{\"@id\":\"https:\/\/lolly.com.br\/en\/product\/100-silicone-standard-baby-pacifier\/#breadcrumb\"},\"inLanguage\":\"en-US\",\"potentialAction\":[{\"@type\":\"ReadAction\",\"target\":[\"https:\/\/lolly.com.br\/en\/product\/100-silicone-standard-baby-pacifier\/\"]}]},{\"@type\":\"BreadcrumbList\",\"@id\":\"https:\/\/lolly.com.br\/en\/product\/100-silicone-standard-baby-pacifier\/#breadcrumb\",\"itemListElement\":[{\"@type\":\"ListItem\",\"position\":1,\"name\":\"In\u00edcio\",\"item\":\"https:\/\/lolly.com.br\/en\/\"},{\"@type\":\"ListItem\",\"position\":2,\"name\":\"Products\",\"item\":\"https:\/\/lolly.com.br\/en\/products\/\"},{\"@type\":\"ListItem\",\"position\":3,\"name\":\"100% SILICONE STANDARD BABY PACIFIER\"}]},{\"@type\":\"WebSite\",\"@id\":\"https:\/\/lolly.com.br\/en\/#website\",\"url\":\"https:\/\/lolly.com.br\/en\/\",\"name\":\"Lolly Brasil - I Lolly You\",\"description\":\"Com uma jornada marcada por sonhos, desafios, aperfei\u00e7oamento da gest\u00e3o, ISO9001, bem como por Processos Sustent\u00e1veis, a Lolly \u00e9 uma empresa 100% brasileira que sempre prezou pela valoriza\u00e7\u00e3o dos parceiros e colaboradores. Em sua trajet\u00f3ria de mais de 30 anos, investe em inova\u00e7\u00e3o, laborat\u00f3rios de pesquisas, equipes especializadas e tudo isso com um \u00fanico objetivo: melhor se conectar com o consumidor, para atend\u00ea-lo al\u00e9m de suas expectativas e contribuir para uma vida melhor.\",\"publisher\":{\"@id\":\"https:\/\/lolly.com.br\/en\/#organization\"},\"potentialAction\":[{\"@type\":\"SearchAction\",\"target\":{\"@type\":\"EntryPoint\",\"urlTemplate\":\"https:\/\/lolly.com.br\/en\/?s={search_term_string}\"},\"query-input\":\"required name=search_term_string\"}],\"inLanguage\":\"en-US\"},{\"@type\":\"Organization\",\"@id\":\"https:\/\/lolly.com.br\/en\/#organization\",\"name\":\"Lolly Brasil\",\"url\":\"https:\/\/lolly.com.br\/en\/\",\"logo\":{\"@type\":\"ImageObject\",\"inLanguage\":\"en-US\",\"@id\":\"https:\/\/lolly.com.br\/en\/#\/schema\/logo\/image\/\",\"url\":\"https:\/\/lolly.com.br\/wp-content\/uploads\/2021\/12\/logo.png\",\"contentUrl\":\"https:\/\/lolly.com.br\/wp-content\/uploads\/2021\/12\/logo.png\",\"width\":1004,\"height\":457,\"caption\":\"Lolly Brasil\"},\"image\":{\"@id\":\"https:\/\/lolly.com.br\/en\/#\/schema\/logo\/image\/\"},\"sameAs\":[\"https:\/\/www.instagram.com\/lollybrasil\/\",\"https:\/\/www.facebook.com\/lollybrasil\",\"https:\/\/twitter.com\/lollybrasil\"]}]}<\/script>\n<!-- \/ Yoast SEO plugin. -->","yoast_head_json":{"title":"100% SILICONE STANDARD BABY PACIFIER - Lolly Brasil - I Lolly You","robots":{"index":"index","follow":"follow","max-snippet":"max-snippet:-1","max-image-preview":"max-image-preview:large","max-video-preview":"max-video-preview:-1"},"canonical":"https:\/\/lolly.com.br\/en\/product\/100-silicone-standard-baby-pacifier\/","og_locale":"en_US","og_type":"article","og_title":"100% SILICONE STANDARD BABY PACIFIER - Lolly Brasil - I Lolly You","og_description":"CH 100% SILICONE R T1  6111-01-M - Blister w\/ 1un. | Box w\/ 12 blisters.  6111-01-F - Blister w\/ 1un. | Box w\/ 12 blisters.  6111-01-N - Blister w\/ 1un. | Box w\/ 12 blisters.  &nbsp;  CH 100% SILICONE R T1 CX C\/2  6111-02-M - Case w\/ 2un. | Box with 6 cases.  6111-02-F - Case w\/ 2un. | Box with 6 cases.  &nbsp;  THIS VIDEO IS A LOLLY PUBLICATION FOR INFORMATIONAL PURPOSES ONLY AND IS DISTRIBUTED SOLELY FOR THE SALE AND TRAINING OF LOLLY'S INTERNAL STAFF AND CUSTOMERS. DISCLOSURE OF THIS MATERIAL OR ANY PART OF IT TO THE END CONSUMER IS EXPRESSLY FORBIDDEN. THE COMMERCIAL PROMOTION OF BABY BOTTLES, NIPPLES AND PACIFIERS IS PROHIBITED BY LAW 11.265\/2006. LOLLY IS NOT RESPONSIBLE FOR IMPROPER USE OF THIS CATALOG. IN CASE OF DOUBT PLEASE CONTACT US. \"THE MINISTRY OF HEALTH WARNS: A CHILD WHO BREASTFEEDS DOES NOT NEED A BOTTLE, PACIFIER OR FEEDING BOTTLE. THE USE OF A BOTTLE, SPOUT OR PACIFIER IS HARMFUL TO BREASTFEEDING.\"","og_url":"https:\/\/lolly.com.br\/en\/product\/100-silicone-standard-baby-pacifier\/","og_site_name":"Lolly Brasil - I Lolly You","article_publisher":"https:\/\/www.facebook.com\/lollybrasil","article_modified_time":"2022-10-10T03:53:47+00:00","og_image":[{"width":875,"height":875,"url":"https:\/\/lolly.com.br\/wp-content\/uploads\/2022\/09\/6111-1.png","type":"image\/png"}],"twitter_card":"summary_large_image","twitter_site":"@lollybrasil","twitter_misc":{"Est. reading time":"1 minute"},"schema":{"@context":"https:\/\/schema.org","@graph":[{"@type":"WebPage","@id":"https:\/\/lolly.com.br\/en\/product\/100-silicone-standard-baby-pacifier\/","url":"https:\/\/lolly.com.br\/en\/product\/100-silicone-standard-baby-pacifier\/","name":"100% SILICONE STANDARD BABY PACIFIER - Lolly Brasil - I Lolly You","isPartOf":{"@id":"https:\/\/lolly.com.br\/en\/#website"},"datePublished":"2022-06-09T19:30:04+00:00","dateModified":"2022-10-10T03:53:47+00:00","breadcrumb":{"@id":"https:\/\/lolly.com.br\/en\/product\/100-silicone-standard-baby-pacifier\/#breadcrumb"},"inLanguage":"en-US","potentialAction":[{"@type":"ReadAction","target":["https:\/\/lolly.com.br\/en\/product\/100-silicone-standard-baby-pacifier\/"]}]},{"@type":"BreadcrumbList","@id":"https:\/\/lolly.com.br\/en\/product\/100-silicone-standard-baby-pacifier\/#breadcrumb","itemListElement":[{"@type":"ListItem","position":1,"name":"In\u00edcio","item":"https:\/\/lolly.com.br\/en\/"},{"@type":"ListItem","position":2,"name":"Products","item":"https:\/\/lolly.com.br\/en\/products\/"},{"@type":"ListItem","position":3,"name":"100% SILICONE STANDARD BABY PACIFIER"}]},{"@type":"WebSite","@id":"https:\/\/lolly.com.br\/en\/#website","url":"https:\/\/lolly.com.br\/en\/","name":"Lolly Brasil - I Lolly You","description":"Com uma jornada marcada por sonhos, desafios, aperfei\u00e7oamento da gest\u00e3o, ISO9001, bem como por Processos Sustent\u00e1veis, a Lolly \u00e9 uma empresa 100% brasileira que sempre prezou pela valoriza\u00e7\u00e3o dos parceiros e colaboradores. Em sua trajet\u00f3ria de mais de 30 anos, investe em inova\u00e7\u00e3o, laborat\u00f3rios de pesquisas, equipes especializadas e tudo isso com um \u00fanico objetivo: melhor se conectar com o consumidor, para atend\u00ea-lo al\u00e9m de suas expectativas e contribuir para uma vida melhor.","publisher":{"@id":"https:\/\/lolly.com.br\/en\/#organization"},"potentialAction":[{"@type":"SearchAction","target":{"@type":"EntryPoint","urlTemplate":"https:\/\/lolly.com.br\/en\/?s={search_term_string}"},"query-input":"required name=search_term_string"}],"inLanguage":"en-US"},{"@type":"Organization","@id":"https:\/\/lolly.com.br\/en\/#organization","name":"Lolly Brasil","url":"https:\/\/lolly.com.br\/en\/","logo":{"@type":"ImageObject","inLanguage":"en-US","@id":"https:\/\/lolly.com.br\/en\/#\/schema\/logo\/image\/","url":"https:\/\/lolly.com.br\/wp-content\/uploads\/2021\/12\/logo.png","contentUrl":"https:\/\/lolly.com.br\/wp-content\/uploads\/2021\/12\/logo.png","width":1004,"height":457,"caption":"Lolly Brasil"},"image":{"@id":"https:\/\/lolly.com.br\/en\/#\/schema\/logo\/image\/"},"sameAs":["https:\/\/www.instagram.com\/lollybrasil\/","https:\/\/www.facebook.com\/lollybrasil","https:\/\/twitter.com\/lollybrasil"]}]}},"_links":{"self":[{"href":"https:\/\/lolly.com.br\/en\/wp-json\/wp\/v2\/product\/79134"}],"collection":[{"href":"https:\/\/lolly.com.br\/en\/wp-json\/wp\/v2\/product"}],"about":[{"href":"https:\/\/lolly.com.br\/en\/wp-json\/wp\/v2\/types\/product"}],"replies":[{"embeddable":true,"href":"https:\/\/lolly.com.br\/en\/wp-json\/wp\/v2\/comments?post=79134"}],"version-history":[{"count":3,"href":"https:\/\/lolly.com.br\/en\/wp-json\/wp\/v2\/product\/79134\/revisions"}],"predecessor-version":[{"id":79747,"href":"https:\/\/lolly.com.br\/en\/wp-json\/wp\/v2\/product\/79134\/revisions\/79747"}],"wp:featuredmedia":[{"embeddable":true,"href":"https:\/\/lolly.com.br\/en\/wp-json\/wp\/v2\/media\/78441"}],"wp:attachment":[{"href":"https:\/\/lolly.com.br\/en\/wp-json\/wp\/v2\/media?parent=79134"}],"wp:term":[{"taxonomy":"product_cat","embeddable":true,"href":"https:\/\/lolly.com.br\/en\/wp-json\/wp\/v2\/product_cat?post=79134"},{"taxonomy":"product_tag","embeddable":true,"href":"https:\/\/lolly.com.br\/en\/wp-json\/wp\/v2\/product_tag?post=79134"}],"curies":[{"name":"wp","href":"https:\/\/api.w.org\/{rel}","templated":true}]}}