{"id":79110,"date":"2022-06-09T17:43:08","date_gmt":"2022-06-09T20:43:08","guid":{"rendered":"https:\/\/lolly.com.br\/product\/concha-amamentacao-pos-parto-2un\/"},"modified":"2022-10-10T00:33:18","modified_gmt":"2022-10-10T03:33:18","slug":"breast-shell-post-childbirth-2un","status":"publish","type":"product","link":"https:\/\/lolly.com.br\/en\/product\/breast-shell-post-childbirth-2un\/","title":{"rendered":"BREAST SHELL POST CHILDBIRTH (2UN)"},"content":{"rendered":"<p>Lolly&#8217;s Breast Shell Post Childbirth helps in the preparation and formation of the nipple, in addition to protecting and preventing cracks and leaks. They can be used from the 35th week of pregnancy.<br \/>\nThe Post Childbirth Cup protects the nipple and helps prevent breast engorgement, called breast milk stagnation. It is suitable for all types of nozzles. All Shell Lolly:<br \/>\nIt is comfortable, discreet and has a perfect fit in any type of breast;<br \/>\nPrevents injuries and promotes healing due to the ventilation valve;<br \/>\nEnsures hygiene and dry clothes, because it collects excess milk;<br \/>\nPrepares and shapes the nipple, making it easier for the baby to latch on;<br \/>\nProtects, because it keeps the nipple free from contact with the bra;<br \/>\nHelps prevent breast engorgement, called &#8220;breast milk stagnation&#8221;.<\/p>\n<p>Mini Shells<br \/>\nThe Mini Shells are ideal to keep in your bag if you need to change them at some point during the day. Because it is smaller, the amount of milk that fits in it is smaller, so we recommend its use for shorter periods of time or when milk leakage is less frequent. The size of the breast does not affect the size of the shell to be used.<\/p>\n<p>Attention: The milk left in the ladle cannot be used or donated without following the guidelines on sterilization and storage of milk, which can be obtained from a pediatrician, a nurse and\/or a health professional at the milk bank.<br \/>\n* The World Health Organization (WHO) and the Brazilian Ministry of Health recommend breastfeeding for two years or more, being exclusive for the first six months.<\/p>\n","protected":false},"excerpt":{"rendered":"<p>Utilidade: facilitar a amamenta\u00e7\u00e3o, proteger o mamilo e evitar o ingurgitamento mam\u00e1rio.<\/p>\n<p>Composi\u00e7\u00e3o: PP, TPE<\/p>\n<p>Base: Macia<\/p>\n<p>Embalagem:<br \/>\n7222-01 &#8211; Cartucho c\/ 2 un. | Caixa c\/ 6 cartuchos<\/p>\n<p>NCM: 3924.90.00<\/p>\n","protected":false},"featured_media":78504,"comment_status":"open","ping_status":"closed","template":"","meta":[],"product_cat":[311],"product_tag":[],"yoast_head":"<!-- This site is optimized with the Yoast SEO plugin v19.9 - https:\/\/yoast.com\/wordpress\/plugins\/seo\/ -->\n<title>BREAST SHELL POST CHILDBIRTH (2UN) - Lolly Brasil - I Lolly You<\/title>\n<meta name=\"robots\" content=\"index, follow, max-snippet:-1, max-image-preview:large, max-video-preview:-1\" \/>\n<link rel=\"canonical\" href=\"https:\/\/lolly.com.br\/en\/product\/breast-shell-post-childbirth-2un\/\" \/>\n<meta property=\"og:locale\" content=\"en_US\" \/>\n<meta property=\"og:type\" content=\"article\" \/>\n<meta property=\"og:title\" content=\"BREAST SHELL POST CHILDBIRTH (2UN) - Lolly Brasil - I Lolly You\" \/>\n<meta property=\"og:description\" content=\"Utilidade: facilitar a amamenta\u00e7\u00e3o, proteger o mamilo e evitar o ingurgitamento mam\u00e1rio.  Composi\u00e7\u00e3o: PP, TPE  Base: Macia  Embalagem: 7222-01 - Cartucho c\/ 2 un. | Caixa c\/ 6 cartuchos  NCM: 3924.90.00\" \/>\n<meta property=\"og:url\" content=\"https:\/\/lolly.com.br\/en\/product\/breast-shell-post-childbirth-2un\/\" \/>\n<meta property=\"og:site_name\" content=\"Lolly Brasil - I Lolly You\" \/>\n<meta property=\"article:publisher\" content=\"https:\/\/www.facebook.com\/lollybrasil\" \/>\n<meta property=\"article:modified_time\" content=\"2022-10-10T03:33:18+00:00\" \/>\n<meta property=\"og:image\" content=\"https:\/\/lolly.com.br\/wp-content\/uploads\/2022\/09\/7221-2-2.png\" \/>\n\t<meta property=\"og:image:width\" content=\"875\" \/>\n\t<meta property=\"og:image:height\" content=\"875\" \/>\n\t<meta property=\"og:image:type\" content=\"image\/png\" \/>\n<meta name=\"twitter:card\" content=\"summary_large_image\" \/>\n<meta name=\"twitter:site\" content=\"@lollybrasil\" \/>\n<meta name=\"twitter:label1\" content=\"Est. reading time\" \/>\n\t<meta name=\"twitter:data1\" content=\"2 minutes\" \/>\n<script type=\"application\/ld+json\" class=\"yoast-schema-graph\">{\"@context\":\"https:\/\/schema.org\",\"@graph\":[{\"@type\":\"WebPage\",\"@id\":\"https:\/\/lolly.com.br\/en\/product\/breast-shell-post-childbirth-2un\/\",\"url\":\"https:\/\/lolly.com.br\/en\/product\/breast-shell-post-childbirth-2un\/\",\"name\":\"BREAST SHELL POST CHILDBIRTH (2UN) - Lolly Brasil - I Lolly You\",\"isPartOf\":{\"@id\":\"https:\/\/lolly.com.br\/en\/#website\"},\"datePublished\":\"2022-06-09T20:43:08+00:00\",\"dateModified\":\"2022-10-10T03:33:18+00:00\",\"breadcrumb\":{\"@id\":\"https:\/\/lolly.com.br\/en\/product\/breast-shell-post-childbirth-2un\/#breadcrumb\"},\"inLanguage\":\"en-US\",\"potentialAction\":[{\"@type\":\"ReadAction\",\"target\":[\"https:\/\/lolly.com.br\/en\/product\/breast-shell-post-childbirth-2un\/\"]}]},{\"@type\":\"BreadcrumbList\",\"@id\":\"https:\/\/lolly.com.br\/en\/product\/breast-shell-post-childbirth-2un\/#breadcrumb\",\"itemListElement\":[{\"@type\":\"ListItem\",\"position\":1,\"name\":\"In\u00edcio\",\"item\":\"https:\/\/lolly.com.br\/en\/\"},{\"@type\":\"ListItem\",\"position\":2,\"name\":\"Products\",\"item\":\"https:\/\/lolly.com.br\/en\/products\/\"},{\"@type\":\"ListItem\",\"position\":3,\"name\":\"BREAST SHELL POST CHILDBIRTH (2UN)\"}]},{\"@type\":\"WebSite\",\"@id\":\"https:\/\/lolly.com.br\/en\/#website\",\"url\":\"https:\/\/lolly.com.br\/en\/\",\"name\":\"Lolly Brasil - I Lolly You\",\"description\":\"Com uma jornada marcada por sonhos, desafios, aperfei\u00e7oamento da gest\u00e3o, ISO9001, bem como por Processos Sustent\u00e1veis, a Lolly \u00e9 uma empresa 100% brasileira que sempre prezou pela valoriza\u00e7\u00e3o dos parceiros e colaboradores. Em sua trajet\u00f3ria de mais de 30 anos, investe em inova\u00e7\u00e3o, laborat\u00f3rios de pesquisas, equipes especializadas e tudo isso com um \u00fanico objetivo: melhor se conectar com o consumidor, para atend\u00ea-lo al\u00e9m de suas expectativas e contribuir para uma vida melhor.\",\"publisher\":{\"@id\":\"https:\/\/lolly.com.br\/en\/#organization\"},\"potentialAction\":[{\"@type\":\"SearchAction\",\"target\":{\"@type\":\"EntryPoint\",\"urlTemplate\":\"https:\/\/lolly.com.br\/en\/?s={search_term_string}\"},\"query-input\":\"required name=search_term_string\"}],\"inLanguage\":\"en-US\"},{\"@type\":\"Organization\",\"@id\":\"https:\/\/lolly.com.br\/en\/#organization\",\"name\":\"Lolly Brasil\",\"url\":\"https:\/\/lolly.com.br\/en\/\",\"logo\":{\"@type\":\"ImageObject\",\"inLanguage\":\"en-US\",\"@id\":\"https:\/\/lolly.com.br\/en\/#\/schema\/logo\/image\/\",\"url\":\"https:\/\/lolly.com.br\/wp-content\/uploads\/2021\/12\/logo.png\",\"contentUrl\":\"https:\/\/lolly.com.br\/wp-content\/uploads\/2021\/12\/logo.png\",\"width\":1004,\"height\":457,\"caption\":\"Lolly Brasil\"},\"image\":{\"@id\":\"https:\/\/lolly.com.br\/en\/#\/schema\/logo\/image\/\"},\"sameAs\":[\"https:\/\/www.instagram.com\/lollybrasil\/\",\"https:\/\/www.facebook.com\/lollybrasil\",\"https:\/\/twitter.com\/lollybrasil\"]}]}<\/script>\n<!-- \/ Yoast SEO plugin. -->","yoast_head_json":{"title":"BREAST SHELL POST CHILDBIRTH (2UN) - Lolly Brasil - I Lolly You","robots":{"index":"index","follow":"follow","max-snippet":"max-snippet:-1","max-image-preview":"max-image-preview:large","max-video-preview":"max-video-preview:-1"},"canonical":"https:\/\/lolly.com.br\/en\/product\/breast-shell-post-childbirth-2un\/","og_locale":"en_US","og_type":"article","og_title":"BREAST SHELL POST CHILDBIRTH (2UN) - Lolly Brasil - I Lolly You","og_description":"Utilidade: facilitar a amamenta\u00e7\u00e3o, proteger o mamilo e evitar o ingurgitamento mam\u00e1rio.  Composi\u00e7\u00e3o: PP, TPE  Base: Macia  Embalagem: 7222-01 - Cartucho c\/ 2 un. | Caixa c\/ 6 cartuchos  NCM: 3924.90.00","og_url":"https:\/\/lolly.com.br\/en\/product\/breast-shell-post-childbirth-2un\/","og_site_name":"Lolly Brasil - I Lolly You","article_publisher":"https:\/\/www.facebook.com\/lollybrasil","article_modified_time":"2022-10-10T03:33:18+00:00","og_image":[{"width":875,"height":875,"url":"https:\/\/lolly.com.br\/wp-content\/uploads\/2022\/09\/7221-2-2.png","type":"image\/png"}],"twitter_card":"summary_large_image","twitter_site":"@lollybrasil","twitter_misc":{"Est. reading time":"2 minutes"},"schema":{"@context":"https:\/\/schema.org","@graph":[{"@type":"WebPage","@id":"https:\/\/lolly.com.br\/en\/product\/breast-shell-post-childbirth-2un\/","url":"https:\/\/lolly.com.br\/en\/product\/breast-shell-post-childbirth-2un\/","name":"BREAST SHELL POST CHILDBIRTH (2UN) - Lolly Brasil - I Lolly You","isPartOf":{"@id":"https:\/\/lolly.com.br\/en\/#website"},"datePublished":"2022-06-09T20:43:08+00:00","dateModified":"2022-10-10T03:33:18+00:00","breadcrumb":{"@id":"https:\/\/lolly.com.br\/en\/product\/breast-shell-post-childbirth-2un\/#breadcrumb"},"inLanguage":"en-US","potentialAction":[{"@type":"ReadAction","target":["https:\/\/lolly.com.br\/en\/product\/breast-shell-post-childbirth-2un\/"]}]},{"@type":"BreadcrumbList","@id":"https:\/\/lolly.com.br\/en\/product\/breast-shell-post-childbirth-2un\/#breadcrumb","itemListElement":[{"@type":"ListItem","position":1,"name":"In\u00edcio","item":"https:\/\/lolly.com.br\/en\/"},{"@type":"ListItem","position":2,"name":"Products","item":"https:\/\/lolly.com.br\/en\/products\/"},{"@type":"ListItem","position":3,"name":"BREAST SHELL POST CHILDBIRTH (2UN)"}]},{"@type":"WebSite","@id":"https:\/\/lolly.com.br\/en\/#website","url":"https:\/\/lolly.com.br\/en\/","name":"Lolly Brasil - I Lolly You","description":"Com uma jornada marcada por sonhos, desafios, aperfei\u00e7oamento da gest\u00e3o, ISO9001, bem como por Processos Sustent\u00e1veis, a Lolly \u00e9 uma empresa 100% brasileira que sempre prezou pela valoriza\u00e7\u00e3o dos parceiros e colaboradores. Em sua trajet\u00f3ria de mais de 30 anos, investe em inova\u00e7\u00e3o, laborat\u00f3rios de pesquisas, equipes especializadas e tudo isso com um \u00fanico objetivo: melhor se conectar com o consumidor, para atend\u00ea-lo al\u00e9m de suas expectativas e contribuir para uma vida melhor.","publisher":{"@id":"https:\/\/lolly.com.br\/en\/#organization"},"potentialAction":[{"@type":"SearchAction","target":{"@type":"EntryPoint","urlTemplate":"https:\/\/lolly.com.br\/en\/?s={search_term_string}"},"query-input":"required name=search_term_string"}],"inLanguage":"en-US"},{"@type":"Organization","@id":"https:\/\/lolly.com.br\/en\/#organization","name":"Lolly Brasil","url":"https:\/\/lolly.com.br\/en\/","logo":{"@type":"ImageObject","inLanguage":"en-US","@id":"https:\/\/lolly.com.br\/en\/#\/schema\/logo\/image\/","url":"https:\/\/lolly.com.br\/wp-content\/uploads\/2021\/12\/logo.png","contentUrl":"https:\/\/lolly.com.br\/wp-content\/uploads\/2021\/12\/logo.png","width":1004,"height":457,"caption":"Lolly Brasil"},"image":{"@id":"https:\/\/lolly.com.br\/en\/#\/schema\/logo\/image\/"},"sameAs":["https:\/\/www.instagram.com\/lollybrasil\/","https:\/\/www.facebook.com\/lollybrasil","https:\/\/twitter.com\/lollybrasil"]}]}},"_links":{"self":[{"href":"https:\/\/lolly.com.br\/en\/wp-json\/wp\/v2\/product\/79110"}],"collection":[{"href":"https:\/\/lolly.com.br\/en\/wp-json\/wp\/v2\/product"}],"about":[{"href":"https:\/\/lolly.com.br\/en\/wp-json\/wp\/v2\/types\/product"}],"replies":[{"embeddable":true,"href":"https:\/\/lolly.com.br\/en\/wp-json\/wp\/v2\/comments?post=79110"}],"version-history":[{"count":3,"href":"https:\/\/lolly.com.br\/en\/wp-json\/wp\/v2\/product\/79110\/revisions"}],"predecessor-version":[{"id":79733,"href":"https:\/\/lolly.com.br\/en\/wp-json\/wp\/v2\/product\/79110\/revisions\/79733"}],"wp:featuredmedia":[{"embeddable":true,"href":"https:\/\/lolly.com.br\/en\/wp-json\/wp\/v2\/media\/78504"}],"wp:attachment":[{"href":"https:\/\/lolly.com.br\/en\/wp-json\/wp\/v2\/media?parent=79110"}],"wp:term":[{"taxonomy":"product_cat","embeddable":true,"href":"https:\/\/lolly.com.br\/en\/wp-json\/wp\/v2\/product_cat?post=79110"},{"taxonomy":"product_tag","embeddable":true,"href":"https:\/\/lolly.com.br\/en\/wp-json\/wp\/v2\/product_tag?post=79110"}],"curies":[{"name":"wp","href":"https:\/\/api.w.org\/{rel}","templated":true}]}}