{"id":79086,"date":"2022-06-09T17:43:12","date_gmt":"2022-06-09T20:43:12","guid":{"rendered":"https:\/\/lolly.com.br\/product\/coletor-de-leite-materno\/"},"modified":"2022-10-09T23:54:52","modified_gmt":"2022-10-10T02:54:52","slug":"maternal-milk-collector","status":"publish","type":"product","link":"https:\/\/lolly.com.br\/en\/product\/maternal-milk-collector\/","title":{"rendered":"MATERNAL MILK COLLECTOR"},"content":{"rendered":"<p>The Lolly Maternal Milk Collector helps the mother when breastfeeding, collecting the excess of milk from the opposite breast, without the need to use the hands. No pumping required as milk flows naturally with suction.<br \/>\nMade of 100% silicone, it has a velvety touch that provides more comfort. The suction cup base prevents the cup from falling and spilling the collected milk. The lid seals the container for easy storage.<\/p>\n<p>* The World Health Organization (WHO) and the Brazilian Ministry of Health recommend breastfeeding for two years or more, being exclusive for the first six months.<\/p>\n<p>&nbsp;<\/p>\n","protected":false},"excerpt":{"rendered":"<p>Utilidade: coletar o excesso de leite da mama oposta na hora da amamenta\u00e7\u00e3o e evitar o desperd\u00edcio do leite materno.<\/p>\n<p>Composi\u00e7\u00e3o: silicone, PP (tampa).<\/p>\n<p>Embalagem:<br \/>\n7228-01 &#8211; Blister c\/ 1 un. | Caixa c\/ 6 blisters.<\/p>\n<p>NCM: 8414.20.00<\/p>\n","protected":false},"featured_media":78510,"comment_status":"open","ping_status":"closed","template":"","meta":[],"product_cat":[311],"product_tag":[],"yoast_head":"<!-- This site is optimized with the Yoast SEO plugin v19.9 - https:\/\/yoast.com\/wordpress\/plugins\/seo\/ -->\n<title>MATERNAL MILK COLLECTOR - Lolly Brasil - I Lolly You<\/title>\n<meta name=\"robots\" content=\"index, follow, max-snippet:-1, max-image-preview:large, max-video-preview:-1\" \/>\n<link rel=\"canonical\" href=\"https:\/\/lolly.com.br\/en\/product\/maternal-milk-collector\/\" \/>\n<meta property=\"og:locale\" content=\"en_US\" \/>\n<meta property=\"og:type\" content=\"article\" \/>\n<meta property=\"og:title\" content=\"MATERNAL MILK COLLECTOR - Lolly Brasil - I Lolly You\" \/>\n<meta property=\"og:description\" content=\"Utilidade: coletar o excesso de leite da mama oposta na hora da amamenta\u00e7\u00e3o e evitar o desperd\u00edcio do leite materno.  Composi\u00e7\u00e3o: silicone, PP (tampa).  Embalagem: 7228-01 - Blister c\/ 1 un. | Caixa c\/ 6 blisters.  NCM: 8414.20.00\" \/>\n<meta property=\"og:url\" content=\"https:\/\/lolly.com.br\/en\/product\/maternal-milk-collector\/\" \/>\n<meta property=\"og:site_name\" content=\"Lolly Brasil - I Lolly You\" \/>\n<meta property=\"article:publisher\" content=\"https:\/\/www.facebook.com\/lollybrasil\" \/>\n<meta property=\"article:modified_time\" content=\"2022-10-10T02:54:52+00:00\" \/>\n<meta property=\"og:image\" content=\"https:\/\/lolly.com.br\/wp-content\/uploads\/2022\/09\/7228-1-1.png\" \/>\n\t<meta property=\"og:image:width\" content=\"875\" \/>\n\t<meta property=\"og:image:height\" content=\"875\" \/>\n\t<meta property=\"og:image:type\" content=\"image\/png\" \/>\n<meta name=\"twitter:card\" content=\"summary_large_image\" \/>\n<meta name=\"twitter:site\" content=\"@lollybrasil\" \/>\n<meta name=\"twitter:label1\" content=\"Est. reading time\" \/>\n\t<meta name=\"twitter:data1\" content=\"1 minute\" \/>\n<script type=\"application\/ld+json\" class=\"yoast-schema-graph\">{\"@context\":\"https:\/\/schema.org\",\"@graph\":[{\"@type\":\"WebPage\",\"@id\":\"https:\/\/lolly.com.br\/en\/product\/maternal-milk-collector\/\",\"url\":\"https:\/\/lolly.com.br\/en\/product\/maternal-milk-collector\/\",\"name\":\"MATERNAL MILK COLLECTOR - Lolly Brasil - I Lolly You\",\"isPartOf\":{\"@id\":\"https:\/\/lolly.com.br\/en\/#website\"},\"datePublished\":\"2022-06-09T20:43:12+00:00\",\"dateModified\":\"2022-10-10T02:54:52+00:00\",\"breadcrumb\":{\"@id\":\"https:\/\/lolly.com.br\/en\/product\/maternal-milk-collector\/#breadcrumb\"},\"inLanguage\":\"en-US\",\"potentialAction\":[{\"@type\":\"ReadAction\",\"target\":[\"https:\/\/lolly.com.br\/en\/product\/maternal-milk-collector\/\"]}]},{\"@type\":\"BreadcrumbList\",\"@id\":\"https:\/\/lolly.com.br\/en\/product\/maternal-milk-collector\/#breadcrumb\",\"itemListElement\":[{\"@type\":\"ListItem\",\"position\":1,\"name\":\"In\u00edcio\",\"item\":\"https:\/\/lolly.com.br\/en\/\"},{\"@type\":\"ListItem\",\"position\":2,\"name\":\"Products\",\"item\":\"https:\/\/lolly.com.br\/en\/products\/\"},{\"@type\":\"ListItem\",\"position\":3,\"name\":\"MATERNAL MILK COLLECTOR\"}]},{\"@type\":\"WebSite\",\"@id\":\"https:\/\/lolly.com.br\/en\/#website\",\"url\":\"https:\/\/lolly.com.br\/en\/\",\"name\":\"Lolly Brasil - I Lolly You\",\"description\":\"Com uma jornada marcada por sonhos, desafios, aperfei\u00e7oamento da gest\u00e3o, ISO9001, bem como por Processos Sustent\u00e1veis, a Lolly \u00e9 uma empresa 100% brasileira que sempre prezou pela valoriza\u00e7\u00e3o dos parceiros e colaboradores. Em sua trajet\u00f3ria de mais de 30 anos, investe em inova\u00e7\u00e3o, laborat\u00f3rios de pesquisas, equipes especializadas e tudo isso com um \u00fanico objetivo: melhor se conectar com o consumidor, para atend\u00ea-lo al\u00e9m de suas expectativas e contribuir para uma vida melhor.\",\"publisher\":{\"@id\":\"https:\/\/lolly.com.br\/en\/#organization\"},\"potentialAction\":[{\"@type\":\"SearchAction\",\"target\":{\"@type\":\"EntryPoint\",\"urlTemplate\":\"https:\/\/lolly.com.br\/en\/?s={search_term_string}\"},\"query-input\":\"required name=search_term_string\"}],\"inLanguage\":\"en-US\"},{\"@type\":\"Organization\",\"@id\":\"https:\/\/lolly.com.br\/en\/#organization\",\"name\":\"Lolly Brasil\",\"url\":\"https:\/\/lolly.com.br\/en\/\",\"logo\":{\"@type\":\"ImageObject\",\"inLanguage\":\"en-US\",\"@id\":\"https:\/\/lolly.com.br\/en\/#\/schema\/logo\/image\/\",\"url\":\"https:\/\/lolly.com.br\/wp-content\/uploads\/2021\/12\/logo.png\",\"contentUrl\":\"https:\/\/lolly.com.br\/wp-content\/uploads\/2021\/12\/logo.png\",\"width\":1004,\"height\":457,\"caption\":\"Lolly Brasil\"},\"image\":{\"@id\":\"https:\/\/lolly.com.br\/en\/#\/schema\/logo\/image\/\"},\"sameAs\":[\"https:\/\/www.instagram.com\/lollybrasil\/\",\"https:\/\/www.facebook.com\/lollybrasil\",\"https:\/\/twitter.com\/lollybrasil\"]}]}<\/script>\n<!-- \/ Yoast SEO plugin. -->","yoast_head_json":{"title":"MATERNAL MILK COLLECTOR - Lolly Brasil - I Lolly You","robots":{"index":"index","follow":"follow","max-snippet":"max-snippet:-1","max-image-preview":"max-image-preview:large","max-video-preview":"max-video-preview:-1"},"canonical":"https:\/\/lolly.com.br\/en\/product\/maternal-milk-collector\/","og_locale":"en_US","og_type":"article","og_title":"MATERNAL MILK COLLECTOR - Lolly Brasil - I Lolly You","og_description":"Utilidade: coletar o excesso de leite da mama oposta na hora da amamenta\u00e7\u00e3o e evitar o desperd\u00edcio do leite materno.  Composi\u00e7\u00e3o: silicone, PP (tampa).  Embalagem: 7228-01 - Blister c\/ 1 un. | Caixa c\/ 6 blisters.  NCM: 8414.20.00","og_url":"https:\/\/lolly.com.br\/en\/product\/maternal-milk-collector\/","og_site_name":"Lolly Brasil - I Lolly You","article_publisher":"https:\/\/www.facebook.com\/lollybrasil","article_modified_time":"2022-10-10T02:54:52+00:00","og_image":[{"width":875,"height":875,"url":"https:\/\/lolly.com.br\/wp-content\/uploads\/2022\/09\/7228-1-1.png","type":"image\/png"}],"twitter_card":"summary_large_image","twitter_site":"@lollybrasil","twitter_misc":{"Est. reading time":"1 minute"},"schema":{"@context":"https:\/\/schema.org","@graph":[{"@type":"WebPage","@id":"https:\/\/lolly.com.br\/en\/product\/maternal-milk-collector\/","url":"https:\/\/lolly.com.br\/en\/product\/maternal-milk-collector\/","name":"MATERNAL MILK COLLECTOR - Lolly Brasil - I Lolly You","isPartOf":{"@id":"https:\/\/lolly.com.br\/en\/#website"},"datePublished":"2022-06-09T20:43:12+00:00","dateModified":"2022-10-10T02:54:52+00:00","breadcrumb":{"@id":"https:\/\/lolly.com.br\/en\/product\/maternal-milk-collector\/#breadcrumb"},"inLanguage":"en-US","potentialAction":[{"@type":"ReadAction","target":["https:\/\/lolly.com.br\/en\/product\/maternal-milk-collector\/"]}]},{"@type":"BreadcrumbList","@id":"https:\/\/lolly.com.br\/en\/product\/maternal-milk-collector\/#breadcrumb","itemListElement":[{"@type":"ListItem","position":1,"name":"In\u00edcio","item":"https:\/\/lolly.com.br\/en\/"},{"@type":"ListItem","position":2,"name":"Products","item":"https:\/\/lolly.com.br\/en\/products\/"},{"@type":"ListItem","position":3,"name":"MATERNAL MILK COLLECTOR"}]},{"@type":"WebSite","@id":"https:\/\/lolly.com.br\/en\/#website","url":"https:\/\/lolly.com.br\/en\/","name":"Lolly Brasil - I Lolly You","description":"Com uma jornada marcada por sonhos, desafios, aperfei\u00e7oamento da gest\u00e3o, ISO9001, bem como por Processos Sustent\u00e1veis, a Lolly \u00e9 uma empresa 100% brasileira que sempre prezou pela valoriza\u00e7\u00e3o dos parceiros e colaboradores. Em sua trajet\u00f3ria de mais de 30 anos, investe em inova\u00e7\u00e3o, laborat\u00f3rios de pesquisas, equipes especializadas e tudo isso com um \u00fanico objetivo: melhor se conectar com o consumidor, para atend\u00ea-lo al\u00e9m de suas expectativas e contribuir para uma vida melhor.","publisher":{"@id":"https:\/\/lolly.com.br\/en\/#organization"},"potentialAction":[{"@type":"SearchAction","target":{"@type":"EntryPoint","urlTemplate":"https:\/\/lolly.com.br\/en\/?s={search_term_string}"},"query-input":"required name=search_term_string"}],"inLanguage":"en-US"},{"@type":"Organization","@id":"https:\/\/lolly.com.br\/en\/#organization","name":"Lolly Brasil","url":"https:\/\/lolly.com.br\/en\/","logo":{"@type":"ImageObject","inLanguage":"en-US","@id":"https:\/\/lolly.com.br\/en\/#\/schema\/logo\/image\/","url":"https:\/\/lolly.com.br\/wp-content\/uploads\/2021\/12\/logo.png","contentUrl":"https:\/\/lolly.com.br\/wp-content\/uploads\/2021\/12\/logo.png","width":1004,"height":457,"caption":"Lolly Brasil"},"image":{"@id":"https:\/\/lolly.com.br\/en\/#\/schema\/logo\/image\/"},"sameAs":["https:\/\/www.instagram.com\/lollybrasil\/","https:\/\/www.facebook.com\/lollybrasil","https:\/\/twitter.com\/lollybrasil"]}]}},"_links":{"self":[{"href":"https:\/\/lolly.com.br\/en\/wp-json\/wp\/v2\/product\/79086"}],"collection":[{"href":"https:\/\/lolly.com.br\/en\/wp-json\/wp\/v2\/product"}],"about":[{"href":"https:\/\/lolly.com.br\/en\/wp-json\/wp\/v2\/types\/product"}],"replies":[{"embeddable":true,"href":"https:\/\/lolly.com.br\/en\/wp-json\/wp\/v2\/comments?post=79086"}],"version-history":[{"count":3,"href":"https:\/\/lolly.com.br\/en\/wp-json\/wp\/v2\/product\/79086\/revisions"}],"predecessor-version":[{"id":79714,"href":"https:\/\/lolly.com.br\/en\/wp-json\/wp\/v2\/product\/79086\/revisions\/79714"}],"wp:featuredmedia":[{"embeddable":true,"href":"https:\/\/lolly.com.br\/en\/wp-json\/wp\/v2\/media\/78510"}],"wp:attachment":[{"href":"https:\/\/lolly.com.br\/en\/wp-json\/wp\/v2\/media?parent=79086"}],"wp:term":[{"taxonomy":"product_cat","embeddable":true,"href":"https:\/\/lolly.com.br\/en\/wp-json\/wp\/v2\/product_cat?post=79086"},{"taxonomy":"product_tag","embeddable":true,"href":"https:\/\/lolly.com.br\/en\/wp-json\/wp\/v2\/product_tag?post=79086"}],"curies":[{"name":"wp","href":"https:\/\/api.w.org\/{rel}","templated":true}]}}