{"id":78962,"date":"2022-06-09T17:44:34","date_gmt":"2022-06-09T20:44:34","guid":{"rendered":"https:\/\/lolly.com.br\/product\/protetor-de-mamilo-estojo-c-2un\/"},"modified":"2022-10-05T11:24:44","modified_gmt":"2022-10-05T14:24:44","slug":"nipple-guard-c-2un","status":"publish","type":"product","link":"https:\/\/lolly.com.br\/en\/product\/nipple-guard-c-2un\/","title":{"rendered":"Nipple Protector (case w\/ 2un)"},"content":{"rendered":"<p>Made of ultra-thin, soft Silicone.<\/p>\n<p>Watch the Video:<\/p>\n<p><iframe loading=\"lazy\" title=\"YouTube video player\" src=\"https:\/\/www.youtube.com\/embed\/dtW5UD6poFE?controls=0\" width=\"560\" height=\"315\" frameborder=\"0\" allowfullscreen=\"allowfullscreen\"><\/iframe><\/p>\n<p>&nbsp;<\/p>\n","protected":false},"excerpt":{"rendered":"<p><strong>Use: To protect the nipple.<\/strong><\/p>\n<p>&nbsp;<\/p>\n<p><strong>Packaging:  <\/strong><\/p>\n<p><strong>7270-01 &#8211; Blister w\/ 1 pcs. | Box w\/ 12 blisters.<\/strong><\/p>\n<p>&nbsp;<\/p>\n<p><strong>NCM: 3924.90.00<\/strong><\/p>\n<p>&nbsp;<\/p>\n<p><span style=\"color: #ced4d9; font-family: 'andale mono', monospace; font-size: 16px; background-color: #ffffff;\">THIS VIDEO IS A LOLLY PUBLICATION FOR INFORMATIONAL PURPOSES ONLY AND IS DISTRIBUTED SOLELY FOR THE SALE AND TRAINING OF LOLLY&#8217;S INTERNAL STAFF AND CUSTOMERS. DISCLOSURE OF THIS MATERIAL OR ANY PART OF IT TO THE END CONSUMER IS EXPRESSLY FORBIDDEN. THE COMMERCIAL PROMOTION OF BABY BOTTLES, NIPPLES AND PACIFIERS IS PROHIBITED BY LAW 11.265\/2006. LOLLY IS NOT RESPONSIBLE FOR IMPROPER USE OF THIS CATALOG. IN CASE OF DOUBT PLEASE CONTACT US. &#8220;THE MINISTRY OF HEALTH WARNS: A CHILD WHO BREASTFEEDS DOES NOT NEED A BOTTLE, PACIFIER OR FEEDING BOTTLE. THE USE OF A BOTTLE, SPOUT OR PACIFIER IS HARMFUL TO BREASTFEEDING.&#8221;<\/span><\/p>\n","protected":false},"featured_media":78730,"comment_status":"open","ping_status":"closed","template":"","meta":[],"product_cat":[361,311],"product_tag":[],"yoast_head":"<!-- This site is optimized with the Yoast SEO plugin v19.9 - https:\/\/yoast.com\/wordpress\/plugins\/seo\/ -->\n<title>Nipple Protector (case w\/ 2un) - Lolly Brasil - I Lolly You<\/title>\n<meta name=\"robots\" content=\"index, follow, max-snippet:-1, max-image-preview:large, max-video-preview:-1\" \/>\n<link rel=\"canonical\" href=\"https:\/\/lolly.com.br\/en\/product\/nipple-guard-c-2un\/\" \/>\n<meta property=\"og:locale\" content=\"en_US\" \/>\n<meta property=\"og:type\" content=\"article\" \/>\n<meta property=\"og:title\" content=\"Nipple Protector (case w\/ 2un) - Lolly Brasil - I Lolly You\" \/>\n<meta property=\"og:description\" content=\"Use: To protect the nipple. &nbsp; Packaging:  7270-01 - Blister w\/ 1 pcs. | Box w\/ 12 blisters. &nbsp; NCM: 3924.90.00 &nbsp; THIS VIDEO IS A LOLLY PUBLICATION FOR INFORMATIONAL PURPOSES ONLY AND IS DISTRIBUTED SOLELY FOR THE SALE AND TRAINING OF LOLLY&#039;S INTERNAL STAFF AND CUSTOMERS. DISCLOSURE OF THIS MATERIAL OR ANY PART OF IT TO THE END CONSUMER IS EXPRESSLY FORBIDDEN. THE COMMERCIAL PROMOTION OF BABY BOTTLES, NIPPLES AND PACIFIERS IS PROHIBITED BY LAW 11.265\/2006. LOLLY IS NOT RESPONSIBLE FOR IMPROPER USE OF THIS CATALOG. IN CASE OF DOUBT PLEASE CONTACT US. &quot;THE MINISTRY OF HEALTH WARNS: A CHILD WHO BREASTFEEDS DOES NOT NEED A BOTTLE, PACIFIER OR FEEDING BOTTLE. THE USE OF A BOTTLE, SPOUT OR PACIFIER IS HARMFUL TO BREASTFEEDING.&quot;\" \/>\n<meta property=\"og:url\" content=\"https:\/\/lolly.com.br\/en\/product\/nipple-guard-c-2un\/\" \/>\n<meta property=\"og:site_name\" content=\"Lolly Brasil - I Lolly You\" \/>\n<meta property=\"article:publisher\" content=\"https:\/\/www.facebook.com\/lollybrasil\" \/>\n<meta property=\"article:modified_time\" content=\"2022-10-05T14:24:44+00:00\" \/>\n<meta property=\"og:image\" content=\"https:\/\/lolly.com.br\/wp-content\/uploads\/2022\/09\/7271.jpg\" \/>\n\t<meta property=\"og:image:width\" content=\"875\" \/>\n\t<meta property=\"og:image:height\" content=\"875\" \/>\n\t<meta property=\"og:image:type\" content=\"image\/jpeg\" \/>\n<meta name=\"twitter:card\" content=\"summary_large_image\" \/>\n<meta name=\"twitter:site\" content=\"@lollybrasil\" \/>\n<meta name=\"twitter:label1\" content=\"Est. reading time\" \/>\n\t<meta name=\"twitter:data1\" content=\"1 minute\" \/>\n<script type=\"application\/ld+json\" class=\"yoast-schema-graph\">{\"@context\":\"https:\/\/schema.org\",\"@graph\":[{\"@type\":\"WebPage\",\"@id\":\"https:\/\/lolly.com.br\/en\/product\/nipple-guard-c-2un\/\",\"url\":\"https:\/\/lolly.com.br\/en\/product\/nipple-guard-c-2un\/\",\"name\":\"Nipple Protector (case w\/ 2un) - Lolly Brasil - I Lolly You\",\"isPartOf\":{\"@id\":\"https:\/\/lolly.com.br\/en\/#website\"},\"datePublished\":\"2022-06-09T20:44:34+00:00\",\"dateModified\":\"2022-10-05T14:24:44+00:00\",\"breadcrumb\":{\"@id\":\"https:\/\/lolly.com.br\/en\/product\/nipple-guard-c-2un\/#breadcrumb\"},\"inLanguage\":\"en-US\",\"potentialAction\":[{\"@type\":\"ReadAction\",\"target\":[\"https:\/\/lolly.com.br\/en\/product\/nipple-guard-c-2un\/\"]}]},{\"@type\":\"BreadcrumbList\",\"@id\":\"https:\/\/lolly.com.br\/en\/product\/nipple-guard-c-2un\/#breadcrumb\",\"itemListElement\":[{\"@type\":\"ListItem\",\"position\":1,\"name\":\"In\u00edcio\",\"item\":\"https:\/\/lolly.com.br\/en\/\"},{\"@type\":\"ListItem\",\"position\":2,\"name\":\"Products\",\"item\":\"https:\/\/lolly.com.br\/en\/products\/\"},{\"@type\":\"ListItem\",\"position\":3,\"name\":\"Nipple Protector (case w\/ 2un)\"}]},{\"@type\":\"WebSite\",\"@id\":\"https:\/\/lolly.com.br\/en\/#website\",\"url\":\"https:\/\/lolly.com.br\/en\/\",\"name\":\"Lolly Brasil - I Lolly You\",\"description\":\"Com uma jornada marcada por sonhos, desafios, aperfei\u00e7oamento da gest\u00e3o, ISO9001, bem como por Processos Sustent\u00e1veis, a Lolly \u00e9 uma empresa 100% brasileira que sempre prezou pela valoriza\u00e7\u00e3o dos parceiros e colaboradores. Em sua trajet\u00f3ria de mais de 30 anos, investe em inova\u00e7\u00e3o, laborat\u00f3rios de pesquisas, equipes especializadas e tudo isso com um \u00fanico objetivo: melhor se conectar com o consumidor, para atend\u00ea-lo al\u00e9m de suas expectativas e contribuir para uma vida melhor.\",\"publisher\":{\"@id\":\"https:\/\/lolly.com.br\/en\/#organization\"},\"potentialAction\":[{\"@type\":\"SearchAction\",\"target\":{\"@type\":\"EntryPoint\",\"urlTemplate\":\"https:\/\/lolly.com.br\/en\/?s={search_term_string}\"},\"query-input\":\"required name=search_term_string\"}],\"inLanguage\":\"en-US\"},{\"@type\":\"Organization\",\"@id\":\"https:\/\/lolly.com.br\/en\/#organization\",\"name\":\"Lolly Brasil\",\"url\":\"https:\/\/lolly.com.br\/en\/\",\"logo\":{\"@type\":\"ImageObject\",\"inLanguage\":\"en-US\",\"@id\":\"https:\/\/lolly.com.br\/en\/#\/schema\/logo\/image\/\",\"url\":\"https:\/\/lolly.com.br\/wp-content\/uploads\/2021\/12\/logo.png\",\"contentUrl\":\"https:\/\/lolly.com.br\/wp-content\/uploads\/2021\/12\/logo.png\",\"width\":1004,\"height\":457,\"caption\":\"Lolly Brasil\"},\"image\":{\"@id\":\"https:\/\/lolly.com.br\/en\/#\/schema\/logo\/image\/\"},\"sameAs\":[\"https:\/\/www.instagram.com\/lollybrasil\/\",\"https:\/\/www.facebook.com\/lollybrasil\",\"https:\/\/twitter.com\/lollybrasil\"]}]}<\/script>\n<!-- \/ Yoast SEO plugin. -->","yoast_head_json":{"title":"Nipple Protector (case w\/ 2un) - Lolly Brasil - I Lolly You","robots":{"index":"index","follow":"follow","max-snippet":"max-snippet:-1","max-image-preview":"max-image-preview:large","max-video-preview":"max-video-preview:-1"},"canonical":"https:\/\/lolly.com.br\/en\/product\/nipple-guard-c-2un\/","og_locale":"en_US","og_type":"article","og_title":"Nipple Protector (case w\/ 2un) - Lolly Brasil - I Lolly You","og_description":"Use: To protect the nipple. &nbsp; Packaging:  7270-01 - Blister w\/ 1 pcs. | Box w\/ 12 blisters. &nbsp; NCM: 3924.90.00 &nbsp; THIS VIDEO IS A LOLLY PUBLICATION FOR INFORMATIONAL PURPOSES ONLY AND IS DISTRIBUTED SOLELY FOR THE SALE AND TRAINING OF LOLLY'S INTERNAL STAFF AND CUSTOMERS. DISCLOSURE OF THIS MATERIAL OR ANY PART OF IT TO THE END CONSUMER IS EXPRESSLY FORBIDDEN. THE COMMERCIAL PROMOTION OF BABY BOTTLES, NIPPLES AND PACIFIERS IS PROHIBITED BY LAW 11.265\/2006. LOLLY IS NOT RESPONSIBLE FOR IMPROPER USE OF THIS CATALOG. IN CASE OF DOUBT PLEASE CONTACT US. \"THE MINISTRY OF HEALTH WARNS: A CHILD WHO BREASTFEEDS DOES NOT NEED A BOTTLE, PACIFIER OR FEEDING BOTTLE. THE USE OF A BOTTLE, SPOUT OR PACIFIER IS HARMFUL TO BREASTFEEDING.\"","og_url":"https:\/\/lolly.com.br\/en\/product\/nipple-guard-c-2un\/","og_site_name":"Lolly Brasil - I Lolly You","article_publisher":"https:\/\/www.facebook.com\/lollybrasil","article_modified_time":"2022-10-05T14:24:44+00:00","og_image":[{"width":875,"height":875,"url":"https:\/\/lolly.com.br\/wp-content\/uploads\/2022\/09\/7271.jpg","type":"image\/jpeg"}],"twitter_card":"summary_large_image","twitter_site":"@lollybrasil","twitter_misc":{"Est. reading time":"1 minute"},"schema":{"@context":"https:\/\/schema.org","@graph":[{"@type":"WebPage","@id":"https:\/\/lolly.com.br\/en\/product\/nipple-guard-c-2un\/","url":"https:\/\/lolly.com.br\/en\/product\/nipple-guard-c-2un\/","name":"Nipple Protector (case w\/ 2un) - Lolly Brasil - I Lolly You","isPartOf":{"@id":"https:\/\/lolly.com.br\/en\/#website"},"datePublished":"2022-06-09T20:44:34+00:00","dateModified":"2022-10-05T14:24:44+00:00","breadcrumb":{"@id":"https:\/\/lolly.com.br\/en\/product\/nipple-guard-c-2un\/#breadcrumb"},"inLanguage":"en-US","potentialAction":[{"@type":"ReadAction","target":["https:\/\/lolly.com.br\/en\/product\/nipple-guard-c-2un\/"]}]},{"@type":"BreadcrumbList","@id":"https:\/\/lolly.com.br\/en\/product\/nipple-guard-c-2un\/#breadcrumb","itemListElement":[{"@type":"ListItem","position":1,"name":"In\u00edcio","item":"https:\/\/lolly.com.br\/en\/"},{"@type":"ListItem","position":2,"name":"Products","item":"https:\/\/lolly.com.br\/en\/products\/"},{"@type":"ListItem","position":3,"name":"Nipple Protector (case w\/ 2un)"}]},{"@type":"WebSite","@id":"https:\/\/lolly.com.br\/en\/#website","url":"https:\/\/lolly.com.br\/en\/","name":"Lolly Brasil - I Lolly You","description":"Com uma jornada marcada por sonhos, desafios, aperfei\u00e7oamento da gest\u00e3o, ISO9001, bem como por Processos Sustent\u00e1veis, a Lolly \u00e9 uma empresa 100% brasileira que sempre prezou pela valoriza\u00e7\u00e3o dos parceiros e colaboradores. Em sua trajet\u00f3ria de mais de 30 anos, investe em inova\u00e7\u00e3o, laborat\u00f3rios de pesquisas, equipes especializadas e tudo isso com um \u00fanico objetivo: melhor se conectar com o consumidor, para atend\u00ea-lo al\u00e9m de suas expectativas e contribuir para uma vida melhor.","publisher":{"@id":"https:\/\/lolly.com.br\/en\/#organization"},"potentialAction":[{"@type":"SearchAction","target":{"@type":"EntryPoint","urlTemplate":"https:\/\/lolly.com.br\/en\/?s={search_term_string}"},"query-input":"required name=search_term_string"}],"inLanguage":"en-US"},{"@type":"Organization","@id":"https:\/\/lolly.com.br\/en\/#organization","name":"Lolly Brasil","url":"https:\/\/lolly.com.br\/en\/","logo":{"@type":"ImageObject","inLanguage":"en-US","@id":"https:\/\/lolly.com.br\/en\/#\/schema\/logo\/image\/","url":"https:\/\/lolly.com.br\/wp-content\/uploads\/2021\/12\/logo.png","contentUrl":"https:\/\/lolly.com.br\/wp-content\/uploads\/2021\/12\/logo.png","width":1004,"height":457,"caption":"Lolly Brasil"},"image":{"@id":"https:\/\/lolly.com.br\/en\/#\/schema\/logo\/image\/"},"sameAs":["https:\/\/www.instagram.com\/lollybrasil\/","https:\/\/www.facebook.com\/lollybrasil","https:\/\/twitter.com\/lollybrasil"]}]}},"_links":{"self":[{"href":"https:\/\/lolly.com.br\/en\/wp-json\/wp\/v2\/product\/78962"}],"collection":[{"href":"https:\/\/lolly.com.br\/en\/wp-json\/wp\/v2\/product"}],"about":[{"href":"https:\/\/lolly.com.br\/en\/wp-json\/wp\/v2\/types\/product"}],"replies":[{"embeddable":true,"href":"https:\/\/lolly.com.br\/en\/wp-json\/wp\/v2\/comments?post=78962"}],"version-history":[{"count":2,"href":"https:\/\/lolly.com.br\/en\/wp-json\/wp\/v2\/product\/78962\/revisions"}],"predecessor-version":[{"id":79290,"href":"https:\/\/lolly.com.br\/en\/wp-json\/wp\/v2\/product\/78962\/revisions\/79290"}],"wp:featuredmedia":[{"embeddable":true,"href":"https:\/\/lolly.com.br\/en\/wp-json\/wp\/v2\/media\/78730"}],"wp:attachment":[{"href":"https:\/\/lolly.com.br\/en\/wp-json\/wp\/v2\/media?parent=78962"}],"wp:term":[{"taxonomy":"product_cat","embeddable":true,"href":"https:\/\/lolly.com.br\/en\/wp-json\/wp\/v2\/product_cat?post=78962"},{"taxonomy":"product_tag","embeddable":true,"href":"https:\/\/lolly.com.br\/en\/wp-json\/wp\/v2\/product_tag?post=78962"}],"curies":[{"name":"wp","href":"https:\/\/api.w.org\/{rel}","templated":true}]}}