{"id":82887,"date":"2026-01-30T14:58:12","date_gmt":"2026-01-30T17:58:12","guid":{"rendered":"https:\/\/lolly.com.br\/?page_id=82887"},"modified":"2026-02-09T10:41:38","modified_gmt":"2026-02-09T13:41:38","slug":"politica-da-qualidade%ef%bf%bc","status":"publish","type":"page","link":"https:\/\/lolly.com.br\/en\/politica-da-qualidade%ef%bf%bc\/","title":{"rendered":"Pol\u00edtica da Qualidade\ufffc"},"content":{"rendered":"\t\t<div data-elementor-type=\"wp-page\" data-elementor-id=\"82887\" class=\"elementor elementor-82887\" data-elementor-settings=\"[]\">\n\t\t\t\t\t\t\t<div class=\"elementor-section-wrap\">\n\t\t\t\t\t\t\t<section class=\"elementor-section elementor-top-section elementor-element elementor-element-20b6e96 elementor-reverse-tablet elementor-reverse-mobile elementor-section-boxed elementor-section-height-default elementor-section-height-default\" data-id=\"20b6e96\" data-element_type=\"section\" data-settings=\"{&quot;background_background&quot;:&quot;classic&quot;}\">\n\t\t\t\t\t\t\t<div class=\"elementor-background-overlay\"><\/div>\n\t\t\t\t\t\t\t<div class=\"elementor-container elementor-column-gap-wider\">\n\t\t\t\t\t<div class=\"elementor-column elementor-col-100 elementor-top-column elementor-element elementor-element-80995c1\" data-id=\"80995c1\" data-element_type=\"column\">\n\t\t\t<div class=\"elementor-widget-wrap elementor-element-populated\">\n\t\t\t\t\t\t\t\t<div class=\"elementor-element elementor-element-b24ad95 elementor-invisible elementor-widget elementor-widget-heading\" data-id=\"b24ad95\" data-element_type=\"widget\" data-settings=\"{&quot;_animation&quot;:&quot;slideInDown&quot;}\" data-widget_type=\"heading.default\">\n\t\t\t\t<div class=\"elementor-widget-container\">\n\t\t\t<h1 class=\"elementor-heading-title elementor-size-default\">Quality Policy<\/h1>\t\t<\/div>\n\t\t\t\t<\/div>\n\t\t\t\t\t<\/div>\n\t\t<\/div>\n\t\t\t\t\t\t\t<\/div>\n\t\t<\/section>\n\t\t\t\t<section class=\"elementor-section elementor-top-section elementor-element elementor-element-a23a74d elementor-section-boxed elementor-section-height-default elementor-section-height-default\" data-id=\"a23a74d\" data-element_type=\"section\">\n\t\t\t\t\t\t<div class=\"elementor-container elementor-column-gap-default\">\n\t\t\t\t\t<div class=\"elementor-column elementor-col-50 elementor-top-column elementor-element elementor-element-8c87773\" data-id=\"8c87773\" data-element_type=\"column\">\n\t\t\t<div class=\"elementor-widget-wrap elementor-element-populated\">\n\t\t\t\t\t\t\t\t<div class=\"elementor-element elementor-element-4467009 elementor-widget-tablet__width-inherit elementor-widget elementor-widget-image\" data-id=\"4467009\" data-element_type=\"widget\" data-widget_type=\"image.default\">\n\t\t\t\t<div class=\"elementor-widget-container\">\n\t\t\t\t\t\t\t\t\t\t\t\t\t\t\t<img width=\"1000\" height=\"1000\" src=\"https:\/\/lolly.com.br\/wp-content\/uploads\/2023\/08\/POLITICADAQUALIDADE_LOLLY_DESTAQUE.png\" class=\"attachment-full size-full\" alt=\"\" loading=\"lazy\" srcset=\"https:\/\/lolly.com.br\/wp-content\/uploads\/2023\/08\/POLITICADAQUALIDADE_LOLLY_DESTAQUE.png 1000w, https:\/\/lolly.com.br\/wp-content\/uploads\/2023\/08\/POLITICADAQUALIDADE_LOLLY_DESTAQUE-300x300.png 300w, https:\/\/lolly.com.br\/wp-content\/uploads\/2023\/08\/POLITICADAQUALIDADE_LOLLY_DESTAQUE-150x150.png 150w, https:\/\/lolly.com.br\/wp-content\/uploads\/2023\/08\/POLITICADAQUALIDADE_LOLLY_DESTAQUE-768x768.png 768w, https:\/\/lolly.com.br\/wp-content\/uploads\/2023\/08\/POLITICADAQUALIDADE_LOLLY_DESTAQUE-200x200.png 200w\" sizes=\"(max-width: 1000px) 100vw, 1000px\" \/>\t\t\t\t\t\t\t\t\t\t\t\t\t\t\t<\/div>\n\t\t\t\t<\/div>\n\t\t\t\t\t<\/div>\n\t\t<\/div>\n\t\t\t\t<div class=\"elementor-column elementor-col-50 elementor-top-column elementor-element elementor-element-010eee1\" data-id=\"010eee1\" data-element_type=\"column\">\n\t\t\t<div class=\"elementor-widget-wrap elementor-element-populated\">\n\t\t\t\t\t\t\t\t<div class=\"elementor-element elementor-element-2caf70a elementor-widget elementor-widget-text-editor\" data-id=\"2caf70a\" data-element_type=\"widget\" data-widget_type=\"text-editor.default\">\n\t\t\t\t<div class=\"elementor-widget-container\">\n\t\t\t\t\t\t\t<h3><em>&#8220;Ensure customer satisfacion by meeting their expectations through our products, services, and processes, pursuing continuous improvement and complying with strategic planning, quality, requirements, and the interests of stakeholders involved in the manufacturing and commercialization of our products&#8221;<\/em><\/h3>\t\t\t\t\t\t<\/div>\n\t\t\t\t<\/div>\n\t\t\t\t\t<\/div>\n\t\t<\/div>\n\t\t\t\t\t\t\t<\/div>\n\t\t<\/section>\n\t\t\t\t<section class=\"elementor-section elementor-top-section elementor-element elementor-element-1885fcf elementor-section-boxed elementor-section-height-default elementor-section-height-default\" data-id=\"1885fcf\" data-element_type=\"section\" data-settings=\"{&quot;background_background&quot;:&quot;classic&quot;}\">\n\t\t\t\t\t\t<div class=\"elementor-container elementor-column-gap-default\">\n\t\t\t\t\t<div class=\"elementor-column elementor-col-100 elementor-top-column elementor-element elementor-element-4e32c17\" data-id=\"4e32c17\" data-element_type=\"column\">\n\t\t\t<div class=\"elementor-widget-wrap elementor-element-populated\">\n\t\t\t\t\t\t\t\t<div class=\"elementor-element elementor-element-2d1c078 elementor-widget elementor-widget-text-editor\" data-id=\"2d1c078\" data-element_type=\"widget\" data-widget_type=\"text-editor.default\">\n\t\t\t\t<div class=\"elementor-widget-container\">\n\t\t\t\t\t\t\t<h3 class=\"elementor-heading-title elementor-size-default elementor-inline-editing pen\" style=\"color: #ffffff; font: 600 34px \/ 1.35em Asap, sans-serif; text-transform: none; letter-spacing: -0.25px; word-spacing: 0px; text-decoration: none; text-align: center;\" data-elementor-setting-key=\"title\" data-pen-placeholder=\"Digite aqui...\">Certificados ISO 9001:2015<\/h3>\t\t\t\t\t\t<\/div>\n\t\t\t\t<\/div>\n\t\t\t\t\t<\/div>\n\t\t<\/div>\n\t\t\t\t\t\t\t<\/div>\n\t\t<\/section>\n\t\t\t\t<section class=\"elementor-section elementor-top-section elementor-element elementor-element-fe3d22a elementor-section-boxed elementor-section-height-default elementor-section-height-default\" data-id=\"fe3d22a\" data-element_type=\"section\">\n\t\t\t\t\t\t<div class=\"elementor-container elementor-column-gap-default\">\n\t\t\t\t\t<div class=\"elementor-column elementor-col-100 elementor-top-column elementor-element elementor-element-4b40452\" data-id=\"4b40452\" data-element_type=\"column\">\n\t\t\t<div class=\"elementor-widget-wrap elementor-element-populated\">\n\t\t\t\t\t\t\t\t<div class=\"elementor-element elementor-element-95ccdfc elementor-widget elementor-widget-text-editor\" data-id=\"95ccdfc\" data-element_type=\"widget\" data-widget_type=\"text-editor.default\">\n\t\t\t\t<div class=\"elementor-widget-container\">\n\t\t\t\t\t\t\t<h5 style=\"color: #02168a; font: 500 17px \/ 23.8px Asap, sans-serif; text-transform: none; letter-spacing: -0.15px; word-spacing: 0px; text-decoration: none; text-align: center;\">A\u00a0<span style=\"font-weight: bold;\">Lolly Brasil<\/span>\u00a0has maintained ISO 9001 certification consecutively for fourteen years. This standard is adopted by corporations around the world and anually certifies our Quality Management System (QMS), promoting process excellence, production agility, and, above all, the satisfaction of our consumers.<\/h5>\t\t\t\t\t\t<\/div>\n\t\t\t\t<\/div>\n\t\t\t\t\t<\/div>\n\t\t<\/div>\n\t\t\t\t\t\t\t<\/div>\n\t\t<\/section>\n\t\t\t\t<section class=\"elementor-section elementor-top-section elementor-element elementor-element-c547f55 elementor-section-boxed elementor-section-height-default elementor-section-height-default\" data-id=\"c547f55\" data-element_type=\"section\">\n\t\t\t\t\t\t<div class=\"elementor-container elementor-column-gap-default\">\n\t\t\t\t\t<div class=\"elementor-column elementor-col-50 elementor-top-column elementor-element elementor-element-692bafb\" data-id=\"692bafb\" data-element_type=\"column\">\n\t\t\t<div class=\"elementor-widget-wrap elementor-element-populated\">\n\t\t\t\t\t\t\t\t<div class=\"elementor-element elementor-element-572398e elementor-widget elementor-widget-image\" data-id=\"572398e\" data-element_type=\"widget\" data-widget_type=\"image.default\">\n\t\t\t\t<div class=\"elementor-widget-container\">\n\t\t\t\t\t\t\t\t\t\t\t\t\t\t\t<img width=\"789\" height=\"1024\" src=\"https:\/\/lolly.com.br\/wp-content\/uploads\/2023\/12\/certificado_iso9001_LollyBrasil_01.jpg\" class=\"attachment-large size-large\" alt=\"\" loading=\"lazy\" srcset=\"https:\/\/lolly.com.br\/wp-content\/uploads\/2023\/12\/certificado_iso9001_LollyBrasil_01.jpg 789w, https:\/\/lolly.com.br\/wp-content\/uploads\/2023\/12\/certificado_iso9001_LollyBrasil_01-231x300.jpg 231w, https:\/\/lolly.com.br\/wp-content\/uploads\/2023\/12\/certificado_iso9001_LollyBrasil_01-768x997.jpg 768w\" sizes=\"(max-width: 789px) 100vw, 789px\" \/>\t\t\t\t\t\t\t\t\t\t\t\t\t\t\t<\/div>\n\t\t\t\t<\/div>\n\t\t\t\t\t<\/div>\n\t\t<\/div>\n\t\t\t\t<div class=\"elementor-column elementor-col-50 elementor-top-column elementor-element elementor-element-0ea66bc\" data-id=\"0ea66bc\" data-element_type=\"column\">\n\t\t\t<div class=\"elementor-widget-wrap elementor-element-populated\">\n\t\t\t\t\t\t\t\t<div class=\"elementor-element elementor-element-f193201 elementor-widget elementor-widget-image\" data-id=\"f193201\" data-element_type=\"widget\" data-widget_type=\"image.default\">\n\t\t\t\t<div class=\"elementor-widget-container\">\n\t\t\t\t\t\t\t\t\t\t\t\t\t\t\t<img width=\"789\" height=\"1024\" src=\"https:\/\/lolly.com.br\/wp-content\/uploads\/2023\/08\/BRSP3_008588_GenericCertificate_Final-789x1024.jpg\" class=\"attachment-large size-large\" alt=\"\" loading=\"lazy\" srcset=\"https:\/\/lolly.com.br\/wp-content\/uploads\/2023\/08\/BRSP3_008588_GenericCertificate_Final-789x1024.jpg 789w, https:\/\/lolly.com.br\/wp-content\/uploads\/2023\/08\/BRSP3_008588_GenericCertificate_Final-231x300.jpg 231w, https:\/\/lolly.com.br\/wp-content\/uploads\/2023\/08\/BRSP3_008588_GenericCertificate_Final-768x996.jpg 768w, https:\/\/lolly.com.br\/wp-content\/uploads\/2023\/08\/BRSP3_008588_GenericCertificate_Final.jpg 1080w\" sizes=\"(max-width: 789px) 100vw, 789px\" \/>\t\t\t\t\t\t\t\t\t\t\t\t\t\t\t<\/div>\n\t\t\t\t<\/div>\n\t\t\t\t\t<\/div>\n\t\t<\/div>\n\t\t\t\t\t\t\t<\/div>\n\t\t<\/section>\n\t\t\t\t\t\t<\/div>\n\t\t\t\t\t<\/div>\n\t\t","protected":false},"excerpt":{"rendered":"<p>Quality Policy &#8220;Ensure customer satisfacion by meeting their expectations through our products, services, and processes, pursuing continuous improvement and complying with strategic planning, quality, requirements, and the interests of stakeholders involved in the manufacturing and commercialization of our products&#8221; Certificados ISO 9001:2015 A\u00a0Lolly Brasil\u00a0has maintained ISO 9001 certification consecutively for fourteen years. This standard is&hellip;<\/p>\n","protected":false},"author":13,"featured_media":0,"parent":0,"menu_order":0,"comment_status":"closed","ping_status":"closed","template":"","meta":[],"yoast_head":"<!-- This site is optimized with the Yoast SEO plugin v19.9 - https:\/\/yoast.com\/wordpress\/plugins\/seo\/ -->\n<title>Pol\u00edtica da Qualidade\ufffc - Lolly Brasil - I Lolly You<\/title>\n<meta name=\"robots\" content=\"index, follow, max-snippet:-1, max-image-preview:large, max-video-preview:-1\" \/>\n<link rel=\"canonical\" href=\"https:\/\/lolly.com.br\/en\/politica-da-qualidade%ef%bf%bc\/\" \/>\n<meta property=\"og:locale\" content=\"en_US\" \/>\n<meta property=\"og:type\" content=\"article\" \/>\n<meta property=\"og:title\" content=\"Pol\u00edtica da Qualidade\ufffc - Lolly Brasil - I Lolly You\" \/>\n<meta property=\"og:description\" content=\"Quality Policy &#8220;Ensure customer satisfacion by meeting their expectations through our products, services, and processes, pursuing continuous improvement and complying with strategic planning, quality, requirements, and the interests of stakeholders involved in the manufacturing and commercialization of our products&#8221; Certificados ISO 9001:2015 A\u00a0Lolly Brasil\u00a0has maintained ISO 9001 certification consecutively for fourteen years. This standard is&hellip;\" \/>\n<meta property=\"og:url\" content=\"https:\/\/lolly.com.br\/en\/politica-da-qualidade%ef%bf%bc\/\" \/>\n<meta property=\"og:site_name\" content=\"Lolly Brasil - I Lolly You\" \/>\n<meta property=\"article:publisher\" content=\"https:\/\/www.facebook.com\/lollybrasil\" \/>\n<meta property=\"article:modified_time\" content=\"2026-02-09T13:41:38+00:00\" \/>\n<meta property=\"og:image\" content=\"https:\/\/lolly.com.br\/wp-content\/uploads\/2023\/08\/POLITICADAQUALIDADE_LOLLY_DESTAQUE.png\" \/>\n<meta name=\"twitter:card\" content=\"summary_large_image\" \/>\n<meta name=\"twitter:site\" content=\"@lollybrasil\" \/>\n<meta name=\"twitter:label1\" content=\"Est. reading time\" \/>\n\t<meta name=\"twitter:data1\" content=\"1 minute\" \/>\n<script type=\"application\/ld+json\" class=\"yoast-schema-graph\">{\"@context\":\"https:\/\/schema.org\",\"@graph\":[{\"@type\":\"WebPage\",\"@id\":\"https:\/\/lolly.com.br\/en\/politica-da-qualidade%ef%bf%bc\/\",\"url\":\"https:\/\/lolly.com.br\/en\/politica-da-qualidade%ef%bf%bc\/\",\"name\":\"Pol\u00edtica da Qualidade\ufffc - Lolly Brasil - I Lolly You\",\"isPartOf\":{\"@id\":\"https:\/\/lolly.com.br\/en\/#website\"},\"datePublished\":\"2026-01-30T17:58:12+00:00\",\"dateModified\":\"2026-02-09T13:41:38+00:00\",\"breadcrumb\":{\"@id\":\"https:\/\/lolly.com.br\/en\/politica-da-qualidade%ef%bf%bc\/#breadcrumb\"},\"inLanguage\":\"en-US\",\"potentialAction\":[{\"@type\":\"ReadAction\",\"target\":[\"https:\/\/lolly.com.br\/en\/politica-da-qualidade%ef%bf%bc\/\"]}]},{\"@type\":\"BreadcrumbList\",\"@id\":\"https:\/\/lolly.com.br\/en\/politica-da-qualidade%ef%bf%bc\/#breadcrumb\",\"itemListElement\":[{\"@type\":\"ListItem\",\"position\":1,\"name\":\"In\u00edcio\",\"item\":\"https:\/\/lolly.com.br\/en\/\"},{\"@type\":\"ListItem\",\"position\":2,\"name\":\"Pol\u00edtica da Qualidade\ufffc\"}]},{\"@type\":\"WebSite\",\"@id\":\"https:\/\/lolly.com.br\/en\/#website\",\"url\":\"https:\/\/lolly.com.br\/en\/\",\"name\":\"Lolly Brasil - I Lolly You\",\"description\":\"Com uma jornada marcada por sonhos, desafios, aperfei\u00e7oamento da gest\u00e3o, ISO9001, bem como por Processos Sustent\u00e1veis, a Lolly \u00e9 uma empresa 100% brasileira que sempre prezou pela valoriza\u00e7\u00e3o dos parceiros e colaboradores. Em sua trajet\u00f3ria de mais de 30 anos, investe em inova\u00e7\u00e3o, laborat\u00f3rios de pesquisas, equipes especializadas e tudo isso com um \u00fanico objetivo: melhor se conectar com o consumidor, para atend\u00ea-lo al\u00e9m de suas expectativas e contribuir para uma vida melhor.\",\"publisher\":{\"@id\":\"https:\/\/lolly.com.br\/en\/#organization\"},\"potentialAction\":[{\"@type\":\"SearchAction\",\"target\":{\"@type\":\"EntryPoint\",\"urlTemplate\":\"https:\/\/lolly.com.br\/en\/?s={search_term_string}\"},\"query-input\":\"required name=search_term_string\"}],\"inLanguage\":\"en-US\"},{\"@type\":\"Organization\",\"@id\":\"https:\/\/lolly.com.br\/en\/#organization\",\"name\":\"Lolly Brasil\",\"url\":\"https:\/\/lolly.com.br\/en\/\",\"logo\":{\"@type\":\"ImageObject\",\"inLanguage\":\"en-US\",\"@id\":\"https:\/\/lolly.com.br\/en\/#\/schema\/logo\/image\/\",\"url\":\"https:\/\/lolly.com.br\/wp-content\/uploads\/2021\/12\/logo.png\",\"contentUrl\":\"https:\/\/lolly.com.br\/wp-content\/uploads\/2021\/12\/logo.png\",\"width\":1004,\"height\":457,\"caption\":\"Lolly Brasil\"},\"image\":{\"@id\":\"https:\/\/lolly.com.br\/en\/#\/schema\/logo\/image\/\"},\"sameAs\":[\"https:\/\/www.instagram.com\/lollybrasil\/\",\"https:\/\/www.facebook.com\/lollybrasil\",\"https:\/\/twitter.com\/lollybrasil\"]}]}<\/script>\n<!-- \/ Yoast SEO plugin. -->","yoast_head_json":{"title":"Pol\u00edtica da Qualidade\ufffc - Lolly Brasil - I Lolly You","robots":{"index":"index","follow":"follow","max-snippet":"max-snippet:-1","max-image-preview":"max-image-preview:large","max-video-preview":"max-video-preview:-1"},"canonical":"https:\/\/lolly.com.br\/en\/politica-da-qualidade%ef%bf%bc\/","og_locale":"en_US","og_type":"article","og_title":"Pol\u00edtica da Qualidade\ufffc - Lolly Brasil - I Lolly You","og_description":"Quality Policy &#8220;Ensure customer satisfacion by meeting their expectations through our products, services, and processes, pursuing continuous improvement and complying with strategic planning, quality, requirements, and the interests of stakeholders involved in the manufacturing and commercialization of our products&#8221; Certificados ISO 9001:2015 A\u00a0Lolly Brasil\u00a0has maintained ISO 9001 certification consecutively for fourteen years. This standard is&hellip;","og_url":"https:\/\/lolly.com.br\/en\/politica-da-qualidade%ef%bf%bc\/","og_site_name":"Lolly Brasil - I Lolly You","article_publisher":"https:\/\/www.facebook.com\/lollybrasil","article_modified_time":"2026-02-09T13:41:38+00:00","og_image":[{"url":"https:\/\/lolly.com.br\/wp-content\/uploads\/2023\/08\/POLITICADAQUALIDADE_LOLLY_DESTAQUE.png"}],"twitter_card":"summary_large_image","twitter_site":"@lollybrasil","twitter_misc":{"Est. reading time":"1 minute"},"schema":{"@context":"https:\/\/schema.org","@graph":[{"@type":"WebPage","@id":"https:\/\/lolly.com.br\/en\/politica-da-qualidade%ef%bf%bc\/","url":"https:\/\/lolly.com.br\/en\/politica-da-qualidade%ef%bf%bc\/","name":"Pol\u00edtica da Qualidade\ufffc - Lolly Brasil - I Lolly You","isPartOf":{"@id":"https:\/\/lolly.com.br\/en\/#website"},"datePublished":"2026-01-30T17:58:12+00:00","dateModified":"2026-02-09T13:41:38+00:00","breadcrumb":{"@id":"https:\/\/lolly.com.br\/en\/politica-da-qualidade%ef%bf%bc\/#breadcrumb"},"inLanguage":"en-US","potentialAction":[{"@type":"ReadAction","target":["https:\/\/lolly.com.br\/en\/politica-da-qualidade%ef%bf%bc\/"]}]},{"@type":"BreadcrumbList","@id":"https:\/\/lolly.com.br\/en\/politica-da-qualidade%ef%bf%bc\/#breadcrumb","itemListElement":[{"@type":"ListItem","position":1,"name":"In\u00edcio","item":"https:\/\/lolly.com.br\/en\/"},{"@type":"ListItem","position":2,"name":"Pol\u00edtica da Qualidade\ufffc"}]},{"@type":"WebSite","@id":"https:\/\/lolly.com.br\/en\/#website","url":"https:\/\/lolly.com.br\/en\/","name":"Lolly Brasil - I Lolly You","description":"Com uma jornada marcada por sonhos, desafios, aperfei\u00e7oamento da gest\u00e3o, ISO9001, bem como por Processos Sustent\u00e1veis, a Lolly \u00e9 uma empresa 100% brasileira que sempre prezou pela valoriza\u00e7\u00e3o dos parceiros e colaboradores. Em sua trajet\u00f3ria de mais de 30 anos, investe em inova\u00e7\u00e3o, laborat\u00f3rios de pesquisas, equipes especializadas e tudo isso com um \u00fanico objetivo: melhor se conectar com o consumidor, para atend\u00ea-lo al\u00e9m de suas expectativas e contribuir para uma vida melhor.","publisher":{"@id":"https:\/\/lolly.com.br\/en\/#organization"},"potentialAction":[{"@type":"SearchAction","target":{"@type":"EntryPoint","urlTemplate":"https:\/\/lolly.com.br\/en\/?s={search_term_string}"},"query-input":"required name=search_term_string"}],"inLanguage":"en-US"},{"@type":"Organization","@id":"https:\/\/lolly.com.br\/en\/#organization","name":"Lolly Brasil","url":"https:\/\/lolly.com.br\/en\/","logo":{"@type":"ImageObject","inLanguage":"en-US","@id":"https:\/\/lolly.com.br\/en\/#\/schema\/logo\/image\/","url":"https:\/\/lolly.com.br\/wp-content\/uploads\/2021\/12\/logo.png","contentUrl":"https:\/\/lolly.com.br\/wp-content\/uploads\/2021\/12\/logo.png","width":1004,"height":457,"caption":"Lolly Brasil"},"image":{"@id":"https:\/\/lolly.com.br\/en\/#\/schema\/logo\/image\/"},"sameAs":["https:\/\/www.instagram.com\/lollybrasil\/","https:\/\/www.facebook.com\/lollybrasil","https:\/\/twitter.com\/lollybrasil"]}]}},"_links":{"self":[{"href":"https:\/\/lolly.com.br\/en\/wp-json\/wp\/v2\/pages\/82887"}],"collection":[{"href":"https:\/\/lolly.com.br\/en\/wp-json\/wp\/v2\/pages"}],"about":[{"href":"https:\/\/lolly.com.br\/en\/wp-json\/wp\/v2\/types\/page"}],"author":[{"embeddable":true,"href":"https:\/\/lolly.com.br\/en\/wp-json\/wp\/v2\/users\/13"}],"replies":[{"embeddable":true,"href":"https:\/\/lolly.com.br\/en\/wp-json\/wp\/v2\/comments?post=82887"}],"version-history":[{"count":17,"href":"https:\/\/lolly.com.br\/en\/wp-json\/wp\/v2\/pages\/82887\/revisions"}],"predecessor-version":[{"id":82925,"href":"https:\/\/lolly.com.br\/en\/wp-json\/wp\/v2\/pages\/82887\/revisions\/82925"}],"wp:attachment":[{"href":"https:\/\/lolly.com.br\/en\/wp-json\/wp\/v2\/media?parent=82887"}],"curies":[{"name":"wp","href":"https:\/\/api.w.org\/{rel}","templated":true}]}}