{"id":80560,"date":"2022-06-01T18:43:21","date_gmt":"2022-06-01T21:43:21","guid":{"rendered":"https:\/\/lolly.com.br\/?page_id=80560"},"modified":"2024-01-12T15:56:37","modified_gmt":"2024-01-12T18:56:37","slug":"sustainability","status":"publish","type":"page","link":"https:\/\/lolly.com.br\/en\/sustainability\/","title":{"rendered":"Sustainability"},"content":{"rendered":"\t\t<div data-elementor-type=\"wp-page\" data-elementor-id=\"80560\" class=\"elementor elementor-80560 elementor-77453\" data-elementor-settings=\"[]\">\n\t\t\t\t\t\t\t<div class=\"elementor-section-wrap\">\n\t\t\t\t\t\t\t<section class=\"elementor-section elementor-top-section elementor-element elementor-element-13760a8 elementor-reverse-tablet elementor-reverse-mobile elementor-section-boxed elementor-section-height-default elementor-section-height-default\" data-id=\"13760a8\" data-element_type=\"section\" data-settings=\"{&quot;background_background&quot;:&quot;classic&quot;}\">\n\t\t\t\t\t\t\t<div class=\"elementor-background-overlay\"><\/div>\n\t\t\t\t\t\t\t<div class=\"elementor-container elementor-column-gap-wider\">\n\t\t\t\t\t<div class=\"elementor-column elementor-col-100 elementor-top-column elementor-element elementor-element-3fddcef\" data-id=\"3fddcef\" data-element_type=\"column\">\n\t\t\t<div class=\"elementor-widget-wrap elementor-element-populated\">\n\t\t\t\t\t\t\t\t<div class=\"elementor-element elementor-element-78b51ab elementor-invisible elementor-widget elementor-widget-heading\" data-id=\"78b51ab\" data-element_type=\"widget\" data-settings=\"{&quot;_animation&quot;:&quot;slideInDown&quot;}\" data-widget_type=\"heading.default\">\n\t\t\t\t<div class=\"elementor-widget-container\">\n\t\t\t<h1 class=\"elementor-heading-title elementor-size-default\">Sustainability<br><\/h1>\t\t<\/div>\n\t\t\t\t<\/div>\n\t\t\t\t\t<\/div>\n\t\t<\/div>\n\t\t\t\t\t\t\t<\/div>\n\t\t<\/section>\n\t\t\t\t<section class=\"elementor-section elementor-top-section elementor-element elementor-element-b28ef01 elementor-section-boxed elementor-section-height-default elementor-section-height-default\" data-id=\"b28ef01\" data-element_type=\"section\" data-settings=\"{&quot;background_background&quot;:&quot;classic&quot;}\">\n\t\t\t\t\t\t<div class=\"elementor-container elementor-column-gap-wider\">\n\t\t\t\t\t<div class=\"elementor-column elementor-col-50 elementor-top-column elementor-element elementor-element-3b9f1e8\" data-id=\"3b9f1e8\" data-element_type=\"column\">\n\t\t\t<div class=\"elementor-widget-wrap elementor-element-populated\">\n\t\t\t\t\t\t\t\t<div class=\"elementor-element elementor-element-777259f elementor-widget-tablet__width-inherit elementor-widget elementor-widget-image\" data-id=\"777259f\" data-element_type=\"widget\" data-widget_type=\"image.default\">\n\t\t\t\t<div class=\"elementor-widget-container\">\n\t\t\t\t\t\t\t\t\t\t\t\t\t\t\t<img width=\"1250\" height=\"1250\" src=\"https:\/\/lolly.com.br\/wp-content\/uploads\/2023\/07\/Lolly_Sistentabilidade_IS-2.png\" class=\"attachment-full size-full\" alt=\"\" loading=\"lazy\" srcset=\"https:\/\/lolly.com.br\/wp-content\/uploads\/2023\/07\/Lolly_Sistentabilidade_IS-2.png 1250w, https:\/\/lolly.com.br\/wp-content\/uploads\/2023\/07\/Lolly_Sistentabilidade_IS-2-300x300.png 300w, https:\/\/lolly.com.br\/wp-content\/uploads\/2023\/07\/Lolly_Sistentabilidade_IS-2-1024x1024.png 1024w, https:\/\/lolly.com.br\/wp-content\/uploads\/2023\/07\/Lolly_Sistentabilidade_IS-2-150x150.png 150w, https:\/\/lolly.com.br\/wp-content\/uploads\/2023\/07\/Lolly_Sistentabilidade_IS-2-768x768.png 768w, https:\/\/lolly.com.br\/wp-content\/uploads\/2023\/07\/Lolly_Sistentabilidade_IS-2-1200x1200.png 1200w, https:\/\/lolly.com.br\/wp-content\/uploads\/2023\/07\/Lolly_Sistentabilidade_IS-2-200x200.png 200w\" sizes=\"(max-width: 1250px) 100vw, 1250px\" \/>\t\t\t\t\t\t\t\t\t\t\t\t\t\t\t<\/div>\n\t\t\t\t<\/div>\n\t\t\t\t<div class=\"elementor-element elementor-element-924c4fb elementor-widget-tablet__width-inherit elementor-widget elementor-widget-image\" data-id=\"924c4fb\" data-element_type=\"widget\" data-widget_type=\"image.default\">\n\t\t\t\t<div class=\"elementor-widget-container\">\n\t\t\t\t\t\t\t\t\t\t\t\t\t\t\t<img src=\"https:\/\/lolly.com.br\/wp-content\/uploads\/2022\/01\/2022-0022.jpg\" title=\"\" alt=\"\" \/>\t\t\t\t\t\t\t\t\t\t\t\t\t\t\t<\/div>\n\t\t\t\t<\/div>\n\t\t\t\t\t<\/div>\n\t\t<\/div>\n\t\t\t\t<div class=\"elementor-column elementor-col-50 elementor-top-column elementor-element elementor-element-86b58ec\" data-id=\"86b58ec\" data-element_type=\"column\">\n\t\t\t<div class=\"elementor-widget-wrap elementor-element-populated\">\n\t\t\t\t\t\t\t\t<div class=\"elementor-element elementor-element-4d6a4c7 elementor-widget-tablet__width-inherit animated-fast elementor-invisible elementor-widget elementor-widget-image\" data-id=\"4d6a4c7\" data-element_type=\"widget\" data-settings=\"{&quot;_animation_delay&quot;:150,&quot;_animation&quot;:&quot;fadeInUp&quot;}\" data-widget_type=\"image.default\">\n\t\t\t\t<div class=\"elementor-widget-container\">\n\t\t\t\t\t\t\t\t\t\t\t\t\t\t\t<img width=\"250\" height=\"177\" src=\"https:\/\/lolly.com.br\/wp-content\/uploads\/2023\/07\/Lolly_sustainable_250.png\" class=\"attachment-full size-full\" alt=\"\" loading=\"lazy\" \/>\t\t\t\t\t\t\t\t\t\t\t\t\t\t\t<\/div>\n\t\t\t\t<\/div>\n\t\t\t\t<div class=\"elementor-element elementor-element-77eb1c6 elementor-widget elementor-widget-spacer\" data-id=\"77eb1c6\" data-element_type=\"widget\" data-widget_type=\"spacer.default\">\n\t\t\t\t<div class=\"elementor-widget-container\">\n\t\t\t\t\t<div class=\"elementor-spacer\">\n\t\t\t<div class=\"elementor-spacer-inner\"><\/div>\n\t\t<\/div>\n\t\t\t\t<\/div>\n\t\t\t\t<\/div>\n\t\t\t\t<div class=\"elementor-element elementor-element-f1483b9 elementor-widget elementor-widget-text-editor\" data-id=\"f1483b9\" data-element_type=\"widget\" data-widget_type=\"text-editor.default\">\n\t\t\t\t<div class=\"elementor-widget-container\">\n\t\t\t\t\t\t\t<p>More than a trend, being <strong>sustainable means planning your economic actions<\/strong> with ethical and conscious attitudes that create a better future. It means defining the company actions and initiatives based on ethics and environmental respect, strengthening both the organization itself and everyone involved with it.<\/p>\n<p>At <strong>Lolly Brazil<\/strong> we are proud of being a <strong>100%, law-abiding company<\/strong>. This means having environmental and social sustainability.<\/p>\n<p>All our energy consumption comes from renewable alternative sources (wind, biomass, geothermal, and solar)<span style=\"color: var(--the7-base-color); letter-spacing: var(--the7-base-letter-spacing); text-transform: var(--the7-base-text-transform); word-spacing: normal;\">.<\/span><\/p>\t\t\t\t\t\t<\/div>\n\t\t\t\t<\/div>\n\t\t\t\t<div class=\"elementor-element elementor-element-a3454c0 elementor-widget elementor-widget-spacer\" data-id=\"a3454c0\" data-element_type=\"widget\" data-widget_type=\"spacer.default\">\n\t\t\t\t<div class=\"elementor-widget-container\">\n\t\t\t\t\t<div class=\"elementor-spacer\">\n\t\t\t<div class=\"elementor-spacer-inner\"><\/div>\n\t\t<\/div>\n\t\t\t\t<\/div>\n\t\t\t\t<\/div>\n\t\t\t\t\t<\/div>\n\t\t<\/div>\n\t\t\t\t\t\t\t<\/div>\n\t\t<\/section>\n\t\t\t\t<section class=\"elementor-section elementor-top-section elementor-element elementor-element-1af1122 elementor-section-boxed elementor-section-height-default elementor-section-height-default\" data-id=\"1af1122\" data-element_type=\"section\">\n\t\t\t\t\t\t<div class=\"elementor-container elementor-column-gap-no\">\n\t\t\t\t\t<div class=\"elementor-column elementor-col-100 elementor-top-column elementor-element elementor-element-c6c90c9\" data-id=\"c6c90c9\" data-element_type=\"column\">\n\t\t\t<div class=\"elementor-widget-wrap\">\n\t\t\t\t\t\t\t\t\t<\/div>\n\t\t<\/div>\n\t\t\t\t\t\t\t<\/div>\n\t\t<\/section>\n\t\t\t\t<section class=\"elementor-section elementor-top-section elementor-element elementor-element-e3f88fb elementor-section-boxed elementor-section-height-default elementor-section-height-default\" data-id=\"e3f88fb\" data-element_type=\"section\">\n\t\t\t\t\t\t<div class=\"elementor-container elementor-column-gap-no\">\n\t\t\t\t\t<div class=\"elementor-column elementor-col-100 elementor-top-column elementor-element elementor-element-bb1de19\" data-id=\"bb1de19\" data-element_type=\"column\">\n\t\t\t<div class=\"elementor-widget-wrap elementor-element-populated\">\n\t\t\t\t\t\t\t\t<div class=\"elementor-element elementor-element-232300f animated-fast elementor-invisible elementor-widget elementor-widget-image\" data-id=\"232300f\" data-element_type=\"widget\" data-settings=\"{&quot;_animation&quot;:&quot;fadeInUp&quot;}\" data-widget_type=\"image.default\">\n\t\t\t\t<div class=\"elementor-widget-container\">\n\t\t\t\t\t\t\t\t\t\t\t\t\t\t\t<img width=\"2440\" height=\"800\" src=\"https:\/\/lolly.com.br\/wp-content\/uploads\/2023\/07\/1-sustainability.jpg\" class=\"attachment-full size-full\" alt=\"\" loading=\"lazy\" srcset=\"https:\/\/lolly.com.br\/wp-content\/uploads\/2023\/07\/1-sustainability.jpg 2440w, https:\/\/lolly.com.br\/wp-content\/uploads\/2023\/07\/1-sustainability-300x98.jpg 300w, https:\/\/lolly.com.br\/wp-content\/uploads\/2023\/07\/1-sustainability-1024x336.jpg 1024w, https:\/\/lolly.com.br\/wp-content\/uploads\/2023\/07\/1-sustainability-768x252.jpg 768w, https:\/\/lolly.com.br\/wp-content\/uploads\/2023\/07\/1-sustainability-1536x504.jpg 1536w, https:\/\/lolly.com.br\/wp-content\/uploads\/2023\/07\/1-sustainability-2048x671.jpg 2048w, https:\/\/lolly.com.br\/wp-content\/uploads\/2023\/07\/1-sustainability-1200x393.jpg 1200w\" sizes=\"(max-width: 2440px) 100vw, 2440px\" \/>\t\t\t\t\t\t\t\t\t\t\t\t\t\t\t<\/div>\n\t\t\t\t<\/div>\n\t\t\t\t<div class=\"elementor-element elementor-element-4651453 animated-fast elementor-invisible elementor-widget elementor-widget-image\" data-id=\"4651453\" data-element_type=\"widget\" data-settings=\"{&quot;_animation&quot;:&quot;fadeInUp&quot;}\" data-widget_type=\"image.default\">\n\t\t\t\t<div class=\"elementor-widget-container\">\n\t\t\t\t\t\t\t\t\t\t\t\t\t\t\t<img width=\"2440\" height=\"800\" src=\"https:\/\/lolly.com.br\/wp-content\/uploads\/2024\/01\/Lolly_Brasil_EuReciclo_Embalagem_IN_Sustentabilidade_2023.png\" class=\"attachment-full size-full\" alt=\"\" loading=\"lazy\" srcset=\"https:\/\/lolly.com.br\/wp-content\/uploads\/2024\/01\/Lolly_Brasil_EuReciclo_Embalagem_IN_Sustentabilidade_2023.png 2440w, https:\/\/lolly.com.br\/wp-content\/uploads\/2024\/01\/Lolly_Brasil_EuReciclo_Embalagem_IN_Sustentabilidade_2023-300x98.png 300w, https:\/\/lolly.com.br\/wp-content\/uploads\/2024\/01\/Lolly_Brasil_EuReciclo_Embalagem_IN_Sustentabilidade_2023-1024x336.png 1024w, https:\/\/lolly.com.br\/wp-content\/uploads\/2024\/01\/Lolly_Brasil_EuReciclo_Embalagem_IN_Sustentabilidade_2023-768x252.png 768w, https:\/\/lolly.com.br\/wp-content\/uploads\/2024\/01\/Lolly_Brasil_EuReciclo_Embalagem_IN_Sustentabilidade_2023-1536x504.png 1536w, https:\/\/lolly.com.br\/wp-content\/uploads\/2024\/01\/Lolly_Brasil_EuReciclo_Embalagem_IN_Sustentabilidade_2023-2048x671.png 2048w, https:\/\/lolly.com.br\/wp-content\/uploads\/2024\/01\/Lolly_Brasil_EuReciclo_Embalagem_IN_Sustentabilidade_2023-1200x393.png 1200w\" sizes=\"(max-width: 2440px) 100vw, 2440px\" \/>\t\t\t\t\t\t\t\t\t\t\t\t\t\t\t<\/div>\n\t\t\t\t<\/div>\n\t\t\t\t\t<\/div>\n\t\t<\/div>\n\t\t\t\t\t\t\t<\/div>\n\t\t<\/section>\n\t\t\t\t<section class=\"elementor-section elementor-top-section elementor-element elementor-element-db96358 elementor-section-boxed elementor-section-height-default elementor-section-height-default\" data-id=\"db96358\" data-element_type=\"section\">\n\t\t\t\t\t\t<div class=\"elementor-container elementor-column-gap-no\">\n\t\t\t\t\t<div class=\"elementor-column elementor-col-100 elementor-top-column elementor-element elementor-element-8000493\" data-id=\"8000493\" data-element_type=\"column\">\n\t\t\t<div class=\"elementor-widget-wrap elementor-element-populated\">\n\t\t\t\t\t\t\t\t<div class=\"elementor-element elementor-element-38500ac animated-fast elementor-invisible elementor-widget elementor-widget-image\" data-id=\"38500ac\" data-element_type=\"widget\" data-settings=\"{&quot;_animation&quot;:&quot;fadeInUp&quot;}\" data-widget_type=\"image.default\">\n\t\t\t\t<div class=\"elementor-widget-container\">\n\t\t\t\t\t\t\t\t\t\t\t\t\t\t\t<img width=\"2440\" height=\"800\" src=\"https:\/\/lolly.com.br\/wp-content\/uploads\/2023\/07\/3-sustainability.jpg\" class=\"attachment-full size-full\" alt=\"\" loading=\"lazy\" srcset=\"https:\/\/lolly.com.br\/wp-content\/uploads\/2023\/07\/3-sustainability.jpg 2440w, https:\/\/lolly.com.br\/wp-content\/uploads\/2023\/07\/3-sustainability-300x98.jpg 300w, https:\/\/lolly.com.br\/wp-content\/uploads\/2023\/07\/3-sustainability-1024x336.jpg 1024w, https:\/\/lolly.com.br\/wp-content\/uploads\/2023\/07\/3-sustainability-768x252.jpg 768w, https:\/\/lolly.com.br\/wp-content\/uploads\/2023\/07\/3-sustainability-1536x504.jpg 1536w, https:\/\/lolly.com.br\/wp-content\/uploads\/2023\/07\/3-sustainability-2048x671.jpg 2048w, https:\/\/lolly.com.br\/wp-content\/uploads\/2023\/07\/3-sustainability-1200x393.jpg 1200w\" sizes=\"(max-width: 2440px) 100vw, 2440px\" \/>\t\t\t\t\t\t\t\t\t\t\t\t\t\t\t<\/div>\n\t\t\t\t<\/div>\n\t\t\t\t\t<\/div>\n\t\t<\/div>\n\t\t\t\t\t\t\t<\/div>\n\t\t<\/section>\n\t\t\t\t<section class=\"elementor-section elementor-top-section elementor-element elementor-element-899c499 elementor-section-boxed elementor-section-height-default elementor-section-height-default\" data-id=\"899c499\" data-element_type=\"section\">\n\t\t\t\t\t\t<div class=\"elementor-container elementor-column-gap-no\">\n\t\t\t\t\t<div class=\"elementor-column elementor-col-100 elementor-top-column elementor-element elementor-element-fd2be41\" data-id=\"fd2be41\" data-element_type=\"column\">\n\t\t\t<div class=\"elementor-widget-wrap elementor-element-populated\">\n\t\t\t\t\t\t\t\t<div class=\"elementor-element elementor-element-0c9726f animated-fast elementor-invisible elementor-widget elementor-widget-image\" data-id=\"0c9726f\" data-element_type=\"widget\" data-settings=\"{&quot;_animation&quot;:&quot;fadeInUp&quot;}\" data-widget_type=\"image.default\">\n\t\t\t\t<div class=\"elementor-widget-container\">\n\t\t\t\t\t\t\t\t\t\t\t\t\t\t\t<img width=\"2440\" height=\"800\" src=\"https:\/\/lolly.com.br\/wp-content\/uploads\/2023\/07\/4-sustainability.jpg\" class=\"attachment-full size-full\" alt=\"\" loading=\"lazy\" srcset=\"https:\/\/lolly.com.br\/wp-content\/uploads\/2023\/07\/4-sustainability.jpg 2440w, https:\/\/lolly.com.br\/wp-content\/uploads\/2023\/07\/4-sustainability-300x98.jpg 300w, https:\/\/lolly.com.br\/wp-content\/uploads\/2023\/07\/4-sustainability-1024x336.jpg 1024w, https:\/\/lolly.com.br\/wp-content\/uploads\/2023\/07\/4-sustainability-768x252.jpg 768w, https:\/\/lolly.com.br\/wp-content\/uploads\/2023\/07\/4-sustainability-1536x504.jpg 1536w, https:\/\/lolly.com.br\/wp-content\/uploads\/2023\/07\/4-sustainability-2048x671.jpg 2048w, https:\/\/lolly.com.br\/wp-content\/uploads\/2023\/07\/4-sustainability-1200x393.jpg 1200w\" sizes=\"(max-width: 2440px) 100vw, 2440px\" \/>\t\t\t\t\t\t\t\t\t\t\t\t\t\t\t<\/div>\n\t\t\t\t<\/div>\n\t\t\t\t\t<\/div>\n\t\t<\/div>\n\t\t\t\t\t\t\t<\/div>\n\t\t<\/section>\n\t\t\t\t<section class=\"elementor-section elementor-top-section elementor-element elementor-element-dcdf544 elementor-section-boxed elementor-section-height-default elementor-section-height-default\" data-id=\"dcdf544\" data-element_type=\"section\">\n\t\t\t\t\t\t<div class=\"elementor-container elementor-column-gap-default\">\n\t\t\t\t\t<div class=\"elementor-column elementor-col-100 elementor-top-column elementor-element elementor-element-879dfb5\" data-id=\"879dfb5\" data-element_type=\"column\">\n\t\t\t<div class=\"elementor-widget-wrap elementor-element-populated\">\n\t\t\t\t\t\t\t\t<div class=\"elementor-element elementor-element-b5b8add elementor-widget elementor-widget-spacer\" data-id=\"b5b8add\" data-element_type=\"widget\" data-widget_type=\"spacer.default\">\n\t\t\t\t<div class=\"elementor-widget-container\">\n\t\t\t\t\t<div class=\"elementor-spacer\">\n\t\t\t<div class=\"elementor-spacer-inner\"><\/div>\n\t\t<\/div>\n\t\t\t\t<\/div>\n\t\t\t\t<\/div>\n\t\t\t\t\t<\/div>\n\t\t<\/div>\n\t\t\t\t\t\t\t<\/div>\n\t\t<\/section>\n\t\t\t\t\t\t<\/div>\n\t\t\t\t\t<\/div>\n\t\t","protected":false},"excerpt":{"rendered":"<p>Sustainability More than a trend, being sustainable means planning your economic actions with ethical and conscious attitudes that create a better future. It means defining the company actions and initiatives based on ethics and environmental respect, strengthening both the organization itself and everyone involved with it. At Lolly Brazil we are proud of being a&hellip;<\/p>\n","protected":false},"author":13,"featured_media":0,"parent":0,"menu_order":21,"comment_status":"closed","ping_status":"closed","template":"elementor_header_footer","meta":[],"yoast_head":"<!-- This site is optimized with the Yoast SEO plugin v19.9 - https:\/\/yoast.com\/wordpress\/plugins\/seo\/ -->\n<title>Sustainability - Lolly Brasil - I Lolly You<\/title>\n<meta name=\"robots\" content=\"index, follow, max-snippet:-1, max-image-preview:large, max-video-preview:-1\" \/>\n<link rel=\"canonical\" href=\"https:\/\/lolly.com.br\/en\/sustainability\/\" \/>\n<meta property=\"og:locale\" content=\"en_US\" \/>\n<meta property=\"og:type\" content=\"article\" \/>\n<meta property=\"og:title\" content=\"Sustainability - Lolly Brasil - I Lolly You\" \/>\n<meta property=\"og:description\" content=\"Sustainability More than a trend, being sustainable means planning your economic actions with ethical and conscious attitudes that create a better future. It means defining the company actions and initiatives based on ethics and environmental respect, strengthening both the organization itself and everyone involved with it. At Lolly Brazil we are proud of being a&hellip;\" \/>\n<meta property=\"og:url\" content=\"https:\/\/lolly.com.br\/en\/sustainability\/\" \/>\n<meta property=\"og:site_name\" content=\"Lolly Brasil - I Lolly You\" \/>\n<meta property=\"article:publisher\" content=\"https:\/\/www.facebook.com\/lollybrasil\" \/>\n<meta property=\"article:modified_time\" content=\"2024-01-12T18:56:37+00:00\" \/>\n<meta property=\"og:image\" content=\"https:\/\/lolly.com.br\/wp-content\/uploads\/2023\/07\/Lolly_Sistentabilidade_IS-2.png\" \/>\n<meta name=\"twitter:card\" content=\"summary_large_image\" \/>\n<meta name=\"twitter:site\" content=\"@lollybrasil\" \/>\n<meta name=\"twitter:label1\" content=\"Est. reading time\" \/>\n\t<meta name=\"twitter:data1\" content=\"2 minutes\" \/>\n<script type=\"application\/ld+json\" class=\"yoast-schema-graph\">{\"@context\":\"https:\/\/schema.org\",\"@graph\":[{\"@type\":\"WebPage\",\"@id\":\"https:\/\/lolly.com.br\/en\/sustainability\/\",\"url\":\"https:\/\/lolly.com.br\/en\/sustainability\/\",\"name\":\"Sustainability - Lolly Brasil - I Lolly You\",\"isPartOf\":{\"@id\":\"https:\/\/lolly.com.br\/en\/#website\"},\"datePublished\":\"2022-06-01T21:43:21+00:00\",\"dateModified\":\"2024-01-12T18:56:37+00:00\",\"breadcrumb\":{\"@id\":\"https:\/\/lolly.com.br\/en\/sustainability\/#breadcrumb\"},\"inLanguage\":\"en-US\",\"potentialAction\":[{\"@type\":\"ReadAction\",\"target\":[\"https:\/\/lolly.com.br\/en\/sustainability\/\"]}]},{\"@type\":\"BreadcrumbList\",\"@id\":\"https:\/\/lolly.com.br\/en\/sustainability\/#breadcrumb\",\"itemListElement\":[{\"@type\":\"ListItem\",\"position\":1,\"name\":\"In\u00edcio\",\"item\":\"https:\/\/lolly.com.br\/en\/\"},{\"@type\":\"ListItem\",\"position\":2,\"name\":\"Sustainability\"}]},{\"@type\":\"WebSite\",\"@id\":\"https:\/\/lolly.com.br\/en\/#website\",\"url\":\"https:\/\/lolly.com.br\/en\/\",\"name\":\"Lolly Brasil - I Lolly You\",\"description\":\"Com uma jornada marcada por sonhos, desafios, aperfei\u00e7oamento da gest\u00e3o, ISO9001, bem como por Processos Sustent\u00e1veis, a Lolly \u00e9 uma empresa 100% brasileira que sempre prezou pela valoriza\u00e7\u00e3o dos parceiros e colaboradores. Em sua trajet\u00f3ria de mais de 30 anos, investe em inova\u00e7\u00e3o, laborat\u00f3rios de pesquisas, equipes especializadas e tudo isso com um \u00fanico objetivo: melhor se conectar com o consumidor, para atend\u00ea-lo al\u00e9m de suas expectativas e contribuir para uma vida melhor.\",\"publisher\":{\"@id\":\"https:\/\/lolly.com.br\/en\/#organization\"},\"potentialAction\":[{\"@type\":\"SearchAction\",\"target\":{\"@type\":\"EntryPoint\",\"urlTemplate\":\"https:\/\/lolly.com.br\/en\/?s={search_term_string}\"},\"query-input\":\"required name=search_term_string\"}],\"inLanguage\":\"en-US\"},{\"@type\":\"Organization\",\"@id\":\"https:\/\/lolly.com.br\/en\/#organization\",\"name\":\"Lolly Brasil\",\"url\":\"https:\/\/lolly.com.br\/en\/\",\"logo\":{\"@type\":\"ImageObject\",\"inLanguage\":\"en-US\",\"@id\":\"https:\/\/lolly.com.br\/en\/#\/schema\/logo\/image\/\",\"url\":\"https:\/\/lolly.com.br\/wp-content\/uploads\/2021\/12\/logo.png\",\"contentUrl\":\"https:\/\/lolly.com.br\/wp-content\/uploads\/2021\/12\/logo.png\",\"width\":1004,\"height\":457,\"caption\":\"Lolly Brasil\"},\"image\":{\"@id\":\"https:\/\/lolly.com.br\/en\/#\/schema\/logo\/image\/\"},\"sameAs\":[\"https:\/\/www.instagram.com\/lollybrasil\/\",\"https:\/\/www.facebook.com\/lollybrasil\",\"https:\/\/twitter.com\/lollybrasil\"]}]}<\/script>\n<!-- \/ Yoast SEO plugin. -->","yoast_head_json":{"title":"Sustainability - Lolly Brasil - I Lolly You","robots":{"index":"index","follow":"follow","max-snippet":"max-snippet:-1","max-image-preview":"max-image-preview:large","max-video-preview":"max-video-preview:-1"},"canonical":"https:\/\/lolly.com.br\/en\/sustainability\/","og_locale":"en_US","og_type":"article","og_title":"Sustainability - Lolly Brasil - I Lolly You","og_description":"Sustainability More than a trend, being sustainable means planning your economic actions with ethical and conscious attitudes that create a better future. It means defining the company actions and initiatives based on ethics and environmental respect, strengthening both the organization itself and everyone involved with it. At Lolly Brazil we are proud of being a&hellip;","og_url":"https:\/\/lolly.com.br\/en\/sustainability\/","og_site_name":"Lolly Brasil - I Lolly You","article_publisher":"https:\/\/www.facebook.com\/lollybrasil","article_modified_time":"2024-01-12T18:56:37+00:00","og_image":[{"url":"https:\/\/lolly.com.br\/wp-content\/uploads\/2023\/07\/Lolly_Sistentabilidade_IS-2.png"}],"twitter_card":"summary_large_image","twitter_site":"@lollybrasil","twitter_misc":{"Est. reading time":"2 minutes"},"schema":{"@context":"https:\/\/schema.org","@graph":[{"@type":"WebPage","@id":"https:\/\/lolly.com.br\/en\/sustainability\/","url":"https:\/\/lolly.com.br\/en\/sustainability\/","name":"Sustainability - Lolly Brasil - I Lolly You","isPartOf":{"@id":"https:\/\/lolly.com.br\/en\/#website"},"datePublished":"2022-06-01T21:43:21+00:00","dateModified":"2024-01-12T18:56:37+00:00","breadcrumb":{"@id":"https:\/\/lolly.com.br\/en\/sustainability\/#breadcrumb"},"inLanguage":"en-US","potentialAction":[{"@type":"ReadAction","target":["https:\/\/lolly.com.br\/en\/sustainability\/"]}]},{"@type":"BreadcrumbList","@id":"https:\/\/lolly.com.br\/en\/sustainability\/#breadcrumb","itemListElement":[{"@type":"ListItem","position":1,"name":"In\u00edcio","item":"https:\/\/lolly.com.br\/en\/"},{"@type":"ListItem","position":2,"name":"Sustainability"}]},{"@type":"WebSite","@id":"https:\/\/lolly.com.br\/en\/#website","url":"https:\/\/lolly.com.br\/en\/","name":"Lolly Brasil - I Lolly You","description":"Com uma jornada marcada por sonhos, desafios, aperfei\u00e7oamento da gest\u00e3o, ISO9001, bem como por Processos Sustent\u00e1veis, a Lolly \u00e9 uma empresa 100% brasileira que sempre prezou pela valoriza\u00e7\u00e3o dos parceiros e colaboradores. Em sua trajet\u00f3ria de mais de 30 anos, investe em inova\u00e7\u00e3o, laborat\u00f3rios de pesquisas, equipes especializadas e tudo isso com um \u00fanico objetivo: melhor se conectar com o consumidor, para atend\u00ea-lo al\u00e9m de suas expectativas e contribuir para uma vida melhor.","publisher":{"@id":"https:\/\/lolly.com.br\/en\/#organization"},"potentialAction":[{"@type":"SearchAction","target":{"@type":"EntryPoint","urlTemplate":"https:\/\/lolly.com.br\/en\/?s={search_term_string}"},"query-input":"required name=search_term_string"}],"inLanguage":"en-US"},{"@type":"Organization","@id":"https:\/\/lolly.com.br\/en\/#organization","name":"Lolly Brasil","url":"https:\/\/lolly.com.br\/en\/","logo":{"@type":"ImageObject","inLanguage":"en-US","@id":"https:\/\/lolly.com.br\/en\/#\/schema\/logo\/image\/","url":"https:\/\/lolly.com.br\/wp-content\/uploads\/2021\/12\/logo.png","contentUrl":"https:\/\/lolly.com.br\/wp-content\/uploads\/2021\/12\/logo.png","width":1004,"height":457,"caption":"Lolly Brasil"},"image":{"@id":"https:\/\/lolly.com.br\/en\/#\/schema\/logo\/image\/"},"sameAs":["https:\/\/www.instagram.com\/lollybrasil\/","https:\/\/www.facebook.com\/lollybrasil","https:\/\/twitter.com\/lollybrasil"]}]}},"_links":{"self":[{"href":"https:\/\/lolly.com.br\/en\/wp-json\/wp\/v2\/pages\/80560"}],"collection":[{"href":"https:\/\/lolly.com.br\/en\/wp-json\/wp\/v2\/pages"}],"about":[{"href":"https:\/\/lolly.com.br\/en\/wp-json\/wp\/v2\/types\/page"}],"author":[{"embeddable":true,"href":"https:\/\/lolly.com.br\/en\/wp-json\/wp\/v2\/users\/13"}],"replies":[{"embeddable":true,"href":"https:\/\/lolly.com.br\/en\/wp-json\/wp\/v2\/comments?post=80560"}],"version-history":[{"count":15,"href":"https:\/\/lolly.com.br\/en\/wp-json\/wp\/v2\/pages\/80560\/revisions"}],"predecessor-version":[{"id":82885,"href":"https:\/\/lolly.com.br\/en\/wp-json\/wp\/v2\/pages\/80560\/revisions\/82885"}],"wp:attachment":[{"href":"https:\/\/lolly.com.br\/en\/wp-json\/wp\/v2\/media?parent=80560"}],"curies":[{"name":"wp","href":"https:\/\/api.w.org\/{rel}","templated":true}]}}