{"id":78921,"date":"2020-11-06T14:07:01","date_gmt":"2020-11-06T17:07:01","guid":{"rendered":"https:\/\/lolly.com.br\/nuestra-historia\/"},"modified":"2023-05-25T09:55:41","modified_gmt":"2023-05-25T12:55:41","slug":"our-history","status":"publish","type":"page","link":"https:\/\/lolly.com.br\/en\/our-history\/","title":{"rendered":"Our history\u00a0"},"content":{"rendered":"\t\t<div data-elementor-type=\"wp-page\" data-elementor-id=\"78921\" class=\"elementor elementor-78921 elementor-7609\" data-elementor-settings=\"[]\">\n\t\t\t\t\t\t\t<div class=\"elementor-section-wrap\">\n\t\t\t\t\t\t\t<section class=\"elementor-section elementor-top-section elementor-element elementor-element-13760a8 elementor-reverse-tablet elementor-reverse-mobile elementor-section-boxed elementor-section-height-default elementor-section-height-default\" data-id=\"13760a8\" data-element_type=\"section\" data-settings=\"{&quot;background_background&quot;:&quot;classic&quot;}\">\n\t\t\t\t\t\t\t<div class=\"elementor-background-overlay\"><\/div>\n\t\t\t\t\t\t\t<div class=\"elementor-container elementor-column-gap-wider\">\n\t\t\t\t\t<div class=\"elementor-column elementor-col-100 elementor-top-column elementor-element elementor-element-3fddcef\" data-id=\"3fddcef\" data-element_type=\"column\">\n\t\t\t<div class=\"elementor-widget-wrap elementor-element-populated\">\n\t\t\t\t\t\t\t\t<div class=\"elementor-element elementor-element-78b51ab elementor-invisible elementor-widget elementor-widget-heading\" data-id=\"78b51ab\" data-element_type=\"widget\" data-settings=\"{&quot;_animation&quot;:&quot;slideInDown&quot;}\" data-widget_type=\"heading.default\">\n\t\t\t\t<div class=\"elementor-widget-container\">\n\t\t\t<h1 class=\"elementor-heading-title elementor-size-default\">Our History <\/h1>\t\t<\/div>\n\t\t\t\t<\/div>\n\t\t\t\t\t<\/div>\n\t\t<\/div>\n\t\t\t\t\t\t\t<\/div>\n\t\t<\/section>\n\t\t\t\t<section class=\"elementor-section elementor-top-section elementor-element elementor-element-65ea903 elementor-section-boxed elementor-section-height-default elementor-section-height-default\" data-id=\"65ea903\" data-element_type=\"section\" data-settings=\"{&quot;background_background&quot;:&quot;classic&quot;}\">\n\t\t\t\t\t\t<div class=\"elementor-container elementor-column-gap-wider\">\n\t\t\t\t\t<div class=\"elementor-column elementor-col-50 elementor-top-column elementor-element elementor-element-d35a8eb\" data-id=\"d35a8eb\" data-element_type=\"column\">\n\t\t\t<div class=\"elementor-widget-wrap elementor-element-populated\">\n\t\t\t\t\t\t\t\t<div class=\"elementor-element elementor-element-eb8a555 elementor-widget-tablet__width-inherit elementor-widget elementor-widget-image\" data-id=\"eb8a555\" data-element_type=\"widget\" data-widget_type=\"image.default\">\n\t\t\t\t<div class=\"elementor-widget-container\">\n\t\t\t\t\t\t\t\t\t\t\t\t\t\t\t<img width=\"804\" height=\"844\" src=\"https:\/\/lolly.com.br\/wp-content\/uploads\/2022\/03\/foto_empresa-min.png\" class=\"attachment-full size-full\" alt=\"\" loading=\"lazy\" srcset=\"https:\/\/lolly.com.br\/wp-content\/uploads\/2022\/03\/foto_empresa-min.png 804w, https:\/\/lolly.com.br\/wp-content\/uploads\/2022\/03\/foto_empresa-min-286x300.png 286w, https:\/\/lolly.com.br\/wp-content\/uploads\/2022\/03\/foto_empresa-min-768x806.png 768w\" sizes=\"(max-width: 804px) 100vw, 804px\" \/>\t\t\t\t\t\t\t\t\t\t\t\t\t\t\t<\/div>\n\t\t\t\t<\/div>\n\t\t\t\t<div class=\"elementor-element elementor-element-7e56ec7 elementor-widget-tablet__width-inherit elementor-widget elementor-widget-image\" data-id=\"7e56ec7\" data-element_type=\"widget\" data-widget_type=\"image.default\">\n\t\t\t\t<div class=\"elementor-widget-container\">\n\t\t\t\t\t\t\t\t\t\t\t\t\t\t\t<img src=\"https:\/\/lolly.com.br\/wp-content\/uploads\/2022\/01\/2022-0022.jpg\" title=\"\" alt=\"\" \/>\t\t\t\t\t\t\t\t\t\t\t\t\t\t\t<\/div>\n\t\t\t\t<\/div>\n\t\t\t\t\t<\/div>\n\t\t<\/div>\n\t\t\t\t<div class=\"elementor-column elementor-col-50 elementor-top-column elementor-element elementor-element-608c6fd\" data-id=\"608c6fd\" data-element_type=\"column\">\n\t\t\t<div class=\"elementor-widget-wrap elementor-element-populated\">\n\t\t\t\t\t\t\t\t<div class=\"elementor-element elementor-element-d4acd9b elementor-invisible elementor-widget elementor-widget-heading\" data-id=\"d4acd9b\" data-element_type=\"widget\" data-settings=\"{&quot;_animation&quot;:&quot;slideInDown&quot;}\" data-widget_type=\"heading.default\">\n\t\t\t\t<div class=\"elementor-widget-container\">\n\t\t\t<h3 class=\"elementor-heading-title elementor-size-default\">Who we are? <\/h3>\t\t<\/div>\n\t\t\t\t<\/div>\n\t\t\t\t<div class=\"elementor-element elementor-element-41ec3cd elementor-widget elementor-widget-spacer\" data-id=\"41ec3cd\" data-element_type=\"widget\" data-widget_type=\"spacer.default\">\n\t\t\t\t<div class=\"elementor-widget-container\">\n\t\t\t\t\t<div class=\"elementor-spacer\">\n\t\t\t<div class=\"elementor-spacer-inner\"><\/div>\n\t\t<\/div>\n\t\t\t\t<\/div>\n\t\t\t\t<\/div>\n\t\t\t\t<div class=\"elementor-element elementor-element-15309d7 elementor-widget elementor-widget-text-editor\" data-id=\"15309d7\" data-element_type=\"widget\" data-widget_type=\"text-editor.default\">\n\t\t\t\t<div class=\"elementor-widget-container\">\n\t\t\t\t\t\t\t<p>Our journey is filled with dreams, challenges and sustainability. Lolly is a 100% Brazilian company that has always valued its partners and employees in its history of more than 30 years, always investing in innovation, research and specialized personnel pursuing an uttermost and unique goal that is better connecting with the consumer and better understanding their needs, serving them with excellence.<\/p><p>We want to ensure customer satisfaction, seeking to meet their expectations through our products, services and processes. We are always looking for continuous improvement and complying with strategic planning, quality requirements in the manufacture and marketing of baby care products.<\/p>\t\t\t\t\t\t<\/div>\n\t\t\t\t<\/div>\n\t\t\t\t<div class=\"elementor-element elementor-element-2259272 elementor-widget elementor-widget-spacer\" data-id=\"2259272\" data-element_type=\"widget\" data-widget_type=\"spacer.default\">\n\t\t\t\t<div class=\"elementor-widget-container\">\n\t\t\t\t\t<div class=\"elementor-spacer\">\n\t\t\t<div class=\"elementor-spacer-inner\"><\/div>\n\t\t<\/div>\n\t\t\t\t<\/div>\n\t\t\t\t<\/div>\n\t\t\t\t\t<\/div>\n\t\t<\/div>\n\t\t\t\t\t\t\t<\/div>\n\t\t<\/section>\n\t\t\t\t<section class=\"elementor-section elementor-top-section elementor-element elementor-element-a64d3df elementor-section-boxed elementor-section-height-default elementor-section-height-default\" data-id=\"a64d3df\" data-element_type=\"section\" data-settings=\"{&quot;background_background&quot;:&quot;classic&quot;}\">\n\t\t\t\t\t\t<div class=\"elementor-container elementor-column-gap-wider\">\n\t\t\t\t\t<div class=\"elementor-column elementor-col-100 elementor-top-column elementor-element elementor-element-b0f7080\" data-id=\"b0f7080\" data-element_type=\"column\">\n\t\t\t<div class=\"elementor-widget-wrap elementor-element-populated\">\n\t\t\t\t\t\t\t\t<div class=\"elementor-element elementor-element-a8cdd4b elementor-invisible elementor-widget elementor-widget-heading\" data-id=\"a8cdd4b\" data-element_type=\"widget\" data-settings=\"{&quot;_animation&quot;:&quot;slideInDown&quot;}\" data-widget_type=\"heading.default\">\n\t\t\t\t<div class=\"elementor-widget-container\">\n\t\t\t<h3 class=\"elementor-heading-title elementor-size-default\">Our History <\/h3>\t\t<\/div>\n\t\t\t\t<\/div>\n\t\t\t\t\t<\/div>\n\t\t<\/div>\n\t\t\t\t\t\t\t<\/div>\n\t\t<\/section>\n\t\t\t\t<section class=\"elementor-section elementor-top-section elementor-element elementor-element-877b4d0 elementor-section-height-min-height elementor-section-items-stretch elementor-reverse-tablet elementor-reverse-mobile elementor-section-boxed elementor-section-height-default\" data-id=\"877b4d0\" data-element_type=\"section\" data-settings=\"{&quot;background_background&quot;:&quot;classic&quot;}\">\n\t\t\t\t\t\t\t<div class=\"elementor-background-overlay\"><\/div>\n\t\t\t\t\t\t\t<div class=\"elementor-container elementor-column-gap-wider\">\n\t\t\t\t\t<div class=\"elementor-column elementor-col-50 elementor-top-column elementor-element elementor-element-6896442\" data-id=\"6896442\" data-element_type=\"column\">\n\t\t\t<div class=\"elementor-widget-wrap elementor-element-populated\">\n\t\t\t\t\t\t\t\t<div class=\"elementor-element elementor-element-5fa5f2b elementor-widget elementor-widget-text-editor\" data-id=\"5fa5f2b\" data-element_type=\"widget\" data-widget_type=\"text-editor.default\">\n\t\t\t\t<div class=\"elementor-widget-container\">\n\t\t\t\t\t\t\t<p>We\u2019re a family business, 100% Brazilian and we are proud of it.<\/p><p>In the countryside of S\u00e3o Paulo, our headquarters are located in the Capivari Industrial District on a 90,000 square meters site, where there are modern, sustainable and fully accessible factory.<\/p><p>From 20 employees in 2001 to five hundreds today, everyone is dedicated to their respective areas, producing with high technology, quality and caring.<\/p><p>Lolly values growth and sustainable development, which is why all the energy consumption of the manufacture comes from alternative renewable sources, which is equivalent to the monthly consumption of thousands of homes.<\/p><p>All these processes made Lolly the first company in the sector that guarantees the final and environmentally correct destination of the 100% recyclable packaging of its products.<\/p><p>We also value our roots, our land and we transmit all these concepts and feelings through the products and a very close connection with consumers.<\/p><p>Being close, listening, welcoming parents on this path that begins from the baby birth is what drives us.<\/p>\t\t\t\t\t\t<\/div>\n\t\t\t\t<\/div>\n\t\t\t\t\t<\/div>\n\t\t<\/div>\n\t\t\t\t<div class=\"elementor-column elementor-col-50 elementor-top-column elementor-element elementor-element-9ec36f6\" data-id=\"9ec36f6\" data-element_type=\"column\">\n\t\t\t<div class=\"elementor-widget-wrap elementor-element-populated\">\n\t\t\t\t\t\t\t\t<div class=\"elementor-element elementor-element-d81370c elementor-widget elementor-widget-text-editor\" data-id=\"d81370c\" data-element_type=\"widget\" data-widget_type=\"text-editor.default\">\n\t\t\t\t<div class=\"elementor-widget-container\">\n\t\t\t\t\t\t\t<p>Many of us are parents and have experienced all the amazing adventures of this universe. We comprehend that when a baby is born, a family is born and we want to go all along, creating innovative, safe, reliable products, accessible to everyone.<\/p><p>Our team works listening to mothers and fathers and their needs and helping them in the daily life, well-being and health of babies and children.<\/p><p>Listening, interacting and connecting is essential for constant improvement, and this dialogue must be close, it is important to help us develop increasingly effective solutions. And that is what we want, to be close to you!<\/p><p>We were born more than 30 years ago and grew up keeping the same essence. Embracing the world and its diversity, culture, sustainability and social context, always with the main objective: to accompany the healthy development of babies and children.<\/p><p>In these years we have grown, matured and diversified our portfolio, operating throughout Brazil and expanding in the international market, with a presence in Latin American, European and African countries.<\/p><p>Just as a child grows quickly, our brand has developed rapidly becoming one of the biggest in Brazil and in the world.<\/p>\t\t\t\t\t\t<\/div>\n\t\t\t\t<\/div>\n\t\t\t\t\t<\/div>\n\t\t<\/div>\n\t\t\t\t\t\t\t<\/div>\n\t\t<\/section>\n\t\t\t\t<section class=\"elementor-section elementor-top-section elementor-element elementor-element-238baf2 elementor-section-boxed elementor-section-height-default elementor-section-height-default\" data-id=\"238baf2\" data-element_type=\"section\">\n\t\t\t\t\t\t<div class=\"elementor-container elementor-column-gap-default\">\n\t\t\t\t\t<div class=\"elementor-column elementor-col-100 elementor-top-column elementor-element elementor-element-241430e\" data-id=\"241430e\" data-element_type=\"column\">\n\t\t\t<div class=\"elementor-widget-wrap elementor-element-populated\">\n\t\t\t\t\t\t\t\t<div class=\"elementor-element elementor-element-5711c8a elementor-aspect-ratio-169 elementor-widget elementor-widget-video\" data-id=\"5711c8a\" data-element_type=\"widget\" data-settings=\"{&quot;youtube_url&quot;:&quot;https:\\\/\\\/www.youtube.com\\\/watch?v=wV98jiEXJCU&quot;,&quot;loop&quot;:&quot;yes&quot;,&quot;video_type&quot;:&quot;youtube&quot;,&quot;controls&quot;:&quot;yes&quot;,&quot;aspect_ratio&quot;:&quot;169&quot;}\" data-widget_type=\"video.default\">\n\t\t\t\t<div class=\"elementor-widget-container\">\n\t\t\t\t\t<div class=\"elementor-wrapper elementor-fit-aspect-ratio elementor-open-inline\">\n\t\t\t<div class=\"elementor-video\"><\/div>\t\t<\/div>\n\t\t\t\t<\/div>\n\t\t\t\t<\/div>\n\t\t\t\t\t<\/div>\n\t\t<\/div>\n\t\t\t\t\t\t\t<\/div>\n\t\t<\/section>\n\t\t\t\t\t\t<\/div>\n\t\t\t\t\t<\/div>\n\t\t","protected":false},"excerpt":{"rendered":"<p>Our History Who we are? Our journey is filled with dreams, challenges and sustainability. Lolly is a 100% Brazilian company that has always valued its partners and employees in its history of more than 30 years, always investing in innovation, research and specialized personnel pursuing an uttermost and unique goal that is better connecting with&hellip;<\/p>\n","protected":false},"author":13,"featured_media":0,"parent":0,"menu_order":21,"comment_status":"closed","ping_status":"closed","template":"elementor_header_footer","meta":[],"yoast_head":"<!-- This site is optimized with the Yoast SEO plugin v19.9 - https:\/\/yoast.com\/wordpress\/plugins\/seo\/ -->\n<title>Our history\u00a0 - Lolly Brasil - I Lolly You<\/title>\n<meta name=\"robots\" content=\"index, follow, max-snippet:-1, max-image-preview:large, max-video-preview:-1\" \/>\n<link rel=\"canonical\" href=\"https:\/\/lolly.com.br\/en\/our-history\/\" \/>\n<meta property=\"og:locale\" content=\"en_US\" \/>\n<meta property=\"og:type\" content=\"article\" \/>\n<meta property=\"og:title\" content=\"Our history\u00a0 - Lolly Brasil - I Lolly You\" \/>\n<meta property=\"og:description\" content=\"Our History Who we are? Our journey is filled with dreams, challenges and sustainability. Lolly is a 100% Brazilian company that has always valued its partners and employees in its history of more than 30 years, always investing in innovation, research and specialized personnel pursuing an uttermost and unique goal that is better connecting with&hellip;\" \/>\n<meta property=\"og:url\" content=\"https:\/\/lolly.com.br\/en\/our-history\/\" \/>\n<meta property=\"og:site_name\" content=\"Lolly Brasil - I Lolly You\" \/>\n<meta property=\"article:publisher\" content=\"https:\/\/www.facebook.com\/lollybrasil\" \/>\n<meta property=\"article:modified_time\" content=\"2023-05-25T12:55:41+00:00\" \/>\n<meta property=\"og:image\" content=\"https:\/\/lolly.com.br\/wp-content\/uploads\/2022\/03\/foto_empresa-min.png\" \/>\n<meta name=\"twitter:card\" content=\"summary_large_image\" \/>\n<meta name=\"twitter:site\" content=\"@lollybrasil\" \/>\n<meta name=\"twitter:label1\" content=\"Est. reading time\" \/>\n\t<meta name=\"twitter:data1\" content=\"3 minutes\" \/>\n<script type=\"application\/ld+json\" class=\"yoast-schema-graph\">{\"@context\":\"https:\/\/schema.org\",\"@graph\":[{\"@type\":\"WebPage\",\"@id\":\"https:\/\/lolly.com.br\/en\/our-history\/\",\"url\":\"https:\/\/lolly.com.br\/en\/our-history\/\",\"name\":\"Our history\u00a0 - Lolly Brasil - I Lolly You\",\"isPartOf\":{\"@id\":\"https:\/\/lolly.com.br\/en\/#website\"},\"datePublished\":\"2020-11-06T17:07:01+00:00\",\"dateModified\":\"2023-05-25T12:55:41+00:00\",\"breadcrumb\":{\"@id\":\"https:\/\/lolly.com.br\/en\/our-history\/#breadcrumb\"},\"inLanguage\":\"en-US\",\"potentialAction\":[{\"@type\":\"ReadAction\",\"target\":[\"https:\/\/lolly.com.br\/en\/our-history\/\"]}]},{\"@type\":\"BreadcrumbList\",\"@id\":\"https:\/\/lolly.com.br\/en\/our-history\/#breadcrumb\",\"itemListElement\":[{\"@type\":\"ListItem\",\"position\":1,\"name\":\"In\u00edcio\",\"item\":\"https:\/\/lolly.com.br\/en\/\"},{\"@type\":\"ListItem\",\"position\":2,\"name\":\"Our history\u00a0\"}]},{\"@type\":\"WebSite\",\"@id\":\"https:\/\/lolly.com.br\/en\/#website\",\"url\":\"https:\/\/lolly.com.br\/en\/\",\"name\":\"Lolly Brasil - I Lolly You\",\"description\":\"Com uma jornada marcada por sonhos, desafios, aperfei\u00e7oamento da gest\u00e3o, ISO9001, bem como por Processos Sustent\u00e1veis, a Lolly \u00e9 uma empresa 100% brasileira que sempre prezou pela valoriza\u00e7\u00e3o dos parceiros e colaboradores. Em sua trajet\u00f3ria de mais de 30 anos, investe em inova\u00e7\u00e3o, laborat\u00f3rios de pesquisas, equipes especializadas e tudo isso com um \u00fanico objetivo: melhor se conectar com o consumidor, para atend\u00ea-lo al\u00e9m de suas expectativas e contribuir para uma vida melhor.\",\"publisher\":{\"@id\":\"https:\/\/lolly.com.br\/en\/#organization\"},\"potentialAction\":[{\"@type\":\"SearchAction\",\"target\":{\"@type\":\"EntryPoint\",\"urlTemplate\":\"https:\/\/lolly.com.br\/en\/?s={search_term_string}\"},\"query-input\":\"required name=search_term_string\"}],\"inLanguage\":\"en-US\"},{\"@type\":\"Organization\",\"@id\":\"https:\/\/lolly.com.br\/en\/#organization\",\"name\":\"Lolly Brasil\",\"url\":\"https:\/\/lolly.com.br\/en\/\",\"logo\":{\"@type\":\"ImageObject\",\"inLanguage\":\"en-US\",\"@id\":\"https:\/\/lolly.com.br\/en\/#\/schema\/logo\/image\/\",\"url\":\"https:\/\/lolly.com.br\/wp-content\/uploads\/2021\/12\/logo.png\",\"contentUrl\":\"https:\/\/lolly.com.br\/wp-content\/uploads\/2021\/12\/logo.png\",\"width\":1004,\"height\":457,\"caption\":\"Lolly Brasil\"},\"image\":{\"@id\":\"https:\/\/lolly.com.br\/en\/#\/schema\/logo\/image\/\"},\"sameAs\":[\"https:\/\/www.instagram.com\/lollybrasil\/\",\"https:\/\/www.facebook.com\/lollybrasil\",\"https:\/\/twitter.com\/lollybrasil\"]}]}<\/script>\n<!-- \/ Yoast SEO plugin. -->","yoast_head_json":{"title":"Our history\u00a0 - Lolly Brasil - I Lolly You","robots":{"index":"index","follow":"follow","max-snippet":"max-snippet:-1","max-image-preview":"max-image-preview:large","max-video-preview":"max-video-preview:-1"},"canonical":"https:\/\/lolly.com.br\/en\/our-history\/","og_locale":"en_US","og_type":"article","og_title":"Our history\u00a0 - Lolly Brasil - I Lolly You","og_description":"Our History Who we are? Our journey is filled with dreams, challenges and sustainability. Lolly is a 100% Brazilian company that has always valued its partners and employees in its history of more than 30 years, always investing in innovation, research and specialized personnel pursuing an uttermost and unique goal that is better connecting with&hellip;","og_url":"https:\/\/lolly.com.br\/en\/our-history\/","og_site_name":"Lolly Brasil - I Lolly You","article_publisher":"https:\/\/www.facebook.com\/lollybrasil","article_modified_time":"2023-05-25T12:55:41+00:00","og_image":[{"url":"https:\/\/lolly.com.br\/wp-content\/uploads\/2022\/03\/foto_empresa-min.png"}],"twitter_card":"summary_large_image","twitter_site":"@lollybrasil","twitter_misc":{"Est. reading time":"3 minutes"},"schema":{"@context":"https:\/\/schema.org","@graph":[{"@type":"WebPage","@id":"https:\/\/lolly.com.br\/en\/our-history\/","url":"https:\/\/lolly.com.br\/en\/our-history\/","name":"Our history\u00a0 - Lolly Brasil - I Lolly You","isPartOf":{"@id":"https:\/\/lolly.com.br\/en\/#website"},"datePublished":"2020-11-06T17:07:01+00:00","dateModified":"2023-05-25T12:55:41+00:00","breadcrumb":{"@id":"https:\/\/lolly.com.br\/en\/our-history\/#breadcrumb"},"inLanguage":"en-US","potentialAction":[{"@type":"ReadAction","target":["https:\/\/lolly.com.br\/en\/our-history\/"]}]},{"@type":"BreadcrumbList","@id":"https:\/\/lolly.com.br\/en\/our-history\/#breadcrumb","itemListElement":[{"@type":"ListItem","position":1,"name":"In\u00edcio","item":"https:\/\/lolly.com.br\/en\/"},{"@type":"ListItem","position":2,"name":"Our history\u00a0"}]},{"@type":"WebSite","@id":"https:\/\/lolly.com.br\/en\/#website","url":"https:\/\/lolly.com.br\/en\/","name":"Lolly Brasil - I Lolly You","description":"Com uma jornada marcada por sonhos, desafios, aperfei\u00e7oamento da gest\u00e3o, ISO9001, bem como por Processos Sustent\u00e1veis, a Lolly \u00e9 uma empresa 100% brasileira que sempre prezou pela valoriza\u00e7\u00e3o dos parceiros e colaboradores. Em sua trajet\u00f3ria de mais de 30 anos, investe em inova\u00e7\u00e3o, laborat\u00f3rios de pesquisas, equipes especializadas e tudo isso com um \u00fanico objetivo: melhor se conectar com o consumidor, para atend\u00ea-lo al\u00e9m de suas expectativas e contribuir para uma vida melhor.","publisher":{"@id":"https:\/\/lolly.com.br\/en\/#organization"},"potentialAction":[{"@type":"SearchAction","target":{"@type":"EntryPoint","urlTemplate":"https:\/\/lolly.com.br\/en\/?s={search_term_string}"},"query-input":"required name=search_term_string"}],"inLanguage":"en-US"},{"@type":"Organization","@id":"https:\/\/lolly.com.br\/en\/#organization","name":"Lolly Brasil","url":"https:\/\/lolly.com.br\/en\/","logo":{"@type":"ImageObject","inLanguage":"en-US","@id":"https:\/\/lolly.com.br\/en\/#\/schema\/logo\/image\/","url":"https:\/\/lolly.com.br\/wp-content\/uploads\/2021\/12\/logo.png","contentUrl":"https:\/\/lolly.com.br\/wp-content\/uploads\/2021\/12\/logo.png","width":1004,"height":457,"caption":"Lolly Brasil"},"image":{"@id":"https:\/\/lolly.com.br\/en\/#\/schema\/logo\/image\/"},"sameAs":["https:\/\/www.instagram.com\/lollybrasil\/","https:\/\/www.facebook.com\/lollybrasil","https:\/\/twitter.com\/lollybrasil"]}]}},"_links":{"self":[{"href":"https:\/\/lolly.com.br\/en\/wp-json\/wp\/v2\/pages\/78921"}],"collection":[{"href":"https:\/\/lolly.com.br\/en\/wp-json\/wp\/v2\/pages"}],"about":[{"href":"https:\/\/lolly.com.br\/en\/wp-json\/wp\/v2\/types\/page"}],"author":[{"embeddable":true,"href":"https:\/\/lolly.com.br\/en\/wp-json\/wp\/v2\/users\/13"}],"replies":[{"embeddable":true,"href":"https:\/\/lolly.com.br\/en\/wp-json\/wp\/v2\/comments?post=78921"}],"version-history":[{"count":22,"href":"https:\/\/lolly.com.br\/en\/wp-json\/wp\/v2\/pages\/78921\/revisions"}],"predecessor-version":[{"id":80200,"href":"https:\/\/lolly.com.br\/en\/wp-json\/wp\/v2\/pages\/78921\/revisions\/80200"}],"wp:attachment":[{"href":"https:\/\/lolly.com.br\/en\/wp-json\/wp\/v2\/media?parent=78921"}],"curies":[{"name":"wp","href":"https:\/\/api.w.org\/{rel}","templated":true}]}}